
{"id":15092,"date":"2021-05-17T10:42:41","date_gmt":"2021-05-17T08:42:41","guid":{"rendered":"https:\/\/www.ab2pro.com\/%d0%b4%d0%be%d0%ba%d1%83%d0%bc%d0%b5%d0%bd%d1%82%d0%b8-ab2pro-team\/"},"modified":"2025-01-28T15:01:00","modified_gmt":"2025-01-28T14:01:00","slug":"dokumenti-ab2pro-team","status":"publish","type":"page","link":"https:\/\/www.ab2pro.com\/bg\/dokumenti-ab2pro-team\/","title":{"rendered":"\u0414\u043e\u043a\u0443\u043c\u0435\u043d\u0442\u0438 AB2Pro Team"},"content":{"rendered":"<p>[vc_row][vc_column][vc_column_text]<\/p>\n<h1>\u0412\u0440\u0435\u043c\u0435\u043d\u043d\u0438 \u0440\u0430\u0431\u043e\u0442\u043d\u0438\u0446\u0438<\/h1>\n<p>[\/vc_column_text][\/vc_column][\/vc_row][vc_row el_class=&#8220;docs&#8220;][vc_column][vc_row_inner el_class=&#8220;docs-recurrents&#8220;][vc_column_inner][vc_column_text]<\/p>\n<h2>\u0414\u043e\u043a\u0443\u043c\u0435\u043d\u0442\u0438 \u0437\u0430 \u043c\u043d\u043e\u0433\u043e\u043a\u0440\u0430\u0442\u043d\u043e \u043f\u043e\u043f\u044a\u043b\u0432\u0430\u043d\u0435<\/h2>\n<p>[\/vc_column_text][vc_column_text]<\/p>\n<h3>\u0418\u0441\u043a\u0430\u043d\u0435 \u0437\u0430 \u043e\u0442\u043f\u0443\u0441\u043a<\/h3>\n<p><a href=\"https:\/\/www.ab2pro.com\/bg\/tablo\/?candidate-page=docs-interimaire-global&amp;interim_page=documents-interimaires\/page-formulaire-demande-de-conges\/\" target=\"_self\" rel=\"noopener\">\u0424\u043e\u0440\u043c\u0443\u043b\u044f\u0440 \u0437\u0430 \u0438\u0441\u043a\u0430\u043d\u0435 \u043d\u0430 \u043e\u0442\u043f\u0443\u0441\u043a<\/a><\/p>\n<div class=\"gv-diy-container gv-diy-multiple-container gv-container gv-container-11005 gv-container-no-results\">\n\n\t\t\t\t<div class=\"gv-diy-view gv-no-results\">\n\t\t\t\t<div class=\"gv-diy-view-title\">\n\t\t\t\t\t<h3><p>No entries match your request.<\/p>\n<\/h3>\n\t\t\t\t<\/div>\n\t\t\t<\/div>\n\t\t\t\n<\/div>\n\n<input type=\"hidden\" class=\"gravityview-view-id\" value=\"11005\"\/>[\/vc_column_text][vc_column_text]\n<h3>\u0415\u0434\u043d\u043e\u043a\u0440\u0430\u0442\u043d\u043e \u0438\u0441\u043a\u0430\u043d\u0435 \u0437\u0430 \u0430\u0432\u0430\u043d\u0441 \u043e\u0442 \u0437\u0430\u043f\u043b\u0430\u0442\u0430<\/h3>\n<p><a href=\"https:\/\/www.ab2pro.com\/bg\/tablo\/?candidate-page=docs-interimaire-global&amp;interim_page=documents-interimaires\/page-formulaire-demande-dacompte-sur-salaire\/\" target=\"_self\" rel=\"noopener\">\u0424\u043e\u0440\u043c\u0443\u043b\u044f\u0440 \u0437\u0430 \u0435\u0434\u043d\u043e\u043a\u0440\u0430\u0442\u043d\u043e \u0438\u0441\u043a\u0430\u043d\u0435 \u0437\u0430 \u0430\u0432\u0430\u043d\u0441 \u043e\u0442 \u0437\u0430\u043f\u043b\u0430\u0442\u0430<\/a><br \/>\n\n<div class=\"gv-diy-container gv-diy-multiple-container gv-container gv-container-11009 gv-container-no-results\">\n\n\t\t\t\t<div class=\"gv-diy-view gv-no-results\">\n\t\t\t\t<div class=\"gv-diy-view-title\">\n\t\t\t\t\t<h3><p>No entries match your request.<\/p>\n<\/h3>\n\t\t\t\t<\/div>\n\t\t\t<\/div>\n\t\t\t\n<\/div>\n\n\t\t<style>\n\t\t\t.fancybox-container {\n\t\t\t\tz-index: 100000; \/** Divi is 99999 *\/\n\t\t\t}\n\n\t\t\t.admin-bar .fancybox-container {\n\t\t\t\tmargin-top: 32px;\n\t\t\t}\n\t\t<\/style>\n\t\t<script>\n\t\t\tif ( window.Fancybox ){\n\t\t\t\tFancybox.bind(\".gravityview-fancybox\", {\"animationEffect\":\"fade\",\"toolbar\":true,\"closeExisting\":true,\"arrows\":true,\"buttons\":[\"thumbs\",\"close\"],\"i18n\":{\"en\":{\"CLOSE\":\"Close\",\"NEXT\":\"Next\",\"PREV\":\"Previous\",\"ERROR\":\"The requested content cannot be loaded. Please try again later.\",\"PLAY_START\":\"Start slideshow\",\"PLAY_STOP\":\"Pause slideshow\",\"FULL_SCREEN\":\"Full screen\",\"THUMBS\":\"Thumbnails\",\"DOWNLOAD\":\"Download\",\"SHARE\":\"Share\",\"ZOOM\":\"Zoom\"}}});\n\t\t\t}\n\t\t<\/script>\n\t\t<input type=\"hidden\" class=\"gravityview-view-id\" value=\"11009\"\/>[\/vc_column_text][\/vc_column_inner][\/vc_row_inner][\/vc_column][\/vc_row]<\/p>\n","protected":false},"excerpt":{"rendered":"<p>[vc_row][vc_column][vc_column_text] \u0412\u0440\u0435\u043c\u0435\u043d\u043d\u0438 \u0440\u0430\u0431\u043e\u0442\u043d\u0438\u0446\u0438 [\/vc_column_text][\/vc_column][\/vc_row][vc_row el_class=&#8220;docs&#8220;][vc_column][vc_row_inner el_class=&#8220;docs-recurrents&#8220;][vc_column_inner][vc_column_text] \u0414\u043e\u043a\u0443\u043c\u0435\u043d\u0442\u0438 \u0437\u0430 \u043c\u043d\u043e\u0433\u043e\u043a\u0440\u0430\u0442\u043d\u043e \u043f\u043e\u043f\u044a\u043b\u0432\u0430\u043d\u0435 [\/vc_column_text][vc_column_text] \u0418\u0441\u043a\u0430\u043d\u0435 \u0437\u0430 \u043e\u0442\u043f\u0443\u0441\u043a \u0424\u043e\u0440\u043c\u0443\u043b\u044f\u0440 \u0437\u0430 \u0438\u0441\u043a\u0430\u043d\u0435 \u043d\u0430 \u043e\u0442\u043f\u0443\u0441\u043a [\/vc_column_text][vc_column_text] [&hellip;]<\/p>\n","protected":false},"author":1,"featured_media":0,"parent":0,"menu_order":0,"comment_status":"closed","ping_status":"closed","template":"","meta":{"_acf_changed":false,"footnotes":""},"class_list":["post-15092","page","type-page","status-publish","hentry"],"acf":[],"yoast_head":"<!-- This site is optimized with the Yoast SEO plugin v26.8 - https:\/\/yoast.com\/product\/yoast-seo-wordpress\/ -->\n<title>\u0414\u043e\u043a\u0443\u043c\u0435\u043d\u0442\u0438 AB2Pro Team - AB2PRO<\/title>\n<meta name=\"description\" content=\"\u0414\u043e\u043a\u0443\u043c\u0435\u043d\u0442\u0438 AB2Pro Team - AB2PRO\" \/>\n<meta name=\"robots\" content=\"index, follow, max-snippet:-1, max-image-preview:large, max-video-preview:-1\" \/>\n<link rel=\"canonical\" href=\"https:\/\/www.ab2pro.com\/bg\/dokumenti-ab2pro-team\/\" \/>\n<meta property=\"og:locale\" content=\"bg_BG\" \/>\n<meta property=\"og:type\" content=\"article\" \/>\n<meta property=\"og:title\" content=\"\u0414\u043e\u043a\u0443\u043c\u0435\u043d\u0442\u0438 AB2Pro Team - AB2PRO\" \/>\n<meta property=\"og:description\" content=\"\u0414\u043e\u043a\u0443\u043c\u0435\u043d\u0442\u0438 AB2Pro Team - AB2PRO\" \/>\n<meta property=\"og:url\" content=\"https:\/\/www.ab2pro.com\/bg\/dokumenti-ab2pro-team\/\" \/>\n<meta property=\"og:site_name\" content=\"AB2PRO\" \/>\n<meta property=\"article:modified_time\" content=\"2025-01-28T14:01:00+00:00\" \/>\n<meta property=\"og:image\" content=\"https:\/\/www.ab2pro.com\/wp-content\/uploads\/2020\/11\/fond-home.jpg\" \/>\n\t<meta property=\"og:image:width\" content=\"1920\" \/>\n\t<meta property=\"og:image:height\" content=\"600\" \/>\n\t<meta property=\"og:image:type\" content=\"image\/jpeg\" \/>\n<meta name=\"twitter:card\" content=\"summary_large_image\" \/>\n<meta name=\"twitter:label1\" content=\"Est. reading time\" \/>\n\t<meta name=\"twitter:data1\" content=\"1 \u043c\u0438\u043d\u0443\u0442\u0430\" \/>\n<script type=\"application\/ld+json\" class=\"yoast-schema-graph\">{\"@context\":\"https:\/\/schema.org\",\"@graph\":[{\"@type\":\"WebPage\",\"@id\":\"https:\/\/www.ab2pro.com\/bg\/dokumenti-ab2pro-team\/\",\"url\":\"https:\/\/www.ab2pro.com\/bg\/dokumenti-ab2pro-team\/\",\"name\":\"\u0414\u043e\u043a\u0443\u043c\u0435\u043d\u0442\u0438 AB2Pro Team - AB2PRO\",\"isPartOf\":{\"@id\":\"https:\/\/www.ab2pro.com\/bg\/#website\"},\"datePublished\":\"2021-05-17T08:42:41+00:00\",\"dateModified\":\"2025-01-28T14:01:00+00:00\",\"description\":\"\u0414\u043e\u043a\u0443\u043c\u0435\u043d\u0442\u0438 AB2Pro Team - AB2PRO\",\"breadcrumb\":{\"@id\":\"https:\/\/www.ab2pro.com\/bg\/dokumenti-ab2pro-team\/#breadcrumb\"},\"inLanguage\":\"bg-BG\",\"potentialAction\":[{\"@type\":\"ReadAction\",\"target\":[\"https:\/\/www.ab2pro.com\/bg\/dokumenti-ab2pro-team\/\"]}]},{\"@type\":\"BreadcrumbList\",\"@id\":\"https:\/\/www.ab2pro.com\/bg\/dokumenti-ab2pro-team\/#breadcrumb\",\"itemListElement\":[{\"@type\":\"ListItem\",\"position\":1,\"name\":\"Accueil\",\"item\":\"https:\/\/www.ab2pro.com\/bg\/\"},{\"@type\":\"ListItem\",\"position\":2,\"name\":\"\u0414\u043e\u043a\u0443\u043c\u0435\u043d\u0442\u0438 AB2Pro Team\"}]},{\"@type\":\"WebSite\",\"@id\":\"https:\/\/www.ab2pro.com\/bg\/#website\",\"url\":\"https:\/\/www.ab2pro.com\/bg\/\",\"name\":\"AB2PRO\",\"description\":\"Agence d&#039;emploi sp\u00e9cialis\u00e9e dans le recrutement de travailleurs europ\u00e9ens\",\"publisher\":{\"@id\":\"https:\/\/www.ab2pro.com\/bg\/#organization\"},\"potentialAction\":[{\"@type\":\"SearchAction\",\"target\":{\"@type\":\"EntryPoint\",\"urlTemplate\":\"https:\/\/www.ab2pro.com\/bg\/?s={search_term_string}\"},\"query-input\":{\"@type\":\"PropertyValueSpecification\",\"valueRequired\":true,\"valueName\":\"search_term_string\"}}],\"inLanguage\":\"bg-BG\"},{\"@type\":\"Organization\",\"@id\":\"https:\/\/www.ab2pro.com\/bg\/#organization\",\"name\":\"AB2PRO\",\"url\":\"https:\/\/www.ab2pro.com\/bg\/\",\"logo\":{\"@type\":\"ImageObject\",\"inLanguage\":\"bg-BG\",\"@id\":\"https:\/\/www.ab2pro.com\/bg\/#\/schema\/logo\/image\/\",\"url\":\"https:\/\/www.ab2pro.com\/wp-content\/uploads\/2020\/11\/logo-profil.png\",\"contentUrl\":\"https:\/\/www.ab2pro.com\/wp-content\/uploads\/2020\/11\/logo-profil.png\",\"width\":230,\"height\":47,\"caption\":\"AB2PRO\"},\"image\":{\"@id\":\"https:\/\/www.ab2pro.com\/bg\/#\/schema\/logo\/image\/\"}}]}<\/script>\n<!-- \/ Yoast SEO plugin. -->","yoast_head_json":{"title":"\u0414\u043e\u043a\u0443\u043c\u0435\u043d\u0442\u0438 AB2Pro Team - AB2PRO","description":"\u0414\u043e\u043a\u0443\u043c\u0435\u043d\u0442\u0438 AB2Pro Team - AB2PRO","robots":{"index":"index","follow":"follow","max-snippet":"max-snippet:-1","max-image-preview":"max-image-preview:large","max-video-preview":"max-video-preview:-1"},"canonical":"https:\/\/www.ab2pro.com\/bg\/dokumenti-ab2pro-team\/","og_locale":"bg_BG","og_type":"article","og_title":"\u0414\u043e\u043a\u0443\u043c\u0435\u043d\u0442\u0438 AB2Pro Team - AB2PRO","og_description":"\u0414\u043e\u043a\u0443\u043c\u0435\u043d\u0442\u0438 AB2Pro Team - AB2PRO","og_url":"https:\/\/www.ab2pro.com\/bg\/dokumenti-ab2pro-team\/","og_site_name":"AB2PRO","article_modified_time":"2025-01-28T14:01:00+00:00","og_image":[{"width":1920,"height":600,"url":"https:\/\/www.ab2pro.com\/wp-content\/uploads\/2020\/11\/fond-home.jpg","type":"image\/jpeg"}],"twitter_card":"summary_large_image","twitter_misc":{"Est. reading time":"1 \u043c\u0438\u043d\u0443\u0442\u0430"},"schema":{"@context":"https:\/\/schema.org","@graph":[{"@type":"WebPage","@id":"https:\/\/www.ab2pro.com\/bg\/dokumenti-ab2pro-team\/","url":"https:\/\/www.ab2pro.com\/bg\/dokumenti-ab2pro-team\/","name":"\u0414\u043e\u043a\u0443\u043c\u0435\u043d\u0442\u0438 AB2Pro Team - AB2PRO","isPartOf":{"@id":"https:\/\/www.ab2pro.com\/bg\/#website"},"datePublished":"2021-05-17T08:42:41+00:00","dateModified":"2025-01-28T14:01:00+00:00","description":"\u0414\u043e\u043a\u0443\u043c\u0435\u043d\u0442\u0438 AB2Pro Team - AB2PRO","breadcrumb":{"@id":"https:\/\/www.ab2pro.com\/bg\/dokumenti-ab2pro-team\/#breadcrumb"},"inLanguage":"bg-BG","potentialAction":[{"@type":"ReadAction","target":["https:\/\/www.ab2pro.com\/bg\/dokumenti-ab2pro-team\/"]}]},{"@type":"BreadcrumbList","@id":"https:\/\/www.ab2pro.com\/bg\/dokumenti-ab2pro-team\/#breadcrumb","itemListElement":[{"@type":"ListItem","position":1,"name":"Accueil","item":"https:\/\/www.ab2pro.com\/bg\/"},{"@type":"ListItem","position":2,"name":"\u0414\u043e\u043a\u0443\u043c\u0435\u043d\u0442\u0438 AB2Pro Team"}]},{"@type":"WebSite","@id":"https:\/\/www.ab2pro.com\/bg\/#website","url":"https:\/\/www.ab2pro.com\/bg\/","name":"AB2PRO","description":"Agence d&#039;emploi sp\u00e9cialis\u00e9e dans le recrutement de travailleurs europ\u00e9ens","publisher":{"@id":"https:\/\/www.ab2pro.com\/bg\/#organization"},"potentialAction":[{"@type":"SearchAction","target":{"@type":"EntryPoint","urlTemplate":"https:\/\/www.ab2pro.com\/bg\/?s={search_term_string}"},"query-input":{"@type":"PropertyValueSpecification","valueRequired":true,"valueName":"search_term_string"}}],"inLanguage":"bg-BG"},{"@type":"Organization","@id":"https:\/\/www.ab2pro.com\/bg\/#organization","name":"AB2PRO","url":"https:\/\/www.ab2pro.com\/bg\/","logo":{"@type":"ImageObject","inLanguage":"bg-BG","@id":"https:\/\/www.ab2pro.com\/bg\/#\/schema\/logo\/image\/","url":"https:\/\/www.ab2pro.com\/wp-content\/uploads\/2020\/11\/logo-profil.png","contentUrl":"https:\/\/www.ab2pro.com\/wp-content\/uploads\/2020\/11\/logo-profil.png","width":230,"height":47,"caption":"AB2PRO"},"image":{"@id":"https:\/\/www.ab2pro.com\/bg\/#\/schema\/logo\/image\/"}}]}},"_links":{"self":[{"href":"https:\/\/www.ab2pro.com\/bg\/wp-json\/wp\/v2\/pages\/15092","targetHints":{"allow":["GET"]}}],"collection":[{"href":"https:\/\/www.ab2pro.com\/bg\/wp-json\/wp\/v2\/pages"}],"about":[{"href":"https:\/\/www.ab2pro.com\/bg\/wp-json\/wp\/v2\/types\/page"}],"author":[{"embeddable":true,"href":"https:\/\/www.ab2pro.com\/bg\/wp-json\/wp\/v2\/users\/1"}],"replies":[{"embeddable":true,"href":"https:\/\/www.ab2pro.com\/bg\/wp-json\/wp\/v2\/comments?post=15092"}],"version-history":[{"count":0,"href":"https:\/\/www.ab2pro.com\/bg\/wp-json\/wp\/v2\/pages\/15092\/revisions"}],"wp:attachment":[{"href":"https:\/\/www.ab2pro.com\/bg\/wp-json\/wp\/v2\/media?parent=15092"}],"curies":[{"name":"wp","href":"https:\/\/api.w.org\/{rel}","templated":true}]}}