
{"id":32770,"date":"2022-03-04T17:24:43","date_gmt":"2022-03-04T16:24:43","guid":{"rendered":"https:\/\/www.ab2pro.com\/?page_id=32770"},"modified":"2022-03-04T17:33:46","modified_gmt":"2022-03-04T16:33:46","slug":"32770-2","status":"publish","type":"page","link":"https:\/\/www.ab2pro.com\/bg\/32770-2\/","title":{"rendered":""},"content":{"rendered":"<p>[vc_row][vc_column][vc_single_image image=&#8220;32761&#8243; img_size=&#8220;large&#8220; alignment=&#8220;center&#8220;][\/vc_column][\/vc_row]<\/p>\n","protected":false},"excerpt":{"rendered":"<p>[vc_row][vc_column][vc_single_image image=&#8220;32761&#8243; img_size=&#8220;large&#8220; alignment=&#8220;center&#8220;][\/vc_column][\/vc_row]<\/p>\n","protected":false},"author":9,"featured_media":0,"parent":0,"menu_order":0,"comment_status":"closed","ping_status":"closed","template":"","meta":{"_acf_changed":false,"footnotes":""},"class_list":["post-32770","page","type-page","status-publish","hentry"],"acf":[],"yoast_head":"<!-- This site is optimized with the Yoast SEO plugin v26.8 - https:\/\/yoast.com\/product\/yoast-seo-wordpress\/ -->\n<title>- AB2PRO<\/title>\n<meta name=\"description\" content=\"- AB2PRO\" \/>\n<meta name=\"robots\" content=\"index, follow, max-snippet:-1, max-image-preview:large, max-video-preview:-1\" \/>\n<link rel=\"canonical\" href=\"https:\/\/www.ab2pro.com\/bg\/32770-2\/\" \/>\n<meta property=\"og:locale\" content=\"bg_BG\" \/>\n<meta property=\"og:type\" content=\"article\" \/>\n<meta property=\"og:title\" content=\"- AB2PRO\" \/>\n<meta property=\"og:description\" content=\"- AB2PRO\" \/>\n<meta property=\"og:url\" content=\"https:\/\/www.ab2pro.com\/bg\/32770-2\/\" \/>\n<meta property=\"og:site_name\" content=\"AB2PRO\" \/>\n<meta property=\"article:modified_time\" content=\"2022-03-04T16:33:46+00:00\" \/>\n<meta property=\"og:image\" content=\"https:\/\/www.ab2pro.com\/wp-content\/uploads\/2020\/11\/fond-home.jpg\" \/>\n\t<meta property=\"og:image:width\" content=\"1920\" \/>\n\t<meta property=\"og:image:height\" content=\"600\" \/>\n\t<meta property=\"og:image:type\" content=\"image\/jpeg\" \/>\n<meta name=\"twitter:card\" content=\"summary_large_image\" \/>\n<meta name=\"twitter:label1\" content=\"Est. reading time\" \/>\n\t<meta name=\"twitter:data1\" content=\"1 \u043c\u0438\u043d\u0443\u0442\u0430\" \/>\n<script type=\"application\/ld+json\" class=\"yoast-schema-graph\">{\"@context\":\"https:\/\/schema.org\",\"@graph\":[{\"@type\":\"WebPage\",\"@id\":\"https:\/\/www.ab2pro.com\/bg\/32770-2\/\",\"url\":\"https:\/\/www.ab2pro.com\/bg\/32770-2\/\",\"name\":\"- AB2PRO\",\"isPartOf\":{\"@id\":\"https:\/\/www.ab2pro.com\/bg\/#website\"},\"datePublished\":\"2022-03-04T16:24:43+00:00\",\"dateModified\":\"2022-03-04T16:33:46+00:00\",\"description\":\"- AB2PRO\",\"inLanguage\":\"bg-BG\",\"potentialAction\":[{\"@type\":\"ReadAction\",\"target\":[\"https:\/\/www.ab2pro.com\/bg\/32770-2\/\"]}]},{\"@type\":\"WebSite\",\"@id\":\"https:\/\/www.ab2pro.com\/bg\/#website\",\"url\":\"https:\/\/www.ab2pro.com\/bg\/\",\"name\":\"AB2PRO\",\"description\":\"Agence d&#039;emploi sp\u00e9cialis\u00e9e dans le recrutement de travailleurs europ\u00e9ens\",\"publisher\":{\"@id\":\"https:\/\/www.ab2pro.com\/bg\/#organization\"},\"potentialAction\":[{\"@type\":\"SearchAction\",\"target\":{\"@type\":\"EntryPoint\",\"urlTemplate\":\"https:\/\/www.ab2pro.com\/bg\/?s={search_term_string}\"},\"query-input\":{\"@type\":\"PropertyValueSpecification\",\"valueRequired\":true,\"valueName\":\"search_term_string\"}}],\"inLanguage\":\"bg-BG\"},{\"@type\":\"Organization\",\"@id\":\"https:\/\/www.ab2pro.com\/bg\/#organization\",\"name\":\"AB2PRO\",\"url\":\"https:\/\/www.ab2pro.com\/bg\/\",\"logo\":{\"@type\":\"ImageObject\",\"inLanguage\":\"bg-BG\",\"@id\":\"https:\/\/www.ab2pro.com\/bg\/#\/schema\/logo\/image\/\",\"url\":\"https:\/\/www.ab2pro.com\/wp-content\/uploads\/2020\/11\/logo-profil.png\",\"contentUrl\":\"https:\/\/www.ab2pro.com\/wp-content\/uploads\/2020\/11\/logo-profil.png\",\"width\":230,\"height\":47,\"caption\":\"AB2PRO\"},\"image\":{\"@id\":\"https:\/\/www.ab2pro.com\/bg\/#\/schema\/logo\/image\/\"}}]}<\/script>\n<!-- \/ Yoast SEO plugin. -->","yoast_head_json":{"title":"- AB2PRO","description":"- AB2PRO","robots":{"index":"index","follow":"follow","max-snippet":"max-snippet:-1","max-image-preview":"max-image-preview:large","max-video-preview":"max-video-preview:-1"},"canonical":"https:\/\/www.ab2pro.com\/bg\/32770-2\/","og_locale":"bg_BG","og_type":"article","og_title":"- AB2PRO","og_description":"- AB2PRO","og_url":"https:\/\/www.ab2pro.com\/bg\/32770-2\/","og_site_name":"AB2PRO","article_modified_time":"2022-03-04T16:33:46+00:00","og_image":[{"width":1920,"height":600,"url":"https:\/\/www.ab2pro.com\/wp-content\/uploads\/2020\/11\/fond-home.jpg","type":"image\/jpeg"}],"twitter_card":"summary_large_image","twitter_misc":{"Est. reading time":"1 \u043c\u0438\u043d\u0443\u0442\u0430"},"schema":{"@context":"https:\/\/schema.org","@graph":[{"@type":"WebPage","@id":"https:\/\/www.ab2pro.com\/bg\/32770-2\/","url":"https:\/\/www.ab2pro.com\/bg\/32770-2\/","name":"- AB2PRO","isPartOf":{"@id":"https:\/\/www.ab2pro.com\/bg\/#website"},"datePublished":"2022-03-04T16:24:43+00:00","dateModified":"2022-03-04T16:33:46+00:00","description":"- AB2PRO","inLanguage":"bg-BG","potentialAction":[{"@type":"ReadAction","target":["https:\/\/www.ab2pro.com\/bg\/32770-2\/"]}]},{"@type":"WebSite","@id":"https:\/\/www.ab2pro.com\/bg\/#website","url":"https:\/\/www.ab2pro.com\/bg\/","name":"AB2PRO","description":"Agence d&#039;emploi sp\u00e9cialis\u00e9e dans le recrutement de travailleurs europ\u00e9ens","publisher":{"@id":"https:\/\/www.ab2pro.com\/bg\/#organization"},"potentialAction":[{"@type":"SearchAction","target":{"@type":"EntryPoint","urlTemplate":"https:\/\/www.ab2pro.com\/bg\/?s={search_term_string}"},"query-input":{"@type":"PropertyValueSpecification","valueRequired":true,"valueName":"search_term_string"}}],"inLanguage":"bg-BG"},{"@type":"Organization","@id":"https:\/\/www.ab2pro.com\/bg\/#organization","name":"AB2PRO","url":"https:\/\/www.ab2pro.com\/bg\/","logo":{"@type":"ImageObject","inLanguage":"bg-BG","@id":"https:\/\/www.ab2pro.com\/bg\/#\/schema\/logo\/image\/","url":"https:\/\/www.ab2pro.com\/wp-content\/uploads\/2020\/11\/logo-profil.png","contentUrl":"https:\/\/www.ab2pro.com\/wp-content\/uploads\/2020\/11\/logo-profil.png","width":230,"height":47,"caption":"AB2PRO"},"image":{"@id":"https:\/\/www.ab2pro.com\/bg\/#\/schema\/logo\/image\/"}}]}},"_links":{"self":[{"href":"https:\/\/www.ab2pro.com\/bg\/wp-json\/wp\/v2\/pages\/32770","targetHints":{"allow":["GET"]}}],"collection":[{"href":"https:\/\/www.ab2pro.com\/bg\/wp-json\/wp\/v2\/pages"}],"about":[{"href":"https:\/\/www.ab2pro.com\/bg\/wp-json\/wp\/v2\/types\/page"}],"author":[{"embeddable":true,"href":"https:\/\/www.ab2pro.com\/bg\/wp-json\/wp\/v2\/users\/9"}],"replies":[{"embeddable":true,"href":"https:\/\/www.ab2pro.com\/bg\/wp-json\/wp\/v2\/comments?post=32770"}],"version-history":[{"count":0,"href":"https:\/\/www.ab2pro.com\/bg\/wp-json\/wp\/v2\/pages\/32770\/revisions"}],"wp:attachment":[{"href":"https:\/\/www.ab2pro.com\/bg\/wp-json\/wp\/v2\/media?parent=32770"}],"curies":[{"name":"wp","href":"https:\/\/api.w.org\/{rel}","templated":true}]}}