
{"id":6102,"date":"2021-02-10T10:32:35","date_gmt":"2021-02-10T09:32:35","guid":{"rendered":"https:\/\/www.ab2pro.com\/facebook-%d0%bd%d0%be%d0%b2%d0%b8%d0%bd%d0%b8\/"},"modified":"2024-07-17T11:45:30","modified_gmt":"2024-07-17T09:45:30","slug":"novini-fejsbuk-agencziya-za-vremenna-za","status":"publish","type":"page","link":"https:\/\/www.ab2pro.com\/bg\/novini-fejsbuk-agencziya-za-vremenna-za\/","title":{"rendered":"Facebook \u043d\u043e\u0432\u0438\u043d\u0438"},"content":{"rendered":"<p>[vc_row el_id=&#8220;bandeau-page-simple&#8220;][vc_column][vc_column_text css_animation=&#8220;fadeInDown&#8220;]<\/p>\n<h1>Les actualit\u00e9s Facebook AB2PRO<\/h1>\n<p>La communication chez AB2PRO est une valeur essentielle. Restez inform\u00e9s de toutes nos actualit\u00e9s en vous abonnant \u00e0 notre page Facebook et rejoignez la #AB2PROTEAM[\/vc_column_text][\/vc_column][\/vc_row][vc_row full_width=&#8220;stretch_row&#8220; el_class=&#8220;wrap-flowflow fullwidth-row&#8220;][vc_column][vc_column_text css_animation=&#8220;fadeIn&#8220;]<div class=\"cff-wrapper\"><div class=\"cff-wrapper-ctn \"><div id=\"cff\" data-char=\"200\" class=\"cff cff-theme-modern cff-masonry cff-disable-liquid masonry-5-desktop masonry-2-tablet cff-masonry-js cff-opaque-comments cff-mob-cols-1  cff-palette-8 cff-timeline-feed cff-pag cff-doing-gdpr cff-all-reviews cff-nojs  cff-lightbox cff-lb\" style=\"width:100%; \" data-fb-text=\"View on Facebook\" data-offset=\"\" data-own-token=\"true\" data-grid-pag=\"cursor\" data-restricted=\"true\" data-lb-comments=\"true\" data-pag-num=\"15\" data-nummobile=\"10\" data-mobilenumber=\"10\"  data-cff-shortcode=\"{&quot;feed&quot;: &quot;8&quot;}\" data-postid=\"6102\" data-locatornonce=\"de4597190b\" data-cff-theme=\"modern\"  data-cff-flags=\"gdpr\"><svg width=\"24px\" height=\"24px\" version=\"1.1\" xmlns=\"http:\/\/www.w3.org\/2000\/svg\" xmlns:xlink=\"http:\/\/www.w3.org\/1999\/xlink\" class=\"cff-screenreader\" role=\"img\" aria-labelledby=\"metaSVGid metaSVGdesc\"><title id=\"metaSVGid\">Comments Box SVG icons<\/title><desc id=\"metaSVGdesc\">Used for the like, share, comment, and reaction icons<\/desc><defs><lineargradient id=\"angryGrad\" x1=\"0\" x2=\"0\" y1=\"0\" y2=\"1\"><stop offset=\"0%\" stop-color=\"#f9ae9e\"><\/stop><stop offset=\"70%\" stop-color=\"#ffe7a4\"><\/stop><\/lineargradient><lineargradient id=\"likeGrad\"><stop offset=\"25%\" stop-color=\"rgba(0,0,0,0.05)\"><\/stop><stop offset=\"26%\" stop-color=\"rgba(255,255,255,0.7)\"><\/stop><\/lineargradient><lineargradient id=\"likeGradHover\"><stop offset=\"25%\" stop-color=\"#a3caff\"><\/stop><stop offset=\"26%\" stop-color=\"#fff\"><\/stop><\/lineargradient><lineargradient id=\"likeGradDark\"><stop offset=\"25%\" stop-color=\"rgba(255,255,255,0.5)\"><\/stop><stop offset=\"26%\" stop-color=\"rgba(255,255,255,0.7)\"><\/stop><\/lineargradient><\/defs><\/svg><div class=\"cff-posts-wrap\"><\/div><span class=\"cff_resized_image_data\" data-feedid=\"cff_265361100888376536110088837219meen0000\" data-resized=\"R2M2LjXKZSbdYoP+HUmfIndyUFY4WjRDUnFMZnZmU3BkSGhBYzlOSEF6cnBMWVdSeDhlOXYxZEUrSUpOOCt6Qnlxc1IyLytrSEY0RDVhcWQwOEJoc2VPRnpmbWU3UVovSG1weDZTZTV2bVZyd2NuK21CTU1tMlI1NFAzTHlrUWphMnpQeFhRM1VGa0ZFNjhRUmRUMndMS3luTG5rdDBQQjJGVGxaVGY1cnorc3ZIL1U2ZVFpaU90UGFVVkt4T25OQVZwRm9oa2gyY3ptMUNYZ2wrK2dEci9zTXQyOE5PaWRGdHBsSnVPb3pYckhtUVRBc1ZBbXh6TWwxQU5HQkx3ZUZnTzc1WmMwUFZkZmdDVlcxakIrVGdZb2hNVitseHhwdy9HYzN6N1pPcXN2T2RkOVc5UHNTeFRPMHhaZFphQUVkVjVOWTJjWW1RVkZIRCtVV2hxWFpxTlU5Sk9MSlMvVVgwRzV4VjNxU29xdTB0aWFhdHpndmdEcDlIMDNZbHBoa2F5ZzUySkpISmFtMXpiUEZlSEZmSXliT2dnM0VOUkVIdTAxZ0lMSFRScWk5NXB6OFM0a3NZYTJiSGRONHlUVHNmMkNqTWZ5RzZzSXBza1FKMXlldlJnNnlRZXNGZTFiZ0JvckN1QVBYRVFacDBvSWdoQ0NNRHN5UEQ0V1lyZ3cwNU5PMjBjRlk0blhhVmZhclp1RGphMXJ5bnJvVkF0dG1XL3RpZFhPbUNzUFdNYi9TWENFTUhyRDN6WTYrOStJUis5dUIwMEtHRUpwMVlGTVpnTnZtUkZ6eGpqUVk0VW0yWTZKOEtCN0tmUXZMRXF4TU9sYzJSaFRmTUJObU1uZURGdS8veklXdG1OQlNYL09IUm9ZZXZJNS9EYVBxRWJqdkZzbjJCUUU4SWVScUFCc291enVVcWZWU3BTWElNZWI1ZHNDbElmMzJ0TTdrV2hoS25qUmh0NThicGJVMjcxSys2U1RQYVpqZGdiYXRKckoxRDgvSkw5cjBsNjEyay8wTEdyK01sb1d3a2U0SEhvQnhLTC9DWG8rTW1MVFQ0WEpBTk83SEthWTFTSUxTaXdoNVlNSlVaZTVuRGxwazN5M29ZbldacVlvd0NyUGx1Y2VwNU9FNjZtYzJNMmRnQjV0Wk5GV0lWS3lzelhSTzZ3aVFXOHBLL3MwaXlRVzY2aEpUNS9ta1NYN0JVbmp4eWc3cVpRZktyNGlTZzhGQTJ2S21nQmFCL3lhbFYrRG5OVDJBSWdSbldDblluVEMrbEd4THkvQXpobVdIRW93ZGljUGxDdVVzRGFhMkdVR2grSlFqSFlkK01telpsY1ZzUEEvN29UaDN3S0JxRFVQZGNVRlNmLzNTZk5FVUVsZVNTTUFkVlFPK1EwMC85anFkZkxENTZZOElEMlc2SloyOURIUklCcFFsWHg1eDRhV01EWkJwTFR2NHJEL2dqbzA4RUFlWE14cDFxdGVid09sVVRzSkhxbmw5RHd4R2wraWo5UGFBQjdPdi9BaEtnb0lrbm9TcVpSOWZWcDZjVEJJN1V5Y1ZWbkc2Zkw4dkZtbm9YRnREVjhmeE1FRTdHZWZCdHdBM05OTXYxSWhLdU45K3NmYU01NlEzWjdTVU5maTZVekhyYm0xQlJ0T1dOK3VoSzlsbDl4enRMTGIvRVorQ0tTWVJRRjNTMklNVnhBdlVRZW41ZDEzY010anZudnY1THh1RXgvMGRMM2VLenNsaU9BQjczeXR6MnROeFQ4MDA3SWJQcUZ2eEUvTlcwQ1pYUWg2dk12a21JMk9QNVZuR3pVTHdHdGJKK0wrME9zaW9NcUdvQnVaK0w3bnUyd3paSDR3ckVaL1RiNzBXZS92M3RSc1E5bXRlREdhSGg0dkVOZEUzTDArekpYMVM1dXVPRUszemMxN3VsYUhFcnhmdk5GQU5ZR0Zralg2NGZvS0ZCSkk5ZEYwK0M0Y3pvZ1d2SHdrYU4vcmpuQ2VKM2tmMTl4V3VtYmRUSTNFS2l4R1NSZG9IejhlSkxJQnZKbGorbyt0cjlHckRrM0ZJU1NNUnNUWktURUNMS1pSeVJSZTJoMEIySjlwbERHZEpMWDIwVllZaHpZQllsYzIzb1VySEhyditxRHZmbis3bmF2N1RZWWYyLzBYTFdvTU5HdTNJVEtmdnYvNlAyZXJNWGlKNE5pbExDUzdFVzJxcC9YSURTOHpXWmNQRmRLQnZJcEtMR09hQnpkLy90RmFlUThtL29HNE5jVEloZGFmVmhjT2dQYURtS3QxcFJqWmxKbTJLU1dVSXExTVNRcjR3ZWVLanI2ZkZERE81OTRLNWphUmkxcVUvZ1BWdExoVmFvYWJuTTVJMVdGeExISXhFYUwzeGkyWjBHTE1sRjMrZnpsdXBNTGNZcEtmZFJaWC9RZ3pDWEJSdWRadDhObkpkVmxXblEyT0JyN09va0s5VUMzVHVPQzlvTDQyY1RrM2RpVG1UZUMrQmp5ZHp0bUVIMHFVb202dlpJZUZBL0VpOEVnbnZSRnIweTNyZHhjeHdObXFPemQrcWFBbEt1T2Z0RXFtcXhnMEl3TFl0NWd4VVJpV3p2QTVnejRXNGhlNWVNUlhwSGhsYWI0ZjJNOFdmRFlUZU4zSkp6OTBFWDZLeTNKeTJVUVo3WlRUbG1UR3U4TUd2WEcwRS8zNldaaktyK3BYWS9zazZJMVhrUzY1ZDdVNXlSbWx4NTR2TmR3bFJzWjljRmdTNFppSGRoTFB4SzB1dk1hcFFOVEFqZ3NIMGVacTRxUzlScHEyZkczYWY5dVVXUTZPakYxcUx5QlJ1TXFYc09zZS9BdENDOUtKTzc3bDIwUmJESEVLNGJ3RVVjemtPVnlFZkFEazlLcUJhZGt3N1JGQnFUSGxnZ09HL0taNmhuL3Z5VW9Xb2xGSXdMRXk0KzRwcGhGb3hUOGw0Um1NWitzZFdPamhsN0M0VU03cVppMjh5S1VDbEVXUWJWRy9GMGxmU0ZyUkRob1FoRFE2TTdubTNOM3QwSktpY0IzYlVkS0tEaDRpMG9MQUMzOXFCTlRGS3FjZUp0UUkxeEJFOXQrZnVkYU0xOUdhWFRjRnhDc3hqTTlXbjV5Znp2eG81dWpLSUtvcU9zS0lGRmFoY1lNWjdPTHRjQnU0NFlBTnJUK0xUSEF6VnlwRDIyNk5Sd3JmYy9raUU5SGhIVk01UEJCRjhWcXozZ2R5eG5QbDNzamRzWGVTRWVrSGFEaEVUREdaUGtpYStnLyt6OU43Y3A4ZmhOZFM4NEZUdkVSUkRZM3JXVVZOUWhtSVp1Um5jQXBlRExZdngxNWxmQUZ3STgvUWtjTUc0N25obkNSTFRxME10Q0lDVjNwM2hycGxrYUttNFFKV21PNEh5RXhFelZONEcrT1BTZU93cC9JaEg1WTJyZVhvendyS3UxVXFlZG8yWUdneXd2TFd3dnZBOEUwTStVcTN5WlFJQWlRUGJKb25PMnhFL2h5ZGUxRzF0M1pPVkRSNlZJYjA4djcvK3d3UllCazZjaG4yK042dnEza2VzckJZTC9xZFNidlp1clVzNmNnRmpzbEloMWQyWi8za3FpM3ZsMW5JT25tQjRFaVV6WjhKTWVTTEthMW52VDRmeWpzVFZWb3pDdFJSN0w4MktPbWpzL0dYWENDVHJNTGx2TGhwWEkza1Fxdzl3TklaMkd4aWEwcVhyOHFSQk1aeklDWkVYN0lrcFVkYS9YTCtOSU8yNHBwdmZUaE90V0ltV0VldVc2WWUwYktKWkZKbk80ZGJoS0lxSFVqajcyc1E5WWt0QVpMRTJsTzh1T1RrK1M5M3hJbElXU09DZTJmbUJWTmNPZllhRU9ZZ3I2VDFublFMbzcwTzR3QVVOS1psNW5OYTN1Rkd4WWtOdjJuM0VDeGd5cWNNNjVSeGZNVWxlYk9QMGFoMEovU3NnUT09\"><\/span><div class=\"cff-likebox cff-outside cff-bottom\">\n\t\t<iframe title=\"Likebox Content\" src=\"\" class=\"fb_iframe_widget\" data-likebox-id=\"265361100888372\" data-likebox-width=\"\" data-likebox-header=\"1\" data-hide-cover=\"\" data-hide-cta=\"\" data-likebox-faces=\"\" height=\"75px\" data-height=\"75\" data-locale=\"en_US\" scrolling=\"no\" allowTransparency=\"true\" allow=\"encrypted-media\"><\/iframe>\n<\/div>\n<input type=\"hidden\" class=\"cff-pag-url\"\n\tdata-cff-pag-url=\"{}\"\n\tdata-cff-prev-url=\"{}\"\n\tdata-transient-name=\"cff_265361100888376536110088837219meen0000\"\n\tdata-post-id=\"6102\"\n\tdata-feed-id=\"265361100888372\"  value=\"\"\/>\n\t<p class=\"cff-no-more-posts\">\n\t\tNo more posts\t<\/p>\n<\/div><\/div><div class=\"cff-clear\"><\/div><\/div><style type=\"text\/css\">\n<\/style>[\/vc_column_text][\/vc_column][\/vc_row][vc_row full_width=&#8220;stretch_row_content&#8220; equal_height=&#8220;yes&#8220; el_class=&#8220;bg-ctas fullwidth-row bg-ctas-blog&#8220; el_id=&#8220;ctas-actusfb&#8220;][vc_column el_class=&#8220;bg-clair bg-clair-wtriangle&#8220; offset=&#8220;vc_col-lg-12 vc_col-md-12 vc_col-xs-12&#8243;][vc_row_inner][vc_column_inner width=&#8220;8\/12&#8243;][vc_column_text css_animation=&#8220;fadeInDown&#8220;]<\/p>\n<h3>D\u00e9couvrez \u00e9galement le blog AB2PRO !<\/h3>\n<p>[\/vc_column_text][\/vc_column_inner][vc_column_inner width=&#8220;4\/12&#8243;][vc_btn title=&#8220;Voir le blog&#8220; css_animation=&#8220;fadeInDown&#8220; link=&#8220;url:https%3A%2F%2Fwww.ab2pro.com%2Fbg%2Fnovini-agencziya-za-vremenna-zaetost-st%2F|title:Actualit%C3%A9s|&#8220;][\/vc_column_inner][\/vc_row_inner][\/vc_column][\/vc_row]<\/p>\n","protected":false},"excerpt":{"rendered":"<p>[vc_row el_id=&#8220;bandeau-page-simple&#8220;][vc_column][vc_column_text css_animation=&#8220;fadeInDown&#8220;] Les actualit\u00e9s Facebook AB2PRO La communication chez AB2PRO est une valeur essentielle. Restez inform\u00e9s de toutes nos [&hellip;]<\/p>\n","protected":false},"author":1,"featured_media":0,"parent":0,"menu_order":0,"comment_status":"closed","ping_status":"closed","template":"","meta":{"_acf_changed":false,"footnotes":""},"class_list":["post-6102","page","type-page","status-publish","hentry"],"acf":[],"yoast_head":"<!-- This site is optimized with the Yoast SEO plugin v26.8 - https:\/\/yoast.com\/product\/yoast-seo-wordpress\/ -->\n<title>Facebook \u043d\u043e\u0432\u0438\u043d\u0438 - \u0412\u0440\u0435\u043c\u0435\u043d\u043d\u0430 \u0440\u0430\u0431\u043e\u0442\u0430 \u0432 \u0441\u0442\u0440\u043e\u0438\u0442\u0435\u043b\u0441\u0442\u0432\u043e\u0442\u043e- AB2PRO<\/title>\n<meta name=\"description\" content=\"AB2PRO \u0432\u0438 \u043f\u0440\u0435\u0434\u0441\u0442\u0430\u0432\u044f \u0424\u0435\u0439\u0441\u0431\u0443\u043a \u043d\u043e\u0432\u0438\u043d\u0438\u0442\u0435 \u0437\u0430 \u043d\u0430\u0448\u0430\u0442\u0430 \u0430\u0433\u0435\u043d\u0446\u0438\u044f \u0437\u0430 \u0432\u0440\u0435\u043c\u0435\u043d\u043d\u0430 \u0437\u0430\u0435\u0442\u043e\u0441\u0442 \u0432 \u0441\u0442\u0440\u043e\u0438\u0442\u0435\u043b\u0441\u0442\u0432\u043e\u0442\u043e, \u0441\u043f\u0435\u0446\u0438\u0430\u043b\u0438\u0437\u0438\u0440\u0430\u043d\u0430 \u0432 \u043d\u0430\u0435\u043c\u0430\u043d\u0435\u0442\u043e \u043d\u0430 \u0435\u0432\u0440\u043e\u043f\u0435\u0439\u0441\u043a\u0438 \u0440\u0430\u0431\u043e\u0442\u043d\u0438\u0446\u0438.\" \/>\n<meta name=\"robots\" content=\"index, follow, max-snippet:-1, max-image-preview:large, max-video-preview:-1\" \/>\n<link rel=\"canonical\" href=\"https:\/\/www.ab2pro.com\/bg\/novini-fejsbuk-agencziya-za-vremenna-za\/\" \/>\n<meta property=\"og:locale\" content=\"bg_BG\" \/>\n<meta property=\"og:type\" content=\"article\" \/>\n<meta property=\"og:title\" content=\"Facebook \u043d\u043e\u0432\u0438\u043d\u0438 - \u0412\u0440\u0435\u043c\u0435\u043d\u043d\u0430 \u0440\u0430\u0431\u043e\u0442\u0430 \u0432 \u0441\u0442\u0440\u043e\u0438\u0442\u0435\u043b\u0441\u0442\u0432\u043e\u0442\u043e- AB2PRO\" \/>\n<meta property=\"og:description\" content=\"AB2PRO \u0432\u0438 \u043f\u0440\u0435\u0434\u0441\u0442\u0430\u0432\u044f \u0424\u0435\u0439\u0441\u0431\u0443\u043a \u043d\u043e\u0432\u0438\u043d\u0438\u0442\u0435 \u0437\u0430 \u043d\u0430\u0448\u0430\u0442\u0430 \u0430\u0433\u0435\u043d\u0446\u0438\u044f \u0437\u0430 \u0432\u0440\u0435\u043c\u0435\u043d\u043d\u0430 \u0437\u0430\u0435\u0442\u043e\u0441\u0442 \u0432 \u0441\u0442\u0440\u043e\u0438\u0442\u0435\u043b\u0441\u0442\u0432\u043e\u0442\u043e, \u0441\u043f\u0435\u0446\u0438\u0430\u043b\u0438\u0437\u0438\u0440\u0430\u043d\u0430 \u0432 \u043d\u0430\u0435\u043c\u0430\u043d\u0435\u0442\u043e \u043d\u0430 \u0435\u0432\u0440\u043e\u043f\u0435\u0439\u0441\u043a\u0438 \u0440\u0430\u0431\u043e\u0442\u043d\u0438\u0446\u0438.\" \/>\n<meta property=\"og:url\" content=\"https:\/\/www.ab2pro.com\/bg\/novini-fejsbuk-agencziya-za-vremenna-za\/\" \/>\n<meta property=\"og:site_name\" content=\"AB2PRO\" \/>\n<meta property=\"article:modified_time\" content=\"2024-07-17T09:45:30+00:00\" \/>\n<meta property=\"og:image\" content=\"https:\/\/www.ab2pro.com\/wp-content\/uploads\/2020\/11\/fond-home.jpg\" \/>\n\t<meta property=\"og:image:width\" content=\"1920\" \/>\n\t<meta property=\"og:image:height\" content=\"600\" \/>\n\t<meta property=\"og:image:type\" content=\"image\/jpeg\" \/>\n<meta name=\"twitter:card\" content=\"summary_large_image\" \/>\n<meta name=\"twitter:label1\" content=\"Est. reading time\" \/>\n\t<meta name=\"twitter:data1\" content=\"1 \u043c\u0438\u043d\u0443\u0442\u0430\" \/>\n<script type=\"application\/ld+json\" class=\"yoast-schema-graph\">{\"@context\":\"https:\/\/schema.org\",\"@graph\":[{\"@type\":\"WebPage\",\"@id\":\"https:\/\/www.ab2pro.com\/bg\/novini-fejsbuk-agencziya-za-vremenna-za\/\",\"url\":\"https:\/\/www.ab2pro.com\/bg\/novini-fejsbuk-agencziya-za-vremenna-za\/\",\"name\":\"Facebook \u043d\u043e\u0432\u0438\u043d\u0438 - \u0412\u0440\u0435\u043c\u0435\u043d\u043d\u0430 \u0440\u0430\u0431\u043e\u0442\u0430 \u0432 \u0441\u0442\u0440\u043e\u0438\u0442\u0435\u043b\u0441\u0442\u0432\u043e\u0442\u043e- AB2PRO\",\"isPartOf\":{\"@id\":\"https:\/\/www.ab2pro.com\/bg\/#website\"},\"datePublished\":\"2021-02-10T09:32:35+00:00\",\"dateModified\":\"2024-07-17T09:45:30+00:00\",\"description\":\"AB2PRO \u0432\u0438 \u043f\u0440\u0435\u0434\u0441\u0442\u0430\u0432\u044f \u0424\u0435\u0439\u0441\u0431\u0443\u043a \u043d\u043e\u0432\u0438\u043d\u0438\u0442\u0435 \u0437\u0430 \u043d\u0430\u0448\u0430\u0442\u0430 \u0430\u0433\u0435\u043d\u0446\u0438\u044f \u0437\u0430 \u0432\u0440\u0435\u043c\u0435\u043d\u043d\u0430 \u0437\u0430\u0435\u0442\u043e\u0441\u0442 \u0432 \u0441\u0442\u0440\u043e\u0438\u0442\u0435\u043b\u0441\u0442\u0432\u043e\u0442\u043e, \u0441\u043f\u0435\u0446\u0438\u0430\u043b\u0438\u0437\u0438\u0440\u0430\u043d\u0430 \u0432 \u043d\u0430\u0435\u043c\u0430\u043d\u0435\u0442\u043e \u043d\u0430 \u0435\u0432\u0440\u043e\u043f\u0435\u0439\u0441\u043a\u0438 \u0440\u0430\u0431\u043e\u0442\u043d\u0438\u0446\u0438.\",\"breadcrumb\":{\"@id\":\"https:\/\/www.ab2pro.com\/bg\/novini-fejsbuk-agencziya-za-vremenna-za\/#breadcrumb\"},\"inLanguage\":\"bg-BG\",\"potentialAction\":[{\"@type\":\"ReadAction\",\"target\":[\"https:\/\/www.ab2pro.com\/bg\/novini-fejsbuk-agencziya-za-vremenna-za\/\"]}]},{\"@type\":\"BreadcrumbList\",\"@id\":\"https:\/\/www.ab2pro.com\/bg\/novini-fejsbuk-agencziya-za-vremenna-za\/#breadcrumb\",\"itemListElement\":[{\"@type\":\"ListItem\",\"position\":1,\"name\":\"Accueil\",\"item\":\"https:\/\/www.ab2pro.com\/bg\/\"},{\"@type\":\"ListItem\",\"position\":2,\"name\":\"Facebook \u043d\u043e\u0432\u0438\u043d\u0438\"}]},{\"@type\":\"WebSite\",\"@id\":\"https:\/\/www.ab2pro.com\/bg\/#website\",\"url\":\"https:\/\/www.ab2pro.com\/bg\/\",\"name\":\"AB2PRO\",\"description\":\"Agence d&#039;emploi sp\u00e9cialis\u00e9e dans le recrutement de travailleurs europ\u00e9ens\",\"publisher\":{\"@id\":\"https:\/\/www.ab2pro.com\/bg\/#organization\"},\"potentialAction\":[{\"@type\":\"SearchAction\",\"target\":{\"@type\":\"EntryPoint\",\"urlTemplate\":\"https:\/\/www.ab2pro.com\/bg\/?s={search_term_string}\"},\"query-input\":{\"@type\":\"PropertyValueSpecification\",\"valueRequired\":true,\"valueName\":\"search_term_string\"}}],\"inLanguage\":\"bg-BG\"},{\"@type\":\"Organization\",\"@id\":\"https:\/\/www.ab2pro.com\/bg\/#organization\",\"name\":\"AB2PRO\",\"url\":\"https:\/\/www.ab2pro.com\/bg\/\",\"logo\":{\"@type\":\"ImageObject\",\"inLanguage\":\"bg-BG\",\"@id\":\"https:\/\/www.ab2pro.com\/bg\/#\/schema\/logo\/image\/\",\"url\":\"https:\/\/www.ab2pro.com\/wp-content\/uploads\/2020\/11\/logo-profil.png\",\"contentUrl\":\"https:\/\/www.ab2pro.com\/wp-content\/uploads\/2020\/11\/logo-profil.png\",\"width\":230,\"height\":47,\"caption\":\"AB2PRO\"},\"image\":{\"@id\":\"https:\/\/www.ab2pro.com\/bg\/#\/schema\/logo\/image\/\"}}]}<\/script>\n<!-- \/ Yoast SEO plugin. -->","yoast_head_json":{"title":"Facebook \u043d\u043e\u0432\u0438\u043d\u0438 - \u0412\u0440\u0435\u043c\u0435\u043d\u043d\u0430 \u0440\u0430\u0431\u043e\u0442\u0430 \u0432 \u0441\u0442\u0440\u043e\u0438\u0442\u0435\u043b\u0441\u0442\u0432\u043e\u0442\u043e- AB2PRO","description":"AB2PRO \u0432\u0438 \u043f\u0440\u0435\u0434\u0441\u0442\u0430\u0432\u044f \u0424\u0435\u0439\u0441\u0431\u0443\u043a \u043d\u043e\u0432\u0438\u043d\u0438\u0442\u0435 \u0437\u0430 \u043d\u0430\u0448\u0430\u0442\u0430 \u0430\u0433\u0435\u043d\u0446\u0438\u044f \u0437\u0430 \u0432\u0440\u0435\u043c\u0435\u043d\u043d\u0430 \u0437\u0430\u0435\u0442\u043e\u0441\u0442 \u0432 \u0441\u0442\u0440\u043e\u0438\u0442\u0435\u043b\u0441\u0442\u0432\u043e\u0442\u043e, \u0441\u043f\u0435\u0446\u0438\u0430\u043b\u0438\u0437\u0438\u0440\u0430\u043d\u0430 \u0432 \u043d\u0430\u0435\u043c\u0430\u043d\u0435\u0442\u043e \u043d\u0430 \u0435\u0432\u0440\u043e\u043f\u0435\u0439\u0441\u043a\u0438 \u0440\u0430\u0431\u043e\u0442\u043d\u0438\u0446\u0438.","robots":{"index":"index","follow":"follow","max-snippet":"max-snippet:-1","max-image-preview":"max-image-preview:large","max-video-preview":"max-video-preview:-1"},"canonical":"https:\/\/www.ab2pro.com\/bg\/novini-fejsbuk-agencziya-za-vremenna-za\/","og_locale":"bg_BG","og_type":"article","og_title":"Facebook \u043d\u043e\u0432\u0438\u043d\u0438 - \u0412\u0440\u0435\u043c\u0435\u043d\u043d\u0430 \u0440\u0430\u0431\u043e\u0442\u0430 \u0432 \u0441\u0442\u0440\u043e\u0438\u0442\u0435\u043b\u0441\u0442\u0432\u043e\u0442\u043e- AB2PRO","og_description":"AB2PRO \u0432\u0438 \u043f\u0440\u0435\u0434\u0441\u0442\u0430\u0432\u044f \u0424\u0435\u0439\u0441\u0431\u0443\u043a \u043d\u043e\u0432\u0438\u043d\u0438\u0442\u0435 \u0437\u0430 \u043d\u0430\u0448\u0430\u0442\u0430 \u0430\u0433\u0435\u043d\u0446\u0438\u044f \u0437\u0430 \u0432\u0440\u0435\u043c\u0435\u043d\u043d\u0430 \u0437\u0430\u0435\u0442\u043e\u0441\u0442 \u0432 \u0441\u0442\u0440\u043e\u0438\u0442\u0435\u043b\u0441\u0442\u0432\u043e\u0442\u043e, \u0441\u043f\u0435\u0446\u0438\u0430\u043b\u0438\u0437\u0438\u0440\u0430\u043d\u0430 \u0432 \u043d\u0430\u0435\u043c\u0430\u043d\u0435\u0442\u043e \u043d\u0430 \u0435\u0432\u0440\u043e\u043f\u0435\u0439\u0441\u043a\u0438 \u0440\u0430\u0431\u043e\u0442\u043d\u0438\u0446\u0438.","og_url":"https:\/\/www.ab2pro.com\/bg\/novini-fejsbuk-agencziya-za-vremenna-za\/","og_site_name":"AB2PRO","article_modified_time":"2024-07-17T09:45:30+00:00","og_image":[{"width":1920,"height":600,"url":"https:\/\/www.ab2pro.com\/wp-content\/uploads\/2020\/11\/fond-home.jpg","type":"image\/jpeg"}],"twitter_card":"summary_large_image","twitter_misc":{"Est. reading time":"1 \u043c\u0438\u043d\u0443\u0442\u0430"},"schema":{"@context":"https:\/\/schema.org","@graph":[{"@type":"WebPage","@id":"https:\/\/www.ab2pro.com\/bg\/novini-fejsbuk-agencziya-za-vremenna-za\/","url":"https:\/\/www.ab2pro.com\/bg\/novini-fejsbuk-agencziya-za-vremenna-za\/","name":"Facebook \u043d\u043e\u0432\u0438\u043d\u0438 - \u0412\u0440\u0435\u043c\u0435\u043d\u043d\u0430 \u0440\u0430\u0431\u043e\u0442\u0430 \u0432 \u0441\u0442\u0440\u043e\u0438\u0442\u0435\u043b\u0441\u0442\u0432\u043e\u0442\u043e- AB2PRO","isPartOf":{"@id":"https:\/\/www.ab2pro.com\/bg\/#website"},"datePublished":"2021-02-10T09:32:35+00:00","dateModified":"2024-07-17T09:45:30+00:00","description":"AB2PRO \u0432\u0438 \u043f\u0440\u0435\u0434\u0441\u0442\u0430\u0432\u044f \u0424\u0435\u0439\u0441\u0431\u0443\u043a \u043d\u043e\u0432\u0438\u043d\u0438\u0442\u0435 \u0437\u0430 \u043d\u0430\u0448\u0430\u0442\u0430 \u0430\u0433\u0435\u043d\u0446\u0438\u044f \u0437\u0430 \u0432\u0440\u0435\u043c\u0435\u043d\u043d\u0430 \u0437\u0430\u0435\u0442\u043e\u0441\u0442 \u0432 \u0441\u0442\u0440\u043e\u0438\u0442\u0435\u043b\u0441\u0442\u0432\u043e\u0442\u043e, \u0441\u043f\u0435\u0446\u0438\u0430\u043b\u0438\u0437\u0438\u0440\u0430\u043d\u0430 \u0432 \u043d\u0430\u0435\u043c\u0430\u043d\u0435\u0442\u043e \u043d\u0430 \u0435\u0432\u0440\u043e\u043f\u0435\u0439\u0441\u043a\u0438 \u0440\u0430\u0431\u043e\u0442\u043d\u0438\u0446\u0438.","breadcrumb":{"@id":"https:\/\/www.ab2pro.com\/bg\/novini-fejsbuk-agencziya-za-vremenna-za\/#breadcrumb"},"inLanguage":"bg-BG","potentialAction":[{"@type":"ReadAction","target":["https:\/\/www.ab2pro.com\/bg\/novini-fejsbuk-agencziya-za-vremenna-za\/"]}]},{"@type":"BreadcrumbList","@id":"https:\/\/www.ab2pro.com\/bg\/novini-fejsbuk-agencziya-za-vremenna-za\/#breadcrumb","itemListElement":[{"@type":"ListItem","position":1,"name":"Accueil","item":"https:\/\/www.ab2pro.com\/bg\/"},{"@type":"ListItem","position":2,"name":"Facebook \u043d\u043e\u0432\u0438\u043d\u0438"}]},{"@type":"WebSite","@id":"https:\/\/www.ab2pro.com\/bg\/#website","url":"https:\/\/www.ab2pro.com\/bg\/","name":"AB2PRO","description":"Agence d&#039;emploi sp\u00e9cialis\u00e9e dans le recrutement de travailleurs europ\u00e9ens","publisher":{"@id":"https:\/\/www.ab2pro.com\/bg\/#organization"},"potentialAction":[{"@type":"SearchAction","target":{"@type":"EntryPoint","urlTemplate":"https:\/\/www.ab2pro.com\/bg\/?s={search_term_string}"},"query-input":{"@type":"PropertyValueSpecification","valueRequired":true,"valueName":"search_term_string"}}],"inLanguage":"bg-BG"},{"@type":"Organization","@id":"https:\/\/www.ab2pro.com\/bg\/#organization","name":"AB2PRO","url":"https:\/\/www.ab2pro.com\/bg\/","logo":{"@type":"ImageObject","inLanguage":"bg-BG","@id":"https:\/\/www.ab2pro.com\/bg\/#\/schema\/logo\/image\/","url":"https:\/\/www.ab2pro.com\/wp-content\/uploads\/2020\/11\/logo-profil.png","contentUrl":"https:\/\/www.ab2pro.com\/wp-content\/uploads\/2020\/11\/logo-profil.png","width":230,"height":47,"caption":"AB2PRO"},"image":{"@id":"https:\/\/www.ab2pro.com\/bg\/#\/schema\/logo\/image\/"}}]}},"_links":{"self":[{"href":"https:\/\/www.ab2pro.com\/bg\/wp-json\/wp\/v2\/pages\/6102","targetHints":{"allow":["GET"]}}],"collection":[{"href":"https:\/\/www.ab2pro.com\/bg\/wp-json\/wp\/v2\/pages"}],"about":[{"href":"https:\/\/www.ab2pro.com\/bg\/wp-json\/wp\/v2\/types\/page"}],"author":[{"embeddable":true,"href":"https:\/\/www.ab2pro.com\/bg\/wp-json\/wp\/v2\/users\/1"}],"replies":[{"embeddable":true,"href":"https:\/\/www.ab2pro.com\/bg\/wp-json\/wp\/v2\/comments?post=6102"}],"version-history":[{"count":0,"href":"https:\/\/www.ab2pro.com\/bg\/wp-json\/wp\/v2\/pages\/6102\/revisions"}],"wp:attachment":[{"href":"https:\/\/www.ab2pro.com\/bg\/wp-json\/wp\/v2\/media?parent=6102"}],"curies":[{"name":"wp","href":"https:\/\/api.w.org\/{rel}","templated":true}]}}