
{"id":70111,"date":"2024-07-17T08:17:13","date_gmt":"2024-07-17T06:17:13","guid":{"rendered":"https:\/\/www.ab2pro.com\/registracziyata-e-zavarshena\/"},"modified":"2024-07-18T09:42:18","modified_gmt":"2024-07-18T07:42:18","slug":"registracziyata-e-zavarshena","status":"publish","type":"page","link":"https:\/\/www.ab2pro.com\/bg\/registracziyata-e-zavarshena\/","title":{"rendered":"\u0420\u0435\u0433\u0438\u0441\u0442\u0440\u0430\u0446\u0438\u044f\u0442\u0430 \u0435 \u0437\u0430\u0432\u044a\u0440\u0448\u0435\u043d\u0430"},"content":{"rendered":"<p>[vc_row el_id=&#8220;\u0431\u0430\u043d\u0435\u0440-\u0441\u0442\u0440\u0430\u043d\u0438\u0446\u0430&#8220; css=&#8220;.vc_custom_1718705783025{background-image: url(https:\/\/www.ab2pro.com\/wp-content\/uploads\/2020\/11\/bandeau-offres.jpg?id=4442) !important;}&#8220; el_class=&#8220;bandeau-page-connexion&#8220;][vc_column][vc_column_text]<\/p>\n<h1>\u0420\u0435\u0433\u0438\u0441\u0442\u0440\u0430\u0446\u0438\u044f\u0442\u0430 \u0432\u0438 \u0435 \u0437\u0430\u0432\u044a\u0440\u0448\u0435\u043d\u0430!<\/h1>\n<p>[\/vc_column_text][\/vc_column][\/vc_row][vc_row el_class=&#8220;wrap-merci&#8220;][vc_column][vc_column_text]<\/p>\n<h2>\u0411\u043b\u0430\u0433\u043e\u0434\u0430\u0440\u0438\u043c !<\/h2>\n<p>\u041a\u044a\u043c \u043d\u0430\u0448\u0438\u0442\u0435 \u0431\u044a\u0434\u0435\u0449\u0438 \u0432\u0440\u0435\u043c\u0435\u043d\u043d\u0438 \u0440\u0430\u0431\u043e\u0442\u043d\u0438\u0446\u0438,<\/p>\n<p>\u0421\u043b\u0435\u0434 \u043a\u0430\u0442\u043e \u0441\u0435 \u0440\u0435\u0433\u0438\u0441\u0442\u0440\u0438\u0440\u0430\u0442\u0435, \u0441\u043b\u0443\u0436\u0438\u0442\u0435\u043b \u043f\u043e \u043d\u0430\u0431\u0438\u0440\u0430\u043d\u0435\u0442\u043e \u043d\u0430 \u043f\u0435\u0440\u0441\u043e\u043d\u0430\u043b \u0449\u0435 \u0441\u0435 \u0441\u0432\u044a\u0440\u0436\u0435 \u0441 \u0432\u0430\u0441 \u0432 \u0440\u0430\u043c\u043a\u0438\u0442\u0435 \u043d\u0430 48 \u0447\u0430\u0441\u0430, \u0437\u0430 \u0434\u0430 \u0444\u0438\u043d\u0430\u043b\u0438\u0437\u0438\u0440\u0430 \u043a\u0430\u043d\u0434\u0438\u0434\u0430\u0442\u0443\u0440\u0430\u0442\u0430 \u0432\u0438.<\/p>\n<p>\u041d\u0435 \u0441\u0435 \u043a\u043e\u043b\u0435\u0431\u0430\u0439\u0442\u0435 \u0434\u0430 \u0441\u0435 \u0441\u0432\u044a\u0440\u0436\u0435\u0442\u0435 \u0441 \u043d\u0430\u0441, \u0430\u043a\u043e \u0438\u043c\u0430\u0442\u0435 \u043d\u044f\u043a\u0430\u043a\u0432\u0438 \u0432\u044a\u043f\u0440\u043e\u0441\u0438 \u0438\u043b\u0438 \u0441\u0435 \u043d\u0443\u0436\u0434\u0430\u0435\u0442\u0435 \u043e\u0442 \u0434\u043e\u043f\u044a\u043b\u043d\u0438\u0442\u0435\u043b\u043d\u0430 \u0438\u043d\u0444\u043e\u0440\u043c\u0430\u0446\u0438\u044f.<\/p>\n<p>\u0414\u043e\u0431\u0440\u0435 \u0434\u043e\u0448\u043b\u0438 \u0432 \u0435\u043a\u0438\u043f\u0430 \u043d\u0438 !<\/p>\n<p>ABPROTEAM[\/vc_column_text][vc_btn title=&#8220;\u041e\u0431\u0440\u0430\u0442\u043d\u043e \u043a\u044a\u043c \u043e\u0444\u0435\u0440\u0442\u0438\u0442\u0435&#8220; link=&#8220;url:https%3A%2F%2Fwww.ab2pro.com%2Fbg%2Foferta-rabota-francziya%2F|title:%D0%9E%D1%84%D0%B5%D1%80%D1%82%D0%B8%20%D0%B7%D0%B0%20%D1%80%D0%B0%D0%B1%D0%BE%D1%82%D0%B0|&#8220;][\/vc_column][\/vc_row]<\/p>\n","protected":false},"excerpt":{"rendered":"<p>[vc_row el_id=&#8220;\u0431\u0430\u043d\u0435\u0440-\u0441\u0442\u0440\u0430\u043d\u0438\u0446\u0430&#8220; css=&#8220;.vc_custom_1718705783025{background-image: url(https:\/\/www.ab2pro.com\/wp-content\/uploads\/2020\/11\/bandeau-offres.jpg?id=4442) !important;}&#8220; el_class=&#8220;bandeau-page-connexion&#8220;][vc_column][vc_column_text] \u0420\u0435\u0433\u0438\u0441\u0442\u0440\u0430\u0446\u0438\u044f\u0442\u0430 \u0432\u0438 \u0435 \u0437\u0430\u0432\u044a\u0440\u0448\u0435\u043d\u0430! [\/vc_column_text][\/vc_column][\/vc_row][vc_row el_class=&#8220;wrap-merci&#8220;][vc_column][vc_column_text] \u0411\u043b\u0430\u0433\u043e\u0434\u0430\u0440\u0438\u043c ! \u041a\u044a\u043c \u043d\u0430\u0448\u0438\u0442\u0435 \u0431\u044a\u0434\u0435\u0449\u0438 \u0432\u0440\u0435\u043c\u0435\u043d\u043d\u0438 \u0440\u0430\u0431\u043e\u0442\u043d\u0438\u0446\u0438, \u0421\u043b\u0435\u0434 [&hellip;]<\/p>\n","protected":false},"author":1,"featured_media":0,"parent":0,"menu_order":0,"comment_status":"closed","ping_status":"closed","template":"","meta":{"_acf_changed":false,"footnotes":""},"class_list":["post-70111","page","type-page","status-publish","hentry"],"acf":[],"yoast_head":"<!-- This site is optimized with the Yoast SEO plugin v26.8 - https:\/\/yoast.com\/product\/yoast-seo-wordpress\/ -->\n<title>\u0420\u0435\u0433\u0438\u0441\u0442\u0440\u0430\u0446\u0438\u044f\u0442\u0430 \u0435 \u0437\u0430\u0432\u044a\u0440\u0448\u0435\u043d\u0430 - AB2PRO<\/title>\n<meta name=\"description\" content=\"\u0420\u0435\u0433\u0438\u0441\u0442\u0440\u0430\u0446\u0438\u044f\u0442\u0430 \u0435 \u0437\u0430\u0432\u044a\u0440\u0448\u0435\u043d\u0430 - AB2PRO\" \/>\n<meta name=\"robots\" content=\"index, follow, max-snippet:-1, max-image-preview:large, max-video-preview:-1\" \/>\n<link rel=\"canonical\" href=\"https:\/\/www.ab2pro.com\/bg\/registracziyata-e-zavarshena\/\" \/>\n<meta property=\"og:locale\" content=\"bg_BG\" \/>\n<meta property=\"og:type\" content=\"article\" \/>\n<meta property=\"og:title\" content=\"\u0420\u0435\u0433\u0438\u0441\u0442\u0440\u0430\u0446\u0438\u044f\u0442\u0430 \u0435 \u0437\u0430\u0432\u044a\u0440\u0448\u0435\u043d\u0430 - AB2PRO\" \/>\n<meta property=\"og:description\" content=\"\u0420\u0435\u0433\u0438\u0441\u0442\u0440\u0430\u0446\u0438\u044f\u0442\u0430 \u0435 \u0437\u0430\u0432\u044a\u0440\u0448\u0435\u043d\u0430 - AB2PRO\" \/>\n<meta property=\"og:url\" content=\"https:\/\/www.ab2pro.com\/bg\/registracziyata-e-zavarshena\/\" \/>\n<meta property=\"og:site_name\" content=\"AB2PRO\" \/>\n<meta property=\"article:modified_time\" content=\"2024-07-18T07:42:18+00:00\" \/>\n<meta property=\"og:image\" content=\"https:\/\/www.ab2pro.com\/wp-content\/uploads\/2020\/11\/fond-home.jpg\" \/>\n\t<meta property=\"og:image:width\" content=\"1920\" \/>\n\t<meta property=\"og:image:height\" content=\"600\" \/>\n\t<meta property=\"og:image:type\" content=\"image\/jpeg\" \/>\n<meta name=\"twitter:card\" content=\"summary_large_image\" \/>\n<script type=\"application\/ld+json\" class=\"yoast-schema-graph\">{\"@context\":\"https:\/\/schema.org\",\"@graph\":[{\"@type\":\"WebPage\",\"@id\":\"https:\/\/www.ab2pro.com\/bg\/registracziyata-e-zavarshena\/\",\"url\":\"https:\/\/www.ab2pro.com\/bg\/registracziyata-e-zavarshena\/\",\"name\":\"\u0420\u0435\u0433\u0438\u0441\u0442\u0440\u0430\u0446\u0438\u044f\u0442\u0430 \u0435 \u0437\u0430\u0432\u044a\u0440\u0448\u0435\u043d\u0430 - AB2PRO\",\"isPartOf\":{\"@id\":\"https:\/\/www.ab2pro.com\/bg\/#website\"},\"datePublished\":\"2024-07-17T06:17:13+00:00\",\"dateModified\":\"2024-07-18T07:42:18+00:00\",\"description\":\"\u0420\u0435\u0433\u0438\u0441\u0442\u0440\u0430\u0446\u0438\u044f\u0442\u0430 \u0435 \u0437\u0430\u0432\u044a\u0440\u0448\u0435\u043d\u0430 - AB2PRO\",\"breadcrumb\":{\"@id\":\"https:\/\/www.ab2pro.com\/bg\/registracziyata-e-zavarshena\/#breadcrumb\"},\"inLanguage\":\"bg-BG\",\"potentialAction\":[{\"@type\":\"ReadAction\",\"target\":[\"https:\/\/www.ab2pro.com\/bg\/registracziyata-e-zavarshena\/\"]}]},{\"@type\":\"BreadcrumbList\",\"@id\":\"https:\/\/www.ab2pro.com\/bg\/registracziyata-e-zavarshena\/#breadcrumb\",\"itemListElement\":[{\"@type\":\"ListItem\",\"position\":1,\"name\":\"Accueil\",\"item\":\"https:\/\/www.ab2pro.com\/bg\/\"},{\"@type\":\"ListItem\",\"position\":2,\"name\":\"\u0420\u0435\u0433\u0438\u0441\u0442\u0440\u0430\u0446\u0438\u044f\u0442\u0430 \u0435 \u0437\u0430\u0432\u044a\u0440\u0448\u0435\u043d\u0430\"}]},{\"@type\":\"WebSite\",\"@id\":\"https:\/\/www.ab2pro.com\/bg\/#website\",\"url\":\"https:\/\/www.ab2pro.com\/bg\/\",\"name\":\"AB2PRO\",\"description\":\"Agence d&#039;emploi sp\u00e9cialis\u00e9e dans le recrutement de travailleurs europ\u00e9ens\",\"publisher\":{\"@id\":\"https:\/\/www.ab2pro.com\/bg\/#organization\"},\"potentialAction\":[{\"@type\":\"SearchAction\",\"target\":{\"@type\":\"EntryPoint\",\"urlTemplate\":\"https:\/\/www.ab2pro.com\/bg\/?s={search_term_string}\"},\"query-input\":{\"@type\":\"PropertyValueSpecification\",\"valueRequired\":true,\"valueName\":\"search_term_string\"}}],\"inLanguage\":\"bg-BG\"},{\"@type\":\"Organization\",\"@id\":\"https:\/\/www.ab2pro.com\/bg\/#organization\",\"name\":\"AB2PRO\",\"url\":\"https:\/\/www.ab2pro.com\/bg\/\",\"logo\":{\"@type\":\"ImageObject\",\"inLanguage\":\"bg-BG\",\"@id\":\"https:\/\/www.ab2pro.com\/bg\/#\/schema\/logo\/image\/\",\"url\":\"https:\/\/www.ab2pro.com\/wp-content\/uploads\/2020\/11\/logo-profil.png\",\"contentUrl\":\"https:\/\/www.ab2pro.com\/wp-content\/uploads\/2020\/11\/logo-profil.png\",\"width\":230,\"height\":47,\"caption\":\"AB2PRO\"},\"image\":{\"@id\":\"https:\/\/www.ab2pro.com\/bg\/#\/schema\/logo\/image\/\"}}]}<\/script>\n<!-- \/ Yoast SEO plugin. -->","yoast_head_json":{"title":"\u0420\u0435\u0433\u0438\u0441\u0442\u0440\u0430\u0446\u0438\u044f\u0442\u0430 \u0435 \u0437\u0430\u0432\u044a\u0440\u0448\u0435\u043d\u0430 - AB2PRO","description":"\u0420\u0435\u0433\u0438\u0441\u0442\u0440\u0430\u0446\u0438\u044f\u0442\u0430 \u0435 \u0437\u0430\u0432\u044a\u0440\u0448\u0435\u043d\u0430 - AB2PRO","robots":{"index":"index","follow":"follow","max-snippet":"max-snippet:-1","max-image-preview":"max-image-preview:large","max-video-preview":"max-video-preview:-1"},"canonical":"https:\/\/www.ab2pro.com\/bg\/registracziyata-e-zavarshena\/","og_locale":"bg_BG","og_type":"article","og_title":"\u0420\u0435\u0433\u0438\u0441\u0442\u0440\u0430\u0446\u0438\u044f\u0442\u0430 \u0435 \u0437\u0430\u0432\u044a\u0440\u0448\u0435\u043d\u0430 - AB2PRO","og_description":"\u0420\u0435\u0433\u0438\u0441\u0442\u0440\u0430\u0446\u0438\u044f\u0442\u0430 \u0435 \u0437\u0430\u0432\u044a\u0440\u0448\u0435\u043d\u0430 - AB2PRO","og_url":"https:\/\/www.ab2pro.com\/bg\/registracziyata-e-zavarshena\/","og_site_name":"AB2PRO","article_modified_time":"2024-07-18T07:42:18+00:00","og_image":[{"width":1920,"height":600,"url":"https:\/\/www.ab2pro.com\/wp-content\/uploads\/2020\/11\/fond-home.jpg","type":"image\/jpeg"}],"twitter_card":"summary_large_image","schema":{"@context":"https:\/\/schema.org","@graph":[{"@type":"WebPage","@id":"https:\/\/www.ab2pro.com\/bg\/registracziyata-e-zavarshena\/","url":"https:\/\/www.ab2pro.com\/bg\/registracziyata-e-zavarshena\/","name":"\u0420\u0435\u0433\u0438\u0441\u0442\u0440\u0430\u0446\u0438\u044f\u0442\u0430 \u0435 \u0437\u0430\u0432\u044a\u0440\u0448\u0435\u043d\u0430 - AB2PRO","isPartOf":{"@id":"https:\/\/www.ab2pro.com\/bg\/#website"},"datePublished":"2024-07-17T06:17:13+00:00","dateModified":"2024-07-18T07:42:18+00:00","description":"\u0420\u0435\u0433\u0438\u0441\u0442\u0440\u0430\u0446\u0438\u044f\u0442\u0430 \u0435 \u0437\u0430\u0432\u044a\u0440\u0448\u0435\u043d\u0430 - AB2PRO","breadcrumb":{"@id":"https:\/\/www.ab2pro.com\/bg\/registracziyata-e-zavarshena\/#breadcrumb"},"inLanguage":"bg-BG","potentialAction":[{"@type":"ReadAction","target":["https:\/\/www.ab2pro.com\/bg\/registracziyata-e-zavarshena\/"]}]},{"@type":"BreadcrumbList","@id":"https:\/\/www.ab2pro.com\/bg\/registracziyata-e-zavarshena\/#breadcrumb","itemListElement":[{"@type":"ListItem","position":1,"name":"Accueil","item":"https:\/\/www.ab2pro.com\/bg\/"},{"@type":"ListItem","position":2,"name":"\u0420\u0435\u0433\u0438\u0441\u0442\u0440\u0430\u0446\u0438\u044f\u0442\u0430 \u0435 \u0437\u0430\u0432\u044a\u0440\u0448\u0435\u043d\u0430"}]},{"@type":"WebSite","@id":"https:\/\/www.ab2pro.com\/bg\/#website","url":"https:\/\/www.ab2pro.com\/bg\/","name":"AB2PRO","description":"Agence d&#039;emploi sp\u00e9cialis\u00e9e dans le recrutement de travailleurs europ\u00e9ens","publisher":{"@id":"https:\/\/www.ab2pro.com\/bg\/#organization"},"potentialAction":[{"@type":"SearchAction","target":{"@type":"EntryPoint","urlTemplate":"https:\/\/www.ab2pro.com\/bg\/?s={search_term_string}"},"query-input":{"@type":"PropertyValueSpecification","valueRequired":true,"valueName":"search_term_string"}}],"inLanguage":"bg-BG"},{"@type":"Organization","@id":"https:\/\/www.ab2pro.com\/bg\/#organization","name":"AB2PRO","url":"https:\/\/www.ab2pro.com\/bg\/","logo":{"@type":"ImageObject","inLanguage":"bg-BG","@id":"https:\/\/www.ab2pro.com\/bg\/#\/schema\/logo\/image\/","url":"https:\/\/www.ab2pro.com\/wp-content\/uploads\/2020\/11\/logo-profil.png","contentUrl":"https:\/\/www.ab2pro.com\/wp-content\/uploads\/2020\/11\/logo-profil.png","width":230,"height":47,"caption":"AB2PRO"},"image":{"@id":"https:\/\/www.ab2pro.com\/bg\/#\/schema\/logo\/image\/"}}]}},"_links":{"self":[{"href":"https:\/\/www.ab2pro.com\/bg\/wp-json\/wp\/v2\/pages\/70111","targetHints":{"allow":["GET"]}}],"collection":[{"href":"https:\/\/www.ab2pro.com\/bg\/wp-json\/wp\/v2\/pages"}],"about":[{"href":"https:\/\/www.ab2pro.com\/bg\/wp-json\/wp\/v2\/types\/page"}],"author":[{"embeddable":true,"href":"https:\/\/www.ab2pro.com\/bg\/wp-json\/wp\/v2\/users\/1"}],"replies":[{"embeddable":true,"href":"https:\/\/www.ab2pro.com\/bg\/wp-json\/wp\/v2\/comments?post=70111"}],"version-history":[{"count":0,"href":"https:\/\/www.ab2pro.com\/bg\/wp-json\/wp\/v2\/pages\/70111\/revisions"}],"wp:attachment":[{"href":"https:\/\/www.ab2pro.com\/bg\/wp-json\/wp\/v2\/media?parent=70111"}],"curies":[{"name":"wp","href":"https:\/\/api.w.org\/{rel}","templated":true}]}}