
{"id":15126,"date":"2021-05-17T11:54:22","date_gmt":"2021-05-17T09:54:22","guid":{"rendered":"https:\/\/www.ab2pro.com\/documentacion-del-equipo-ab2pro\/"},"modified":"2025-01-28T15:03:07","modified_gmt":"2025-01-28T14:03:07","slug":"documentacion-del-equipo-ab2pro","status":"publish","type":"page","link":"https:\/\/www.ab2pro.com\/es\/documentacion-del-equipo-ab2pro\/","title":{"rendered":"Documentaci\u00f3n del equipo AB2Pro"},"content":{"rendered":"<p>[vc_row][vc_column][vc_column_text]<\/p>\n<h1>Trabajadores Temporales<\/h1>\n<p>[\/vc_column_text][\/vc_column][\/vc_row][vc_row el_class=\u00bbdocs\u00bb][vc_column][vc_row_inner el_class=\u00bbdocs-recurrents\u00bb][vc_column_inner][vc_column_text]<\/p>\n<h2>Documentos peri\u00f3dicos<\/h2>\n<p>[\/vc_column_text][vc_column_text]<\/p>\n<h3>Solicitud de vacaciones<\/h3>\n<p><a href=\"https:\/\/www.ab2pro.com\/es\/tablero\/?candidate-page=docs-interimaire-global&amp;interim_page=documents-interimaires\/page-formulaire-demande-de-conges\/\" target=\"_self\" rel=\"noopener\">Formulario solicitud de vacaciones<\/a><\/p>\n<div class=\"gv-diy-container gv-diy-multiple-container gv-container gv-container-11005 gv-container-no-results\">\n\n\t\t\t\t<div class=\"gv-diy-view gv-no-results\">\n\t\t\t\t<div class=\"gv-diy-view-title\">\n\t\t\t\t\t<h3><p>No hay entradas que coincidan con su solicitud.<\/p>\n<\/h3>\n\t\t\t\t<\/div>\n\t\t\t<\/div>\n\t\t\t\n<\/div>\n\n<input type=\"hidden\" class=\"gravityview-view-id\" value=\"11005\"\/>[\/vc_column_text][vc_column_text]\n<h3>Solicitud adelanto de sueldo<\/h3>\n<p><a href=\"https:\/\/www.ab2pro.com\/es\/tablero\/?candidate-page=docs-interimaire-global&amp;interim_page=documents-interimaires\/page-formulaire-demande-dacompte-sur-salaire\/\" target=\"_self\" rel=\"noopener\">Formulario solicitud de adelanto de sueldo<\/a><br \/>\n\n<div class=\"gv-diy-container gv-diy-multiple-container gv-container gv-container-11009 gv-container-no-results\">\n\n\t\t\t\t<div class=\"gv-diy-view gv-no-results\">\n\t\t\t\t<div class=\"gv-diy-view-title\">\n\t\t\t\t\t<h3><p>No hay entradas que coincidan con su solicitud.<\/p>\n<\/h3>\n\t\t\t\t<\/div>\n\t\t\t<\/div>\n\t\t\t\n<\/div>\n\n\t\t<style>\n\t\t\t.fancybox-container {\n\t\t\t\tz-index: 100000; \/** Divi is 99999 *\/\n\t\t\t}\n\n\t\t\t.admin-bar .fancybox-container {\n\t\t\t\tmargin-top: 32px;\n\t\t\t}\n\t\t<\/style>\n\t\t<script>\n\t\t\tif ( window.Fancybox ){\n\t\t\t\tFancybox.bind(\".gravityview-fancybox\", {\"animationEffect\":\"fade\",\"toolbar\":true,\"closeExisting\":true,\"arrows\":true,\"buttons\":[\"thumbs\",\"close\"],\"i18n\":{\"en\":{\"CLOSE\":\"Cerrar\",\"NEXT\":\"Sig\",\"PREV\":\"Previous\",\"ERROR\":\"The requested content cannot be loaded. Please try again later.\",\"PLAY_START\":\"Start slideshow\",\"PLAY_STOP\":\"Pause slideshow\",\"FULL_SCREEN\":\"Full screen\",\"THUMBS\":\"Thumbnails\",\"DOWNLOAD\":\"Download\",\"SHARE\":\"Share\",\"ZOOM\":\"Zoom\"}}});\n\t\t\t}\n\t\t<\/script>\n\t\t<input type=\"hidden\" class=\"gravityview-view-id\" value=\"11009\"\/>[\/vc_column_text][\/vc_column_inner][\/vc_row_inner][\/vc_column][\/vc_row]<\/p>\n","protected":false},"excerpt":{"rendered":"<p>[vc_row][vc_column][vc_column_text] Trabajadores Temporales [\/vc_column_text][\/vc_column][\/vc_row][vc_row el_class=\u00bbdocs\u00bb][vc_column][vc_row_inner el_class=\u00bbdocs-recurrents\u00bb][vc_column_inner][vc_column_text] Documentos peri\u00f3dicos [\/vc_column_text][vc_column_text] Solicitud de vacaciones Formulario solicitud de vacaciones [\/vc_column_text][vc_column_text] Solicitud adelanto de [&hellip;]<\/p>\n","protected":false},"author":1,"featured_media":0,"parent":0,"menu_order":0,"comment_status":"closed","ping_status":"closed","template":"","meta":{"_acf_changed":false,"footnotes":""},"class_list":["post-15126","page","type-page","status-publish","hentry"],"acf":[],"yoast_head":"<!-- This site is optimized with the Yoast SEO plugin v26.8 - https:\/\/yoast.com\/product\/yoast-seo-wordpress\/ -->\n<title>Documentaci\u00f3n del equipo AB2Pro - AB2PRO<\/title>\n<meta name=\"description\" content=\"Documentaci\u00f3n del equipo AB2Pro - AB2PRO\" \/>\n<meta name=\"robots\" content=\"index, follow, max-snippet:-1, max-image-preview:large, max-video-preview:-1\" \/>\n<link rel=\"canonical\" href=\"https:\/\/www.ab2pro.com\/es\/documentacion-del-equipo-ab2pro\/\" \/>\n<meta property=\"og:locale\" content=\"es_ES\" \/>\n<meta property=\"og:type\" content=\"article\" \/>\n<meta property=\"og:title\" content=\"Documentaci\u00f3n del equipo AB2Pro - AB2PRO\" \/>\n<meta property=\"og:description\" content=\"Documentaci\u00f3n del equipo AB2Pro - AB2PRO\" \/>\n<meta property=\"og:url\" content=\"https:\/\/www.ab2pro.com\/es\/documentacion-del-equipo-ab2pro\/\" \/>\n<meta property=\"og:site_name\" content=\"AB2PRO\" \/>\n<meta property=\"article:modified_time\" content=\"2025-01-28T14:03:07+00:00\" \/>\n<meta property=\"og:image\" content=\"https:\/\/www.ab2pro.com\/wp-content\/uploads\/2020\/11\/fond-home.jpg\" \/>\n\t<meta property=\"og:image:width\" content=\"1920\" \/>\n\t<meta property=\"og:image:height\" content=\"600\" \/>\n\t<meta property=\"og:image:type\" content=\"image\/jpeg\" \/>\n<meta name=\"twitter:card\" content=\"summary_large_image\" \/>\n<meta name=\"twitter:label1\" content=\"Tiempo de lectura\" \/>\n\t<meta name=\"twitter:data1\" content=\"1 minuto\" \/>\n<script type=\"application\/ld+json\" class=\"yoast-schema-graph\">{\"@context\":\"https:\/\/schema.org\",\"@graph\":[{\"@type\":\"WebPage\",\"@id\":\"https:\/\/www.ab2pro.com\/es\/documentacion-del-equipo-ab2pro\/\",\"url\":\"https:\/\/www.ab2pro.com\/es\/documentacion-del-equipo-ab2pro\/\",\"name\":\"Documentaci\u00f3n del equipo AB2Pro - AB2PRO\",\"isPartOf\":{\"@id\":\"https:\/\/www.ab2pro.com\/es\/#website\"},\"datePublished\":\"2021-05-17T09:54:22+00:00\",\"dateModified\":\"2025-01-28T14:03:07+00:00\",\"description\":\"Documentaci\u00f3n del equipo AB2Pro - AB2PRO\",\"breadcrumb\":{\"@id\":\"https:\/\/www.ab2pro.com\/es\/documentacion-del-equipo-ab2pro\/#breadcrumb\"},\"inLanguage\":\"es\",\"potentialAction\":[{\"@type\":\"ReadAction\",\"target\":[\"https:\/\/www.ab2pro.com\/es\/documentacion-del-equipo-ab2pro\/\"]}]},{\"@type\":\"BreadcrumbList\",\"@id\":\"https:\/\/www.ab2pro.com\/es\/documentacion-del-equipo-ab2pro\/#breadcrumb\",\"itemListElement\":[{\"@type\":\"ListItem\",\"position\":1,\"name\":\"Accueil\",\"item\":\"https:\/\/www.ab2pro.com\/es\/\"},{\"@type\":\"ListItem\",\"position\":2,\"name\":\"Documentaci\u00f3n del equipo AB2Pro\"}]},{\"@type\":\"WebSite\",\"@id\":\"https:\/\/www.ab2pro.com\/es\/#website\",\"url\":\"https:\/\/www.ab2pro.com\/es\/\",\"name\":\"AB2PRO\",\"description\":\"Agence d&#039;emploi sp\u00e9cialis\u00e9e dans le recrutement de travailleurs europ\u00e9ens\",\"publisher\":{\"@id\":\"https:\/\/www.ab2pro.com\/es\/#organization\"},\"potentialAction\":[{\"@type\":\"SearchAction\",\"target\":{\"@type\":\"EntryPoint\",\"urlTemplate\":\"https:\/\/www.ab2pro.com\/es\/?s={search_term_string}\"},\"query-input\":{\"@type\":\"PropertyValueSpecification\",\"valueRequired\":true,\"valueName\":\"search_term_string\"}}],\"inLanguage\":\"es\"},{\"@type\":\"Organization\",\"@id\":\"https:\/\/www.ab2pro.com\/es\/#organization\",\"name\":\"AB2PRO\",\"url\":\"https:\/\/www.ab2pro.com\/es\/\",\"logo\":{\"@type\":\"ImageObject\",\"inLanguage\":\"es\",\"@id\":\"https:\/\/www.ab2pro.com\/es\/#\/schema\/logo\/image\/\",\"url\":\"https:\/\/www.ab2pro.com\/wp-content\/uploads\/2020\/11\/logo-profil.png\",\"contentUrl\":\"https:\/\/www.ab2pro.com\/wp-content\/uploads\/2020\/11\/logo-profil.png\",\"width\":230,\"height\":47,\"caption\":\"AB2PRO\"},\"image\":{\"@id\":\"https:\/\/www.ab2pro.com\/es\/#\/schema\/logo\/image\/\"}}]}<\/script>\n<!-- \/ Yoast SEO plugin. -->","yoast_head_json":{"title":"Documentaci\u00f3n del equipo AB2Pro - AB2PRO","description":"Documentaci\u00f3n del equipo AB2Pro - AB2PRO","robots":{"index":"index","follow":"follow","max-snippet":"max-snippet:-1","max-image-preview":"max-image-preview:large","max-video-preview":"max-video-preview:-1"},"canonical":"https:\/\/www.ab2pro.com\/es\/documentacion-del-equipo-ab2pro\/","og_locale":"es_ES","og_type":"article","og_title":"Documentaci\u00f3n del equipo AB2Pro - AB2PRO","og_description":"Documentaci\u00f3n del equipo AB2Pro - AB2PRO","og_url":"https:\/\/www.ab2pro.com\/es\/documentacion-del-equipo-ab2pro\/","og_site_name":"AB2PRO","article_modified_time":"2025-01-28T14:03:07+00:00","og_image":[{"width":1920,"height":600,"url":"https:\/\/www.ab2pro.com\/wp-content\/uploads\/2020\/11\/fond-home.jpg","type":"image\/jpeg"}],"twitter_card":"summary_large_image","twitter_misc":{"Tiempo de lectura":"1 minuto"},"schema":{"@context":"https:\/\/schema.org","@graph":[{"@type":"WebPage","@id":"https:\/\/www.ab2pro.com\/es\/documentacion-del-equipo-ab2pro\/","url":"https:\/\/www.ab2pro.com\/es\/documentacion-del-equipo-ab2pro\/","name":"Documentaci\u00f3n del equipo AB2Pro - AB2PRO","isPartOf":{"@id":"https:\/\/www.ab2pro.com\/es\/#website"},"datePublished":"2021-05-17T09:54:22+00:00","dateModified":"2025-01-28T14:03:07+00:00","description":"Documentaci\u00f3n del equipo AB2Pro - AB2PRO","breadcrumb":{"@id":"https:\/\/www.ab2pro.com\/es\/documentacion-del-equipo-ab2pro\/#breadcrumb"},"inLanguage":"es","potentialAction":[{"@type":"ReadAction","target":["https:\/\/www.ab2pro.com\/es\/documentacion-del-equipo-ab2pro\/"]}]},{"@type":"BreadcrumbList","@id":"https:\/\/www.ab2pro.com\/es\/documentacion-del-equipo-ab2pro\/#breadcrumb","itemListElement":[{"@type":"ListItem","position":1,"name":"Accueil","item":"https:\/\/www.ab2pro.com\/es\/"},{"@type":"ListItem","position":2,"name":"Documentaci\u00f3n del equipo AB2Pro"}]},{"@type":"WebSite","@id":"https:\/\/www.ab2pro.com\/es\/#website","url":"https:\/\/www.ab2pro.com\/es\/","name":"AB2PRO","description":"Agence d&#039;emploi sp\u00e9cialis\u00e9e dans le recrutement de travailleurs europ\u00e9ens","publisher":{"@id":"https:\/\/www.ab2pro.com\/es\/#organization"},"potentialAction":[{"@type":"SearchAction","target":{"@type":"EntryPoint","urlTemplate":"https:\/\/www.ab2pro.com\/es\/?s={search_term_string}"},"query-input":{"@type":"PropertyValueSpecification","valueRequired":true,"valueName":"search_term_string"}}],"inLanguage":"es"},{"@type":"Organization","@id":"https:\/\/www.ab2pro.com\/es\/#organization","name":"AB2PRO","url":"https:\/\/www.ab2pro.com\/es\/","logo":{"@type":"ImageObject","inLanguage":"es","@id":"https:\/\/www.ab2pro.com\/es\/#\/schema\/logo\/image\/","url":"https:\/\/www.ab2pro.com\/wp-content\/uploads\/2020\/11\/logo-profil.png","contentUrl":"https:\/\/www.ab2pro.com\/wp-content\/uploads\/2020\/11\/logo-profil.png","width":230,"height":47,"caption":"AB2PRO"},"image":{"@id":"https:\/\/www.ab2pro.com\/es\/#\/schema\/logo\/image\/"}}]}},"_links":{"self":[{"href":"https:\/\/www.ab2pro.com\/es\/wp-json\/wp\/v2\/pages\/15126","targetHints":{"allow":["GET"]}}],"collection":[{"href":"https:\/\/www.ab2pro.com\/es\/wp-json\/wp\/v2\/pages"}],"about":[{"href":"https:\/\/www.ab2pro.com\/es\/wp-json\/wp\/v2\/types\/page"}],"author":[{"embeddable":true,"href":"https:\/\/www.ab2pro.com\/es\/wp-json\/wp\/v2\/users\/1"}],"replies":[{"embeddable":true,"href":"https:\/\/www.ab2pro.com\/es\/wp-json\/wp\/v2\/comments?post=15126"}],"version-history":[{"count":0,"href":"https:\/\/www.ab2pro.com\/es\/wp-json\/wp\/v2\/pages\/15126\/revisions"}],"wp:attachment":[{"href":"https:\/\/www.ab2pro.com\/es\/wp-json\/wp\/v2\/media?parent=15126"}],"curies":[{"name":"wp","href":"https:\/\/api.w.org\/{rel}","templated":true}]}}