
{"id":46847,"date":"2023-09-15T17:32:04","date_gmt":"2023-09-15T15:32:04","guid":{"rendered":"https:\/\/www.ab2pro.com\/?page_id=46847"},"modified":"2024-03-21T16:01:11","modified_gmt":"2024-03-21T15:01:11","slug":"normas-del-concurso-de-patrocinio-de-septiembre-de-2023","status":"publish","type":"page","link":"https:\/\/www.ab2pro.com\/es\/normas-del-concurso-de-patrocinio-de-septiembre-de-2023\/","title":{"rendered":"reglamento del concurso de patrocinio 2024"},"content":{"rendered":"<p>[vc_row el_class=\u00bbdocs\u00bb][vc_column][vc_column_text]<\/p>\n<h2>reglamento del concurso de patrocinio 2024<\/h2>\n<p>[\/vc_column_text][vc_column_text]<\/p>\n<h3><strong>art\u00edculo 1 : Participantes<\/strong><\/h3>\n<p>PALMA FRANCE, sociedad con capital de 1.000.000,00 euros, denominada en lo sucesivo \u00abla sociedad organizadora\u00bb, con domicilio social en 4 rue des douelles &#8211; BOUAYE, registrada con el n\u00famero 508 436 110 R.C.S. Nantes, organiza un juego gratuito sin obligaci\u00f3n de compra del 28\/08\/2023 al 12\/02\/2024 a las 23:59 horas.<\/p>\n<p>Este concurso gratuito y sin obligaci\u00f3n de compra est\u00e1 abierto exclusivamente a los trabajadores temporales en misi\u00f3n durante el periodo del concurso. Quedan excluidas del juego las personas que no re\u00fanan las condiciones anteriores, as\u00ed como los miembros de la direcci\u00f3n general, de la oficina central, del departamento de recursos humanos, el personal de las agencias y cualquier persona que participe directa o indirectamente en el dise\u00f1o, la producci\u00f3n o la gesti\u00f3n del juego, as\u00ed como sus c\u00f3nyuges y familiares: ascendientes y descendientes directos u otros parientes, vivan o no bajo su techo. \u00abLa empresa organizadora se reserva el derecho de solicitar a cualquier participante que acredite las condiciones anteriores. Toda persona que no cumpla estas condiciones o se niegue a justificarlas ser\u00e1 excluida del juego y, en caso de resultar ganadora, no tendr\u00e1 derecho a su premio. S\u00f3lo se permite una participaci\u00f3n por persona. \u00abLa empresa organizadora se reserva el derecho de realizar cualquier control para garantizar el cumplimiento de esta norma.<br \/>\nLa participaci\u00f3n en el juego implica la plena aceptaci\u00f3n de estas normas.[\/vc_column_text][vc_column_text]<\/p>\n<h3>Art\u00edculo 2: Condiciones de participaci\u00f3n<\/h3>\n<p>El concurso estar\u00e1 abierto hasta el 31 de diciembre de 2024 y tendr\u00e1 en cuenta a todos los trabajadores temporales patrocinados a partir del 28 de agosto de 2023 que hayan completado una misi\u00f3n de al menos 100 horas desde esa fecha. A partir del 1 de enero de 2025, no se tendr\u00e1n en cuenta m\u00e1s patrocinios para esta competici\u00f3n.<\/p>\n<p>El concurso premia a todos los participantes que apadrinen al menos a un trabajador temporal que haya completado 100 horas de trabajo con una chaqueta Parka 4 en 1.<\/p>\n<p>Los premios se adjudican de acuerdo con las siguientes normas:<\/p>\n<ul>\n<li>Haber facilitado correctamente los datos de tel\u00e9fono y correo electr\u00f3nico en el formulario previsto a tal efecto en el sitio web de \u00abLa empresa organizadora\u00bb.<\/li>\n<li>La persona apadrinada ha completado al menos una misi\u00f3n de al menos 100 horas despu\u00e9s de la fecha de apadrinamiento como trabajador temporal en \u00abLa empresa organizadora\u00bb.<\/li>\n<\/ul>\n<p>Toda participaci\u00f3n realizada en contra de lo dispuesto en el presente<br \/>\nreglamento invalidar\u00e1 la inscripci\u00f3n. Cualquier participante sospechoso de fraude<br \/>\npuede ser excluido del concurso por \u00abLa empresa organizadora\u00bb sin que \u00e9sta tenga que justificarse. Se considerar\u00e1 nula toda identificaci\u00f3n o participaci\u00f3n incompleta, err\u00f3nea o ilegible, intencionadamente o no, o realizada de forma distinta a la prevista en el presente reglamento. Se aplicar\u00e1 la misma penalizaci\u00f3n en caso de participaci\u00f3n m\u00faltiple.[\/vc_column_text][vc_column_text]<\/p>\n<h3>Art\u00edculo 3: premios<\/h3>\n<p>Los premios en juego son<\/p>\n<ul>\n<li>una chaqueta Parka 4 en 1 para todos los participantes que apadrinen al menos a 1 trabajador temporal que haya completado 100 horas de trabajo<\/li>\n<\/ul>\n<p>El valor de los premios se determina en el momento de redactar el presente reglamento y no puede impugnarse. Todos los gastos ocasionados despu\u00e9s del juego, en particular los de mantenimiento y utilizaci\u00f3n de los premios, correr\u00e1n \u00edntegramente a cargo de los ganadores.[\/vc_column_text][vc_column_text]<\/p>\n<h3><strong>Art\u00edculo 4: Designaci\u00f3n de los ganadores<\/strong><\/h3>\n<p>El concurso finalizar\u00e1 el 31 de diciembre de 2024. No se tendr\u00e1 en cuenta ning\u00fan patrocinio que llegue despu\u00e9s de esta fecha.[\/vc_column_text][vc_column_text]<\/p>\n<h3>Art\u00edculo 5: Anuncio del ganador<\/h3>\n<p>El responsable de contrataci\u00f3n se pondr\u00e1 en contacto con los ganadores a medida que se vayan concediendo los premios.[\/vc_column_text][vc_column_text]<\/p>\n<h3>Art\u00edculo 6: Entrega del premio<\/h3>\n<p>Los premios pueden recogerse de los responsables de contrataci\u00f3n o directamente de la empresa a la que pertenece el trabajador temporal.<br \/>\nSi el lote no se entrega antes del 1 de enero de 2025, dejar\u00e1 de ser subvencionable.<br \/>\nLos ganadores se comprometen a aceptar los premios tal y como se ofrecen, sin posibilidad de canje, en particular por dinero en efectivo u otros bienes o servicios<br \/>\nde ning\u00fan tipo, ni transferir el beneficio a un tercero.<br \/>\nAsimismo, no podr\u00e1 reclamarse indemnizaci\u00f3n alguna por estos premios.<br \/>\nLa \u00absociedad organizadora\u00bb se reserva el derecho, en caso de acontecimiento ajeno a su voluntad, en particular vinculado a sus proveedores o a circunstancias imprevisibles, de sustituir el premio anunciado por un premio de valor equivalente. Se informar\u00e1 a los ganadores de cualquier cambio.[\/vc_column_text][vc_column_text]<\/p>\n<h3>Art\u00edculo 7: Utilizaci\u00f3n de los datos personales de los participantes<\/h3>\n<p>Informaci\u00f3n sobre los participantes y datos de contacto facilitados por los candidatos<br \/>\nson registrados y utilizados por \u00abLa soci\u00e9t\u00e9 organisatrice\u00bb para dejar constancia de su participaci\u00f3n en el concurso, permitir la concesi\u00f3n de premios y ponerse en contacto con posibles candidatos a un empleo temporal en \u00abLa soci\u00e9t\u00e9 organisatrice\u00bb.<br \/>\nLos participantes en el concurso deben asegurarse de que han sido autorizados a transmitir los datos de contacto de los candidatos potenciales a \u00abLa empresa organizadora\u00bb.<br \/>\nLa informaci\u00f3n facilitada por los participantes y los datos de contacto de los posibles candidatos no podr\u00e1n utilizarse con fines comerciales o de prospecci\u00f3n publicitaria.<br \/>\no relaciones p\u00fablicas. De conformidad con la Ley francesa de protecci\u00f3n de datos (Loi informatique et Libert\u00e9s) en su \u00faltima versi\u00f3n, y con el Reglamento n\u00ba 2016\/679 del Parlamento Europeo y del Consejo, de 27 de abril de 2016, relativo a la protecci\u00f3n de las personas f\u00edsicas en lo que respecta al tratamiento de datos personales y a la libre circulaci\u00f3n de estos datos (RGPD), los participantes podr\u00e1n ejercer su derecho de acceso, rectificaci\u00f3n, supresi\u00f3n de datos, limitaci\u00f3n del tratamiento, derecho a la portabilidad de los datos, derecho de oposici\u00f3n y derecho a retirar su consentimiento dirigi\u00e9ndose por escrito a \u00abLa empresa organizadora\u00bb en la direcci\u00f3n indicada en el art\u00edculo 1.[\/vc_column_text][\/vc_column][\/vc_row]<\/p>\n","protected":false},"excerpt":{"rendered":"<p>[vc_row el_class=\u00bbdocs\u00bb][vc_column][vc_column_text] reglamento del concurso de patrocinio 2024 [\/vc_column_text][vc_column_text] art\u00edculo 1 : Participantes PALMA FRANCE, sociedad con capital de 1.000.000,00 [&hellip;]<\/p>\n","protected":false},"author":9,"featured_media":0,"parent":0,"menu_order":0,"comment_status":"closed","ping_status":"closed","template":"","meta":{"_acf_changed":false,"footnotes":""},"class_list":["post-46847","page","type-page","status-publish","hentry"],"acf":[],"yoast_head":"<!-- This site is optimized with the Yoast SEO plugin v26.8 - https:\/\/yoast.com\/product\/yoast-seo-wordpress\/ -->\n<title>reglamento del concurso de patrocinio 2024 - AB2PRO<\/title>\n<meta name=\"description\" content=\"reglamento del concurso de patrocinio 2024 - AB2PRO\" \/>\n<meta name=\"robots\" content=\"index, follow, max-snippet:-1, max-image-preview:large, max-video-preview:-1\" \/>\n<link rel=\"canonical\" href=\"https:\/\/www.ab2pro.com\/es\/normas-del-concurso-de-patrocinio-de-septiembre-de-2023\/\" \/>\n<meta property=\"og:locale\" content=\"es_ES\" \/>\n<meta property=\"og:type\" content=\"article\" \/>\n<meta property=\"og:title\" content=\"reglamento del concurso de patrocinio 2024 - AB2PRO\" \/>\n<meta property=\"og:description\" content=\"reglamento del concurso de patrocinio 2024 - AB2PRO\" \/>\n<meta property=\"og:url\" content=\"https:\/\/www.ab2pro.com\/es\/normas-del-concurso-de-patrocinio-de-septiembre-de-2023\/\" \/>\n<meta property=\"og:site_name\" content=\"AB2PRO\" \/>\n<meta property=\"article:modified_time\" content=\"2024-03-21T15:01:11+00:00\" \/>\n<meta property=\"og:image\" content=\"https:\/\/www.ab2pro.com\/wp-content\/uploads\/2020\/11\/fond-home.jpg\" \/>\n\t<meta property=\"og:image:width\" content=\"1920\" \/>\n\t<meta property=\"og:image:height\" content=\"600\" \/>\n\t<meta property=\"og:image:type\" content=\"image\/jpeg\" \/>\n<meta name=\"twitter:card\" content=\"summary_large_image\" \/>\n<meta name=\"twitter:label1\" content=\"Tiempo de lectura\" \/>\n\t<meta name=\"twitter:data1\" content=\"6 minutos\" \/>\n<script type=\"application\/ld+json\" class=\"yoast-schema-graph\">{\"@context\":\"https:\/\/schema.org\",\"@graph\":[{\"@type\":\"WebPage\",\"@id\":\"https:\/\/www.ab2pro.com\/es\/normas-del-concurso-de-patrocinio-de-septiembre-de-2023\/\",\"url\":\"https:\/\/www.ab2pro.com\/es\/normas-del-concurso-de-patrocinio-de-septiembre-de-2023\/\",\"name\":\"reglamento del concurso de patrocinio 2024 - AB2PRO\",\"isPartOf\":{\"@id\":\"https:\/\/www.ab2pro.com\/es\/#website\"},\"datePublished\":\"2023-09-15T15:32:04+00:00\",\"dateModified\":\"2024-03-21T15:01:11+00:00\",\"description\":\"reglamento del concurso de patrocinio 2024 - AB2PRO\",\"breadcrumb\":{\"@id\":\"https:\/\/www.ab2pro.com\/es\/normas-del-concurso-de-patrocinio-de-septiembre-de-2023\/#breadcrumb\"},\"inLanguage\":\"es\",\"potentialAction\":[{\"@type\":\"ReadAction\",\"target\":[\"https:\/\/www.ab2pro.com\/es\/normas-del-concurso-de-patrocinio-de-septiembre-de-2023\/\"]}]},{\"@type\":\"BreadcrumbList\",\"@id\":\"https:\/\/www.ab2pro.com\/es\/normas-del-concurso-de-patrocinio-de-septiembre-de-2023\/#breadcrumb\",\"itemListElement\":[{\"@type\":\"ListItem\",\"position\":1,\"name\":\"Accueil\",\"item\":\"https:\/\/www.ab2pro.com\/es\/\"},{\"@type\":\"ListItem\",\"position\":2,\"name\":\"reglamento del concurso de patrocinio 2024\"}]},{\"@type\":\"WebSite\",\"@id\":\"https:\/\/www.ab2pro.com\/es\/#website\",\"url\":\"https:\/\/www.ab2pro.com\/es\/\",\"name\":\"AB2PRO\",\"description\":\"Agence d&#039;emploi sp\u00e9cialis\u00e9e dans le recrutement de travailleurs europ\u00e9ens\",\"publisher\":{\"@id\":\"https:\/\/www.ab2pro.com\/es\/#organization\"},\"potentialAction\":[{\"@type\":\"SearchAction\",\"target\":{\"@type\":\"EntryPoint\",\"urlTemplate\":\"https:\/\/www.ab2pro.com\/es\/?s={search_term_string}\"},\"query-input\":{\"@type\":\"PropertyValueSpecification\",\"valueRequired\":true,\"valueName\":\"search_term_string\"}}],\"inLanguage\":\"es\"},{\"@type\":\"Organization\",\"@id\":\"https:\/\/www.ab2pro.com\/es\/#organization\",\"name\":\"AB2PRO\",\"url\":\"https:\/\/www.ab2pro.com\/es\/\",\"logo\":{\"@type\":\"ImageObject\",\"inLanguage\":\"es\",\"@id\":\"https:\/\/www.ab2pro.com\/es\/#\/schema\/logo\/image\/\",\"url\":\"https:\/\/www.ab2pro.com\/wp-content\/uploads\/2020\/11\/logo-profil.png\",\"contentUrl\":\"https:\/\/www.ab2pro.com\/wp-content\/uploads\/2020\/11\/logo-profil.png\",\"width\":230,\"height\":47,\"caption\":\"AB2PRO\"},\"image\":{\"@id\":\"https:\/\/www.ab2pro.com\/es\/#\/schema\/logo\/image\/\"}}]}<\/script>\n<!-- \/ Yoast SEO plugin. -->","yoast_head_json":{"title":"reglamento del concurso de patrocinio 2024 - AB2PRO","description":"reglamento del concurso de patrocinio 2024 - AB2PRO","robots":{"index":"index","follow":"follow","max-snippet":"max-snippet:-1","max-image-preview":"max-image-preview:large","max-video-preview":"max-video-preview:-1"},"canonical":"https:\/\/www.ab2pro.com\/es\/normas-del-concurso-de-patrocinio-de-septiembre-de-2023\/","og_locale":"es_ES","og_type":"article","og_title":"reglamento del concurso de patrocinio 2024 - AB2PRO","og_description":"reglamento del concurso de patrocinio 2024 - AB2PRO","og_url":"https:\/\/www.ab2pro.com\/es\/normas-del-concurso-de-patrocinio-de-septiembre-de-2023\/","og_site_name":"AB2PRO","article_modified_time":"2024-03-21T15:01:11+00:00","og_image":[{"width":1920,"height":600,"url":"https:\/\/www.ab2pro.com\/wp-content\/uploads\/2020\/11\/fond-home.jpg","type":"image\/jpeg"}],"twitter_card":"summary_large_image","twitter_misc":{"Tiempo de lectura":"6 minutos"},"schema":{"@context":"https:\/\/schema.org","@graph":[{"@type":"WebPage","@id":"https:\/\/www.ab2pro.com\/es\/normas-del-concurso-de-patrocinio-de-septiembre-de-2023\/","url":"https:\/\/www.ab2pro.com\/es\/normas-del-concurso-de-patrocinio-de-septiembre-de-2023\/","name":"reglamento del concurso de patrocinio 2024 - AB2PRO","isPartOf":{"@id":"https:\/\/www.ab2pro.com\/es\/#website"},"datePublished":"2023-09-15T15:32:04+00:00","dateModified":"2024-03-21T15:01:11+00:00","description":"reglamento del concurso de patrocinio 2024 - AB2PRO","breadcrumb":{"@id":"https:\/\/www.ab2pro.com\/es\/normas-del-concurso-de-patrocinio-de-septiembre-de-2023\/#breadcrumb"},"inLanguage":"es","potentialAction":[{"@type":"ReadAction","target":["https:\/\/www.ab2pro.com\/es\/normas-del-concurso-de-patrocinio-de-septiembre-de-2023\/"]}]},{"@type":"BreadcrumbList","@id":"https:\/\/www.ab2pro.com\/es\/normas-del-concurso-de-patrocinio-de-septiembre-de-2023\/#breadcrumb","itemListElement":[{"@type":"ListItem","position":1,"name":"Accueil","item":"https:\/\/www.ab2pro.com\/es\/"},{"@type":"ListItem","position":2,"name":"reglamento del concurso de patrocinio 2024"}]},{"@type":"WebSite","@id":"https:\/\/www.ab2pro.com\/es\/#website","url":"https:\/\/www.ab2pro.com\/es\/","name":"AB2PRO","description":"Agence d&#039;emploi sp\u00e9cialis\u00e9e dans le recrutement de travailleurs europ\u00e9ens","publisher":{"@id":"https:\/\/www.ab2pro.com\/es\/#organization"},"potentialAction":[{"@type":"SearchAction","target":{"@type":"EntryPoint","urlTemplate":"https:\/\/www.ab2pro.com\/es\/?s={search_term_string}"},"query-input":{"@type":"PropertyValueSpecification","valueRequired":true,"valueName":"search_term_string"}}],"inLanguage":"es"},{"@type":"Organization","@id":"https:\/\/www.ab2pro.com\/es\/#organization","name":"AB2PRO","url":"https:\/\/www.ab2pro.com\/es\/","logo":{"@type":"ImageObject","inLanguage":"es","@id":"https:\/\/www.ab2pro.com\/es\/#\/schema\/logo\/image\/","url":"https:\/\/www.ab2pro.com\/wp-content\/uploads\/2020\/11\/logo-profil.png","contentUrl":"https:\/\/www.ab2pro.com\/wp-content\/uploads\/2020\/11\/logo-profil.png","width":230,"height":47,"caption":"AB2PRO"},"image":{"@id":"https:\/\/www.ab2pro.com\/es\/#\/schema\/logo\/image\/"}}]}},"_links":{"self":[{"href":"https:\/\/www.ab2pro.com\/es\/wp-json\/wp\/v2\/pages\/46847","targetHints":{"allow":["GET"]}}],"collection":[{"href":"https:\/\/www.ab2pro.com\/es\/wp-json\/wp\/v2\/pages"}],"about":[{"href":"https:\/\/www.ab2pro.com\/es\/wp-json\/wp\/v2\/types\/page"}],"author":[{"embeddable":true,"href":"https:\/\/www.ab2pro.com\/es\/wp-json\/wp\/v2\/users\/9"}],"replies":[{"embeddable":true,"href":"https:\/\/www.ab2pro.com\/es\/wp-json\/wp\/v2\/comments?post=46847"}],"version-history":[{"count":0,"href":"https:\/\/www.ab2pro.com\/es\/wp-json\/wp\/v2\/pages\/46847\/revisions"}],"wp:attachment":[{"href":"https:\/\/www.ab2pro.com\/es\/wp-json\/wp\/v2\/media?parent=46847"}],"curies":[{"name":"wp","href":"https:\/\/api.w.org\/{rel}","templated":true}]}}