
{"id":6173,"date":"2021-02-11T17:10:38","date_gmt":"2021-02-11T16:10:38","guid":{"rendered":"https:\/\/www.ab2pro.com\/signup\/"},"modified":"2024-07-17T11:45:59","modified_gmt":"2024-07-17T09:45:59","slug":"signup","status":"publish","type":"page","link":"https:\/\/www.ab2pro.com\/es\/signup\/","title":{"rendered":"Inscribirse"},"content":{"rendered":"<p>[vc_row el_id=\u00bbbandeau-page\u00bb el_class=\u00bbbandeau-page-special\u00bb css=\u00bb.vc_custom_1610373198523{background-image: url(https:\/\/www.ab2pro.com\/wp-content\/uploads\/2021\/01\/bandeau-devis.jpg?id=5006) !important;}\u00bb][vc_column][vc_column_text]<\/p>\n<h1>S&#8217;inscrire<\/h1>\n<p>Pour postuler aux offres d&#8217;emplois ou recevoir des alertes, merci de remplir le formulaire d&#8217;inscription suivant.[\/vc_column_text][\/vc_column][\/vc_row][vc_row el_class=\u00bbwrap-rangee-decale form-emploi\u00bb][vc_column][vc_row_inner equal_height=\u00bbyes\u00bb el_class=\u00bbrangee-decale big-form\u00bb][vc_column_inner css=\u00bb.vc_custom_1608020237409{background-color: #ffffff !important;}\u00bb][vc_column_text el_class=\u00bbintro-signup\u00bb]<\/p>\n<div class=\"signup-area\">Vous avez d\u00e9j\u00e0 un compte? <a class=\"signup-area\" href=\"https:\/\/www.ab2pro.com\/es\/signin\/\">Connectez-vous<\/a><\/div>\n<p>[\/vc_column_text][\/vc_column_inner][\/vc_row_inner][\/vc_column][\/vc_row]<\/p>\n","protected":false},"excerpt":{"rendered":"<p>[vc_row el_id=\u00bbbandeau-page\u00bb el_class=\u00bbbandeau-page-special\u00bb css=\u00bb.vc_custom_1610373198523{background-image: url(https:\/\/www.ab2pro.com\/wp-content\/uploads\/2021\/01\/bandeau-devis.jpg?id=5006) !important;}\u00bb][vc_column][vc_column_text] S&#8217;inscrire Pour postuler aux offres d&#8217;emplois ou recevoir des alertes, merci de remplir le [&hellip;]<\/p>\n","protected":false},"author":1,"featured_media":0,"parent":0,"menu_order":0,"comment_status":"closed","ping_status":"closed","template":"","meta":{"_acf_changed":false,"footnotes":""},"class_list":["post-6173","page","type-page","status-publish","hentry"],"acf":[],"yoast_head":"<!-- This site is optimized with the Yoast SEO plugin v26.8 - https:\/\/yoast.com\/product\/yoast-seo-wordpress\/ -->\n<title>Inscribirse - AB2PRO<\/title>\n<meta name=\"description\" content=\"Inscribirse - AB2PRO\" \/>\n<meta name=\"robots\" content=\"index, follow, max-snippet:-1, max-image-preview:large, max-video-preview:-1\" \/>\n<link rel=\"canonical\" href=\"https:\/\/www.ab2pro.com\/es\/signup\/\" \/>\n<meta property=\"og:locale\" content=\"es_ES\" \/>\n<meta property=\"og:type\" content=\"article\" \/>\n<meta property=\"og:title\" content=\"Inscribirse - AB2PRO\" \/>\n<meta property=\"og:description\" content=\"Inscribirse - AB2PRO\" \/>\n<meta property=\"og:url\" content=\"https:\/\/www.ab2pro.com\/es\/signup\/\" \/>\n<meta property=\"og:site_name\" content=\"AB2PRO\" \/>\n<meta property=\"article:modified_time\" content=\"2024-07-17T09:45:59+00:00\" \/>\n<meta property=\"og:image\" content=\"https:\/\/www.ab2pro.com\/wp-content\/uploads\/2020\/11\/fond-home.jpg\" \/>\n\t<meta property=\"og:image:width\" content=\"1920\" \/>\n\t<meta property=\"og:image:height\" content=\"600\" \/>\n\t<meta property=\"og:image:type\" content=\"image\/jpeg\" \/>\n<meta name=\"twitter:card\" content=\"summary_large_image\" \/>\n<meta name=\"twitter:label1\" content=\"Tiempo de lectura\" \/>\n\t<meta name=\"twitter:data1\" content=\"1 minuto\" \/>\n<script type=\"application\/ld+json\" class=\"yoast-schema-graph\">{\"@context\":\"https:\/\/schema.org\",\"@graph\":[{\"@type\":\"WebPage\",\"@id\":\"https:\/\/www.ab2pro.com\/es\/signup\/\",\"url\":\"https:\/\/www.ab2pro.com\/es\/signup\/\",\"name\":\"Inscribirse - AB2PRO\",\"isPartOf\":{\"@id\":\"https:\/\/www.ab2pro.com\/es\/#website\"},\"datePublished\":\"2021-02-11T16:10:38+00:00\",\"dateModified\":\"2024-07-17T09:45:59+00:00\",\"description\":\"Inscribirse - AB2PRO\",\"breadcrumb\":{\"@id\":\"https:\/\/www.ab2pro.com\/es\/signup\/#breadcrumb\"},\"inLanguage\":\"es\",\"potentialAction\":[{\"@type\":\"ReadAction\",\"target\":[\"https:\/\/www.ab2pro.com\/es\/signup\/\"]}]},{\"@type\":\"BreadcrumbList\",\"@id\":\"https:\/\/www.ab2pro.com\/es\/signup\/#breadcrumb\",\"itemListElement\":[{\"@type\":\"ListItem\",\"position\":1,\"name\":\"Accueil\",\"item\":\"https:\/\/www.ab2pro.com\/es\/\"},{\"@type\":\"ListItem\",\"position\":2,\"name\":\"Inscribirse\"}]},{\"@type\":\"WebSite\",\"@id\":\"https:\/\/www.ab2pro.com\/es\/#website\",\"url\":\"https:\/\/www.ab2pro.com\/es\/\",\"name\":\"AB2PRO\",\"description\":\"Agence d&#039;emploi sp\u00e9cialis\u00e9e dans le recrutement de travailleurs europ\u00e9ens\",\"publisher\":{\"@id\":\"https:\/\/www.ab2pro.com\/es\/#organization\"},\"potentialAction\":[{\"@type\":\"SearchAction\",\"target\":{\"@type\":\"EntryPoint\",\"urlTemplate\":\"https:\/\/www.ab2pro.com\/es\/?s={search_term_string}\"},\"query-input\":{\"@type\":\"PropertyValueSpecification\",\"valueRequired\":true,\"valueName\":\"search_term_string\"}}],\"inLanguage\":\"es\"},{\"@type\":\"Organization\",\"@id\":\"https:\/\/www.ab2pro.com\/es\/#organization\",\"name\":\"AB2PRO\",\"url\":\"https:\/\/www.ab2pro.com\/es\/\",\"logo\":{\"@type\":\"ImageObject\",\"inLanguage\":\"es\",\"@id\":\"https:\/\/www.ab2pro.com\/es\/#\/schema\/logo\/image\/\",\"url\":\"https:\/\/www.ab2pro.com\/wp-content\/uploads\/2020\/11\/logo-profil.png\",\"contentUrl\":\"https:\/\/www.ab2pro.com\/wp-content\/uploads\/2020\/11\/logo-profil.png\",\"width\":230,\"height\":47,\"caption\":\"AB2PRO\"},\"image\":{\"@id\":\"https:\/\/www.ab2pro.com\/es\/#\/schema\/logo\/image\/\"}}]}<\/script>\n<!-- \/ Yoast SEO plugin. -->","yoast_head_json":{"title":"Inscribirse - AB2PRO","description":"Inscribirse - AB2PRO","robots":{"index":"index","follow":"follow","max-snippet":"max-snippet:-1","max-image-preview":"max-image-preview:large","max-video-preview":"max-video-preview:-1"},"canonical":"https:\/\/www.ab2pro.com\/es\/signup\/","og_locale":"es_ES","og_type":"article","og_title":"Inscribirse - AB2PRO","og_description":"Inscribirse - AB2PRO","og_url":"https:\/\/www.ab2pro.com\/es\/signup\/","og_site_name":"AB2PRO","article_modified_time":"2024-07-17T09:45:59+00:00","og_image":[{"width":1920,"height":600,"url":"https:\/\/www.ab2pro.com\/wp-content\/uploads\/2020\/11\/fond-home.jpg","type":"image\/jpeg"}],"twitter_card":"summary_large_image","twitter_misc":{"Tiempo de lectura":"1 minuto"},"schema":{"@context":"https:\/\/schema.org","@graph":[{"@type":"WebPage","@id":"https:\/\/www.ab2pro.com\/es\/signup\/","url":"https:\/\/www.ab2pro.com\/es\/signup\/","name":"Inscribirse - AB2PRO","isPartOf":{"@id":"https:\/\/www.ab2pro.com\/es\/#website"},"datePublished":"2021-02-11T16:10:38+00:00","dateModified":"2024-07-17T09:45:59+00:00","description":"Inscribirse - AB2PRO","breadcrumb":{"@id":"https:\/\/www.ab2pro.com\/es\/signup\/#breadcrumb"},"inLanguage":"es","potentialAction":[{"@type":"ReadAction","target":["https:\/\/www.ab2pro.com\/es\/signup\/"]}]},{"@type":"BreadcrumbList","@id":"https:\/\/www.ab2pro.com\/es\/signup\/#breadcrumb","itemListElement":[{"@type":"ListItem","position":1,"name":"Accueil","item":"https:\/\/www.ab2pro.com\/es\/"},{"@type":"ListItem","position":2,"name":"Inscribirse"}]},{"@type":"WebSite","@id":"https:\/\/www.ab2pro.com\/es\/#website","url":"https:\/\/www.ab2pro.com\/es\/","name":"AB2PRO","description":"Agence d&#039;emploi sp\u00e9cialis\u00e9e dans le recrutement de travailleurs europ\u00e9ens","publisher":{"@id":"https:\/\/www.ab2pro.com\/es\/#organization"},"potentialAction":[{"@type":"SearchAction","target":{"@type":"EntryPoint","urlTemplate":"https:\/\/www.ab2pro.com\/es\/?s={search_term_string}"},"query-input":{"@type":"PropertyValueSpecification","valueRequired":true,"valueName":"search_term_string"}}],"inLanguage":"es"},{"@type":"Organization","@id":"https:\/\/www.ab2pro.com\/es\/#organization","name":"AB2PRO","url":"https:\/\/www.ab2pro.com\/es\/","logo":{"@type":"ImageObject","inLanguage":"es","@id":"https:\/\/www.ab2pro.com\/es\/#\/schema\/logo\/image\/","url":"https:\/\/www.ab2pro.com\/wp-content\/uploads\/2020\/11\/logo-profil.png","contentUrl":"https:\/\/www.ab2pro.com\/wp-content\/uploads\/2020\/11\/logo-profil.png","width":230,"height":47,"caption":"AB2PRO"},"image":{"@id":"https:\/\/www.ab2pro.com\/es\/#\/schema\/logo\/image\/"}}]}},"_links":{"self":[{"href":"https:\/\/www.ab2pro.com\/es\/wp-json\/wp\/v2\/pages\/6173","targetHints":{"allow":["GET"]}}],"collection":[{"href":"https:\/\/www.ab2pro.com\/es\/wp-json\/wp\/v2\/pages"}],"about":[{"href":"https:\/\/www.ab2pro.com\/es\/wp-json\/wp\/v2\/types\/page"}],"author":[{"embeddable":true,"href":"https:\/\/www.ab2pro.com\/es\/wp-json\/wp\/v2\/users\/1"}],"replies":[{"embeddable":true,"href":"https:\/\/www.ab2pro.com\/es\/wp-json\/wp\/v2\/comments?post=6173"}],"version-history":[{"count":0,"href":"https:\/\/www.ab2pro.com\/es\/wp-json\/wp\/v2\/pages\/6173\/revisions"}],"wp:attachment":[{"href":"https:\/\/www.ab2pro.com\/es\/wp-json\/wp\/v2\/media?parent=6173"}],"curies":[{"name":"wp","href":"https:\/\/api.w.org\/{rel}","templated":true}]}}