
{"id":6223,"date":"2021-02-13T20:53:34","date_gmt":"2021-02-13T19:53:34","guid":{"rendered":"https:\/\/www.ab2pro.com\/aviso-legal\/"},"modified":"2021-06-22T14:17:43","modified_gmt":"2021-06-22T12:17:43","slug":"aviso-legal","status":"publish","type":"page","link":"https:\/\/www.ab2pro.com\/es\/aviso-legal\/","title":{"rendered":"Aviso legal"},"content":{"rendered":"<p>[vc_row el_id=\u00bbbandeau-page\u00bb css=\u00bb.vc_custom_1607699497001{background-image: url(https:\/\/www.ab2pro.com\/wp-content\/uploads\/2020\/12\/Qui-sommes-nous-bandeau-titre.jpg?id=4654) !important;}\u00bb][vc_column][vc_column_text]<\/p>\n<h1>Aviso legal<\/h1>\n<p>[\/vc_column_text][\/vc_column][\/vc_row][vc_row el_id=\u00bbmentions-legales\u00bb][vc_column][vc_column_text]<\/p>\n<h2>1.Presentaci\u00f3n de la p\u00e1gina web<\/h2>\n<p>Seg\u00fan el art\u00edculo 6 la ley n\u00b0 2004-575 del 21 de junio 2004 para la confianza de la econom\u00eda num\u00e9rica, esta estipulado a los usuarios de la p\u00e1gina www.ab2pro.com la identidad de los diferentes intervinientes en el \u00e1mbito de su realizaci\u00f3n y su seguimiento :[\/vc_column_text][vc_row_inner][vc_column_inner width=\u00bb1\/2&#8243;][vc_column_text]<strong>Propietario<\/strong> : AB2PRO \u2013 Palma France \u2013 4 rue des Douelles \u2013 44830 BOUAYE<br \/>\nTel\u00e9fono : 02 40 48 44 54<br \/>\nS.A.S. con capital social de 1 000 000\u20ac \u2013 RCS Nantes \u200e508 436 110<br \/>\nDirecci\u00f3n sede social : 4 rue des douelles 44830 Bouaye[\/vc_column_text][\/vc_column_inner][vc_column_inner width=\u00bb1\/2&#8243;][vc_column_text]N\u00b0 IVA intracomunitario : FR26508436110<br \/>\nN\u00b0 SIRET : 50843611000029<\/p>\n<p><strong>Responsable de la publicaci\u00f3n<\/strong> : Arthur Cousseau \u2013 &#x64;i&#x67;&#105;&#x74;&#97;&#x6c;&#x40;a&#x62;&#50;&#x70;&#114;&#x6f;&#46;c&#x6f;&#109;<br \/>\nEl responsable de publicaci\u00f3n es una persona f\u00edsica o una persona moral.[\/vc_column_text][\/vc_column_inner][\/vc_row_inner][vc_row_inner][vc_column_inner width=\u00bb1\/2&#8243;][vc_column_text]<\/p>\n<h2>La p\u00e1gina web ab2pro.com esta\u00a0albergada por :<\/h2>\n<p>OVH<br \/>\n2 rue kellermann<br \/>\nBP 80157<br \/>\n59053 ROUBAIX Cedex 1<br \/>\nTel\u00e9fono :+33 (0)8 203 203 63<br \/>\nEmail : &#x73;u&#x70;&#112;&#x6f;&#114;t&#x40;&#111;&#x76;&#104;&#46;&#x63;&#111;&#x6d;[\/vc_column_text][\/vc_column_inner][vc_column_inner width=\u00bb1\/2&#8243;][vc_column_text]<\/p>\n<h2>La p\u00e1gina web ha sido realizado por :<\/h2>\n<p>Agencia web Enjin<br \/>\nEmail : <a href=\"&#109;&#x61;i&#108;&#x74;o&#x3a;&#x63;&#111;&#x6e;t&#97;&#x63;t&#64;&#x65;&#110;&#x6a;i&#110;&#x2e;f&#114;\">&#99;&#x6f;n&#116;&#x61;c&#116;&#x40;e&#110;&#x6a;i&#110;&#x2e;&#102;&#x72;<\/a><\/p>\n<p>P\u00e1gina web : <a href=\"https:\/\/www.enjin.fr\">www.enjin.fr<\/a>[\/vc_column_text][\/vc_column_inner][\/vc_row_inner][vc_column_text]<\/p>\n<h2>2. Condiciones generales de utilisaci<strong>\u00f3n<\/strong> de la p\u00e1gina web y de los servicios proporcionados<\/h2>\n<p>las presentes CGU tienen como objeto de determinar las modalidades y condiciones de uso de la p\u00e1gina web https: \/\/www.ab2pro.com y permitir al Usuario de beneficiar de los servicios asociados.<br \/>\nEl uso de la p\u00e1gina web https:\/\/www.ab2pro.com implica la plena aceptaci\u00f3n de las condiciones generales de uso descritas a continuaci\u00f3n. Estas condiciones de uso son susceptibles de ser modificadas o completadas en cualquier momento, los Usuarios de la p\u00e1gina web https:\/\/www.ab2pro.com tienen derecho de consultarlas de forma regular.<br \/>\nEsta p\u00e1gina web es\u00a0accesible para los usuarios. Una interrupci\u00f3n por mantenimiento t\u00e9cnico podr\u00e1 ser decidido por AB2PRO que comunicar\u00e1 previamente fecha y hora de la intervenci\u00f3n.<br \/>\nLa p\u00e1gina web https:\/\/www.ab2pro.com est\u00e1 actualizada regularmente por la empresa Palma France. De igual manera, el aviso legal puede ser modificado en cualquier momento: el Usuario tiene derecho a revis todas las veces que quiera\u00a0 a este aviso legal para tener el conocimiento necesario.<\/p>\n<h2>3. Descripci\u00f3n de los servicios proporcionados<\/h2>\n<p>La p\u00e1gina web https:\/\/www.ab2pro.com tiene el objetivo de proporcionar una informaci\u00f3n relacionada con todas las actividades de la empresa.<br \/>\nPalma France se esfuerza para proporcionar en la p\u00e1gina web https:\/\/www.ab2pro.com la informaci\u00f3n la m\u00e1s precisa posible. Sin embargo, no podr\u00e1 ser responsable para omisiones, inexactitudes y carencias en la actualizaci\u00f3n, sean por su hecho o por terceros colaboradores quienes le proporcionan esa informaci\u00f3n.<br \/>\nToda la informaci\u00f3n indicada en la p\u00e1gina web https:\/\/www.ab2pro.com est\u00e1 proporcionada a t\u00edtulo indicativo y esta susceptible de evolucionar.<br \/>\nPor otra parte, la informaci\u00f3n estipulada en la p\u00e1gina web https:\/\/www.ab2pro.com no es exhaustiva. Esta proporcionada bajo condici\u00f3n de modificaci\u00f3n que haya sido aportada desde su publicaci\u00f3n.<\/p>\n<h2>4. Limitaciones contractuales en los datos t\u00e9cnicos<\/h2>\n<p>Pertenece al Usuario de asegurarse de la compatibilidad de su equipo y navegador para acceder a la p\u00e1gina web y a los servicios propuestos.<br \/>\nLa p\u00e1gina web usa la tecnolog\u00eda WordPress.<br \/>\nLa p\u00e1gina web no podr\u00e1 ser responsable de da\u00f1os materiales relacionados con el uso de la p\u00e1gina.<br \/>\nAdem\u00e1s, el Usuario de la p\u00e1gina se compromete a acceder a la p\u00e1gina web usando un equipo reciente, que no contiene virus y con un navegador de ultima generaci\u00f3n al d\u00eda.<\/p>\n<h2>5. Propiedad intelectual y falsificaci\u00f3n<\/h2>\n<p>Palma France es propietario de los derechos de la propiedad intelectual y tiene los derechos de uso en todos los elementos accesible en la p\u00e1gina web, incluyendo textos, im\u00e1genes, gr\u00e1ficos, logo, sonidos, software y marcas.<br \/>\nToda reproducci\u00f3n, representaci\u00f3n, modificaci\u00f3n, publicaci\u00f3n, adaptaci\u00f3n de todo o parte de los elementos de la p\u00e1gina web, sea cual sea el medio o procedimiento utilizado, est\u00e1 prohibida, salvo autorizaci\u00f3n escrita previa de: Palma France.<br \/>\nTodo uso no autorizada de la p\u00e1gina web o de cualquier de los elementos que contiene ser\u00e1 considerada como constituida de falsificaci\u00f3n y perseguida conforme a las disposiciones civiles y penales previstas en la materia.<\/p>\n<h2>6. L\u00edmites de responsabilidades<\/h2>\n<p>Palma France no podr\u00e1 ser responsable de los da\u00f1os directos e indirectos causados al material del Usuario, durante el acceso a la p\u00e1gina web https:\/\/www.ab2pro.com, resultando del uso del material que no responde a las especificaciones indicadas en el punto 4, o de la aparici\u00f3n de un fallo o de una incompatibilidad.<br \/>\nPalma France no podr\u00e1 ser tampoco responsable por los da\u00f1os indirectos (como por ejemplo una p\u00e9rdida de mercado o de una oportunidad de negocio) consecutivos al uso de la p\u00e1gina web https:\/\/www.ab2pro.com.<br \/>\nEn el caso que un Usuario o su c\u00f3digo de acceso sea necesario para conectarse al servicio propuesto por la p\u00e1gina web, pertenece al Usuario de conservar sus datos personales y c\u00f3digos de acceso de forma en que sean estrictamente personales y confidenciales.<br \/>\nDe hecho, toda conexi\u00f3n realizada con un Usuario o un c\u00f3digo de acceso valido estar\u00e1 dado de hecho por realizado por el usuario y Palma France no podr\u00e1 ser responsable de su uso por un tercero.<br \/>\nEspacios interactivos (mensajer\u00eda interactiva) est\u00e1n a disposici\u00f3n de los usuarios. Palma France se reserva el derecho de suprimir, sin previo aviso, todo contenido publicado en este espacio que perjudicar\u00eda a la legislaci\u00f3n aplicable francesa y de la uni\u00f3n europea, en particular a las disposiciones legales relacionadas con la protecci\u00f3n de datos.<br \/>\nCuando proceda, Palma France se reserva la posibilidad de ejecutar la responsabilidad civil y\/o penal del usuario, incluyendo en caso de mensaje a car\u00e1cter racista, insultante, difamatorio, o pornogr\u00e1fico, sea cual sea el soporte usado (texto, fotograf\u00edas\u2026).<br \/>\nEl usuario se compromete a rellenar con exactitud la informaci\u00f3n solicitada sin menci\u00f3n ofensiva o ilegal y ser\u00e1 el \u00fanico responsable de dichas menciones de las cuales garantiza la veracidad.<br \/>\nSe compromete peri\u00f3dicamente en actualizar sus datos a la mayor brevedad posible.[\/vc_column_text][vc_btn title=\u00bbPol\u00edtica de privacidad \u00bb link=\u00bburl:https%3A%2F%2Fwww.ab2pro.com%2Fes%2Fpolitica-de-privacidad%2F|title:Pol%C3%ADtica%20de%20privacidad%20|\u00bb][\/vc_column][\/vc_row]<\/p>\n","protected":false},"excerpt":{"rendered":"<p>[vc_row el_id=\u00bbbandeau-page\u00bb css=\u00bb.vc_custom_1607699497001{background-image: url(https:\/\/www.ab2pro.com\/wp-content\/uploads\/2020\/12\/Qui-sommes-nous-bandeau-titre.jpg?id=4654) !important;}\u00bb][vc_column][vc_column_text] Aviso legal [\/vc_column_text][\/vc_column][\/vc_row][vc_row el_id=\u00bbmentions-legales\u00bb][vc_column][vc_column_text] 1.Presentaci\u00f3n de la p\u00e1gina web Seg\u00fan el art\u00edculo 6 la ley [&hellip;]<\/p>\n","protected":false},"author":1,"featured_media":0,"parent":0,"menu_order":0,"comment_status":"closed","ping_status":"closed","template":"","meta":{"_acf_changed":false,"footnotes":""},"class_list":["post-6223","page","type-page","status-publish","hentry"],"acf":[],"yoast_head":"<!-- This site is optimized with the Yoast SEO plugin v26.8 - https:\/\/yoast.com\/product\/yoast-seo-wordpress\/ -->\n<title>Aviso legal - AB2PRO<\/title>\n<meta name=\"description\" content=\"Aviso legal - AB2PRO\" \/>\n<meta name=\"robots\" content=\"noindex, nofollow\" \/>\n<meta property=\"og:locale\" content=\"es_ES\" \/>\n<meta property=\"og:type\" content=\"article\" \/>\n<meta property=\"og:title\" content=\"Aviso legal - AB2PRO\" \/>\n<meta property=\"og:description\" content=\"Aviso legal - AB2PRO\" \/>\n<meta property=\"og:url\" content=\"https:\/\/www.ab2pro.com\/es\/aviso-legal\/\" \/>\n<meta property=\"og:site_name\" content=\"AB2PRO\" \/>\n<meta property=\"article:modified_time\" content=\"2021-06-22T12:17:43+00:00\" \/>\n<meta property=\"og:image\" content=\"https:\/\/www.ab2pro.com\/wp-content\/uploads\/2020\/11\/fond-home.jpg\" \/>\n\t<meta property=\"og:image:width\" content=\"1920\" \/>\n\t<meta property=\"og:image:height\" content=\"600\" \/>\n\t<meta property=\"og:image:type\" content=\"image\/jpeg\" \/>\n<meta name=\"twitter:card\" content=\"summary_large_image\" \/>\n<meta name=\"twitter:label1\" content=\"Tiempo de lectura\" \/>\n\t<meta name=\"twitter:data1\" content=\"6 minutos\" \/>\n<script type=\"application\/ld+json\" class=\"yoast-schema-graph\">{\"@context\":\"https:\/\/schema.org\",\"@graph\":[{\"@type\":\"WebPage\",\"@id\":\"https:\/\/www.ab2pro.com\/es\/aviso-legal\/\",\"url\":\"https:\/\/www.ab2pro.com\/es\/aviso-legal\/\",\"name\":\"Aviso legal - AB2PRO\",\"isPartOf\":{\"@id\":\"https:\/\/www.ab2pro.com\/es\/#website\"},\"datePublished\":\"2021-02-13T19:53:34+00:00\",\"dateModified\":\"2021-06-22T12:17:43+00:00\",\"description\":\"Aviso legal - AB2PRO\",\"breadcrumb\":{\"@id\":\"https:\/\/www.ab2pro.com\/es\/aviso-legal\/#breadcrumb\"},\"inLanguage\":\"es\",\"potentialAction\":[{\"@type\":\"ReadAction\",\"target\":[\"https:\/\/www.ab2pro.com\/es\/aviso-legal\/\"]}]},{\"@type\":\"BreadcrumbList\",\"@id\":\"https:\/\/www.ab2pro.com\/es\/aviso-legal\/#breadcrumb\",\"itemListElement\":[{\"@type\":\"ListItem\",\"position\":1,\"name\":\"Accueil\",\"item\":\"https:\/\/www.ab2pro.com\/es\/\"},{\"@type\":\"ListItem\",\"position\":2,\"name\":\"Aviso legal\"}]},{\"@type\":\"WebSite\",\"@id\":\"https:\/\/www.ab2pro.com\/es\/#website\",\"url\":\"https:\/\/www.ab2pro.com\/es\/\",\"name\":\"AB2PRO\",\"description\":\"Agence d&#039;emploi sp\u00e9cialis\u00e9e dans le recrutement de travailleurs europ\u00e9ens\",\"publisher\":{\"@id\":\"https:\/\/www.ab2pro.com\/es\/#organization\"},\"potentialAction\":[{\"@type\":\"SearchAction\",\"target\":{\"@type\":\"EntryPoint\",\"urlTemplate\":\"https:\/\/www.ab2pro.com\/es\/?s={search_term_string}\"},\"query-input\":{\"@type\":\"PropertyValueSpecification\",\"valueRequired\":true,\"valueName\":\"search_term_string\"}}],\"inLanguage\":\"es\"},{\"@type\":\"Organization\",\"@id\":\"https:\/\/www.ab2pro.com\/es\/#organization\",\"name\":\"AB2PRO\",\"url\":\"https:\/\/www.ab2pro.com\/es\/\",\"logo\":{\"@type\":\"ImageObject\",\"inLanguage\":\"es\",\"@id\":\"https:\/\/www.ab2pro.com\/es\/#\/schema\/logo\/image\/\",\"url\":\"https:\/\/www.ab2pro.com\/wp-content\/uploads\/2020\/11\/logo-profil.png\",\"contentUrl\":\"https:\/\/www.ab2pro.com\/wp-content\/uploads\/2020\/11\/logo-profil.png\",\"width\":230,\"height\":47,\"caption\":\"AB2PRO\"},\"image\":{\"@id\":\"https:\/\/www.ab2pro.com\/es\/#\/schema\/logo\/image\/\"}}]}<\/script>\n<!-- \/ Yoast SEO plugin. -->","yoast_head_json":{"title":"Aviso legal - AB2PRO","description":"Aviso legal - AB2PRO","robots":{"index":"noindex","follow":"nofollow"},"og_locale":"es_ES","og_type":"article","og_title":"Aviso legal - AB2PRO","og_description":"Aviso legal - AB2PRO","og_url":"https:\/\/www.ab2pro.com\/es\/aviso-legal\/","og_site_name":"AB2PRO","article_modified_time":"2021-06-22T12:17:43+00:00","og_image":[{"width":1920,"height":600,"url":"https:\/\/www.ab2pro.com\/wp-content\/uploads\/2020\/11\/fond-home.jpg","type":"image\/jpeg"}],"twitter_card":"summary_large_image","twitter_misc":{"Tiempo de lectura":"6 minutos"},"schema":{"@context":"https:\/\/schema.org","@graph":[{"@type":"WebPage","@id":"https:\/\/www.ab2pro.com\/es\/aviso-legal\/","url":"https:\/\/www.ab2pro.com\/es\/aviso-legal\/","name":"Aviso legal - AB2PRO","isPartOf":{"@id":"https:\/\/www.ab2pro.com\/es\/#website"},"datePublished":"2021-02-13T19:53:34+00:00","dateModified":"2021-06-22T12:17:43+00:00","description":"Aviso legal - AB2PRO","breadcrumb":{"@id":"https:\/\/www.ab2pro.com\/es\/aviso-legal\/#breadcrumb"},"inLanguage":"es","potentialAction":[{"@type":"ReadAction","target":["https:\/\/www.ab2pro.com\/es\/aviso-legal\/"]}]},{"@type":"BreadcrumbList","@id":"https:\/\/www.ab2pro.com\/es\/aviso-legal\/#breadcrumb","itemListElement":[{"@type":"ListItem","position":1,"name":"Accueil","item":"https:\/\/www.ab2pro.com\/es\/"},{"@type":"ListItem","position":2,"name":"Aviso legal"}]},{"@type":"WebSite","@id":"https:\/\/www.ab2pro.com\/es\/#website","url":"https:\/\/www.ab2pro.com\/es\/","name":"AB2PRO","description":"Agence d&#039;emploi sp\u00e9cialis\u00e9e dans le recrutement de travailleurs europ\u00e9ens","publisher":{"@id":"https:\/\/www.ab2pro.com\/es\/#organization"},"potentialAction":[{"@type":"SearchAction","target":{"@type":"EntryPoint","urlTemplate":"https:\/\/www.ab2pro.com\/es\/?s={search_term_string}"},"query-input":{"@type":"PropertyValueSpecification","valueRequired":true,"valueName":"search_term_string"}}],"inLanguage":"es"},{"@type":"Organization","@id":"https:\/\/www.ab2pro.com\/es\/#organization","name":"AB2PRO","url":"https:\/\/www.ab2pro.com\/es\/","logo":{"@type":"ImageObject","inLanguage":"es","@id":"https:\/\/www.ab2pro.com\/es\/#\/schema\/logo\/image\/","url":"https:\/\/www.ab2pro.com\/wp-content\/uploads\/2020\/11\/logo-profil.png","contentUrl":"https:\/\/www.ab2pro.com\/wp-content\/uploads\/2020\/11\/logo-profil.png","width":230,"height":47,"caption":"AB2PRO"},"image":{"@id":"https:\/\/www.ab2pro.com\/es\/#\/schema\/logo\/image\/"}}]}},"_links":{"self":[{"href":"https:\/\/www.ab2pro.com\/es\/wp-json\/wp\/v2\/pages\/6223","targetHints":{"allow":["GET"]}}],"collection":[{"href":"https:\/\/www.ab2pro.com\/es\/wp-json\/wp\/v2\/pages"}],"about":[{"href":"https:\/\/www.ab2pro.com\/es\/wp-json\/wp\/v2\/types\/page"}],"author":[{"embeddable":true,"href":"https:\/\/www.ab2pro.com\/es\/wp-json\/wp\/v2\/users\/1"}],"replies":[{"embeddable":true,"href":"https:\/\/www.ab2pro.com\/es\/wp-json\/wp\/v2\/comments?post=6223"}],"version-history":[{"count":0,"href":"https:\/\/www.ab2pro.com\/es\/wp-json\/wp\/v2\/pages\/6223\/revisions"}],"wp:attachment":[{"href":"https:\/\/www.ab2pro.com\/es\/wp-json\/wp\/v2\/media?parent=6223"}],"curies":[{"name":"wp","href":"https:\/\/api.w.org\/{rel}","templated":true}]}}