
{"id":70207,"date":"2024-07-17T10:27:25","date_gmt":"2024-07-17T08:27:25","guid":{"rendered":"https:\/\/www.ab2pro.com\/inscripcion-del-espacio-temporero-finalizado\/"},"modified":"2024-07-17T11:44:16","modified_gmt":"2024-07-17T09:44:16","slug":"inscripcion-del-espacio-temporero-finalizado","status":"publish","type":"page","link":"https:\/\/www.ab2pro.com\/es\/inscripcion-del-espacio-temporero-finalizado\/","title":{"rendered":"Inscripci\u00f3n del espacio temporero finalizado"},"content":{"rendered":"<p>[vc_row el_id=\u00bbbandeau-page\u00bb css=\u00bb.vc_custom_1718705783025{background-image: url(https:\/\/www.ab2pro.com\/wp-content\/uploads\/2020\/11\/bandeau-offres.jpg?id=4442) !important;}\u00bb el_class=\u00bbbandeau-page-connexion\u00bb][vc_column][vc_column_text]<\/p>\n<h1>Su inscripci\u00f3n ha finalizado.<\/h1>\n<p>[\/vc_column_text][\/vc_column][\/vc_row][vc_row el_class=\u00bbwrap-merci\u00bb][vc_column][vc_column_text]<\/p>\n<h2>Gracias !<\/h2>\n<p>Su espacio de trabajador ha sido creado.<\/p>\n<p>Su inscripci\u00f3n ha finalizado. En un plazo de 48 horas recibir\u00e1 un correo electr\u00f3nico confirmando que su espacio personal ha sido validado.<\/p>\n<p>No olvide firmar sus documentos al recibir este correo electr\u00f3nico.<\/p>\n<p>No dude en ponerse en contacto con nosotros si tiene alguna pregunta o necesita m\u00e1s informaci\u00f3n.<\/p>\n<p>Bienvenido a nuestro equipo !<\/p>\n<p>El ABPROTEAM[\/vc_column_text][vc_btn title=\u00bbVolver a las ofertas\u00bb link=\u00bburl:https%3A%2F%2Fwww.ab2pro.com%2Fes%2Foferta-de-trabajo-francia%2F|title:Ofertas%20de%20empleo|\u00bb][\/vc_column][\/vc_row]<\/p>\n","protected":false},"excerpt":{"rendered":"<p>[vc_row el_id=\u00bbbandeau-page\u00bb css=\u00bb.vc_custom_1718705783025{background-image: url(https:\/\/www.ab2pro.com\/wp-content\/uploads\/2020\/11\/bandeau-offres.jpg?id=4442) !important;}\u00bb el_class=\u00bbbandeau-page-connexion\u00bb][vc_column][vc_column_text] Su inscripci\u00f3n ha finalizado. [\/vc_column_text][\/vc_column][\/vc_row][vc_row el_class=\u00bbwrap-merci\u00bb][vc_column][vc_column_text] Gracias ! Su espacio de trabajador ha sido [&hellip;]<\/p>\n","protected":false},"author":1,"featured_media":0,"parent":0,"menu_order":0,"comment_status":"closed","ping_status":"closed","template":"","meta":{"_acf_changed":false,"footnotes":""},"class_list":["post-70207","page","type-page","status-publish","hentry"],"acf":[],"yoast_head":"<!-- This site is optimized with the Yoast SEO plugin v26.8 - https:\/\/yoast.com\/product\/yoast-seo-wordpress\/ -->\n<title>Inscripci\u00f3n del espacio temporero finalizado - AB2PRO<\/title>\n<meta name=\"description\" content=\"Inscripci\u00f3n del espacio temporero finalizado - AB2PRO\" \/>\n<meta name=\"robots\" content=\"index, follow, max-snippet:-1, max-image-preview:large, max-video-preview:-1\" \/>\n<link rel=\"canonical\" href=\"https:\/\/www.ab2pro.com\/es\/inscripcion-del-espacio-temporero-finalizado\/\" \/>\n<meta property=\"og:locale\" content=\"es_ES\" \/>\n<meta property=\"og:type\" content=\"article\" \/>\n<meta property=\"og:title\" content=\"Inscripci\u00f3n del espacio temporero finalizado - AB2PRO\" \/>\n<meta property=\"og:description\" content=\"Inscripci\u00f3n del espacio temporero finalizado - AB2PRO\" \/>\n<meta property=\"og:url\" content=\"https:\/\/www.ab2pro.com\/es\/inscripcion-del-espacio-temporero-finalizado\/\" \/>\n<meta property=\"og:site_name\" content=\"AB2PRO\" \/>\n<meta property=\"article:modified_time\" content=\"2024-07-17T09:44:16+00:00\" \/>\n<meta property=\"og:image\" content=\"https:\/\/www.ab2pro.com\/wp-content\/uploads\/2020\/11\/fond-home.jpg\" \/>\n\t<meta property=\"og:image:width\" content=\"1920\" \/>\n\t<meta property=\"og:image:height\" content=\"600\" \/>\n\t<meta property=\"og:image:type\" content=\"image\/jpeg\" \/>\n<meta name=\"twitter:card\" content=\"summary_large_image\" \/>\n<meta name=\"twitter:label1\" content=\"Tiempo de lectura\" \/>\n\t<meta name=\"twitter:data1\" content=\"1 minuto\" \/>\n<script type=\"application\/ld+json\" class=\"yoast-schema-graph\">{\"@context\":\"https:\/\/schema.org\",\"@graph\":[{\"@type\":\"WebPage\",\"@id\":\"https:\/\/www.ab2pro.com\/es\/inscripcion-del-espacio-temporero-finalizado\/\",\"url\":\"https:\/\/www.ab2pro.com\/es\/inscripcion-del-espacio-temporero-finalizado\/\",\"name\":\"Inscripci\u00f3n del espacio temporero finalizado - AB2PRO\",\"isPartOf\":{\"@id\":\"https:\/\/www.ab2pro.com\/es\/#website\"},\"datePublished\":\"2024-07-17T08:27:25+00:00\",\"dateModified\":\"2024-07-17T09:44:16+00:00\",\"description\":\"Inscripci\u00f3n del espacio temporero finalizado - AB2PRO\",\"breadcrumb\":{\"@id\":\"https:\/\/www.ab2pro.com\/es\/inscripcion-del-espacio-temporero-finalizado\/#breadcrumb\"},\"inLanguage\":\"es\",\"potentialAction\":[{\"@type\":\"ReadAction\",\"target\":[\"https:\/\/www.ab2pro.com\/es\/inscripcion-del-espacio-temporero-finalizado\/\"]}]},{\"@type\":\"BreadcrumbList\",\"@id\":\"https:\/\/www.ab2pro.com\/es\/inscripcion-del-espacio-temporero-finalizado\/#breadcrumb\",\"itemListElement\":[{\"@type\":\"ListItem\",\"position\":1,\"name\":\"Accueil\",\"item\":\"https:\/\/www.ab2pro.com\/es\/\"},{\"@type\":\"ListItem\",\"position\":2,\"name\":\"Inscripci\u00f3n del espacio temporero finalizado\"}]},{\"@type\":\"WebSite\",\"@id\":\"https:\/\/www.ab2pro.com\/es\/#website\",\"url\":\"https:\/\/www.ab2pro.com\/es\/\",\"name\":\"AB2PRO\",\"description\":\"Agence d&#039;emploi sp\u00e9cialis\u00e9e dans le recrutement de travailleurs europ\u00e9ens\",\"publisher\":{\"@id\":\"https:\/\/www.ab2pro.com\/es\/#organization\"},\"potentialAction\":[{\"@type\":\"SearchAction\",\"target\":{\"@type\":\"EntryPoint\",\"urlTemplate\":\"https:\/\/www.ab2pro.com\/es\/?s={search_term_string}\"},\"query-input\":{\"@type\":\"PropertyValueSpecification\",\"valueRequired\":true,\"valueName\":\"search_term_string\"}}],\"inLanguage\":\"es\"},{\"@type\":\"Organization\",\"@id\":\"https:\/\/www.ab2pro.com\/es\/#organization\",\"name\":\"AB2PRO\",\"url\":\"https:\/\/www.ab2pro.com\/es\/\",\"logo\":{\"@type\":\"ImageObject\",\"inLanguage\":\"es\",\"@id\":\"https:\/\/www.ab2pro.com\/es\/#\/schema\/logo\/image\/\",\"url\":\"https:\/\/www.ab2pro.com\/wp-content\/uploads\/2020\/11\/logo-profil.png\",\"contentUrl\":\"https:\/\/www.ab2pro.com\/wp-content\/uploads\/2020\/11\/logo-profil.png\",\"width\":230,\"height\":47,\"caption\":\"AB2PRO\"},\"image\":{\"@id\":\"https:\/\/www.ab2pro.com\/es\/#\/schema\/logo\/image\/\"}}]}<\/script>\n<!-- \/ Yoast SEO plugin. -->","yoast_head_json":{"title":"Inscripci\u00f3n del espacio temporero finalizado - AB2PRO","description":"Inscripci\u00f3n del espacio temporero finalizado - AB2PRO","robots":{"index":"index","follow":"follow","max-snippet":"max-snippet:-1","max-image-preview":"max-image-preview:large","max-video-preview":"max-video-preview:-1"},"canonical":"https:\/\/www.ab2pro.com\/es\/inscripcion-del-espacio-temporero-finalizado\/","og_locale":"es_ES","og_type":"article","og_title":"Inscripci\u00f3n del espacio temporero finalizado - AB2PRO","og_description":"Inscripci\u00f3n del espacio temporero finalizado - AB2PRO","og_url":"https:\/\/www.ab2pro.com\/es\/inscripcion-del-espacio-temporero-finalizado\/","og_site_name":"AB2PRO","article_modified_time":"2024-07-17T09:44:16+00:00","og_image":[{"width":1920,"height":600,"url":"https:\/\/www.ab2pro.com\/wp-content\/uploads\/2020\/11\/fond-home.jpg","type":"image\/jpeg"}],"twitter_card":"summary_large_image","twitter_misc":{"Tiempo de lectura":"1 minuto"},"schema":{"@context":"https:\/\/schema.org","@graph":[{"@type":"WebPage","@id":"https:\/\/www.ab2pro.com\/es\/inscripcion-del-espacio-temporero-finalizado\/","url":"https:\/\/www.ab2pro.com\/es\/inscripcion-del-espacio-temporero-finalizado\/","name":"Inscripci\u00f3n del espacio temporero finalizado - AB2PRO","isPartOf":{"@id":"https:\/\/www.ab2pro.com\/es\/#website"},"datePublished":"2024-07-17T08:27:25+00:00","dateModified":"2024-07-17T09:44:16+00:00","description":"Inscripci\u00f3n del espacio temporero finalizado - AB2PRO","breadcrumb":{"@id":"https:\/\/www.ab2pro.com\/es\/inscripcion-del-espacio-temporero-finalizado\/#breadcrumb"},"inLanguage":"es","potentialAction":[{"@type":"ReadAction","target":["https:\/\/www.ab2pro.com\/es\/inscripcion-del-espacio-temporero-finalizado\/"]}]},{"@type":"BreadcrumbList","@id":"https:\/\/www.ab2pro.com\/es\/inscripcion-del-espacio-temporero-finalizado\/#breadcrumb","itemListElement":[{"@type":"ListItem","position":1,"name":"Accueil","item":"https:\/\/www.ab2pro.com\/es\/"},{"@type":"ListItem","position":2,"name":"Inscripci\u00f3n del espacio temporero finalizado"}]},{"@type":"WebSite","@id":"https:\/\/www.ab2pro.com\/es\/#website","url":"https:\/\/www.ab2pro.com\/es\/","name":"AB2PRO","description":"Agence d&#039;emploi sp\u00e9cialis\u00e9e dans le recrutement de travailleurs europ\u00e9ens","publisher":{"@id":"https:\/\/www.ab2pro.com\/es\/#organization"},"potentialAction":[{"@type":"SearchAction","target":{"@type":"EntryPoint","urlTemplate":"https:\/\/www.ab2pro.com\/es\/?s={search_term_string}"},"query-input":{"@type":"PropertyValueSpecification","valueRequired":true,"valueName":"search_term_string"}}],"inLanguage":"es"},{"@type":"Organization","@id":"https:\/\/www.ab2pro.com\/es\/#organization","name":"AB2PRO","url":"https:\/\/www.ab2pro.com\/es\/","logo":{"@type":"ImageObject","inLanguage":"es","@id":"https:\/\/www.ab2pro.com\/es\/#\/schema\/logo\/image\/","url":"https:\/\/www.ab2pro.com\/wp-content\/uploads\/2020\/11\/logo-profil.png","contentUrl":"https:\/\/www.ab2pro.com\/wp-content\/uploads\/2020\/11\/logo-profil.png","width":230,"height":47,"caption":"AB2PRO"},"image":{"@id":"https:\/\/www.ab2pro.com\/es\/#\/schema\/logo\/image\/"}}]}},"_links":{"self":[{"href":"https:\/\/www.ab2pro.com\/es\/wp-json\/wp\/v2\/pages\/70207","targetHints":{"allow":["GET"]}}],"collection":[{"href":"https:\/\/www.ab2pro.com\/es\/wp-json\/wp\/v2\/pages"}],"about":[{"href":"https:\/\/www.ab2pro.com\/es\/wp-json\/wp\/v2\/types\/page"}],"author":[{"embeddable":true,"href":"https:\/\/www.ab2pro.com\/es\/wp-json\/wp\/v2\/users\/1"}],"replies":[{"embeddable":true,"href":"https:\/\/www.ab2pro.com\/es\/wp-json\/wp\/v2\/comments?post=70207"}],"version-history":[{"count":0,"href":"https:\/\/www.ab2pro.com\/es\/wp-json\/wp\/v2\/pages\/70207\/revisions"}],"wp:attachment":[{"href":"https:\/\/www.ab2pro.com\/es\/wp-json\/wp\/v2\/media?parent=70207"}],"curies":[{"name":"wp","href":"https:\/\/api.w.org\/{rel}","templated":true}]}}