
{"id":16113,"date":"2021-05-25T13:15:24","date_gmt":"2021-05-25T11:15:24","guid":{"rendered":"https:\/\/www.ab2pro.com\/ab2pro-dokumentumok\/"},"modified":"2025-01-28T15:01:51","modified_gmt":"2025-01-28T14:01:51","slug":"ab2pro-dokumentumok","status":"publish","type":"page","link":"https:\/\/www.ab2pro.com\/hu\/ab2pro-dokumentumok\/","title":{"rendered":"AB2PRO dokumentumok"},"content":{"rendered":"<p>[vc_row][vc_column][vc_column_text]<\/p>\n<h1>Munkav\u00e1llal\u00f3k<\/h1>\n<p>[\/vc_column_text][\/vc_column][\/vc_row][vc_row el_class=&#8221;docs&#8221;][vc_column][vc_row_inner el_class=&#8221;docs-recurrents&#8221;][vc_column_inner][vc_column_text]<\/p>\n<h2>Visszat\u00e9r\u0151 dokumentumok<\/h2>\n<p>[\/vc_column_text][vc_column_text]<\/p>\n<h3>Szabads\u00e1g k\u00e9relem<\/h3>\n<p><a href=\"https:\/\/www.ab2pro.com\/hu\/iranyitopult\/?candidate-page=docs-interimaire-global&amp;interim_page=documents-interimaires\/page-formulaire-demande-de-conges\/\" target=\"_self\" rel=\"noopener\">Szabads\u00e1gk\u00e9relmi \u0171rlap<\/a><\/p>\n<div class=\"gv-diy-container gv-diy-multiple-container gv-container gv-container-11005 gv-container-no-results\">\n\n\t\t\t\t<div class=\"gv-diy-view gv-no-results\">\n\t\t\t\t<div class=\"gv-diy-view-title\">\n\t\t\t\t\t<h3><p>Nincs egyez\u0151 tal\u00e1lat.<\/p>\n<\/h3>\n\t\t\t\t<\/div>\n\t\t\t<\/div>\n\t\t\t\n<\/div>\n\n<input type=\"hidden\" class=\"gravityview-view-id\" value=\"11005\"\/>[\/vc_column_text][vc_column_text]\n<h3>Egyszeri el\u0151leg ig\u00e9nyl\u00e9se<\/h3>\n<p><a href=\"https:\/\/www.ab2pro.com\/hu\/iranyitopult\/?candidate-page=docs-interimaire-global&amp;interim_page=documents-interimaires\/page-formulaire-demande-dacompte-sur-salaire\/\" target=\"_self\" rel=\"noopener\">Egyszeri el\u0151leg ig\u00e9nyl\u00e9s \u0171rlap<\/a><br \/>\n\n<div class=\"gv-diy-container gv-diy-multiple-container gv-container gv-container-11009 gv-container-no-results\">\n\n\t\t\t\t<div class=\"gv-diy-view gv-no-results\">\n\t\t\t\t<div class=\"gv-diy-view-title\">\n\t\t\t\t\t<h3><p>Nincs egyez\u0151 tal\u00e1lat.<\/p>\n<\/h3>\n\t\t\t\t<\/div>\n\t\t\t<\/div>\n\t\t\t\n<\/div>\n\n\t\t<style>\n\t\t\t.fancybox-container {\n\t\t\t\tz-index: 100000; \/** Divi is 99999 *\/\n\t\t\t}\n\n\t\t\t.admin-bar .fancybox-container {\n\t\t\t\tmargin-top: 32px;\n\t\t\t}\n\t\t<\/style>\n\t\t<script>\n\t\t\tif ( window.Fancybox ){\n\t\t\t\tFancybox.bind(\".gravityview-fancybox\", {\"animationEffect\":\"fade\",\"toolbar\":true,\"closeExisting\":true,\"arrows\":true,\"buttons\":[\"thumbs\",\"close\"],\"i18n\":{\"en\":{\"CLOSE\":\"Bez\\u00e1r\",\"NEXT\":\"K\\u00f6vetkez\\u0151\",\"PREV\":\"Previous\",\"ERROR\":\"The requested content cannot be loaded. Please try again later.\",\"PLAY_START\":\"Start slideshow\",\"PLAY_STOP\":\"Pause slideshow\",\"FULL_SCREEN\":\"Full screen\",\"THUMBS\":\"Thumbnails\",\"DOWNLOAD\":\"Download\",\"SHARE\":\"Share\",\"ZOOM\":\"Zoom\"}}});\n\t\t\t}\n\t\t<\/script>\n\t\t<input type=\"hidden\" class=\"gravityview-view-id\" value=\"11009\"\/>[\/vc_column_text][\/vc_column_inner][\/vc_row_inner][\/vc_column][\/vc_row]<\/p>\n","protected":false},"excerpt":{"rendered":"<p>[vc_row][vc_column][vc_column_text] Munkav\u00e1llal\u00f3k [\/vc_column_text][\/vc_column][\/vc_row][vc_row el_class=&#8221;docs&#8221;][vc_column][vc_row_inner el_class=&#8221;docs-recurrents&#8221;][vc_column_inner][vc_column_text] Visszat\u00e9r\u0151 dokumentumok [\/vc_column_text][vc_column_text] Szabads\u00e1g k\u00e9relem Szabads\u00e1gk\u00e9relmi \u0171rlap [\/vc_column_text][vc_column_text] Egyszeri el\u0151leg ig\u00e9nyl\u00e9se Egyszeri el\u0151leg ig\u00e9nyl\u00e9s \u0171rlap [&hellip;]<\/p>\n","protected":false},"author":1,"featured_media":0,"parent":0,"menu_order":0,"comment_status":"closed","ping_status":"closed","template":"","meta":{"_acf_changed":false,"footnotes":""},"class_list":["post-16113","page","type-page","status-publish","hentry"],"acf":[],"yoast_head":"<!-- This site is optimized with the Yoast SEO plugin v26.8 - https:\/\/yoast.com\/product\/yoast-seo-wordpress\/ -->\n<title>AB2PRO dokumentumok - AB2PRO<\/title>\n<meta name=\"description\" content=\"AB2PRO dokumentumok - AB2PRO\" \/>\n<meta name=\"robots\" content=\"index, follow, max-snippet:-1, max-image-preview:large, max-video-preview:-1\" \/>\n<link rel=\"canonical\" href=\"https:\/\/www.ab2pro.com\/hu\/ab2pro-dokumentumok\/\" \/>\n<meta property=\"og:locale\" content=\"hu_HU\" \/>\n<meta property=\"og:type\" content=\"article\" \/>\n<meta property=\"og:title\" content=\"AB2PRO dokumentumok - AB2PRO\" \/>\n<meta property=\"og:description\" content=\"AB2PRO dokumentumok - AB2PRO\" \/>\n<meta property=\"og:url\" content=\"https:\/\/www.ab2pro.com\/hu\/ab2pro-dokumentumok\/\" \/>\n<meta property=\"og:site_name\" content=\"AB2PRO\" \/>\n<meta property=\"article:modified_time\" content=\"2025-01-28T14:01:51+00:00\" \/>\n<meta property=\"og:image\" content=\"https:\/\/www.ab2pro.com\/wp-content\/uploads\/2020\/11\/fond-home.jpg\" \/>\n\t<meta property=\"og:image:width\" content=\"1920\" \/>\n\t<meta property=\"og:image:height\" content=\"600\" \/>\n\t<meta property=\"og:image:type\" content=\"image\/jpeg\" \/>\n<meta name=\"twitter:card\" content=\"summary_large_image\" \/>\n<meta name=\"twitter:label1\" content=\"Becs\u00fclt olvas\u00e1si id\u0151\" \/>\n\t<meta name=\"twitter:data1\" content=\"1 perc\" \/>\n<script type=\"application\/ld+json\" class=\"yoast-schema-graph\">{\"@context\":\"https:\/\/schema.org\",\"@graph\":[{\"@type\":\"WebPage\",\"@id\":\"https:\/\/www.ab2pro.com\/hu\/ab2pro-dokumentumok\/\",\"url\":\"https:\/\/www.ab2pro.com\/hu\/ab2pro-dokumentumok\/\",\"name\":\"AB2PRO dokumentumok - AB2PRO\",\"isPartOf\":{\"@id\":\"https:\/\/www.ab2pro.com\/hu\/#website\"},\"datePublished\":\"2021-05-25T11:15:24+00:00\",\"dateModified\":\"2025-01-28T14:01:51+00:00\",\"description\":\"AB2PRO dokumentumok - AB2PRO\",\"breadcrumb\":{\"@id\":\"https:\/\/www.ab2pro.com\/hu\/ab2pro-dokumentumok\/#breadcrumb\"},\"inLanguage\":\"hu\",\"potentialAction\":[{\"@type\":\"ReadAction\",\"target\":[\"https:\/\/www.ab2pro.com\/hu\/ab2pro-dokumentumok\/\"]}]},{\"@type\":\"BreadcrumbList\",\"@id\":\"https:\/\/www.ab2pro.com\/hu\/ab2pro-dokumentumok\/#breadcrumb\",\"itemListElement\":[{\"@type\":\"ListItem\",\"position\":1,\"name\":\"Accueil\",\"item\":\"https:\/\/www.ab2pro.com\/hu\/\"},{\"@type\":\"ListItem\",\"position\":2,\"name\":\"AB2PRO dokumentumok\"}]},{\"@type\":\"WebSite\",\"@id\":\"https:\/\/www.ab2pro.com\/hu\/#website\",\"url\":\"https:\/\/www.ab2pro.com\/hu\/\",\"name\":\"AB2PRO\",\"description\":\"Agence d&#039;emploi sp\u00e9cialis\u00e9e dans le recrutement de travailleurs europ\u00e9ens\",\"publisher\":{\"@id\":\"https:\/\/www.ab2pro.com\/hu\/#organization\"},\"potentialAction\":[{\"@type\":\"SearchAction\",\"target\":{\"@type\":\"EntryPoint\",\"urlTemplate\":\"https:\/\/www.ab2pro.com\/hu\/?s={search_term_string}\"},\"query-input\":{\"@type\":\"PropertyValueSpecification\",\"valueRequired\":true,\"valueName\":\"search_term_string\"}}],\"inLanguage\":\"hu\"},{\"@type\":\"Organization\",\"@id\":\"https:\/\/www.ab2pro.com\/hu\/#organization\",\"name\":\"AB2PRO\",\"url\":\"https:\/\/www.ab2pro.com\/hu\/\",\"logo\":{\"@type\":\"ImageObject\",\"inLanguage\":\"hu\",\"@id\":\"https:\/\/www.ab2pro.com\/hu\/#\/schema\/logo\/image\/\",\"url\":\"https:\/\/www.ab2pro.com\/wp-content\/uploads\/2020\/11\/logo-profil.png\",\"contentUrl\":\"https:\/\/www.ab2pro.com\/wp-content\/uploads\/2020\/11\/logo-profil.png\",\"width\":230,\"height\":47,\"caption\":\"AB2PRO\"},\"image\":{\"@id\":\"https:\/\/www.ab2pro.com\/hu\/#\/schema\/logo\/image\/\"}}]}<\/script>\n<!-- \/ Yoast SEO plugin. -->","yoast_head_json":{"title":"AB2PRO dokumentumok - AB2PRO","description":"AB2PRO dokumentumok - AB2PRO","robots":{"index":"index","follow":"follow","max-snippet":"max-snippet:-1","max-image-preview":"max-image-preview:large","max-video-preview":"max-video-preview:-1"},"canonical":"https:\/\/www.ab2pro.com\/hu\/ab2pro-dokumentumok\/","og_locale":"hu_HU","og_type":"article","og_title":"AB2PRO dokumentumok - AB2PRO","og_description":"AB2PRO dokumentumok - AB2PRO","og_url":"https:\/\/www.ab2pro.com\/hu\/ab2pro-dokumentumok\/","og_site_name":"AB2PRO","article_modified_time":"2025-01-28T14:01:51+00:00","og_image":[{"width":1920,"height":600,"url":"https:\/\/www.ab2pro.com\/wp-content\/uploads\/2020\/11\/fond-home.jpg","type":"image\/jpeg"}],"twitter_card":"summary_large_image","twitter_misc":{"Becs\u00fclt olvas\u00e1si id\u0151":"1 perc"},"schema":{"@context":"https:\/\/schema.org","@graph":[{"@type":"WebPage","@id":"https:\/\/www.ab2pro.com\/hu\/ab2pro-dokumentumok\/","url":"https:\/\/www.ab2pro.com\/hu\/ab2pro-dokumentumok\/","name":"AB2PRO dokumentumok - AB2PRO","isPartOf":{"@id":"https:\/\/www.ab2pro.com\/hu\/#website"},"datePublished":"2021-05-25T11:15:24+00:00","dateModified":"2025-01-28T14:01:51+00:00","description":"AB2PRO dokumentumok - AB2PRO","breadcrumb":{"@id":"https:\/\/www.ab2pro.com\/hu\/ab2pro-dokumentumok\/#breadcrumb"},"inLanguage":"hu","potentialAction":[{"@type":"ReadAction","target":["https:\/\/www.ab2pro.com\/hu\/ab2pro-dokumentumok\/"]}]},{"@type":"BreadcrumbList","@id":"https:\/\/www.ab2pro.com\/hu\/ab2pro-dokumentumok\/#breadcrumb","itemListElement":[{"@type":"ListItem","position":1,"name":"Accueil","item":"https:\/\/www.ab2pro.com\/hu\/"},{"@type":"ListItem","position":2,"name":"AB2PRO dokumentumok"}]},{"@type":"WebSite","@id":"https:\/\/www.ab2pro.com\/hu\/#website","url":"https:\/\/www.ab2pro.com\/hu\/","name":"AB2PRO","description":"Agence d&#039;emploi sp\u00e9cialis\u00e9e dans le recrutement de travailleurs europ\u00e9ens","publisher":{"@id":"https:\/\/www.ab2pro.com\/hu\/#organization"},"potentialAction":[{"@type":"SearchAction","target":{"@type":"EntryPoint","urlTemplate":"https:\/\/www.ab2pro.com\/hu\/?s={search_term_string}"},"query-input":{"@type":"PropertyValueSpecification","valueRequired":true,"valueName":"search_term_string"}}],"inLanguage":"hu"},{"@type":"Organization","@id":"https:\/\/www.ab2pro.com\/hu\/#organization","name":"AB2PRO","url":"https:\/\/www.ab2pro.com\/hu\/","logo":{"@type":"ImageObject","inLanguage":"hu","@id":"https:\/\/www.ab2pro.com\/hu\/#\/schema\/logo\/image\/","url":"https:\/\/www.ab2pro.com\/wp-content\/uploads\/2020\/11\/logo-profil.png","contentUrl":"https:\/\/www.ab2pro.com\/wp-content\/uploads\/2020\/11\/logo-profil.png","width":230,"height":47,"caption":"AB2PRO"},"image":{"@id":"https:\/\/www.ab2pro.com\/hu\/#\/schema\/logo\/image\/"}}]}},"_links":{"self":[{"href":"https:\/\/www.ab2pro.com\/hu\/wp-json\/wp\/v2\/pages\/16113","targetHints":{"allow":["GET"]}}],"collection":[{"href":"https:\/\/www.ab2pro.com\/hu\/wp-json\/wp\/v2\/pages"}],"about":[{"href":"https:\/\/www.ab2pro.com\/hu\/wp-json\/wp\/v2\/types\/page"}],"author":[{"embeddable":true,"href":"https:\/\/www.ab2pro.com\/hu\/wp-json\/wp\/v2\/users\/1"}],"replies":[{"embeddable":true,"href":"https:\/\/www.ab2pro.com\/hu\/wp-json\/wp\/v2\/comments?post=16113"}],"version-history":[{"count":0,"href":"https:\/\/www.ab2pro.com\/hu\/wp-json\/wp\/v2\/pages\/16113\/revisions"}],"wp:attachment":[{"href":"https:\/\/www.ab2pro.com\/hu\/wp-json\/wp\/v2\/media?parent=16113"}],"curies":[{"name":"wp","href":"https:\/\/api.w.org\/{rel}","templated":true}]}}