
{"id":6396,"date":"2021-02-16T21:15:32","date_gmt":"2021-02-16T20:15:32","guid":{"rendered":"https:\/\/www.ab2pro.com\/adatvedelmi-iranyelvek\/"},"modified":"2021-03-04T21:25:21","modified_gmt":"2021-03-04T20:25:21","slug":"adatvedelmi-iranyelvek","status":"publish","type":"page","link":"https:\/\/www.ab2pro.com\/hu\/adatvedelmi-iranyelvek\/","title":{"rendered":"Adatv\u00e9delmi ir\u00e1nyelvek"},"content":{"rendered":"<p>[vc_row el_id=&#8221;bandeau-page&#8221; css=&#8221;.vc_custom_1607699497001{background-image: url(https:\/\/www.ab2pro.com\/wp-content\/uploads\/2020\/12\/Qui-sommes-nous-bandeau-titre.jpg?id=4654) !important;}&#8221;][vc_column][vc_column_text]<\/p>\n<h1>Adatv\u00e9delmi ir\u00e1nyelvek<\/h1>\n<p>[\/vc_column_text][\/vc_column][\/vc_row][vc_row el_id=&#8221;mentions-legales&#8221;][vc_column][vc_column_text]<\/p>\n<h2>1. Szem\u00e9lyes adatok kezel\u00e9se<\/h2>\n<p>A szem\u00e9lyes adatok v\u00e9delme a Palma France \u00e9s az oldal felhaszn\u00e1l\u00f3i k\u00f6z\u00f6tti bizalom egyik f\u0151 alapja. A Palma France jelent\u0151s hangs\u00falyt fektet az adatok v\u00e9delm\u00e9re.<\/p>\n<p>Annak \u00e9rdek\u00e9ben, hogy a felhaszn\u00e1l\u00f3 hat\u00e1rozott d\u00f6nt\u00e9seket hozhasson szem\u00e9lyes adatainak felhaszn\u00e1l\u00e1s\u00e1val kapcsolatban, a Palma France arra t\u00f6rekszik, hogy a lehet\u0151 leg\u00e1tl\u00e1that\u00f3bb legyen, ez\u00e9rt egy kezel\u00e9si politik\u00e1t vezetett be ezen a ter\u00fcleten.<\/p>\n<p>A Palma France \u00fagy d\u00f6nt\u00f6tt, hogy kinevez egy adatv\u00e9delmi tisztvisel\u0151t (Palma France \u2013 Arthur COUSSEAU, 4 rue des Douelles \u2013 44830 BOUAYE), aki v\u00e9grehajtja \u00e9s ellen\u0151rzi az adatv\u00e9delmi jogszab\u00e1lyok helyes alkalmaz\u00e1s\u00e1t az 1978-as adatv\u00e9delmi t\u00f6rv\u00e9nynek megfelel\u0151en (loi informatiques et libert\u00e9 n\u00b078-17 du 6 janvier 1978)<\/p>\n<p>A Palma France \u00e9s az adatv\u00e9delmi tisztvisel\u0151 biztos\u00edtja az \u00faj \u00c1ltal\u00e1nos adatv\u00e9delmi rendelet (GDPR) v\u00e9grehajt\u00e1s\u00e1t, amely az egy\u00e9nek v\u00e9delm\u00e9r\u0151l sz\u00f3l\u00f3 2016. \u00e1prilis 27-i 2016\/679 \/ EK eur\u00f3pai parlamenti tan\u00e1csi rendeletb\u0151l ered az egy\u00e9nek v\u00e9delme, a szem\u00e9lyes adatok feldolgoz\u00e1sa \u00e9s az adatok \u00e1raml\u00e1s\u00e1r\u00f3l.<br \/>\nA szem\u00e9lyes adatok v\u00e9delm\u00e9nek garant\u00e1l\u00e1sa \u00e9rdek\u00e9ben a Palma France bels\u0151 ellen\u0151rz\u00e9si elj\u00e1r\u00e1st, valamint k\u00fcl\u00f6nf\u00e9le biztons\u00e1gi elj\u00e1r\u00e1sokat vezetett be a felhaszn\u00e1l\u00f3k szem\u00e9lyes adatainak titkoss\u00e1g\u00e1nak biztos\u00edt\u00e1sa \u00e9rdek\u00e9ben.<br \/>\nMegb\u00edzhat\u00f3 harmadik f\u00e9lk\u00e9nt a Palma France mindent megtesz az \u00d6n szem\u00e9lyes adatainak biztons\u00e1ga \u00e9rdek\u00e9ben.<\/p>\n<h3>1.1. \u00d6sszegy\u0171jt\u00f6tt adatok<\/h3>\n<p>A Palma France \u00e1ltal gy\u0171jthet\u0151 Felhaszn\u00e1l\u00f3kra vonatkoz\u00f3 adatok a lehet\u0151 legkevesebbre korl\u00e1toz\u00f3dnak, \u00e9s a k\u00edv\u00e1nt c\u00e9lokhoz igazodnak. Ezek a k\u00f6vetkez\u0151k:<br \/>\n<strong>Egy jelentkez\u00e9s sor\u00e1n begy\u0171jt\u00f6tt adatok :<\/strong><br \/>\nAz adatok a k\u00f6vetkez\u0151k: a Felhaszn\u00e1l\u00f3 vezet\u00e9kneve, keresztneve, szem\u00e9lyes lakc\u00edme, sz\u00fclet\u00e9si ideje, e-mail c\u00edme, telefonsz\u00e1ma, k\u00e9pes\u00edt\u00e9si szintje, \u00f6n\u00e9letrajza \u00e9s az abban szerepl\u0151 szakmai inform\u00e1ci\u00f3k.<\/p>\n<p>A Palma France csak a jel\u00f6ltek beleegyez\u00e9s\u00e9vel gy\u0171jti be ezeket az adatokat. Ezen adatok egy r\u00e9sze k\u00f6telez\u0151 \u00e9s csillaggal van jel\u00f6lve. Ha a Felhaszn\u00e1l\u00f3 nem tov\u00e1bb\u00edtja azokat, akkor nem f\u00e9rhet hozz\u00e1 a szolg\u00e1ltat\u00e1sokhoz.<\/p>\n<p><strong>Munkaer\u0151 ig\u00e9nyl\u00e9s\u00e9n\u00e9l begy\u0171jt\u00f6tt adatok :<\/strong><br \/>\nAz \u00f6sszegy\u0171jt\u00f6tt adatok a k\u00f6vetkez\u0151k: N\u00e9v, keresztn\u00e9v, funkci\u00f3, telefonsz\u00e1m, e-mail c\u00edm, facebook \/ messenger el\u00e9rhet\u0151s\u00e9g.<\/p>\n<p>A Palma France csak a jel\u00f6ltek beleegyez\u00e9s\u00e9vel gy\u0171jti be ezeket az adatokat. Ezen adatok egy r\u00e9sze k\u00f6telez\u0151 \u00e9s csillaggal van jel\u00f6lve. Ha a Felhaszn\u00e1l\u00f3 nem tov\u00e1bb\u00edtja azokat, akkor nem f\u00e9rhet hozz\u00e1 a szolg\u00e1ltat\u00e1sokhoz.<\/p>\n<p><strong>A webhely \u2013 re val\u00f3 regisztr\u00e1ci\u00f3 \u00e9s a webhely haszn\u00e1lata sor\u00e1n begy\u0171jt\u00f6tt adatok :<\/strong><br \/>\nS\u00fctik: A Weboldal cookie-kat haszn\u00e1l bizonyos inform\u00e1ci\u00f3k (k\u00fcl\u00f6n\u00f6sen a b\u00f6ng\u00e9sz\u00e9shez haszn\u00e1lt sz\u00e1m\u00edt\u00f3g\u00e9pre, a kapcsol\u00f3d\u00e1si m\u00f3dra, az internetb\u00f6ng\u00e9sz\u0151 t\u00edpus\u00e1ra \u00e9s verzi\u00f3j\u00e1ra, az oper\u00e1ci\u00f3s rendszerre stb. vonatkoz\u00f3an) gy\u0171jt\u00e9s\u00e9re  Lehet\u0151s\u00e9ge van a s\u00fctik deaktiv\u00e1l\u00e1s\u00e1ra a b\u00f6ng\u00e9sz\u0151 be\u00e1ll\u00edt\u00e1saiban (l\u00e1sd: 2. Hypertext linkek \u00e9s s\u00fctik.)<\/p>\n<h3>1.2. Az adatkezel\u00e9s c\u00e9ljai<\/h3>\n<p>Ezen adatok felhaszn\u00e1l\u00e1sa az\u00e9rt sz\u00fcks\u00e9ges, hogy a felhaszn\u00e1l\u00f3k:<\/p>\n<ul>\n<li>A webhelyen beny\u00fajthass\u00e1k jelentkez\u00e9s\u00fcket \u00e9s \u00fczenetet k\u00fcldhessenek a Palma France-nak,<\/li>\n<\/ul>\n<p>A Webhelyen k\u00e9rt \u00e9s \u00f6sszegy\u0171jt\u00f6tt inform\u00e1ci\u00f3k c\u00e9lja a jel\u00f6ltek toborz\u00e1sa, a jel\u00f6ltekkel val\u00f3 kommunik\u00e1ci\u00f3 \u00e9s az \u00fcgyfelekkel val\u00f3 \u00fcgyint\u00e9z\u00e9sek adminisztrat\u00edv kezel\u00e9se.<\/p>\n<p>Kiz\u00e1r\u00f3lag Palma France \u00e9s a jel\u00f6ltek profilj\u00e1ban \u00e9rdekelt v\u00e1llalatok sz\u00e1m\u00e1ra lettek az adatok begy\u0171jtve. A felhaszn\u00e1l\u00f3i adatokat nem tov\u00e1bb\u00edtj\u00e1k harmadik feleknek kereskedelmi kutat\u00e1s c\u00e9lj\u00e1b\u00f3l. A Palma France-t\u00f3l mindazon\u00e1ltal megk\u00f6vetelhetik, hogy k\u00f6z\u00f6lje adatait a jogi hat\u00f3s\u00e1gokkal, ha a t\u00f6rv\u00e9ny el\u0151\u00edrja.<\/p>\n<p>A csatlakoz\u00e1si adatokat statisztikai c\u00e9lokra haszn\u00e1lj\u00e1k a Weboldal oldalainak \u00e9s az \u00e1ltala gener\u00e1lt forgalom megtekint\u00e9s\u00e9re vonatkoz\u00f3an.<\/p>\n<p>Kiz\u00e1r\u00f3lag automatiz\u00e1lt feldolgoz\u00e1s nem hoz a Felhaszn\u00e1l\u00f3kra n\u00e9zve joghat\u00e1ssal b\u00edr\u00f3 d\u00f6nt\u00e9st<\/p>\n<h3>1.3. Az adatok t\u00e1rol\u00e1s\u00e1nak id\u0151tartama<\/h3>\n<p>A felhaszn\u00e1l\u00f3i adatokat a Palma France t\u00e1rolja a Jelentkez\u0151-fi\u00f3k haszn\u00e1lat\u00e1hoz \u00e9s \/ vagy a Palma France \u00e1ltal el\u00e9rhet\u0151v\u00e9 tett szolg\u00e1ltat\u00e1sok el\u0151fizet\u00e9s\u00e9hez sz\u00fcks\u00e9ges ideig.<br \/>\nSzem\u00e9lyes adatainak v\u00e9delme \u00e9rdek\u00e9ben ezeket az adatokat el\u0151zetes figyelmeztet\u00e9s ut\u00e1n, \u00e9s hacsak m\u00e1sk\u00e9nt nem tan\u00e1csolja, TIZENKETT\u0150 (12) h\u00f3nappal az utols\u00f3 kapcsolatfelv\u00e9tel vagy az egyik \u00fcgyfel\u00fcnk \u00e1ltali utols\u00f3 megb\u00edz\u00e1sa \/ toborz\u00e1sa ut\u00e1n t\u00f6r\u00f6lj\u00fck.<\/p>\n<h3>1.4. A felhaszn\u00e1l\u00f3k adatjoga<\/h3>\n<p>Minden felhaszn\u00e1l\u00f3nak joga van hozz\u00e1f\u00e9rni, helyesb\u00edteni, korl\u00e1tozni \u00e9s ellenezni a feldolgoz\u00e1st, a t\u00f6rl\u00e9st. A Felhaszn\u00e1l\u00f3nak joga van a r\u00e1 vonatkoz\u00f3 adatok \u00e9szszer\u0171 hat\u00e1rid\u0151n bel\u00fcli \u00e9s t\u00falzott k\u00f6lts\u00e9gek n\u00e9lk\u00fcli hordozhat\u00f3s\u00e1g\u00e1hoz a szem\u00e9lyes adatok v\u00e9delm\u00e9re vonatkoz\u00f3 hat\u00e1lyos rendelkez\u00e9seknek megfelel\u0151en.<\/p>\n<p>Hozz\u00e1f\u00e9rhet \u00e9s m\u00f3dos\u00edthatja az adatait:<\/p>\n<ul>\n<li>k\u00f6zvetlen\u00fcl online a \u201eVegye fel vel\u00fcnk a kapcsolatot\u201d f\u00fcl\u00f6n kereszt\u00fcl \u00bb,<\/li>\n<li>vagy k\u00fcldje el k\u00e9r\u00e9s\u00e9t postai \u00faton a k\u00f6vetkez\u0151 c\u00edmre : Palma France \u2013 Arthur COUSSEAU \u2013 4 rue des Douelles \u2013 44830 BOUAYE<\/li>\n<\/ul>\n<p>A felhaszn\u00e1l\u00f3kat mindazon\u00e1ltal t\u00e1j\u00e9koztatj\u00e1k arr\u00f3l, hogy abban az esetben, ha a felhaszn\u00e1l\u00f3 t\u00f6rli a szem\u00e9lyes adatokat, a Palma France nem fogja tudni felaj\u00e1nlani profilj\u00e1t olyan v\u00e1llalatoknak, amelyek \u00e9rdekl\u0151dhetnek a felv\u00e9tele ir\u00e1nt.<\/p>\n<p>A felhaszn\u00e1l\u00f3 mindenesetre panaszt ny\u00fajthat be a CNIL-n\u00e9l (Commission Nationale Informatique et Libert\u00e9s).<\/p>\n<h3>1.5. A szem\u00e9lyes adatok biztons\u00e1ga<\/h3>\n<p>A GDPR k\u00f6vetelm\u00e9nyeinek megfelel\u0151en a Palma France megfelel\u0151 int\u00e9zked\u00e9seket hajt v\u00e9gre a szem\u00e9lyes adatok v\u00e9letlen elveszt\u00e9se, illet\u00e9ktelen hozz\u00e1f\u00e9r\u00e9se, felhaszn\u00e1l\u00e1sa, megv\u00e1ltoztat\u00e1sa vagy terjeszt\u00e9se elleni legjobb v\u00e9delem \u00e9rdek\u00e9ben.<\/p>\n<p>Az \u00fcgyben tett legnagyobb er\u0151fesz\u00edt\u00e9se ellen\u00e9re a Palma France nem tudja garant\u00e1lni, hogy t\u00f6rv\u00e9nytelen c\u00e9lokb\u00f3l elj\u00e1r\u00f3 illet\u00e9ktelen harmadik f\u00e9l nem t\u00f6ri fel sz\u00e1m\u00edt\u00f3g\u00e9pes rendszer\u00e9t \u00e9s internet\u00e9t.<\/p>\n<h3>1.6. M\u00f3dos\u00edt\u00e1sok<\/h3>\n<p>A <a href=\"https:\/\/www.ab2pro.com\/hu\/\"> https:\/\/www.ab2pro.com <\/a> weboldalon el\u00e9rhet\u0151 verzi\u00f3 a csatlakoz\u00e1s napj\u00e1n hat\u00e1lyos jogi k\u00f6zlem\u00e9nyek verzi\u00f3ja . A Palma France az \u00e1ltala hasznosnak tartott okokb\u00f3l, \u00e9s k\u00fcl\u00f6n\u00f6sen az alkalmazand\u00f3 jogszab\u00e1lyok jobb betart\u00e1sa \u00e9rdek\u00e9ben m\u00f3dos\u00edthatja ezeket a jogi k\u00f6zlem\u00e9nyeket<\/p>\n<h2>2. Hypertext linkek \u00e9s s\u00fctik.<\/h2>\n<p>A webhely sz\u00e1mos hipertextes linket tartalmaz m\u00e1s webhelyekre, amelyeket a Palma France enged\u00e9ly\u00e9vel hoztak l\u00e9tre. A Palma France-nak azonban nincs lehet\u0151s\u00e9ge ellen\u0151rizni az \u00edgy felkeresett webhelyek tartalm\u00e1t, \u00edgy ez\u00e9rt nem v\u00e1llal felel\u0151ss\u00e9get.<\/p>\n<p>A webhely b\u00f6ng\u00e9sz\u00e9se s\u00fctik telep\u00edt\u00e9s\u00e9t okozhatja a felhaszn\u00e1l\u00f3 sz\u00e1m\u00edt\u00f3g\u00e9p\u00e9n. A cookie egy kicsi f\u00e1jl, amely nem teszi lehet\u0151v\u00e9 a felhaszn\u00e1l\u00f3 azonos\u00edt\u00e1s\u00e1t, de a  sz\u00e1m\u00edt\u00f3g\u00e9p webhelyen val\u00f3 navig\u00e1l\u00e1s\u00e1val kapcsolatos inform\u00e1ci\u00f3kat r\u00f6gz\u00edt. Az \u00edgy nyert adatok c\u00e9lja a k\u00e9s\u0151bbi navig\u00e1ci\u00f3 megk\u00f6nny\u00edt\u00e9se a helysz\u00ednen, valamint k\u00fcl\u00f6nf\u00e9le r\u00e9szv\u00e9teli int\u00e9zked\u00e9seket tesznek lehet\u0151v\u00e9.<\/p>\n<p>A s\u00fctik telep\u00edt\u00e9s\u00e9nek megtagad\u00e1sa lehetetlenn\u00e9 teheti bizonyos szolg\u00e1ltat\u00e1sok el\u00e9r\u00e9s\u00e9t. A felhaszn\u00e1l\u00f3 azonban a k\u00f6vetkez\u0151k\u00e9ppen konfigur\u00e1lhatja sz\u00e1m\u00edt\u00f3g\u00e9p\u00e9t a s\u00fctik telep\u00edt\u00e9s\u00e9nek megtagad\u00e1s\u00e1hoz:<\/p>\n<ul>\n<li>Internet Explorerben : eszk\u00f6zf\u00fcl (jobb fels\u0151 sarokban l\u00e9v\u0151 fogasker\u00e9k alak\u00fa piktogram) \/ internetbe\u00e1ll\u00edt\u00e1sok. Kattintson az Adatv\u00e9delemre \u00e9s v\u00e1lassza ki az \u00d6sszes cookie blokkol\u00e1sa lehet\u0151s\u00e9get. \u00c9rv\u00e9nyes\u00edtse az OK gombra kattintva.<\/li>\n<li>Firefox-ban: Firefoxban: a b\u00f6ng\u00e9sz\u0151ablak tetej\u00e9n kattintson a Firefox gombra, majd l\u00e9pjen az Opci\u00f3k f\u00fclre! Kattintson az Adatv\u00e9delem f\u00fclre! Konfigur\u00e1lja a v\u00e9delmi szab\u00e1lyokat: haszn\u00e1lja a szem\u00e9lyre szabott param\u00e9tereket az el\u0151zm\u00e9nyekhez! V\u00e9g\u00fcl t\u00f6r\u00f6lje a jel\u00f6l\u00e9st a s\u00fctik letilt\u00e1s\u00e1hoz.<\/li>\n<li> Safari-ban: Kattintson a b\u00f6ng\u00e9sz\u0151 jobb fels\u0151 sark\u00e1ban a men\u00fc piktogramra (egy fogasker\u00e9k jelk\u00e9pezi)! V\u00e1lassza a Be\u00e1ll\u00edt\u00e1sok lehet\u0151s\u00e9get! Kattintson a Speci\u00e1lis be\u00e1ll\u00edt\u00e1sok megjelen\u00edt\u00e9se elemre! A &#8222;Titoktart\u00e1s&#8221; r\u00e9szben kattintson a Tartalombe\u00e1ll\u00edt\u00e1sok elemre! A &#8222;Cookie-k&#8221; r\u00e9szben letilthatja a cookie-kat! <\/li>\n<li> Chrome-ban: Kattintson a b\u00f6ng\u00e9sz\u0151 jobb fels\u0151 sark\u00e1ban a men\u00fc piktogramra (amelyet h\u00e1rom v\u00edzszintes vonal szimboliz\u00e1l)! V\u00e1lassza a Be\u00e1ll\u00edt\u00e1sok lehet\u0151s\u00e9get! Kattintson a Speci\u00e1lis be\u00e1ll\u00edt\u00e1sok megjelen\u00edt\u00e9se elemre! A &#8222;Titoktart\u00e1s&#8221; r\u00e9szben kattintson a be\u00e1ll\u00edt\u00e1sokra! A &#8222;Titoktart\u00e1s&#8221; lapon letilthatja a s\u00fctiket. <\/li>\n<\/ul>\n<p>A Palma France a l\u00e1togat\u00e1sok elemz\u00e9s\u00e9hez egy harmadik f\u00e9lt\u0151l sz\u00e1rmaz\u00f3 megold\u00e1st, a Google Analytics szolg\u00e1ltat\u00e1st haszn\u00e1lja annak \u00e9rdek\u00e9ben, hogy a cookie-k seg\u00edts\u00e9g\u00e9vel figyelemmel k\u00eds\u00e9rje weboldal\u00e1nak teljes\u00edtm\u00e9ny\u00e9t \u00e9s felhaszn\u00e1l\u00f3i tev\u00e9kenys\u00e9g\u00e9t. K\u00fcls\u0151 kamp\u00e1nyaink siker\u00e9nek m\u00e9r\u00e9s\u00e9re s\u00fctiket is haszn\u00e1lunk a l\u00e1togat\u00e1sok forr\u00e1s\u00e1nak megismer\u00e9s\u00e9re.<\/p>\n<p>Szem\u00e9lyes adatok gy\u0171jt\u00e9s\u00e9re nem haszn\u00e1lunk tolakod\u00f3 s\u00fctiket.<\/p>\n<h2>3. Alkalmazhat\u00f3 jog \u00e9s a joghat\u00f3s\u00e1g kioszt\u00e1sa<\/h2>\n<p>A webhely haszn\u00e1lat\u00e1val kapcsolatos b\u00e1rmely vita a francia t\u00f6rv\u00e9nyek hat\u00e1lya al\u00e1 tartozik. A kiz\u00e1r\u00f3lagos joghat\u00f3s\u00e1g a nantesi illet\u00e9kes b\u00edr\u00f3s\u00e1got illetik meg.<\/p>\n<h2>4. F\u0151bb \u00e9rintett t\u00f6rv\u00e9nyek<\/h2>\n<ul>\n<li>Az 1978. janu\u00e1r 6-i 78\u201317. t\u00f6rv\u00e9ny,amely a k\u00fcl\u00f6n\u00f6s tekintettel a sz\u00e1m\u00edt\u00f3g\u00e9pekre, f\u00e1jlokra \u00e9s szabads\u00e1gokra vonatkoz\u00f3, 2004. augusztus 6-2004\u2013801. sz. t\u00f6rv\u00e9nnyel lett m\u00f3dos\u00edtva\n<\/li><li> 2004. j\u00fanius 21-i 2004-575. sz. t\u00f6rv\u00e9ny a digit\u00e1lis gazdas\u00e1gba vetett bizalomr\u00f3l. <\/li>\n<li> \u00c1ltal\u00e1nos adatv\u00e9delmi rendelet (GDPR, amely az egy\u00e9nek szem\u00e9lyes adatok feldolgoz\u00e1sa vonatkoz\u00e1s\u00e1ban t\u00f6rt\u00e9n\u0151 v\u00e9delm\u00e9r\u0151l \u00e9s ezen adatok szabad mozg\u00e1s\u00e1r\u00f3l sz\u00f3l\u00f3, 2016. \u00e1prilis 27-i 2016\/679 \/ EK eur\u00f3pai parlamenti \u00e9s tan\u00e1csi rendeletb\u0151l sz\u00e1rmazik) . <\/li>\n<\/ul>\n<h2>5. Sz\u00f3szedet<\/h2>\n<p><em>Felhaszn\u00e1l\u00f3<\/em> : Az internet-felhaszn\u00e1l\u00f3, aki csatlakozik a fent eml\u00edtett webhely haszn\u00e1lat\u00e1val.<br \/>\n<em> Szem\u00e9lyes adatok <\/em>: &#8222;olyan inform\u00e1ci\u00f3, amely b\u00e1rmilyen form\u00e1ban, k\u00f6zvetlen\u00fcl vagy k\u00f6zvetetten lehet\u0151v\u00e9 teszi azon term\u00e9szetes szem\u00e9lyek azonos\u00edt\u00e1s\u00e1t, akikre vonatkoznak&#8221; (az 1978. janu\u00e1r 6-i 78\u201317. t\u00f6rv\u00e9ny 4. cikkeje) ).<br \/>\n[\/vc_column_text][\/vc_column][\/vc_row]<\/p>\n","protected":false},"excerpt":{"rendered":"<p>[vc_row el_id=&#8221;bandeau-page&#8221; css=&#8221;.vc_custom_1607699497001{background-image: url(https:\/\/www.ab2pro.com\/wp-content\/uploads\/2020\/12\/Qui-sommes-nous-bandeau-titre.jpg?id=4654) !important;}&#8221;][vc_column][vc_column_text] Adatv\u00e9delmi ir\u00e1nyelvek [\/vc_column_text][\/vc_column][\/vc_row][vc_row el_id=&#8221;mentions-legales&#8221;][vc_column][vc_column_text] 1. Szem\u00e9lyes adatok kezel\u00e9se A szem\u00e9lyes adatok v\u00e9delme a Palma France [&hellip;]<\/p>\n","protected":false},"author":1,"featured_media":0,"parent":0,"menu_order":0,"comment_status":"closed","ping_status":"closed","template":"","meta":{"_acf_changed":false,"footnotes":""},"class_list":["post-6396","page","type-page","status-publish","hentry"],"acf":[],"yoast_head":"<!-- This site is optimized with the Yoast SEO plugin v26.8 - https:\/\/yoast.com\/product\/yoast-seo-wordpress\/ -->\n<title>Adatv\u00e9delmi ir\u00e1nyelvek - AB2PRO<\/title>\n<meta name=\"description\" content=\"Adatv\u00e9delmi ir\u00e1nyelvek - AB2PRO\" \/>\n<meta name=\"robots\" content=\"index, follow, max-snippet:-1, max-image-preview:large, max-video-preview:-1\" \/>\n<link rel=\"canonical\" href=\"https:\/\/www.ab2pro.com\/hu\/adatvedelmi-iranyelvek\/\" \/>\n<meta property=\"og:locale\" content=\"hu_HU\" \/>\n<meta property=\"og:type\" content=\"article\" \/>\n<meta property=\"og:title\" content=\"Adatv\u00e9delmi ir\u00e1nyelvek - AB2PRO\" \/>\n<meta property=\"og:description\" content=\"Adatv\u00e9delmi ir\u00e1nyelvek - AB2PRO\" \/>\n<meta property=\"og:url\" content=\"https:\/\/www.ab2pro.com\/hu\/adatvedelmi-iranyelvek\/\" \/>\n<meta property=\"og:site_name\" content=\"AB2PRO\" \/>\n<meta property=\"article:modified_time\" content=\"2021-03-04T20:25:21+00:00\" \/>\n<meta property=\"og:image\" content=\"https:\/\/www.ab2pro.com\/wp-content\/uploads\/2020\/11\/fond-home.jpg\" \/>\n\t<meta property=\"og:image:width\" content=\"1920\" \/>\n\t<meta property=\"og:image:height\" content=\"600\" \/>\n\t<meta property=\"og:image:type\" content=\"image\/jpeg\" \/>\n<meta name=\"twitter:card\" content=\"summary_large_image\" \/>\n<meta name=\"twitter:label1\" content=\"Becs\u00fclt olvas\u00e1si id\u0151\" \/>\n\t<meta name=\"twitter:data1\" content=\"10 perc\" \/>\n<script type=\"application\/ld+json\" class=\"yoast-schema-graph\">{\"@context\":\"https:\/\/schema.org\",\"@graph\":[{\"@type\":\"WebPage\",\"@id\":\"https:\/\/www.ab2pro.com\/hu\/adatvedelmi-iranyelvek\/\",\"url\":\"https:\/\/www.ab2pro.com\/hu\/adatvedelmi-iranyelvek\/\",\"name\":\"Adatv\u00e9delmi ir\u00e1nyelvek - AB2PRO\",\"isPartOf\":{\"@id\":\"https:\/\/www.ab2pro.com\/hu\/#website\"},\"datePublished\":\"2021-02-16T20:15:32+00:00\",\"dateModified\":\"2021-03-04T20:25:21+00:00\",\"description\":\"Adatv\u00e9delmi ir\u00e1nyelvek - AB2PRO\",\"breadcrumb\":{\"@id\":\"https:\/\/www.ab2pro.com\/hu\/adatvedelmi-iranyelvek\/#breadcrumb\"},\"inLanguage\":\"hu\",\"potentialAction\":[{\"@type\":\"ReadAction\",\"target\":[\"https:\/\/www.ab2pro.com\/hu\/adatvedelmi-iranyelvek\/\"]}]},{\"@type\":\"BreadcrumbList\",\"@id\":\"https:\/\/www.ab2pro.com\/hu\/adatvedelmi-iranyelvek\/#breadcrumb\",\"itemListElement\":[{\"@type\":\"ListItem\",\"position\":1,\"name\":\"Accueil\",\"item\":\"https:\/\/www.ab2pro.com\/hu\/\"},{\"@type\":\"ListItem\",\"position\":2,\"name\":\"Adatv\u00e9delmi ir\u00e1nyelvek\"}]},{\"@type\":\"WebSite\",\"@id\":\"https:\/\/www.ab2pro.com\/hu\/#website\",\"url\":\"https:\/\/www.ab2pro.com\/hu\/\",\"name\":\"AB2PRO\",\"description\":\"Agence d&#039;emploi sp\u00e9cialis\u00e9e dans le recrutement de travailleurs europ\u00e9ens\",\"publisher\":{\"@id\":\"https:\/\/www.ab2pro.com\/hu\/#organization\"},\"potentialAction\":[{\"@type\":\"SearchAction\",\"target\":{\"@type\":\"EntryPoint\",\"urlTemplate\":\"https:\/\/www.ab2pro.com\/hu\/?s={search_term_string}\"},\"query-input\":{\"@type\":\"PropertyValueSpecification\",\"valueRequired\":true,\"valueName\":\"search_term_string\"}}],\"inLanguage\":\"hu\"},{\"@type\":\"Organization\",\"@id\":\"https:\/\/www.ab2pro.com\/hu\/#organization\",\"name\":\"AB2PRO\",\"url\":\"https:\/\/www.ab2pro.com\/hu\/\",\"logo\":{\"@type\":\"ImageObject\",\"inLanguage\":\"hu\",\"@id\":\"https:\/\/www.ab2pro.com\/hu\/#\/schema\/logo\/image\/\",\"url\":\"https:\/\/www.ab2pro.com\/wp-content\/uploads\/2020\/11\/logo-profil.png\",\"contentUrl\":\"https:\/\/www.ab2pro.com\/wp-content\/uploads\/2020\/11\/logo-profil.png\",\"width\":230,\"height\":47,\"caption\":\"AB2PRO\"},\"image\":{\"@id\":\"https:\/\/www.ab2pro.com\/hu\/#\/schema\/logo\/image\/\"}}]}<\/script>\n<!-- \/ Yoast SEO plugin. -->","yoast_head_json":{"title":"Adatv\u00e9delmi ir\u00e1nyelvek - AB2PRO","description":"Adatv\u00e9delmi ir\u00e1nyelvek - AB2PRO","robots":{"index":"index","follow":"follow","max-snippet":"max-snippet:-1","max-image-preview":"max-image-preview:large","max-video-preview":"max-video-preview:-1"},"canonical":"https:\/\/www.ab2pro.com\/hu\/adatvedelmi-iranyelvek\/","og_locale":"hu_HU","og_type":"article","og_title":"Adatv\u00e9delmi ir\u00e1nyelvek - AB2PRO","og_description":"Adatv\u00e9delmi ir\u00e1nyelvek - AB2PRO","og_url":"https:\/\/www.ab2pro.com\/hu\/adatvedelmi-iranyelvek\/","og_site_name":"AB2PRO","article_modified_time":"2021-03-04T20:25:21+00:00","og_image":[{"width":1920,"height":600,"url":"https:\/\/www.ab2pro.com\/wp-content\/uploads\/2020\/11\/fond-home.jpg","type":"image\/jpeg"}],"twitter_card":"summary_large_image","twitter_misc":{"Becs\u00fclt olvas\u00e1si id\u0151":"10 perc"},"schema":{"@context":"https:\/\/schema.org","@graph":[{"@type":"WebPage","@id":"https:\/\/www.ab2pro.com\/hu\/adatvedelmi-iranyelvek\/","url":"https:\/\/www.ab2pro.com\/hu\/adatvedelmi-iranyelvek\/","name":"Adatv\u00e9delmi ir\u00e1nyelvek - AB2PRO","isPartOf":{"@id":"https:\/\/www.ab2pro.com\/hu\/#website"},"datePublished":"2021-02-16T20:15:32+00:00","dateModified":"2021-03-04T20:25:21+00:00","description":"Adatv\u00e9delmi ir\u00e1nyelvek - AB2PRO","breadcrumb":{"@id":"https:\/\/www.ab2pro.com\/hu\/adatvedelmi-iranyelvek\/#breadcrumb"},"inLanguage":"hu","potentialAction":[{"@type":"ReadAction","target":["https:\/\/www.ab2pro.com\/hu\/adatvedelmi-iranyelvek\/"]}]},{"@type":"BreadcrumbList","@id":"https:\/\/www.ab2pro.com\/hu\/adatvedelmi-iranyelvek\/#breadcrumb","itemListElement":[{"@type":"ListItem","position":1,"name":"Accueil","item":"https:\/\/www.ab2pro.com\/hu\/"},{"@type":"ListItem","position":2,"name":"Adatv\u00e9delmi ir\u00e1nyelvek"}]},{"@type":"WebSite","@id":"https:\/\/www.ab2pro.com\/hu\/#website","url":"https:\/\/www.ab2pro.com\/hu\/","name":"AB2PRO","description":"Agence d&#039;emploi sp\u00e9cialis\u00e9e dans le recrutement de travailleurs europ\u00e9ens","publisher":{"@id":"https:\/\/www.ab2pro.com\/hu\/#organization"},"potentialAction":[{"@type":"SearchAction","target":{"@type":"EntryPoint","urlTemplate":"https:\/\/www.ab2pro.com\/hu\/?s={search_term_string}"},"query-input":{"@type":"PropertyValueSpecification","valueRequired":true,"valueName":"search_term_string"}}],"inLanguage":"hu"},{"@type":"Organization","@id":"https:\/\/www.ab2pro.com\/hu\/#organization","name":"AB2PRO","url":"https:\/\/www.ab2pro.com\/hu\/","logo":{"@type":"ImageObject","inLanguage":"hu","@id":"https:\/\/www.ab2pro.com\/hu\/#\/schema\/logo\/image\/","url":"https:\/\/www.ab2pro.com\/wp-content\/uploads\/2020\/11\/logo-profil.png","contentUrl":"https:\/\/www.ab2pro.com\/wp-content\/uploads\/2020\/11\/logo-profil.png","width":230,"height":47,"caption":"AB2PRO"},"image":{"@id":"https:\/\/www.ab2pro.com\/hu\/#\/schema\/logo\/image\/"}}]}},"_links":{"self":[{"href":"https:\/\/www.ab2pro.com\/hu\/wp-json\/wp\/v2\/pages\/6396","targetHints":{"allow":["GET"]}}],"collection":[{"href":"https:\/\/www.ab2pro.com\/hu\/wp-json\/wp\/v2\/pages"}],"about":[{"href":"https:\/\/www.ab2pro.com\/hu\/wp-json\/wp\/v2\/types\/page"}],"author":[{"embeddable":true,"href":"https:\/\/www.ab2pro.com\/hu\/wp-json\/wp\/v2\/users\/1"}],"replies":[{"embeddable":true,"href":"https:\/\/www.ab2pro.com\/hu\/wp-json\/wp\/v2\/comments?post=6396"}],"version-history":[{"count":0,"href":"https:\/\/www.ab2pro.com\/hu\/wp-json\/wp\/v2\/pages\/6396\/revisions"}],"wp:attachment":[{"href":"https:\/\/www.ab2pro.com\/hu\/wp-json\/wp\/v2\/media?parent=6396"}],"curies":[{"name":"wp","href":"https:\/\/api.w.org\/{rel}","templated":true}]}}