
{"id":6413,"date":"2021-02-17T03:15:07","date_gmt":"2021-02-17T02:15:07","guid":{"rendered":"https:\/\/www.ab2pro.com\/facebook-aktualitasok\/"},"modified":"2025-12-24T11:29:02","modified_gmt":"2025-12-24T10:29:02","slug":"facebook-aktualitasok","status":"publish","type":"page","link":"https:\/\/www.ab2pro.com\/hu\/facebook-aktualitasok\/","title":{"rendered":"Facebook h\u00edreink"},"content":{"rendered":"<p>[vc_row el_id=&#8221;bandeau-page-simple&#8221;][vc_column][vc_column_text css_animation=&#8221;fadeInDown&#8221;]<\/p>\n<h1>Les actualit\u00e9s Facebook AB2PRO<\/h1>\n<p>La communication chez AB2PRO est une valeur essentielle. Restez inform\u00e9s de toutes nos actualit\u00e9s en vous abonnant \u00e0 notre page Facebook et rejoignez la #AB2PROTEAM[\/vc_column_text][\/vc_column][\/vc_row][vc_row full_width=&#8221;stretch_row&#8221; el_class=&#8221;wrap-flowflow fullwidth-row&#8221;][vc_column][vc_column_text css_animation=&#8221;fadeIn&#8221;]<div class=\"cff-wrapper\"><div class=\"cff-wrapper-ctn \"><div id=\"cff\" data-char=\"200\" class=\"cff cff-theme-modern cff-masonry cff-disable-liquid masonry-5-desktop masonry-2-tablet cff-masonry-js cff-opaque-comments cff-mob-cols-1  cff-palette-8 cff-timeline-feed cff-pag cff-doing-gdpr cff-all-reviews cff-nojs  cff-lightbox cff-lb\" style=\"width:100%; \" data-fb-text=\"View on Facebook\" data-offset=\"\" data-own-token=\"true\" data-grid-pag=\"cursor\" data-restricted=\"true\" data-lb-comments=\"true\" data-pag-num=\"15\" data-nummobile=\"10\" data-mobilenumber=\"10\"  data-cff-shortcode=\"{&quot;feed&quot;: &quot;8&quot;}\" data-postid=\"6413\" data-locatornonce=\"558dd1d94b\" data-cff-theme=\"modern\"  data-cff-flags=\"gdpr\"><svg width=\"24px\" height=\"24px\" version=\"1.1\" xmlns=\"http:\/\/www.w3.org\/2000\/svg\" xmlns:xlink=\"http:\/\/www.w3.org\/1999\/xlink\" class=\"cff-screenreader\" role=\"img\" aria-labelledby=\"metaSVGid metaSVGdesc\"><title id=\"metaSVGid\">Comments Box SVG icons<\/title><desc id=\"metaSVGdesc\">Used for the like, share, comment, and reaction icons<\/desc><defs><lineargradient id=\"angryGrad\" x1=\"0\" x2=\"0\" y1=\"0\" y2=\"1\"><stop offset=\"0%\" stop-color=\"#f9ae9e\"><\/stop><stop offset=\"70%\" stop-color=\"#ffe7a4\"><\/stop><\/lineargradient><lineargradient id=\"likeGrad\"><stop offset=\"25%\" stop-color=\"rgba(0,0,0,0.05)\"><\/stop><stop offset=\"26%\" stop-color=\"rgba(255,255,255,0.7)\"><\/stop><\/lineargradient><lineargradient id=\"likeGradHover\"><stop offset=\"25%\" stop-color=\"#a3caff\"><\/stop><stop offset=\"26%\" stop-color=\"#fff\"><\/stop><\/lineargradient><lineargradient id=\"likeGradDark\"><stop offset=\"25%\" stop-color=\"rgba(255,255,255,0.5)\"><\/stop><stop offset=\"26%\" stop-color=\"rgba(255,255,255,0.7)\"><\/stop><\/lineargradient><\/defs><\/svg><div class=\"cff-posts-wrap\"><\/div><span class=\"cff_resized_image_data\" data-feedid=\"cff_265361100888376536110088837219meen0000\" data-resized=\"R2M2LjXKZSbdYoP+HUmfIndyUFY4WjRDUnFMZnZmU3BkSGhBYzlOSEF6cnBMWVdSeDhlOXYxZEUrSUpOOCt6Qnlxc1IyLytrSEY0RDVhcWQwOEJoc2VPRnpmbWU3UVovSG1weDZTZTV2bVZyd2NuK21CTU1tMlI1NFAzTHlrUWphMnpQeFhRM1VGa0ZFNjhRUmRUMndMS3luTG5rdDBQQjJGVGxaVGY1cnorc3ZIL1U2ZVFpaU90UGFVVkt4T25OQVZwRm9oa2gyY3ptMUNYZ2wrK2dEci9zTXQyOE5PaWRGdHBsSnVPb3pYckhtUVRBc1ZBbXh6TWwxQU5HQkx3ZUZnTzc1WmMwUFZkZmdDVlcxakIrVGdZb2hNVitseHhwdy9HYzN6N1pPcXN2T2RkOVc5UHNTeFRPMHhaZFphQUVkVjVOWTJjWW1RVkZIRCtVV2hxWFpxTlU5Sk9MSlMvVVgwRzV4VjNxU29xdTB0aWFhdHpndmdEcDlIMDNZbHBoa2F5ZzUySkpISmFtMXpiUEZlSEZmSXliT2dnM0VOUkVIdTAxZ0lMSFRScWk5NXB6OFM0a3NZYTJiSGRONHlUVHNmMkNqTWZ5RzZzSXBza1FKMXlldlJnNnlRZXNGZTFiZ0JvckN1QVBYRVFacDBvSWdoQ0NNRHN5UEQ0V1lyZ3cwNU5PMjBjRlk0blhhVmZhclp1RGphMXJ5bnJvVkF0dG1XL3RpZFhPbUNzUFdNYi9TWENFTUhyRDN6WTYrOStJUis5dUIwMEtHRUpwMVlGTVpnTnZtUkZ6eGpqUVk0VW0yWTZKOEtCN0tmUXZMRXF4TU9sYzJSaFRmTUJObU1uZURGdS8veklXdG1OQlNYL09IUm9ZZXZJNS9EYVBxRWJqdkZzbjJCUUU4SWVScUFCc291enVVcWZWU3BTWElNZWI1ZHNDbElmMzJ0TTdrV2hoS25qUmh0NThicGJVMjcxSys2U1RQYVpqZGdiYXRKckoxRDgvSkw5cjBsNjEyay8wTEdyK01sb1d3a2U0SEhvQnhLTC9DWG8rTW1MVFQ0WEpBTk83SEthWTFTSUxTaXdoNVlNSlVaZTVuRGxwazN5M29ZbldacVlvd0NyUGx1Y2VwNU9FNjZtYzJNMmRnQjV0Wk5GV0lWS3lzelhSTzZ3aVFXOHBLL3MwaXlRVzY2aEpUNS9ta1NYN0JVbmp4eWc3cVpRZktyNGlTZzhGQTJ2S21nQmFCL3lhbFYrRG5OVDJBSWdSbldDblluVEMrbEd4THkvQXpobVdIRW93ZGljUGxDdVVzRGFhMkdVR2grSlFqSFlkK01telpsY1ZzUEEvN29UaDN3S0JxRFVQZGNVRlNmLzNTZk5FVUVsZVNTTUFkVlFPK1EwMC85anFkZkxENTZZOElEMlc2SloyOURIUklCcFFsWHg1eDRhV01EWkJwTFR2NHJEL2dqbzA4RUFlWE14cDFxdGVid09sVVRzSkhxbmw5RHd4R2wraWo5UGFBQjdPdi9BaEtnb0lrbm9TcVpSOWZWcDZjVEJJN1V5Y1ZWbkc2Zkw4dkZtbm9YRnREVjhmeE1FRTdHZWZCdHdBM05OTXYxSWhLdU45K3NmYU01NlEzWjdTVU5maTZVekhyYm0xQlJ0T1dOK3VoSzlsbDl4enRMTGIvRVorQ0tTWVJRRjNTMklNVnhBdlVRZW41ZDEzY010anZudnY1THh1RXgvMGRMM2VLenNsaU9BQjczeXR6MnROeFQ4MDA3SWJQcUZ2eEUvTlcwQ1pYUWg2dk12a21JMk9QNVZuR3pVTHdHdGJKK0wrME9zaW9NcUdvQnVaK0w3bnUyd3paSDR3ckVaL1RiNzBXZS92M3RSc1E5bXRlREdhSGg0dkVOZEUzTDArekpYMVM1dXVPRUszemMxN3VsYUhFcnhmdk5GQU5ZR0Zralg2NGZvS0ZCSkk5ZEYwK0M0Y3pvZ1d2SHdrYU4vcmpuQ2VKM2tmMTl4V3VtYmRUSTNFS2l4R1NSZG9IejhlSkxJQnZKbGorbyt0cjlHckRrM0ZJU1NNUnNUWktURUNMS1pSeVJSZTJoMEIySjlwbERHZEpMWDIwVllZaHpZQllsYzIzb1VySEhyditxRHZmbis3bmF2N1RZWWYyLzBYTFdvTU5HdTNJVEtmdnYvNlAyZXJNWGlKNE5pbExDUzdFVzJxcC9YSURTOHpXWmNQRmRLQnZJcEtMR09hQnpkLy90RmFlUThtL29HNE5jVEloZGFmVmhjT2dQYURtS3QxcFJqWmxKbTJLU1dVSXExTVNRcjR3ZWVLanI2ZkZERE81OTRLNWphUmkxcVUvZ1BWdExoVmFvYWJuTTVJMVdGeExISXhFYUwzeGkyWjBHTE1sRjMrZnpsdXBNTGNZcEtmZFJaWC9RZ3pDWEJSdWRadDhObkpkVmxXblEyT0JyN09va0s5VUMzVHVPQzlvTDQyY1RrM2RpVG1UZUMrQmp5ZHp0bUVIMHFVb202dlpJZUZBL0VpOEVnbnZSRnIweTNyZHhjeHdObXFPemQrcWFBbEt1T2Z0RXFtcXhnMEl3TFl0NWd4VVJpV3p2QTVnejRXNGhlNWVNUlhwSGhsYWI0ZjJNOFdmRFlUZU4zSkp6OTBFWDZLeTNKeTJVUVo3WlRUbG1UR3U4TUd2WEcwRS8zNldaaktyK3BYWS9zazZJMVhrUzY1ZDdVNXlSbWx4NTR2TmR3bFJzWjljRmdTNFppSGRoTFB4SzB1dk1hcFFOVEFqZ3NIMGVacTRxUzlScHEyZkczYWY5dVVXUTZPakYxcUx5QlJ1TXFYc09zZS9BdENDOUtKTzc3bDIwUmJESEVLNGJ3RVVjemtPVnlFZkFEazlLcUJhZGt3N1JGQnFUSGxnZ09HL0taNmhuL3Z5VW9Xb2xGSXdMRXk0KzRwcGhGb3hUOGw0Um1NWitzZFdPamhsN0M0VU03cVppMjh5S1VDbEVXUWJWRy9GMGxmU0ZyUkRob1FoRFE2TTdubTNOM3QwSktpY0IzYlVkS0tEaDRpMG9MQUMzOXFCTlRGS3FjZUp0UUkxeEJFOXQrZnVkYU0xOUdhWFRjRnhDc3hqTTlXbjV5Znp2eG81dWpLSUtvcU9zS0lGRmFoY1lNWjdPTHRjQnU0NFlBTnJUK0xUSEF6VnlwRDIyNk5Sd3JmYy9raUU5SGhIVk01UEJCRjhWcXozZ2R5eG5QbDNzamRzWGVTRWVrSGFEaEVUREdaUGtpYStnLyt6OU43Y3A4ZmhOZFM4NEZUdkVSUkRZM3JXVVZOUWhtSVp1Um5jQXBlRExZdngxNWxmQUZ3STgvUWtjTUc0N25obkNSTFRxME10Q0lDVjNwM2hycGxrYUttNFFKV21PNEh5RXhFelZONEcrT1BTZU93cC9JaEg1WTJyZVhvendyS3UxVXFlZG8yWUdneXd2TFd3dnZBOEUwTStVcTN5WlFJQWlRUGJKb25PMnhFL2h5ZGUxRzF0M1pPVkRSNlZJYjA4djcvK3d3UllCazZjaG4yK042dnEza2VzckJZTC9xZFNidlp1clVzNmNnRmpzbEloMWQyWi8za3FpM3ZsMW5JT25tQjRFaVV6WjhKTWVTTEthMW52VDRmeWpzVFZWb3pDdFJSN0w4MktPbWpzL0dYWENDVHJNTGx2TGhwWEkza1Fxdzl3TklaMkd4aWEwcVhyOHFSQk1aeklDWkVYN0lrcFVkYS9YTCtOSU8yNHBwdmZUaE90V0ltV0VldVc2WWUwYktKWkZKbk80ZGJoS0lxSFVqajcyc1E5WWt0QVpMRTJsTzh1T1RrK1M5M3hJbElXU09DZTJmbUJWTmNPZllhRU9ZZ3I2VDFublFMbzcwTzR3QVVOS1psNW5OYTN1Rkd4WWtOdjJuM0VDeGd5cWNNNjVSeGZNVWxlYk9QMGFoMEovU3NnUT09\"><\/span><div class=\"cff-likebox cff-outside cff-bottom\">\n\t\t<iframe title=\"Likebox Content\" src=\"\" class=\"fb_iframe_widget\" data-likebox-id=\"265361100888372\" data-likebox-width=\"\" data-likebox-header=\"1\" data-hide-cover=\"\" data-hide-cta=\"\" data-likebox-faces=\"\" height=\"75px\" data-height=\"75\" data-locale=\"en_US\" scrolling=\"no\" allowTransparency=\"true\" allow=\"encrypted-media\"><\/iframe>\n<\/div>\n<input type=\"hidden\" class=\"cff-pag-url\"\n\tdata-cff-pag-url=\"{}\"\n\tdata-cff-prev-url=\"{}\"\n\tdata-transient-name=\"cff_265361100888376536110088837219meen0000\"\n\tdata-post-id=\"6413\"\n\tdata-feed-id=\"265361100888372\"  value=\"\"\/>\n\t<p class=\"cff-no-more-posts\">\n\t\tNo more posts\t<\/p>\n<\/div><\/div><div class=\"cff-clear\"><\/div><\/div><style type=\"text\/css\">\n<\/style>[\/vc_column_text][\/vc_column][\/vc_row][vc_row full_width=&#8221;stretch_row_content&#8221; equal_height=&#8221;yes&#8221; el_class=&#8221;bg-ctas fullwidth-row bg-ctas-blog&#8221; el_id=&#8221;ctas-actusfb&#8221;][vc_column el_class=&#8221;bg-clair bg-clair-wtriangle&#8221; offset=&#8221;vc_col-lg-12 vc_col-md-12 vc_col-xs-12&#8243;][vc_row_inner][vc_column_inner width=&#8221;8\/12&#8243;][vc_column_text css_animation=&#8221;fadeInDown&#8221;]<\/p>\n<h3>D\u00e9couvrez \u00e9galement le blog AB2PRO !<\/h3>\n<p>[\/vc_column_text][\/vc_column_inner][vc_column_inner width=&#8221;4\/12&#8243;][vc_btn title=&#8221;Voir le blog&#8221; css_animation=&#8221;fadeInDown&#8221; link=&#8221;url:https%3A%2F%2Fwww.ab2pro.com%2Fhu%2Faktualis%2F|title:Actualit%C3%A9s|&#8221;][\/vc_column_inner][\/vc_row_inner][\/vc_column][\/vc_row]<\/p>\n","protected":false},"excerpt":{"rendered":"<p>[vc_row el_id=&#8221;bandeau-page-simple&#8221;][vc_column][vc_column_text css_animation=&#8221;fadeInDown&#8221;] Les actualit\u00e9s Facebook AB2PRO La communication chez AB2PRO est une valeur essentielle. Restez inform\u00e9s de toutes nos [&hellip;]<\/p>\n","protected":false},"author":1,"featured_media":0,"parent":0,"menu_order":0,"comment_status":"closed","ping_status":"closed","template":"","meta":{"_acf_changed":false,"footnotes":""},"class_list":["post-6413","page","type-page","status-publish","hentry"],"acf":[],"yoast_head":"<!-- This site is optimized with the Yoast SEO plugin v26.8 - https:\/\/yoast.com\/product\/yoast-seo-wordpress\/ -->\n<title>Facebook aktualitasok | AB2PRO<\/title>\n<meta name=\"description\" content=\"Az AB2PRO bemutatja az \u00e9p\u00edt\u0151ipari munkav\u00e1llal\u00f3k felv\u00e9tel\u00e9re szakosodott v\u00e1llalatunk Facebook h\u00edreit.\" \/>\n<meta name=\"robots\" content=\"index, follow, max-snippet:-1, max-image-preview:large, max-video-preview:-1\" \/>\n<link rel=\"canonical\" href=\"https:\/\/www.ab2pro.com\/hu\/facebook-aktualitasok\/\" \/>\n<meta property=\"og:locale\" content=\"hu_HU\" \/>\n<meta property=\"og:type\" content=\"article\" \/>\n<meta property=\"og:title\" content=\"Facebook aktualitasok | AB2PRO\" \/>\n<meta property=\"og:description\" content=\"Az AB2PRO bemutatja az \u00e9p\u00edt\u0151ipari munkav\u00e1llal\u00f3k felv\u00e9tel\u00e9re szakosodott v\u00e1llalatunk Facebook h\u00edreit.\" \/>\n<meta property=\"og:url\" content=\"https:\/\/www.ab2pro.com\/hu\/facebook-aktualitasok\/\" \/>\n<meta property=\"og:site_name\" content=\"AB2PRO\" \/>\n<meta property=\"article:modified_time\" content=\"2025-12-24T10:29:02+00:00\" \/>\n<meta property=\"og:image\" content=\"https:\/\/www.ab2pro.com\/wp-content\/uploads\/2020\/11\/fond-home.jpg\" \/>\n\t<meta property=\"og:image:width\" content=\"1920\" \/>\n\t<meta property=\"og:image:height\" content=\"600\" \/>\n\t<meta property=\"og:image:type\" content=\"image\/jpeg\" \/>\n<meta name=\"twitter:card\" content=\"summary_large_image\" \/>\n<meta name=\"twitter:label1\" content=\"Becs\u00fclt olvas\u00e1si id\u0151\" \/>\n\t<meta name=\"twitter:data1\" content=\"1 perc\" \/>\n<script type=\"application\/ld+json\" class=\"yoast-schema-graph\">{\"@context\":\"https:\/\/schema.org\",\"@graph\":[{\"@type\":\"WebPage\",\"@id\":\"https:\/\/www.ab2pro.com\/hu\/facebook-aktualitasok\/\",\"url\":\"https:\/\/www.ab2pro.com\/hu\/facebook-aktualitasok\/\",\"name\":\"Facebook aktualitasok | AB2PRO\",\"isPartOf\":{\"@id\":\"https:\/\/www.ab2pro.com\/hu\/#website\"},\"datePublished\":\"2021-02-17T02:15:07+00:00\",\"dateModified\":\"2025-12-24T10:29:02+00:00\",\"description\":\"Az AB2PRO bemutatja az \u00e9p\u00edt\u0151ipari munkav\u00e1llal\u00f3k felv\u00e9tel\u00e9re szakosodott v\u00e1llalatunk Facebook h\u00edreit.\",\"breadcrumb\":{\"@id\":\"https:\/\/www.ab2pro.com\/hu\/facebook-aktualitasok\/#breadcrumb\"},\"inLanguage\":\"hu\",\"potentialAction\":[{\"@type\":\"ReadAction\",\"target\":[\"https:\/\/www.ab2pro.com\/hu\/facebook-aktualitasok\/\"]}]},{\"@type\":\"BreadcrumbList\",\"@id\":\"https:\/\/www.ab2pro.com\/hu\/facebook-aktualitasok\/#breadcrumb\",\"itemListElement\":[{\"@type\":\"ListItem\",\"position\":1,\"name\":\"Accueil\",\"item\":\"https:\/\/www.ab2pro.com\/hu\/\"},{\"@type\":\"ListItem\",\"position\":2,\"name\":\"Facebook h\u00edreink\"}]},{\"@type\":\"WebSite\",\"@id\":\"https:\/\/www.ab2pro.com\/hu\/#website\",\"url\":\"https:\/\/www.ab2pro.com\/hu\/\",\"name\":\"AB2PRO\",\"description\":\"Agence d&#039;emploi sp\u00e9cialis\u00e9e dans le recrutement de travailleurs europ\u00e9ens\",\"publisher\":{\"@id\":\"https:\/\/www.ab2pro.com\/hu\/#organization\"},\"potentialAction\":[{\"@type\":\"SearchAction\",\"target\":{\"@type\":\"EntryPoint\",\"urlTemplate\":\"https:\/\/www.ab2pro.com\/hu\/?s={search_term_string}\"},\"query-input\":{\"@type\":\"PropertyValueSpecification\",\"valueRequired\":true,\"valueName\":\"search_term_string\"}}],\"inLanguage\":\"hu\"},{\"@type\":\"Organization\",\"@id\":\"https:\/\/www.ab2pro.com\/hu\/#organization\",\"name\":\"AB2PRO\",\"url\":\"https:\/\/www.ab2pro.com\/hu\/\",\"logo\":{\"@type\":\"ImageObject\",\"inLanguage\":\"hu\",\"@id\":\"https:\/\/www.ab2pro.com\/hu\/#\/schema\/logo\/image\/\",\"url\":\"https:\/\/www.ab2pro.com\/wp-content\/uploads\/2020\/11\/logo-profil.png\",\"contentUrl\":\"https:\/\/www.ab2pro.com\/wp-content\/uploads\/2020\/11\/logo-profil.png\",\"width\":230,\"height\":47,\"caption\":\"AB2PRO\"},\"image\":{\"@id\":\"https:\/\/www.ab2pro.com\/hu\/#\/schema\/logo\/image\/\"}}]}<\/script>\n<!-- \/ Yoast SEO plugin. -->","yoast_head_json":{"title":"Facebook aktualitasok | AB2PRO","description":"Az AB2PRO bemutatja az \u00e9p\u00edt\u0151ipari munkav\u00e1llal\u00f3k felv\u00e9tel\u00e9re szakosodott v\u00e1llalatunk Facebook h\u00edreit.","robots":{"index":"index","follow":"follow","max-snippet":"max-snippet:-1","max-image-preview":"max-image-preview:large","max-video-preview":"max-video-preview:-1"},"canonical":"https:\/\/www.ab2pro.com\/hu\/facebook-aktualitasok\/","og_locale":"hu_HU","og_type":"article","og_title":"Facebook aktualitasok | AB2PRO","og_description":"Az AB2PRO bemutatja az \u00e9p\u00edt\u0151ipari munkav\u00e1llal\u00f3k felv\u00e9tel\u00e9re szakosodott v\u00e1llalatunk Facebook h\u00edreit.","og_url":"https:\/\/www.ab2pro.com\/hu\/facebook-aktualitasok\/","og_site_name":"AB2PRO","article_modified_time":"2025-12-24T10:29:02+00:00","og_image":[{"width":1920,"height":600,"url":"https:\/\/www.ab2pro.com\/wp-content\/uploads\/2020\/11\/fond-home.jpg","type":"image\/jpeg"}],"twitter_card":"summary_large_image","twitter_misc":{"Becs\u00fclt olvas\u00e1si id\u0151":"1 perc"},"schema":{"@context":"https:\/\/schema.org","@graph":[{"@type":"WebPage","@id":"https:\/\/www.ab2pro.com\/hu\/facebook-aktualitasok\/","url":"https:\/\/www.ab2pro.com\/hu\/facebook-aktualitasok\/","name":"Facebook aktualitasok | AB2PRO","isPartOf":{"@id":"https:\/\/www.ab2pro.com\/hu\/#website"},"datePublished":"2021-02-17T02:15:07+00:00","dateModified":"2025-12-24T10:29:02+00:00","description":"Az AB2PRO bemutatja az \u00e9p\u00edt\u0151ipari munkav\u00e1llal\u00f3k felv\u00e9tel\u00e9re szakosodott v\u00e1llalatunk Facebook h\u00edreit.","breadcrumb":{"@id":"https:\/\/www.ab2pro.com\/hu\/facebook-aktualitasok\/#breadcrumb"},"inLanguage":"hu","potentialAction":[{"@type":"ReadAction","target":["https:\/\/www.ab2pro.com\/hu\/facebook-aktualitasok\/"]}]},{"@type":"BreadcrumbList","@id":"https:\/\/www.ab2pro.com\/hu\/facebook-aktualitasok\/#breadcrumb","itemListElement":[{"@type":"ListItem","position":1,"name":"Accueil","item":"https:\/\/www.ab2pro.com\/hu\/"},{"@type":"ListItem","position":2,"name":"Facebook h\u00edreink"}]},{"@type":"WebSite","@id":"https:\/\/www.ab2pro.com\/hu\/#website","url":"https:\/\/www.ab2pro.com\/hu\/","name":"AB2PRO","description":"Agence d&#039;emploi sp\u00e9cialis\u00e9e dans le recrutement de travailleurs europ\u00e9ens","publisher":{"@id":"https:\/\/www.ab2pro.com\/hu\/#organization"},"potentialAction":[{"@type":"SearchAction","target":{"@type":"EntryPoint","urlTemplate":"https:\/\/www.ab2pro.com\/hu\/?s={search_term_string}"},"query-input":{"@type":"PropertyValueSpecification","valueRequired":true,"valueName":"search_term_string"}}],"inLanguage":"hu"},{"@type":"Organization","@id":"https:\/\/www.ab2pro.com\/hu\/#organization","name":"AB2PRO","url":"https:\/\/www.ab2pro.com\/hu\/","logo":{"@type":"ImageObject","inLanguage":"hu","@id":"https:\/\/www.ab2pro.com\/hu\/#\/schema\/logo\/image\/","url":"https:\/\/www.ab2pro.com\/wp-content\/uploads\/2020\/11\/logo-profil.png","contentUrl":"https:\/\/www.ab2pro.com\/wp-content\/uploads\/2020\/11\/logo-profil.png","width":230,"height":47,"caption":"AB2PRO"},"image":{"@id":"https:\/\/www.ab2pro.com\/hu\/#\/schema\/logo\/image\/"}}]}},"_links":{"self":[{"href":"https:\/\/www.ab2pro.com\/hu\/wp-json\/wp\/v2\/pages\/6413","targetHints":{"allow":["GET"]}}],"collection":[{"href":"https:\/\/www.ab2pro.com\/hu\/wp-json\/wp\/v2\/pages"}],"about":[{"href":"https:\/\/www.ab2pro.com\/hu\/wp-json\/wp\/v2\/types\/page"}],"author":[{"embeddable":true,"href":"https:\/\/www.ab2pro.com\/hu\/wp-json\/wp\/v2\/users\/1"}],"replies":[{"embeddable":true,"href":"https:\/\/www.ab2pro.com\/hu\/wp-json\/wp\/v2\/comments?post=6413"}],"version-history":[{"count":0,"href":"https:\/\/www.ab2pro.com\/hu\/wp-json\/wp\/v2\/pages\/6413\/revisions"}],"wp:attachment":[{"href":"https:\/\/www.ab2pro.com\/hu\/wp-json\/wp\/v2\/media?parent=6413"}],"curies":[{"name":"wp","href":"https:\/\/api.w.org\/{rel}","templated":true}]}}