
{"id":70407,"date":"2024-07-17T14:39:37","date_gmt":"2024-07-17T12:39:37","guid":{"rendered":"https:\/\/www.ab2pro.com\/befejezett-regisztracio\/"},"modified":"2024-07-17T16:30:58","modified_gmt":"2024-07-17T14:30:58","slug":"befejezett-regisztracio","status":"publish","type":"page","link":"https:\/\/www.ab2pro.com\/hu\/befejezett-regisztracio\/","title":{"rendered":"Befejezett regisztr\u00e1ci\u00f3"},"content":{"rendered":"<p>[vc_row el_id=&#8221;bandeau-page&#8221; css=&#8221;.vc_custom_1718705783025{background-image: url(https:\/\/www.ab2pro.com\/wp-content\/uploads\/2020\/11\/bandeau-offres.jpg?id=4442) !important;}&#8221; el_class=&#8221;bandeau-page-connexion&#8221;][vc_column][vc_column_text]<\/p>\n<h1>A regisztr\u00e1ci\u00f3 befejez\u0151d\u00f6tt !<\/h1>\n<p>[\/vc_column_text][\/vc_column][\/vc_row][vc_row el_class=&#8221;wrap-merci&#8221;][vc_column][vc_column_text]<\/p>\n<h2>K\u00f6sz\u00f6nj\u00fck !<\/h2>\n<p>J\u00f6v\u0151beli munkav\u00e1llal\u00f3ink sz\u00e1m\u00e1ra,<\/p>\n<p>a regisztr\u00e1ci\u00f3d sikeres volt, egy toborz\u00f3 koll\u00e9g\u00e1nk 48 \u00f3r\u00e1n bel\u00fcl felveszi veled a kapcsolatot.<\/p>\n<p>Amennyiben k\u00e9rd\u00e9s mer\u00fcl fel vagy tov\u00e1bbi inform\u00e1ci\u00f3ra van sz\u00fcks\u00e9ged, ne habozz felvenni vel\u00fcnk a kapcsolatot !<\/p>\n<p>\u00dcdv\u00f6zl\u00fcnk a csapatunkban !<\/p>\n<p>AB2PROCSAPAT[\/vc_column_text][vc_btn title=&#8221;Vissza az \u00e1ll\u00e1slehet\u0151s\u00e9gekhez&#8221; link=&#8221;url:https%3A%2F%2Fwww.ab2pro.com%2Fhu%2Fallaslehetoseg%2F|title:%C3%81ll%C3%A1slehet%C5%91s%C3%A9gek|&#8221;][\/vc_column][\/vc_row]<\/p>\n","protected":false},"excerpt":{"rendered":"<p>[vc_row el_id=&#8221;bandeau-page&#8221; css=&#8221;.vc_custom_1718705783025{background-image: url(https:\/\/www.ab2pro.com\/wp-content\/uploads\/2020\/11\/bandeau-offres.jpg?id=4442) !important;}&#8221; el_class=&#8221;bandeau-page-connexion&#8221;][vc_column][vc_column_text] A regisztr\u00e1ci\u00f3 befejez\u0151d\u00f6tt ! [\/vc_column_text][\/vc_column][\/vc_row][vc_row el_class=&#8221;wrap-merci&#8221;][vc_column][vc_column_text] K\u00f6sz\u00f6nj\u00fck ! J\u00f6v\u0151beli munkav\u00e1llal\u00f3ink sz\u00e1m\u00e1ra, a regisztr\u00e1ci\u00f3d sikeres [&hellip;]<\/p>\n","protected":false},"author":1,"featured_media":0,"parent":0,"menu_order":0,"comment_status":"closed","ping_status":"closed","template":"","meta":{"_acf_changed":false,"footnotes":""},"class_list":["post-70407","page","type-page","status-publish","hentry"],"acf":[],"yoast_head":"<!-- This site is optimized with the Yoast SEO plugin v26.8 - https:\/\/yoast.com\/product\/yoast-seo-wordpress\/ -->\n<title>Befejezett regisztr\u00e1ci\u00f3 - AB2PRO<\/title>\n<meta name=\"description\" content=\"Befejezett regisztr\u00e1ci\u00f3 - AB2PRO\" \/>\n<meta name=\"robots\" content=\"index, follow, max-snippet:-1, max-image-preview:large, max-video-preview:-1\" \/>\n<link rel=\"canonical\" href=\"https:\/\/www.ab2pro.com\/hu\/befejezett-regisztracio\/\" \/>\n<meta property=\"og:locale\" content=\"hu_HU\" \/>\n<meta property=\"og:type\" content=\"article\" \/>\n<meta property=\"og:title\" content=\"Befejezett regisztr\u00e1ci\u00f3 - AB2PRO\" \/>\n<meta property=\"og:description\" content=\"Befejezett regisztr\u00e1ci\u00f3 - AB2PRO\" \/>\n<meta property=\"og:url\" content=\"https:\/\/www.ab2pro.com\/hu\/befejezett-regisztracio\/\" \/>\n<meta property=\"og:site_name\" content=\"AB2PRO\" \/>\n<meta property=\"article:modified_time\" content=\"2024-07-17T14:30:58+00:00\" \/>\n<meta property=\"og:image\" content=\"https:\/\/www.ab2pro.com\/wp-content\/uploads\/2020\/11\/fond-home.jpg\" \/>\n\t<meta property=\"og:image:width\" content=\"1920\" \/>\n\t<meta property=\"og:image:height\" content=\"600\" \/>\n\t<meta property=\"og:image:type\" content=\"image\/jpeg\" \/>\n<meta name=\"twitter:card\" content=\"summary_large_image\" \/>\n<meta name=\"twitter:label1\" content=\"Becs\u00fclt olvas\u00e1si id\u0151\" \/>\n\t<meta name=\"twitter:data1\" content=\"1 perc\" \/>\n<script type=\"application\/ld+json\" class=\"yoast-schema-graph\">{\"@context\":\"https:\/\/schema.org\",\"@graph\":[{\"@type\":\"WebPage\",\"@id\":\"https:\/\/www.ab2pro.com\/hu\/befejezett-regisztracio\/\",\"url\":\"https:\/\/www.ab2pro.com\/hu\/befejezett-regisztracio\/\",\"name\":\"Befejezett regisztr\u00e1ci\u00f3 - AB2PRO\",\"isPartOf\":{\"@id\":\"https:\/\/www.ab2pro.com\/hu\/#website\"},\"datePublished\":\"2024-07-17T12:39:37+00:00\",\"dateModified\":\"2024-07-17T14:30:58+00:00\",\"description\":\"Befejezett regisztr\u00e1ci\u00f3 - AB2PRO\",\"breadcrumb\":{\"@id\":\"https:\/\/www.ab2pro.com\/hu\/befejezett-regisztracio\/#breadcrumb\"},\"inLanguage\":\"hu\",\"potentialAction\":[{\"@type\":\"ReadAction\",\"target\":[\"https:\/\/www.ab2pro.com\/hu\/befejezett-regisztracio\/\"]}]},{\"@type\":\"BreadcrumbList\",\"@id\":\"https:\/\/www.ab2pro.com\/hu\/befejezett-regisztracio\/#breadcrumb\",\"itemListElement\":[{\"@type\":\"ListItem\",\"position\":1,\"name\":\"Accueil\",\"item\":\"https:\/\/www.ab2pro.com\/hu\/\"},{\"@type\":\"ListItem\",\"position\":2,\"name\":\"Befejezett regisztr\u00e1ci\u00f3\"}]},{\"@type\":\"WebSite\",\"@id\":\"https:\/\/www.ab2pro.com\/hu\/#website\",\"url\":\"https:\/\/www.ab2pro.com\/hu\/\",\"name\":\"AB2PRO\",\"description\":\"Agence d&#039;emploi sp\u00e9cialis\u00e9e dans le recrutement de travailleurs europ\u00e9ens\",\"publisher\":{\"@id\":\"https:\/\/www.ab2pro.com\/hu\/#organization\"},\"potentialAction\":[{\"@type\":\"SearchAction\",\"target\":{\"@type\":\"EntryPoint\",\"urlTemplate\":\"https:\/\/www.ab2pro.com\/hu\/?s={search_term_string}\"},\"query-input\":{\"@type\":\"PropertyValueSpecification\",\"valueRequired\":true,\"valueName\":\"search_term_string\"}}],\"inLanguage\":\"hu\"},{\"@type\":\"Organization\",\"@id\":\"https:\/\/www.ab2pro.com\/hu\/#organization\",\"name\":\"AB2PRO\",\"url\":\"https:\/\/www.ab2pro.com\/hu\/\",\"logo\":{\"@type\":\"ImageObject\",\"inLanguage\":\"hu\",\"@id\":\"https:\/\/www.ab2pro.com\/hu\/#\/schema\/logo\/image\/\",\"url\":\"https:\/\/www.ab2pro.com\/wp-content\/uploads\/2020\/11\/logo-profil.png\",\"contentUrl\":\"https:\/\/www.ab2pro.com\/wp-content\/uploads\/2020\/11\/logo-profil.png\",\"width\":230,\"height\":47,\"caption\":\"AB2PRO\"},\"image\":{\"@id\":\"https:\/\/www.ab2pro.com\/hu\/#\/schema\/logo\/image\/\"}}]}<\/script>\n<!-- \/ Yoast SEO plugin. -->","yoast_head_json":{"title":"Befejezett regisztr\u00e1ci\u00f3 - AB2PRO","description":"Befejezett regisztr\u00e1ci\u00f3 - AB2PRO","robots":{"index":"index","follow":"follow","max-snippet":"max-snippet:-1","max-image-preview":"max-image-preview:large","max-video-preview":"max-video-preview:-1"},"canonical":"https:\/\/www.ab2pro.com\/hu\/befejezett-regisztracio\/","og_locale":"hu_HU","og_type":"article","og_title":"Befejezett regisztr\u00e1ci\u00f3 - AB2PRO","og_description":"Befejezett regisztr\u00e1ci\u00f3 - AB2PRO","og_url":"https:\/\/www.ab2pro.com\/hu\/befejezett-regisztracio\/","og_site_name":"AB2PRO","article_modified_time":"2024-07-17T14:30:58+00:00","og_image":[{"width":1920,"height":600,"url":"https:\/\/www.ab2pro.com\/wp-content\/uploads\/2020\/11\/fond-home.jpg","type":"image\/jpeg"}],"twitter_card":"summary_large_image","twitter_misc":{"Becs\u00fclt olvas\u00e1si id\u0151":"1 perc"},"schema":{"@context":"https:\/\/schema.org","@graph":[{"@type":"WebPage","@id":"https:\/\/www.ab2pro.com\/hu\/befejezett-regisztracio\/","url":"https:\/\/www.ab2pro.com\/hu\/befejezett-regisztracio\/","name":"Befejezett regisztr\u00e1ci\u00f3 - AB2PRO","isPartOf":{"@id":"https:\/\/www.ab2pro.com\/hu\/#website"},"datePublished":"2024-07-17T12:39:37+00:00","dateModified":"2024-07-17T14:30:58+00:00","description":"Befejezett regisztr\u00e1ci\u00f3 - AB2PRO","breadcrumb":{"@id":"https:\/\/www.ab2pro.com\/hu\/befejezett-regisztracio\/#breadcrumb"},"inLanguage":"hu","potentialAction":[{"@type":"ReadAction","target":["https:\/\/www.ab2pro.com\/hu\/befejezett-regisztracio\/"]}]},{"@type":"BreadcrumbList","@id":"https:\/\/www.ab2pro.com\/hu\/befejezett-regisztracio\/#breadcrumb","itemListElement":[{"@type":"ListItem","position":1,"name":"Accueil","item":"https:\/\/www.ab2pro.com\/hu\/"},{"@type":"ListItem","position":2,"name":"Befejezett regisztr\u00e1ci\u00f3"}]},{"@type":"WebSite","@id":"https:\/\/www.ab2pro.com\/hu\/#website","url":"https:\/\/www.ab2pro.com\/hu\/","name":"AB2PRO","description":"Agence d&#039;emploi sp\u00e9cialis\u00e9e dans le recrutement de travailleurs europ\u00e9ens","publisher":{"@id":"https:\/\/www.ab2pro.com\/hu\/#organization"},"potentialAction":[{"@type":"SearchAction","target":{"@type":"EntryPoint","urlTemplate":"https:\/\/www.ab2pro.com\/hu\/?s={search_term_string}"},"query-input":{"@type":"PropertyValueSpecification","valueRequired":true,"valueName":"search_term_string"}}],"inLanguage":"hu"},{"@type":"Organization","@id":"https:\/\/www.ab2pro.com\/hu\/#organization","name":"AB2PRO","url":"https:\/\/www.ab2pro.com\/hu\/","logo":{"@type":"ImageObject","inLanguage":"hu","@id":"https:\/\/www.ab2pro.com\/hu\/#\/schema\/logo\/image\/","url":"https:\/\/www.ab2pro.com\/wp-content\/uploads\/2020\/11\/logo-profil.png","contentUrl":"https:\/\/www.ab2pro.com\/wp-content\/uploads\/2020\/11\/logo-profil.png","width":230,"height":47,"caption":"AB2PRO"},"image":{"@id":"https:\/\/www.ab2pro.com\/hu\/#\/schema\/logo\/image\/"}}]}},"_links":{"self":[{"href":"https:\/\/www.ab2pro.com\/hu\/wp-json\/wp\/v2\/pages\/70407","targetHints":{"allow":["GET"]}}],"collection":[{"href":"https:\/\/www.ab2pro.com\/hu\/wp-json\/wp\/v2\/pages"}],"about":[{"href":"https:\/\/www.ab2pro.com\/hu\/wp-json\/wp\/v2\/types\/page"}],"author":[{"embeddable":true,"href":"https:\/\/www.ab2pro.com\/hu\/wp-json\/wp\/v2\/users\/1"}],"replies":[{"embeddable":true,"href":"https:\/\/www.ab2pro.com\/hu\/wp-json\/wp\/v2\/comments?post=70407"}],"version-history":[{"count":0,"href":"https:\/\/www.ab2pro.com\/hu\/wp-json\/wp\/v2\/pages\/70407\/revisions"}],"wp:attachment":[{"href":"https:\/\/www.ab2pro.com\/hu\/wp-json\/wp\/v2\/media?parent=70407"}],"curies":[{"name":"wp","href":"https:\/\/api.w.org\/{rel}","templated":true}]}}