
{"id":46844,"date":"2023-09-15T17:28:06","date_gmt":"2023-09-15T15:28:06","guid":{"rendered":"https:\/\/www.ab2pro.com\/?page_id=46844"},"modified":"2024-01-11T10:19:11","modified_gmt":"2024-01-11T09:19:11","slug":"regulamin-konkursu-polecen-wrzesien-2023","status":"publish","type":"page","link":"https:\/\/www.ab2pro.com\/pl\/regulamin-konkursu-polecen-wrzesien-2023\/","title":{"rendered":"Zasady konkursu REKOMENDACJA 2024"},"content":{"rendered":"<p>[vc_row el_class=&#8221;docs&#8221;][vc_column][vc_column_text]<\/p>\n<h2>Zasady konkursu REKOMENDACJA 2024<\/h2>\n<p>[\/vc_column_text][vc_column_text]<\/p>\n<h3><strong>Artyku\u0142 1 : Uczestnicy<\/strong><\/h3>\n<p>PALMA FRANCE, sp\u00f3\u0142ka z kapita\u0142em w wysoko\u015bci 1 000 000,00 \u20ac, zwana dalej &#8222;sp\u00f3\u0142k\u0105 organizuj\u0105c\u0105&#8221;, z siedzib\u0105 pod adresem 4 rue des douelles &#8211; BOUAYE, zarejestrowana pod numerem 508 436 110 R.C.S. Nantes, organizuje bezp\u0142atn\u0105 gr\u0119 bez obowi\u0105zku zakupu od 28.08.2023 r. do 12.02.2024 r. do godziny 23:59.<\/p>\n<p>Ta darmowa gra, niezwi\u0105zana z \u017cadnym obowi\u0105zkiem zakupu, jest wy\u0142\u0105cznie przeznaczona dla pracownik\u00f3w tymczasowych wykonuj\u0105cych misje w trakcie trwania konkursu. S\u0105 wy\u0142\u0105czone z udzia\u0142u w grze osoby nie spe\u0142niaj\u0105ce powy\u017cszych warunk\u00f3w, a tak\u017ce cz\u0142onkowie zarz\u0105du, pracownicy centrali, dzia\u0142u kadr, pracownicy agencji oraz wszyscy, kt\u00f3rzy bezpo\u015brednio lub po\u015brednio brali udzia\u0142 w opracowywaniu, realizacji lub zarz\u0105dzaniu gr\u0105, a tak\u017ce ich ma\u0142\u017conkowie i cz\u0142onkowie rodziny: wst\u0119pni i zst\u0119pni lub inne osoby spokrewnione, \u017cyj\u0105ce lub niepod tym samym dachem. Soci\u00e9t\u00e9 organisatrice zastrzega sobie prawo do \u017c\u0105dania od ka\u017cdego uczestnika potwierdzenia spe\u0142nienia powy\u017cszych warunk\u00f3w. Osoba, kt\u00f3ra nie spe\u0142nia tych warunk\u00f3w lub odmawia ich potwierdzenia, zostanie wy\u0142\u0105czona z gry i nie b\u0119dzie mog\u0142a skorzysta\u0107 z wygranej w przypadku jej otrzymania. Tylko jedno zg\u0142oszenie na osob\u0119 jest dozwolone. Organizator zastrzega sobie prawo do dokonania wszelkich weryfikacji w celu sprawdzenia przestrzegania tej zasady.<br \/>\nUdzia\u0142 w grze oznacza pe\u0142ne akceptowanie obecnego regulaminu.[\/vc_column_text][vc_column_text]<\/p>\n<h3>Artyku\u0142 2 : Warunki uczestnictwa<\/h3>\n<p>Konkurs potrwa do 12 lutego 2024 r. i we\u017amie pod uwag\u0119 wszystkich pracownik\u00f3w tymczasowych sponsorowanych od 28 sierpnia 2023 r., kt\u00f3rzy od tego dnia wykonali zlecenie obejmuj\u0105ce co najmniej 100 godzin pracy. Od 12 lutego 2024 r. sponsorzy nie b\u0119d\u0105 ju\u017c brani pod uwag\u0119 w tym konkursie.<\/p>\n<p>Konkurs nagradza wszystkich uczestnik\u00f3w, kt\u00f3rzy polecaj\u0105 co najmniej 1 pracownika tymczasowego, kt\u00f3ry wykona\u0142 co najmniej 100 godzin pracy, kurtk\u0105 Parka 4-w-1.<\/p>\n<p>Dodatkowo, 3 uczestnik\u00f3w zostan\u0105 wylosowani, aby wygra\u0107:<\/p>\n<ul>\n<li>laptop o maksymalnej warto\u015bci 1000 \u20ac<\/li>\n<li>smartfon o maksymalnej warto\u015bci 800 \u20ac<\/li>\n<li>tablet o maksymalnej warto\u015bci 500 \u20ac<\/li>\n<\/ul>\n<p>Nagrody s\u0105 przyznawane zgodnie z nast\u0119puj\u0105cymi zasadami :<\/p>\n<ul>\n<li>Podanie prawid\u0142owych informacji telefonicznych i mailowych w odpowiednim formularzu na stronie internetowej Organizatora.<\/li>\n<li>\u017be polecony pracownik tymczasowy wykona\u0142 co najmniej jedn\u0105 misj\u0119 o minimalnym wymiarze 100 godzin po dacie polecania, pracuj\u0105c jako pracownik tymczasowy w ramach Organizatora.<\/li>\n<li>Jedno polecenie = jedno losowanie, wi\u0119c im wi\u0119cej polecasz, tym wi\u0119ksze masz szanse na wygran\u0105.<\/li>\n<\/ul>\n<p>Ka\u017cde uczestnictwo zrealizowane w sprzeczno\u015bci z postanowieniami niniejszego regulaminu<br \/>\nRegulamin uczyni uczestnictwo niewa\u017cnym. Ka\u017cdy uczestnik podejrzewany o oszustwo<br \/>\nmo\u017ce zosta\u0107 wykluczony z konkursu przez Organizatora, bez konieczno\u015bci udzielania przez niego uzasadnienia. Ka\u017cda niekompletna, b\u0142\u0119dna lub nieczytelna identyfikacja lub uczestnictwo, celowe lub niecelowe, lub dokonane w innej formie ni\u017c przewidziana w niniejszym regulaminie, zostanie uwa\u017cane za niewa\u017cne. Ta sama sankcja b\u0119dzie mia\u0142a zastosowanie w przypadku wielokrotnego uczestnictwa.[\/vc_column_text][vc_column_text]<\/p>\n<h3>Artyku\u0142 3 : Nagroda<\/h3>\n<p>Nagrody w grze to :<\/p>\n<ul>\n<li>Kurtka Parka 4 w 1 dla wszystkich uczestnik\u00f3w, kt\u00f3rzy polecali co najmniej jednego pracownika tymczasowego, kt\u00f3ry odpracowa\u0142 co najmniej 100 godzin pracy<\/li>\n<\/ul>\n<p>3 uczestnik\u00f3w zostanie wylosowanych do wygrania :<\/p>\n<ul>\n<li>laptop o maksymalnej warto\u015bci 1000 \u20ac<\/li>\n<li>smartfon o maksymalnej warto\u015bci 800 \u20ac<\/li>\n<li>tablet o maksymalnej warto\u015bci 500 \u20ac<\/li>\n<\/ul>\n<p>Warto\u015b\u0107 nagr\u00f3d jest ustalana w chwili redakcji niniejszego regulaminu i nie mo\u017ce by\u0107 przedmiotem sporu co do jej oceny. Wszystkie koszty poniesione po zako\u0144czeniu gry, zw\u0142aszcza koszty zwi\u0105zane z konserwacj\u0105 i u\u017cytkowaniem nagr\u00f3d, s\u0105 w ca\u0142o\u015bci ponoszone przez zwyci\u0119zc\u00f3w.[\/vc_column_text][vc_column_text]<\/p>\n<h3><strong>Artyku\u0142 4 : Wyb\u00f3r zwyci\u0119zc\u00f3w<\/strong><\/h3>\n<p>Konkurs zako\u0144czy si\u0119 12 lutego 2024 r. \u017baden sponsoring, kt\u00f3ry wp\u0142ynie po tej dacie, nie b\u0119dzie brany pod uwag\u0119. Losowanie 3 dodatkowych nagr\u00f3d odb\u0119dzie si\u0119 6 marca 2024 r.[\/vc_column_text][vc_column_text]<\/p>\n<h3>Artyku\u0142 5 : Og\u0142oszenie zwyci\u0119zcy<\/h3>\n<p>Ze zwyci\u0119zcami skontaktuje si\u0119 ich specjalista ds. rekrutacji od 8 marca 2024 r.[\/vc_column_text][vc_column_text]<\/p>\n<h3>Artyku\u0142 6 : Przekazanie nagrody<\/h3>\n<p>Nagrody mo\u017cna odebra\u0107 od specjalist\u00f3w ds. rekrutacji lub bezpo\u015brednio w agencji, do kt\u00f3rej jest przypisany pracownik tymczasowy.<br \/>\nJe\u015bli nagroda nie zostanie przekazana przed 30 czerwca 2024 r., zwyci\u0119zca nie b\u0119dzie ju\u017c do niej uprawniony.<br \/>\nZwyci\u0119zcy zobowi\u0105zuj\u0105 si\u0119 akceptowa\u0107 nagrody w formie, w jakiej s\u0105 one proponowane, bez mo\u017cliwo\u015bci wymiany, zw\u0142aszcza na got\u00f3wk\u0119, inne towary lub us\u0142ugi<br \/>\njakiejkolwiek natury, ani przekazywania korzy\u015bci osobie trzeciej.<br \/>\nR\u00f3wnie\u017c te nagrody nie mog\u0105 by\u0107 przedmiotem \u017c\u0105dania odszkodowania.<br \/>\nFirma organizuj\u0105ca zastrzega sobie prawo, w przypadku wyst\u0105pienia zdarzenia niezale\u017cnego od jej woli, zw\u0142aszcza zwi\u0105zanego z dostawcami lub nieprzewidywalnych okoliczno\u015bci, do zast\u0105pienia og\u0142oszonej nagrody r\u00f3wnowa\u017cn\u0105 nagrod\u0105. Zwyci\u0119zcy zostan\u0105 poinformowani o ewentualnych zmianach.[\/vc_column_text][vc_column_text]<\/p>\n<h3>Artyku\u0142 7 : Wykorzystanie danych osobowych uczestnik\u00f3w<\/h3>\n<p>Informacje uczestnik\u00f3w i przekazywane dane kandydat\u00f3w<br \/>\nDane potencjalnych uczestnik\u00f3w s\u0105 rejestrowane i wykorzystywane przez Organizatora w celu zapami\u0119tania ich udzia\u0142u w konkursie, umo\u017cliwienia przyznania nagr\u00f3d oraz nawi\u0105zania kontaktu z potencjalnymi kandydatami na stanowisko pracownika tymczasowego w Organizacji.<br \/>\nUczestnicy konkursu musz\u0105 upewni\u0107 si\u0119, \u017ce uzyskali zgod\u0119 na przekazanie Organizatorowi danych kontaktowych potencjalnych kandydat\u00f3w.<br \/>\nInformacje uczestnik\u00f3w oraz dane potencjalnych kandydat\u00f3w nie mog\u0105 by\u0107 wykorzystywane do cel\u00f3w marketingu i reklamy<br \/>\nlub dzia\u0142a\u0144 public relations. Zgodnie z Ustaw\u0105 o Ochronie Danych Osobowych w jej ostatniej wersji oraz Rozporz\u0105dzeniem Parlamentu Europejskiego i Rady (UE) 2016\/679 z dnia 27 kwietnia 2016 r. w sprawie ochrony os\u00f3b fizycznych w zwi\u0105zku z przetwarzaniem danych osobowych i w sprawie swobodnego przep\u0142ywu takich danych (RODO), uczestnik ma prawo do \u017c\u0105dania dost\u0119pu do swoich danych, ich poprawienia, usuni\u0119cia, ograniczenia przetwarzania, przenoszenia danych, sprzeciwu oraz cofni\u0119cia zgody, kontaktuj\u0105c si\u0119 listownie z &#8222;Organizatorem&#8221;, kt\u00f3rego adres jest podany w artykule 1.[\/vc_column_text][\/vc_column][\/vc_row]<\/p>\n","protected":false},"excerpt":{"rendered":"<p>[vc_row el_class=&#8221;docs&#8221;][vc_column][vc_column_text] Zasady konkursu REKOMENDACJA 2024 [\/vc_column_text][vc_column_text] Artyku\u0142 1 : Uczestnicy PALMA FRANCE, sp\u00f3\u0142ka z kapita\u0142em w wysoko\u015bci 1 000 [&hellip;]<\/p>\n","protected":false},"author":9,"featured_media":0,"parent":0,"menu_order":0,"comment_status":"closed","ping_status":"closed","template":"","meta":{"_acf_changed":false,"footnotes":""},"class_list":["post-46844","page","type-page","status-publish","hentry"],"acf":[],"yoast_head":"<!-- This site is optimized with the Yoast SEO plugin v26.8 - https:\/\/yoast.com\/product\/yoast-seo-wordpress\/ -->\n<title>Zasady konkursu REKOMENDACJA 2024 - AB2PRO<\/title>\n<meta name=\"description\" content=\"Zasady konkursu REKOMENDACJA 2024 - AB2PRO\" \/>\n<meta name=\"robots\" content=\"index, follow, max-snippet:-1, max-image-preview:large, max-video-preview:-1\" \/>\n<link rel=\"canonical\" href=\"https:\/\/www.ab2pro.com\/pl\/regulamin-konkursu-polecen-wrzesien-2023\/\" \/>\n<meta property=\"og:locale\" content=\"pl_PL\" \/>\n<meta property=\"og:type\" content=\"article\" \/>\n<meta property=\"og:title\" content=\"Zasady konkursu REKOMENDACJA 2024 - AB2PRO\" \/>\n<meta property=\"og:description\" content=\"Zasady konkursu REKOMENDACJA 2024 - AB2PRO\" \/>\n<meta property=\"og:url\" content=\"https:\/\/www.ab2pro.com\/pl\/regulamin-konkursu-polecen-wrzesien-2023\/\" \/>\n<meta property=\"og:site_name\" content=\"AB2PRO\" \/>\n<meta property=\"article:modified_time\" content=\"2024-01-11T09:19:11+00:00\" \/>\n<meta property=\"og:image\" content=\"https:\/\/www.ab2pro.com\/wp-content\/uploads\/2020\/11\/fond-home.jpg\" \/>\n\t<meta property=\"og:image:width\" content=\"1920\" \/>\n\t<meta property=\"og:image:height\" content=\"600\" \/>\n\t<meta property=\"og:image:type\" content=\"image\/jpeg\" \/>\n<meta name=\"twitter:card\" content=\"summary_large_image\" \/>\n<meta name=\"twitter:label1\" content=\"Szacowany czas czytania\" \/>\n\t<meta name=\"twitter:data1\" content=\"5 minut\" \/>\n<script type=\"application\/ld+json\" class=\"yoast-schema-graph\">{\"@context\":\"https:\/\/schema.org\",\"@graph\":[{\"@type\":\"WebPage\",\"@id\":\"https:\/\/www.ab2pro.com\/pl\/regulamin-konkursu-polecen-wrzesien-2023\/\",\"url\":\"https:\/\/www.ab2pro.com\/pl\/regulamin-konkursu-polecen-wrzesien-2023\/\",\"name\":\"Zasady konkursu REKOMENDACJA 2024 - AB2PRO\",\"isPartOf\":{\"@id\":\"https:\/\/www.ab2pro.com\/pl\/#website\"},\"datePublished\":\"2023-09-15T15:28:06+00:00\",\"dateModified\":\"2024-01-11T09:19:11+00:00\",\"description\":\"Zasady konkursu REKOMENDACJA 2024 - AB2PRO\",\"breadcrumb\":{\"@id\":\"https:\/\/www.ab2pro.com\/pl\/regulamin-konkursu-polecen-wrzesien-2023\/#breadcrumb\"},\"inLanguage\":\"pl-PL\",\"potentialAction\":[{\"@type\":\"ReadAction\",\"target\":[\"https:\/\/www.ab2pro.com\/pl\/regulamin-konkursu-polecen-wrzesien-2023\/\"]}]},{\"@type\":\"BreadcrumbList\",\"@id\":\"https:\/\/www.ab2pro.com\/pl\/regulamin-konkursu-polecen-wrzesien-2023\/#breadcrumb\",\"itemListElement\":[{\"@type\":\"ListItem\",\"position\":1,\"name\":\"Accueil\",\"item\":\"https:\/\/www.ab2pro.com\/pl\/\"},{\"@type\":\"ListItem\",\"position\":2,\"name\":\"Zasady konkursu REKOMENDACJA 2024\"}]},{\"@type\":\"WebSite\",\"@id\":\"https:\/\/www.ab2pro.com\/pl\/#website\",\"url\":\"https:\/\/www.ab2pro.com\/pl\/\",\"name\":\"AB2PRO\",\"description\":\"Agence d&#039;emploi sp\u00e9cialis\u00e9e dans le recrutement de travailleurs europ\u00e9ens\",\"publisher\":{\"@id\":\"https:\/\/www.ab2pro.com\/pl\/#organization\"},\"potentialAction\":[{\"@type\":\"SearchAction\",\"target\":{\"@type\":\"EntryPoint\",\"urlTemplate\":\"https:\/\/www.ab2pro.com\/pl\/?s={search_term_string}\"},\"query-input\":{\"@type\":\"PropertyValueSpecification\",\"valueRequired\":true,\"valueName\":\"search_term_string\"}}],\"inLanguage\":\"pl-PL\"},{\"@type\":\"Organization\",\"@id\":\"https:\/\/www.ab2pro.com\/pl\/#organization\",\"name\":\"AB2PRO\",\"url\":\"https:\/\/www.ab2pro.com\/pl\/\",\"logo\":{\"@type\":\"ImageObject\",\"inLanguage\":\"pl-PL\",\"@id\":\"https:\/\/www.ab2pro.com\/pl\/#\/schema\/logo\/image\/\",\"url\":\"https:\/\/www.ab2pro.com\/wp-content\/uploads\/2020\/11\/logo-profil.png\",\"contentUrl\":\"https:\/\/www.ab2pro.com\/wp-content\/uploads\/2020\/11\/logo-profil.png\",\"width\":230,\"height\":47,\"caption\":\"AB2PRO\"},\"image\":{\"@id\":\"https:\/\/www.ab2pro.com\/pl\/#\/schema\/logo\/image\/\"}}]}<\/script>\n<!-- \/ Yoast SEO plugin. -->","yoast_head_json":{"title":"Zasady konkursu REKOMENDACJA 2024 - AB2PRO","description":"Zasady konkursu REKOMENDACJA 2024 - AB2PRO","robots":{"index":"index","follow":"follow","max-snippet":"max-snippet:-1","max-image-preview":"max-image-preview:large","max-video-preview":"max-video-preview:-1"},"canonical":"https:\/\/www.ab2pro.com\/pl\/regulamin-konkursu-polecen-wrzesien-2023\/","og_locale":"pl_PL","og_type":"article","og_title":"Zasady konkursu REKOMENDACJA 2024 - AB2PRO","og_description":"Zasady konkursu REKOMENDACJA 2024 - AB2PRO","og_url":"https:\/\/www.ab2pro.com\/pl\/regulamin-konkursu-polecen-wrzesien-2023\/","og_site_name":"AB2PRO","article_modified_time":"2024-01-11T09:19:11+00:00","og_image":[{"width":1920,"height":600,"url":"https:\/\/www.ab2pro.com\/wp-content\/uploads\/2020\/11\/fond-home.jpg","type":"image\/jpeg"}],"twitter_card":"summary_large_image","twitter_misc":{"Szacowany czas czytania":"5 minut"},"schema":{"@context":"https:\/\/schema.org","@graph":[{"@type":"WebPage","@id":"https:\/\/www.ab2pro.com\/pl\/regulamin-konkursu-polecen-wrzesien-2023\/","url":"https:\/\/www.ab2pro.com\/pl\/regulamin-konkursu-polecen-wrzesien-2023\/","name":"Zasady konkursu REKOMENDACJA 2024 - AB2PRO","isPartOf":{"@id":"https:\/\/www.ab2pro.com\/pl\/#website"},"datePublished":"2023-09-15T15:28:06+00:00","dateModified":"2024-01-11T09:19:11+00:00","description":"Zasady konkursu REKOMENDACJA 2024 - AB2PRO","breadcrumb":{"@id":"https:\/\/www.ab2pro.com\/pl\/regulamin-konkursu-polecen-wrzesien-2023\/#breadcrumb"},"inLanguage":"pl-PL","potentialAction":[{"@type":"ReadAction","target":["https:\/\/www.ab2pro.com\/pl\/regulamin-konkursu-polecen-wrzesien-2023\/"]}]},{"@type":"BreadcrumbList","@id":"https:\/\/www.ab2pro.com\/pl\/regulamin-konkursu-polecen-wrzesien-2023\/#breadcrumb","itemListElement":[{"@type":"ListItem","position":1,"name":"Accueil","item":"https:\/\/www.ab2pro.com\/pl\/"},{"@type":"ListItem","position":2,"name":"Zasady konkursu REKOMENDACJA 2024"}]},{"@type":"WebSite","@id":"https:\/\/www.ab2pro.com\/pl\/#website","url":"https:\/\/www.ab2pro.com\/pl\/","name":"AB2PRO","description":"Agence d&#039;emploi sp\u00e9cialis\u00e9e dans le recrutement de travailleurs europ\u00e9ens","publisher":{"@id":"https:\/\/www.ab2pro.com\/pl\/#organization"},"potentialAction":[{"@type":"SearchAction","target":{"@type":"EntryPoint","urlTemplate":"https:\/\/www.ab2pro.com\/pl\/?s={search_term_string}"},"query-input":{"@type":"PropertyValueSpecification","valueRequired":true,"valueName":"search_term_string"}}],"inLanguage":"pl-PL"},{"@type":"Organization","@id":"https:\/\/www.ab2pro.com\/pl\/#organization","name":"AB2PRO","url":"https:\/\/www.ab2pro.com\/pl\/","logo":{"@type":"ImageObject","inLanguage":"pl-PL","@id":"https:\/\/www.ab2pro.com\/pl\/#\/schema\/logo\/image\/","url":"https:\/\/www.ab2pro.com\/wp-content\/uploads\/2020\/11\/logo-profil.png","contentUrl":"https:\/\/www.ab2pro.com\/wp-content\/uploads\/2020\/11\/logo-profil.png","width":230,"height":47,"caption":"AB2PRO"},"image":{"@id":"https:\/\/www.ab2pro.com\/pl\/#\/schema\/logo\/image\/"}}]}},"_links":{"self":[{"href":"https:\/\/www.ab2pro.com\/pl\/wp-json\/wp\/v2\/pages\/46844","targetHints":{"allow":["GET"]}}],"collection":[{"href":"https:\/\/www.ab2pro.com\/pl\/wp-json\/wp\/v2\/pages"}],"about":[{"href":"https:\/\/www.ab2pro.com\/pl\/wp-json\/wp\/v2\/types\/page"}],"author":[{"embeddable":true,"href":"https:\/\/www.ab2pro.com\/pl\/wp-json\/wp\/v2\/users\/9"}],"replies":[{"embeddable":true,"href":"https:\/\/www.ab2pro.com\/pl\/wp-json\/wp\/v2\/comments?post=46844"}],"version-history":[{"count":0,"href":"https:\/\/www.ab2pro.com\/pl\/wp-json\/wp\/v2\/pages\/46844\/revisions"}],"wp:attachment":[{"href":"https:\/\/www.ab2pro.com\/pl\/wp-json\/wp\/v2\/media?parent=46844"}],"curies":[{"name":"wp","href":"https:\/\/api.w.org\/{rel}","templated":true}]}}