
{"id":7881,"date":"2021-03-01T17:50:17","date_gmt":"2021-03-01T16:50:17","guid":{"rendered":"https:\/\/www.ab2pro.com\/polityka-prywatnosci\/"},"modified":"2021-04-02T17:51:08","modified_gmt":"2021-04-02T15:51:08","slug":"polityka-prywatnosci","status":"publish","type":"page","link":"https:\/\/www.ab2pro.com\/pl\/polityka-prywatnosci\/","title":{"rendered":"Polityka prywatno\u015bci"},"content":{"rendered":"<p>[vc_row el_id=&#8221;bandeau-page&#8221; css=&#8221;.vc_custom_1607699497001{background-image: url(https:\/\/www.ab2pro.com\/wp-content\/uploads\/2020\/12\/Qui-sommes-nous-bandeau-titre.jpg?id=4654) !important;}&#8221;][vc_column][vc_column_text]<\/p>\n<h1>Polityka prywatno\u015bci<\/h1>\n<p>[\/vc_column_text][\/vc_column][\/vc_row][vc_row el_id=&#8221;mentions-legales&#8221;][vc_column][vc_column_text]<\/p>\n<h2>1. Zarz\u0105dzanie danymi osobowymi<\/h2>\n<p>Ochrona danych osobowych stonowi istotny element w kwestii zaufania mi\u0119dzy Palma France i r\u00f3\u017cnymi u\u017cytkownikami strony. W zwi\u0105zku z tym, to zagadnienie jest powa\u017cnie traktowane przez firm\u0119 Palma France.<\/p>\n<p>Aby umo\u017cliwi\u0107 U\u017cytkownikowi dokonywanie \u015bwiadomych wybor\u00f3w dotycz\u0105cych wykorzystania jego danych osobowych, Palma France stara si\u0119 by\u0107 jak najbardziej przejrzysta i wdro\u017cy\u0142a polityk\u0119 zarz\u0105dzania w tym obszarze.<\/p>\n<p>W zwi\u0105zku z tym Palma France postanowi\u0142a wyznaczy\u0107 inspektora ochrony danych (Palma France &#8211; Arthur COUSSEAU, 4 rue des Douelles &#8211; 44830 BOUAYE), kt\u00f3ry wdra\u017ca i weryfikuje prawid\u0142owe stosowanie obowi\u0105zuj\u0105cych przepis\u00f3w dotycz\u0105cych ochrony danych. Dane osobowe, w szczeg\u00f3lno\u015bci w odniesieniu do Ustawa o ochronie danych nr 78-17 z dnia 6 stycznia 1978 r.<\/p>\n<p>Palma France i IOD zapewniaj\u0105 wdro\u017cenie nowego og\u00f3lnego rozporz\u0105dzenia o ochronie danych (RODO) wynikaj\u0105cego z rozporz\u0105dzenia Parlamentu Europejskiego i Rady nr 2016\/679 z dnia 27 kwietnia 2016 r. W sprawie ochrony os\u00f3b fizycznych w zwi\u0105zku z przetwarzaniem danych osobowych oraz swobodny przep\u0142yw takich danych.<\/p>\n<p>Aby jak najlepiej zagwarantowa\u0107 ochron\u0119 danych osobowych, Palma France wdro\u017cy\u0142a r\u00f3wnie\u017c proces kontroli wewn\u0119trznej, a tak\u017ce r\u00f3\u017cne procedury bezpiecze\u0144stwa w celu zapewnienia poufno\u015bci danych osobowych U\u017cytkownik\u00f3w.<\/p>\n<p>Jako po\u015brednicy zaufania, Palma France dok\u0142ada wszelkich stara\u0144, aby zapewni\u0107 bezpiecze\u0144stwo Twoich danych osobowych.<\/p>\n<h3>1.1. Zebrane dane<\/h3>\n<p>Dane dotycz\u0105ce U\u017cytkownik\u00f3w, kt\u00f3re mog\u0105 by\u0107 gromadzone przez Palma France, s\u0105 ograniczone do minimum i dostosowane do r\u00f3\u017cnych cel\u00f3w. S\u0105 one nast\u0119puj\u0105ce:<\/p>\n<p><strong>Dane zbierane przy wysy\u0142aniu kandydatury:<\/strong><\/p>\n<p>Dane to: nazwisko, imi\u0119, adres zamieszkania, data urodzenia, adres e-mail, numer telefonu, poziom kwalifikacji, CV oraz zawarte w nim informacje zawodowe.<\/p>\n<p>Palma France zbiera takie dane tylko za zgod\u0105 kandydat\u00f3w. Niekt\u00f3re z tych danych s\u0105 obowi\u0105zkowe i oznaczone gwiazdk\u0105. Je\u015bli U\u017cytkownik ich nie przeka\u017ce, nie b\u0119dzie m\u00f3g\u0142 uzyska\u0107 dost\u0119pu do Us\u0142ug.<\/p>\n<p><strong>Dane zbierane podczas wysy\u0142ania zapytania o dost\u0119pny personel:<\/strong><\/p>\n<p>Gromadzone dane s\u0105 nast\u0119puj\u0105ce: imi\u0119 i nazwisko, stanowisko, telefon, adres e-mail, profil na Facebooku \/ Messenger.<\/p>\n<p>Palma France zbiera takie dane tylko za zgod\u0105 kandydat\u00f3w. Niekt\u00f3re z tych danych s\u0105 obowi\u0105zkowe i oznaczone gwiazdk\u0105. Je\u015bli U\u017cytkownik ich nie przeka\u017ce, nie b\u0119dzie m\u00f3g\u0142 uzyska\u0107 dost\u0119pu do Us\u0142ug.<\/p>\n<p><strong>Dane o po\u0142\u0105czeniu zbierane podczas \u0142\u0105czenia si\u0119 i korzystania z Strony:<\/strong><\/p>\n<p>Pliki cookie: Pliki cookie s\u0105 u\u017cywane, w ramach korzystania z Witryny, do zbierania okre\u015blonych informacji (w szczeg\u00f3lno\u015bci informacji dotycz\u0105cych komputera u\u017cywanego do przegl\u0105dania, trybu po\u0142\u0105czenia, rodzaju i wersji przegl\u0105darki internetowej, systemu operacyjnego itp. .) Masz mo\u017cliwo\u015b\u0107 dezaktywacji plik\u00f3w Cookies w ustawieniach swojej przegl\u0105darki (patrz: 2. Linki hipertekstowe i pliki cookies).<\/p>\n<h3>1.2. Cele przetwarzania danych<\/h3>\n<p>Przetwarzanie tych Danych jest niezb\u0119dne, aby umo\u017cliwi\u0107 U\u017cytkownikom:<\/p>\n<ul>\n<li>Przes\u0142anie swojej kandydatury na Stronie i wys\u0142anie wiadomo\u015bci do Palma France,<\/li>\n<\/ul>\n<p>Informacje wymagane i gromadzone w Witrynie s\u0142u\u017c\u0105 do rekrutacji Kandydat\u00f3w, komunikacji z Kandydatami i administracyjnego zarz\u0105dzania ich aktami z jednym z naszych Klient\u00f3w.<\/p>\n<p>Przeznaczone s\u0105 wy\u0142\u0105cznie dla Palma France i firm zainteresowanych profilem Kandydat\u00f3w. Dane u\u017cytkownika nie s\u0105 przekazywane stronom trzecim w celach komercyjnych. Niemniej jednak Palma France mo\u017ce by\u0107 zobowi\u0105zana do przekazania Twoich danych organom prawnym, je\u015bli wymaga tego prawo.<\/p>\n<p>Dane o po\u0142\u0105czeniu s\u0105 wykorzystywane do cel\u00f3w statystycznych dotycz\u0105cych przegl\u0105dania stron Witryny i generowanego przez ni\u0105 ruchu.<\/p>\n<p>\u017badna decyzja maj\u0105ca skutki prawne dla U\u017cytkownik\u00f3w nie jest podejmowana poprzez automatyczne przetwarzanie<\/p>\n<h3>1.3. Okres przechowywania danych<\/h3>\n<p>Dane u\u017cytkownika s\u0105 przechowywane przez Palma France przez okres niezb\u0119dny do korzystania z konta Kandydata i \/ lub subskrypcji Us\u0142ug udost\u0119pnionych im przez Palma France.<\/p>\n<p>W celu ochrony Twoich danych osobowych, po uprzednim ostrze\u017ceniu i o ile nie zalecisz inaczej, zostan\u0105 one usuni\u0119te DWANA\u015aCIE (12) miesi\u0119cy od ostatniego po\u0142\u0105czenia lub ostatniego zlecenia \/ rekrutacji przez jednego z naszych Klient\u00f3w.<\/p>\n<h3>1.4. Prawa u\u017cytkownik\u00f3w do danych<\/h3>\n<p>Ka\u017cdy u\u017cytkownik, kt\u00f3ry wys\u0142a\u0142 swoj\u0105 kandydatur\u0119, ma prawo dost\u0119pu do danych, poprawienia ich, ograniczenia i sprzeciwu wobec ich przetwarzania oraz do usuni\u0119cia. U\u017cytkownik ma r\u00f3wnie\u017c prawo do przenoszenia danych, kt\u00f3re go dotycz\u0105, w rozs\u0105dnym czasie i bez nadmiernych koszt\u00f3w, zgodnie z obowi\u0105zuj\u0105cymi przepisami reguluj\u0105cymi ochron\u0119 danych osobowych.<\/p>\n<p>Mo\u017cesz uzyska\u0107 dost\u0119p i modyfikowa\u0107 swoje dane:<\/p>\n<ul>\n<li>bezpo\u015brednio online za po\u015brednictwem zak\u0142adki \u201eSkontaktuj si\u0119 z nami\u201d,<\/li>\n<li>lub poczt\u0105 wysy\u0142aj\u0105c zapytanie na nast\u0119puj\u0105cy adres: Palma France &#8211; Arthur COUSSEAU &#8211; 4 rue des Douelles &#8211; 44830 BOUAYE<\/li>\n<\/ul>\n<p>U\u017cytkownicy s\u0105 jednak informowani, \u017ce w przypadku usuni\u0119cia danych osobowych przez u\u017cytkownika, Palma France nie b\u0119dzie ju\u017c mog\u0142a oferowa\u0107 jego profilu firmom, kt\u00f3re mog\u0105 by\u0107 zainteresowane jego zatrudnieniem.<\/p>\n<p>W ka\u017cdym przypadku u\u017cytkownik mo\u017ce z\u0142o\u017cy\u0107 skarg\u0119 do CNIL (Commission Nationale Informatique et Libert\u00e9s).<\/p>\n<h3>1.5. Bezpiecze\u0144stwo danych osobowych<\/h3>\n<p>Zgodnie z wymogami RODO Palma France wdra\u017ca odpowiednie \u015brodki, aby jak najlepiej chroni\u0107 dane osobowe przed przypadkow\u0105 utrat\u0105, nieuprawnionym dost\u0119pem, wykorzystaniem, zmian\u0105 lub rozpowszechnieniem.<\/p>\n<p>Pomimo do\u0142o\u017cenia wszelkich stara\u0144 w tej sprawie Palma France nie mo\u017ce zagwarantowa\u0107 naruszenia jej systemu komputerowego i Internetu przez nieupowa\u017cnion\u0105 osob\u0119 trzeci\u0105 dzia\u0142aj\u0105c\u0105 w nielegalnych celach.<\/p>\n<h3>1.6. Modyfikacje<\/h3>\n<p>Wersja dost\u0119pna na stronie https:\/\/www.ab2pro.com jest wersj\u0105 informacji prawnych obowi\u0105zuj\u0105cych w dniu po\u0142\u0105czenia. Z wszystkich powod\u00f3w, kt\u00f3re uzna za przydatne, a zw\u0142aszcza w celu lepszego przestrzegania obowi\u0105zuj\u0105cego prawa, Palma France mo\u017ce wprowadzi\u0107 zmiany w tych informacjach prawnych.<\/p>\n<h2>2. Linki hipertekstowe i pliki cookie.<\/h2>\n<p>Witryna zawiera szereg link\u00f3w hipertekstowych do innych witryn, utworzonych za zgod\u0105 firmy Palma France. Jednak Palma France nie ma mo\u017cliwo\u015bci weryfikacji tre\u015bci odwiedzanych w ten spos\u00f3b stron i dlatego nie ponosi za to \u017cadnej odpowiedzialno\u015bci.<\/p>\n<p>Przegl\u0105danie serwisu mo\u017ce powodowa\u0107 instalowanie plik\u00f3w cookies na komputerze u\u017cytkownika. Plik cookie to ma\u0142y plik, kt\u00f3ry nie pozwala na identyfikacj\u0119 u\u017cytkownika, ale rejestruje informacje dotycz\u0105ce nawigacji komputera w witrynie. Uzyskane w ten spos\u00f3b dane maj\u0105 na celu u\u0142atwienie p\u00f3\u017aniejszej nawigacji na stronie, a tak\u017ce maj\u0105 na celu umo\u017cliwienie r\u00f3\u017cnych pomiar\u00f3w obecno\u015bci.<\/p>\n<p>Odmowa instalacji pliku cookie mo\u017ce uniemo\u017cliwi\u0107 dost\u0119p do niekt\u00f3rych us\u0142ug. U\u017cytkownik mo\u017ce jednak skonfigurowa\u0107 sw\u00f3j komputer w nast\u0119puj\u0105cy spos\u00f3b, aby odm\u00f3wi\u0107 instalacji plik\u00f3w cookie:<\/p>\n<ul>\n<li>W przegl\u0105darce Internet Explorer: zak\u0142adka narz\u0119dziowa (piktogram w kszta\u0142cie ko\u0142a z\u0119batego w prawym g\u00f3rnym rogu) \/ opcje internetowe. Kliknij Prywatno\u015b\u0107 i wybierz Blokuj wszystkie pliki cookie. Zatwierd\u017a na Ok.<\/li>\n<li>W przegl\u0105darce Firefox: w g\u00f3rnej cz\u0119\u015bci okna przegl\u0105darki kliknij przycisk Firefox, a nast\u0119pnie przejd\u017a do zak\u0142adki Opcje. Kliknij kart\u0119 Prywatno\u015b\u0107. Skonfiguruj regu\u0142y zachowania: u\u017cyj spersonalizowanych parametr\u00f3w historii. Na koniec usu\u0144 zaznaczenie, aby wy\u0142\u0105czy\u0107 pliki cookie.<\/li>\n<li>W Safari: Kliknij w prawym g\u00f3rnym rogu przegl\u0105darki na piktogram menu (symbolizowany przez trybik). Wybierz opcj\u0119 Ustawienia. Kliknij Poka\u017c ustawienia zaawansowane. W sekcji \u201ePoufno\u015b\u0107\u201d kliknij Ustawienia tre\u015bci. W sekcji \u201ePliki cookie\u201d mo\u017cesz zablokowa\u0107 pliki cookie.<\/li>\n<li>W przegl\u0105darce Chrome: kliknij w prawym g\u00f3rnym rogu przegl\u0105darki piktogram menu (symbolizowany trzema poziomymi liniami). Wybierz opcj\u0119 Ustawienia. Kliknij Poka\u017c ustawienia zaawansowane. W sekcji \u201ePoufno\u015b\u0107\u201d kliknij preferencje. W zak\u0142adce \u201ePoufno\u015b\u0107\u201d mo\u017cesz zablokowa\u0107 ciasteczka.<\/li>\n<\/ul>\n<p>Palma France korzysta z rozwi\u0105zania analitycznego strony trzeciej do odwiedzin, Google Analytics, w celu monitorowania wydajno\u015bci swojej strony internetowej i zachowania jej u\u017cytkownik\u00f3w za pomoc\u0105 plik\u00f3w cookie. Aby mierzy\u0107 sukces naszych zewn\u0119trznych kampanii, u\u017cywamy r\u00f3wnie\u017c plik\u00f3w cookie, aby pozna\u0107 \u017ar\u00f3d\u0142o odwiedzin.<\/p>\n<p>Nie u\u017cywamy \u017cadnych natr\u0119tnych plik\u00f3w cookie do gromadzenia danych osobowych.<\/p>\n<h2>3. Obowi\u0105zuj\u0105ce prawo i przypisanie jurysdykcji<\/h2>\n<p>Wszelkie spory zwi\u0105zane z korzystaniem ze strony podlegaj\u0105 prawu francuskiemu. Wy\u0142\u0105czn\u0105 jurysdykcj\u0119 przypisuje si\u0119 w\u0142a\u015bciwym s\u0105dom w Nantes.<\/p>\n<h2>4. G\u0142\u00f3wne prawa, kt\u00f3rych to dotyczy<\/h2>\n<ul>\n<li>Ustawa nr 78-17 z dnia 6 stycznia 1978 r., W szczeg\u00f3lno\u015bci zmieniona ustaw\u0105 nr 2004-801 z dnia 6 sierpnia 2004 r. W sprawie przetwarzania danych, plik\u00f3w i wolno\u015bci.<\/li>\n<li>Ustawa nr 2004-575 z dnia 21 czerwca 2004 r. O zaufaniu do gospodarki cyfrowej.<\/li>\n<li>Og\u00f3lne rozporz\u0105dzenie o ochronie danych (RGPD wynikaj\u0105ce z Rozporz\u0105dzenia Parlamentu Europejskiego i Rady 2016\/679 z dnia 27 kwietnia 2016 r. W sprawie ochrony os\u00f3b fizycznych w zwi\u0105zku z przetwarzaniem danych osobowych i w sprawie swobodnego przep\u0142ywu tych danych.<\/li>\n<\/ul>\n<h2>5. S\u0142ownictwo<\/h2>\n<p><em>U\u017cytkownik<\/em>: internauta \u0142\u0105cz\u0105cy si\u0119, korzystaj\u0105c z wy\u017cej wymienionej witryny.<\/p>\n<p><em>Dane osobowe:<\/em> \u201einformacje umo\u017cliwiaj\u0105ce w jakiejkolwiek formie, bezpo\u015brednio lub po\u015brednio, identyfikacj\u0119 os\u00f3b fizycznych, kt\u00f3rych dotycz\u0105\u201d (art. 4 ustawy nr 78-17 z 6 stycznia 1978 r.).[\/vc_column_text][\/vc_column][\/vc_row]<\/p>\n","protected":false},"excerpt":{"rendered":"<p>[vc_row el_id=&#8221;bandeau-page&#8221; css=&#8221;.vc_custom_1607699497001{background-image: url(https:\/\/www.ab2pro.com\/wp-content\/uploads\/2020\/12\/Qui-sommes-nous-bandeau-titre.jpg?id=4654) !important;}&#8221;][vc_column][vc_column_text] Polityka prywatno\u015bci [\/vc_column_text][\/vc_column][\/vc_row][vc_row el_id=&#8221;mentions-legales&#8221;][vc_column][vc_column_text] 1. Zarz\u0105dzanie danymi osobowymi Ochrona danych osobowych stonowi istotny element w [&hellip;]<\/p>\n","protected":false},"author":1,"featured_media":0,"parent":0,"menu_order":0,"comment_status":"closed","ping_status":"closed","template":"","meta":{"_acf_changed":false,"footnotes":""},"class_list":["post-7881","page","type-page","status-publish","hentry"],"acf":[],"yoast_head":"<!-- This site is optimized with the Yoast SEO plugin v26.8 - https:\/\/yoast.com\/product\/yoast-seo-wordpress\/ -->\n<title>Polityka prywatno\u015bci - AB2PRO<\/title>\n<meta name=\"description\" content=\"Polityka prywatno\u015bci - AB2PRO\" \/>\n<meta name=\"robots\" content=\"index, follow, max-snippet:-1, max-image-preview:large, max-video-preview:-1\" \/>\n<link rel=\"canonical\" href=\"https:\/\/www.ab2pro.com\/pl\/polityka-prywatnosci\/\" \/>\n<meta property=\"og:locale\" content=\"pl_PL\" \/>\n<meta property=\"og:type\" content=\"article\" \/>\n<meta property=\"og:title\" content=\"Polityka prywatno\u015bci - AB2PRO\" \/>\n<meta property=\"og:description\" content=\"Polityka prywatno\u015bci - AB2PRO\" \/>\n<meta property=\"og:url\" content=\"https:\/\/www.ab2pro.com\/pl\/polityka-prywatnosci\/\" \/>\n<meta property=\"og:site_name\" content=\"AB2PRO\" \/>\n<meta property=\"article:modified_time\" content=\"2021-04-02T15:51:08+00:00\" \/>\n<meta property=\"og:image\" content=\"https:\/\/www.ab2pro.com\/wp-content\/uploads\/2020\/11\/fond-home.jpg\" \/>\n\t<meta property=\"og:image:width\" content=\"1920\" \/>\n\t<meta property=\"og:image:height\" content=\"600\" \/>\n\t<meta property=\"og:image:type\" content=\"image\/jpeg\" \/>\n<meta name=\"twitter:card\" content=\"summary_large_image\" \/>\n<meta name=\"twitter:label1\" content=\"Szacowany czas czytania\" \/>\n\t<meta name=\"twitter:data1\" content=\"8 minut\" \/>\n<script type=\"application\/ld+json\" class=\"yoast-schema-graph\">{\"@context\":\"https:\/\/schema.org\",\"@graph\":[{\"@type\":\"WebPage\",\"@id\":\"https:\/\/www.ab2pro.com\/pl\/polityka-prywatnosci\/\",\"url\":\"https:\/\/www.ab2pro.com\/pl\/polityka-prywatnosci\/\",\"name\":\"Polityka prywatno\u015bci - AB2PRO\",\"isPartOf\":{\"@id\":\"https:\/\/www.ab2pro.com\/pl\/#website\"},\"datePublished\":\"2021-03-01T16:50:17+00:00\",\"dateModified\":\"2021-04-02T15:51:08+00:00\",\"description\":\"Polityka prywatno\u015bci - AB2PRO\",\"breadcrumb\":{\"@id\":\"https:\/\/www.ab2pro.com\/pl\/polityka-prywatnosci\/#breadcrumb\"},\"inLanguage\":\"pl-PL\",\"potentialAction\":[{\"@type\":\"ReadAction\",\"target\":[\"https:\/\/www.ab2pro.com\/pl\/polityka-prywatnosci\/\"]}]},{\"@type\":\"BreadcrumbList\",\"@id\":\"https:\/\/www.ab2pro.com\/pl\/polityka-prywatnosci\/#breadcrumb\",\"itemListElement\":[{\"@type\":\"ListItem\",\"position\":1,\"name\":\"Accueil\",\"item\":\"https:\/\/www.ab2pro.com\/pl\/\"},{\"@type\":\"ListItem\",\"position\":2,\"name\":\"Polityka prywatno\u015bci\"}]},{\"@type\":\"WebSite\",\"@id\":\"https:\/\/www.ab2pro.com\/pl\/#website\",\"url\":\"https:\/\/www.ab2pro.com\/pl\/\",\"name\":\"AB2PRO\",\"description\":\"Agence d&#039;emploi sp\u00e9cialis\u00e9e dans le recrutement de travailleurs europ\u00e9ens\",\"publisher\":{\"@id\":\"https:\/\/www.ab2pro.com\/pl\/#organization\"},\"potentialAction\":[{\"@type\":\"SearchAction\",\"target\":{\"@type\":\"EntryPoint\",\"urlTemplate\":\"https:\/\/www.ab2pro.com\/pl\/?s={search_term_string}\"},\"query-input\":{\"@type\":\"PropertyValueSpecification\",\"valueRequired\":true,\"valueName\":\"search_term_string\"}}],\"inLanguage\":\"pl-PL\"},{\"@type\":\"Organization\",\"@id\":\"https:\/\/www.ab2pro.com\/pl\/#organization\",\"name\":\"AB2PRO\",\"url\":\"https:\/\/www.ab2pro.com\/pl\/\",\"logo\":{\"@type\":\"ImageObject\",\"inLanguage\":\"pl-PL\",\"@id\":\"https:\/\/www.ab2pro.com\/pl\/#\/schema\/logo\/image\/\",\"url\":\"https:\/\/www.ab2pro.com\/wp-content\/uploads\/2020\/11\/logo-profil.png\",\"contentUrl\":\"https:\/\/www.ab2pro.com\/wp-content\/uploads\/2020\/11\/logo-profil.png\",\"width\":230,\"height\":47,\"caption\":\"AB2PRO\"},\"image\":{\"@id\":\"https:\/\/www.ab2pro.com\/pl\/#\/schema\/logo\/image\/\"}}]}<\/script>\n<!-- \/ Yoast SEO plugin. -->","yoast_head_json":{"title":"Polityka prywatno\u015bci - AB2PRO","description":"Polityka prywatno\u015bci - AB2PRO","robots":{"index":"index","follow":"follow","max-snippet":"max-snippet:-1","max-image-preview":"max-image-preview:large","max-video-preview":"max-video-preview:-1"},"canonical":"https:\/\/www.ab2pro.com\/pl\/polityka-prywatnosci\/","og_locale":"pl_PL","og_type":"article","og_title":"Polityka prywatno\u015bci - AB2PRO","og_description":"Polityka prywatno\u015bci - AB2PRO","og_url":"https:\/\/www.ab2pro.com\/pl\/polityka-prywatnosci\/","og_site_name":"AB2PRO","article_modified_time":"2021-04-02T15:51:08+00:00","og_image":[{"width":1920,"height":600,"url":"https:\/\/www.ab2pro.com\/wp-content\/uploads\/2020\/11\/fond-home.jpg","type":"image\/jpeg"}],"twitter_card":"summary_large_image","twitter_misc":{"Szacowany czas czytania":"8 minut"},"schema":{"@context":"https:\/\/schema.org","@graph":[{"@type":"WebPage","@id":"https:\/\/www.ab2pro.com\/pl\/polityka-prywatnosci\/","url":"https:\/\/www.ab2pro.com\/pl\/polityka-prywatnosci\/","name":"Polityka prywatno\u015bci - AB2PRO","isPartOf":{"@id":"https:\/\/www.ab2pro.com\/pl\/#website"},"datePublished":"2021-03-01T16:50:17+00:00","dateModified":"2021-04-02T15:51:08+00:00","description":"Polityka prywatno\u015bci - AB2PRO","breadcrumb":{"@id":"https:\/\/www.ab2pro.com\/pl\/polityka-prywatnosci\/#breadcrumb"},"inLanguage":"pl-PL","potentialAction":[{"@type":"ReadAction","target":["https:\/\/www.ab2pro.com\/pl\/polityka-prywatnosci\/"]}]},{"@type":"BreadcrumbList","@id":"https:\/\/www.ab2pro.com\/pl\/polityka-prywatnosci\/#breadcrumb","itemListElement":[{"@type":"ListItem","position":1,"name":"Accueil","item":"https:\/\/www.ab2pro.com\/pl\/"},{"@type":"ListItem","position":2,"name":"Polityka prywatno\u015bci"}]},{"@type":"WebSite","@id":"https:\/\/www.ab2pro.com\/pl\/#website","url":"https:\/\/www.ab2pro.com\/pl\/","name":"AB2PRO","description":"Agence d&#039;emploi sp\u00e9cialis\u00e9e dans le recrutement de travailleurs europ\u00e9ens","publisher":{"@id":"https:\/\/www.ab2pro.com\/pl\/#organization"},"potentialAction":[{"@type":"SearchAction","target":{"@type":"EntryPoint","urlTemplate":"https:\/\/www.ab2pro.com\/pl\/?s={search_term_string}"},"query-input":{"@type":"PropertyValueSpecification","valueRequired":true,"valueName":"search_term_string"}}],"inLanguage":"pl-PL"},{"@type":"Organization","@id":"https:\/\/www.ab2pro.com\/pl\/#organization","name":"AB2PRO","url":"https:\/\/www.ab2pro.com\/pl\/","logo":{"@type":"ImageObject","inLanguage":"pl-PL","@id":"https:\/\/www.ab2pro.com\/pl\/#\/schema\/logo\/image\/","url":"https:\/\/www.ab2pro.com\/wp-content\/uploads\/2020\/11\/logo-profil.png","contentUrl":"https:\/\/www.ab2pro.com\/wp-content\/uploads\/2020\/11\/logo-profil.png","width":230,"height":47,"caption":"AB2PRO"},"image":{"@id":"https:\/\/www.ab2pro.com\/pl\/#\/schema\/logo\/image\/"}}]}},"_links":{"self":[{"href":"https:\/\/www.ab2pro.com\/pl\/wp-json\/wp\/v2\/pages\/7881","targetHints":{"allow":["GET"]}}],"collection":[{"href":"https:\/\/www.ab2pro.com\/pl\/wp-json\/wp\/v2\/pages"}],"about":[{"href":"https:\/\/www.ab2pro.com\/pl\/wp-json\/wp\/v2\/types\/page"}],"author":[{"embeddable":true,"href":"https:\/\/www.ab2pro.com\/pl\/wp-json\/wp\/v2\/users\/1"}],"replies":[{"embeddable":true,"href":"https:\/\/www.ab2pro.com\/pl\/wp-json\/wp\/v2\/comments?post=7881"}],"version-history":[{"count":0,"href":"https:\/\/www.ab2pro.com\/pl\/wp-json\/wp\/v2\/pages\/7881\/revisions"}],"wp:attachment":[{"href":"https:\/\/www.ab2pro.com\/pl\/wp-json\/wp\/v2\/media?parent=7881"}],"curies":[{"name":"wp","href":"https:\/\/api.w.org\/{rel}","templated":true}]}}