
{"id":14907,"date":"2021-05-12T10:49:11","date_gmt":"2021-05-12T08:49:11","guid":{"rendered":"https:\/\/www.ab2pro.com\/documentos-da-equipa-ab2pro\/"},"modified":"2025-01-28T15:02:45","modified_gmt":"2025-01-28T14:02:45","slug":"documentos-da-equipa-ab2pro","status":"publish","type":"page","link":"https:\/\/www.ab2pro.com\/pt-pt\/documentos-da-equipa-ab2pro\/","title":{"rendered":"Documentos da Equipa AB2PRO"},"content":{"rendered":"<p>[vc_row][vc_column][vc_column_text]<\/p>\n<h1>Trabalhadores tempor\u00e1rios<\/h1>\n<p>[\/vc_column_text][\/vc_column][\/vc_row][vc_row el_class=&#8221;docs&#8221;][vc_column][vc_row_inner el_class=&#8221;docs-recurrents&#8221;][vc_column_inner][vc_column_text]<\/p>\n<h2>Documentos peri\u00f3dicos<\/h2>\n<p>[\/vc_column_text][vc_column_text]<\/p>\n<h3>Pedido de licen\u00e7a<\/h3>\n<p><a href=\"https:\/\/www.ab2pro.com\/pt-pt\/dashboard\/?candidate-page=docs-interimaire-global&amp;interim_page=documents-interimaires\/page-formulaire-demande-de-conges\/\" target=\"_self\" rel=\"noopener\">Formul\u00e1rio de Pedido de Licen\u00e7a<\/a><\/p>\n<div class=\"gv-diy-container gv-diy-multiple-container gv-container gv-container-11005 gv-container-no-results\">\n\n\t\t\t\t<div class=\"gv-diy-view gv-no-results\">\n\t\t\t\t<div class=\"gv-diy-view-title\">\n\t\t\t\t\t<h3><p>N\u00e3o existem entradas que correspondam ao seu pedido.<\/p>\n<\/h3>\n\t\t\t\t<\/div>\n\t\t\t<\/div>\n\t\t\t\n<\/div>\n\n<input type=\"hidden\" class=\"gravityview-view-id\" value=\"11005\"\/>[\/vc_column_text][vc_column_text]\n<h3>Pedido de um dep\u00f3sito \u00fanico<\/h3>\n<p><a href=\"https:\/\/www.ab2pro.com\/pt-pt\/dashboard\/?candidate-page=docs-interimaire-global&amp;interim_page=documents-interimaires\/page-formulaire-demande-dacompte-sur-salaire\/\" target=\"_self\" rel=\"noopener\">Formul\u00e1rio de pedido para um dep\u00f3sito \u00fanico<\/a><br \/>\n\n<div class=\"gv-diy-container gv-diy-multiple-container gv-container gv-container-11009 gv-container-no-results\">\n\n\t\t\t\t<div class=\"gv-diy-view gv-no-results\">\n\t\t\t\t<div class=\"gv-diy-view-title\">\n\t\t\t\t\t<h3><p>N\u00e3o existem entradas que correspondam ao seu pedido.<\/p>\n<\/h3>\n\t\t\t\t<\/div>\n\t\t\t<\/div>\n\t\t\t\n<\/div>\n\n\t\t<style>\n\t\t\t.fancybox-container {\n\t\t\t\tz-index: 100000; \/** Divi is 99999 *\/\n\t\t\t}\n\n\t\t\t.admin-bar .fancybox-container {\n\t\t\t\tmargin-top: 32px;\n\t\t\t}\n\t\t<\/style>\n\t\t<script>\n\t\t\tif ( window.Fancybox ){\n\t\t\t\tFancybox.bind(\".gravityview-fancybox\", {\"animationEffect\":\"fade\",\"toolbar\":true,\"closeExisting\":true,\"arrows\":true,\"buttons\":[\"thumbs\",\"close\"],\"i18n\":{\"en\":{\"CLOSE\":\"Fechar\",\"NEXT\":\"Pr\\u00f3ximo\",\"PREV\":\"Previous\",\"ERROR\":\"The requested content cannot be loaded. Please try again later.\",\"PLAY_START\":\"Start slideshow\",\"PLAY_STOP\":\"Pause slideshow\",\"FULL_SCREEN\":\"Full screen\",\"THUMBS\":\"Thumbnails\",\"DOWNLOAD\":\"Download\",\"SHARE\":\"Share\",\"ZOOM\":\"Zoom\"}}});\n\t\t\t}\n\t\t<\/script>\n\t\t<input type=\"hidden\" class=\"gravityview-view-id\" value=\"11009\"\/>[\/vc_column_text][\/vc_column_inner][\/vc_row_inner][\/vc_column][\/vc_row]<\/p>\n","protected":false},"excerpt":{"rendered":"<p>[vc_row][vc_column][vc_column_text] Trabalhadores tempor\u00e1rios [\/vc_column_text][\/vc_column][\/vc_row][vc_row el_class=&#8221;docs&#8221;][vc_column][vc_row_inner el_class=&#8221;docs-recurrents&#8221;][vc_column_inner][vc_column_text] Documentos peri\u00f3dicos [\/vc_column_text][vc_column_text] Pedido de licen\u00e7a Formul\u00e1rio de Pedido de Licen\u00e7a [\/vc_column_text][vc_column_text] Pedido de [&hellip;]<\/p>\n","protected":false},"author":1,"featured_media":0,"parent":0,"menu_order":0,"comment_status":"closed","ping_status":"closed","template":"","meta":{"_acf_changed":false,"footnotes":""},"class_list":["post-14907","page","type-page","status-publish","hentry"],"acf":[],"yoast_head":"<!-- This site is optimized with the Yoast SEO plugin v26.8 - https:\/\/yoast.com\/product\/yoast-seo-wordpress\/ -->\n<title>Documentos da Equipa AB2PRO - AB2PRO<\/title>\n<meta name=\"description\" content=\"Documentos da Equipa AB2PRO - AB2PRO\" \/>\n<meta name=\"robots\" content=\"index, follow, max-snippet:-1, max-image-preview:large, max-video-preview:-1\" \/>\n<link rel=\"canonical\" href=\"https:\/\/www.ab2pro.com\/pt-pt\/documentos-da-equipa-ab2pro\/\" \/>\n<meta property=\"og:locale\" content=\"pt_PT\" \/>\n<meta property=\"og:type\" content=\"article\" \/>\n<meta property=\"og:title\" content=\"Documentos da Equipa AB2PRO - AB2PRO\" \/>\n<meta property=\"og:description\" content=\"Documentos da Equipa AB2PRO - AB2PRO\" \/>\n<meta property=\"og:url\" content=\"https:\/\/www.ab2pro.com\/pt-pt\/documentos-da-equipa-ab2pro\/\" \/>\n<meta property=\"og:site_name\" content=\"AB2PRO\" \/>\n<meta property=\"article:modified_time\" content=\"2025-01-28T14:02:45+00:00\" \/>\n<meta property=\"og:image\" content=\"https:\/\/www.ab2pro.com\/wp-content\/uploads\/2020\/11\/fond-home.jpg\" \/>\n\t<meta property=\"og:image:width\" content=\"1920\" \/>\n\t<meta property=\"og:image:height\" content=\"600\" \/>\n\t<meta property=\"og:image:type\" content=\"image\/jpeg\" \/>\n<meta name=\"twitter:card\" content=\"summary_large_image\" \/>\n<meta name=\"twitter:label1\" content=\"Tempo estimado de leitura\" \/>\n\t<meta name=\"twitter:data1\" content=\"1 minuto\" \/>\n<script type=\"application\/ld+json\" class=\"yoast-schema-graph\">{\"@context\":\"https:\/\/schema.org\",\"@graph\":[{\"@type\":\"WebPage\",\"@id\":\"https:\/\/www.ab2pro.com\/pt-pt\/documentos-da-equipa-ab2pro\/\",\"url\":\"https:\/\/www.ab2pro.com\/pt-pt\/documentos-da-equipa-ab2pro\/\",\"name\":\"Documentos da Equipa AB2PRO - AB2PRO\",\"isPartOf\":{\"@id\":\"https:\/\/www.ab2pro.com\/pt-pt\/#website\"},\"datePublished\":\"2021-05-12T08:49:11+00:00\",\"dateModified\":\"2025-01-28T14:02:45+00:00\",\"description\":\"Documentos da Equipa AB2PRO - AB2PRO\",\"breadcrumb\":{\"@id\":\"https:\/\/www.ab2pro.com\/pt-pt\/documentos-da-equipa-ab2pro\/#breadcrumb\"},\"inLanguage\":\"pt-PT\",\"potentialAction\":[{\"@type\":\"ReadAction\",\"target\":[\"https:\/\/www.ab2pro.com\/pt-pt\/documentos-da-equipa-ab2pro\/\"]}]},{\"@type\":\"BreadcrumbList\",\"@id\":\"https:\/\/www.ab2pro.com\/pt-pt\/documentos-da-equipa-ab2pro\/#breadcrumb\",\"itemListElement\":[{\"@type\":\"ListItem\",\"position\":1,\"name\":\"Accueil\",\"item\":\"https:\/\/www.ab2pro.com\/pt-pt\/\"},{\"@type\":\"ListItem\",\"position\":2,\"name\":\"Documentos da Equipa AB2PRO\"}]},{\"@type\":\"WebSite\",\"@id\":\"https:\/\/www.ab2pro.com\/pt-pt\/#website\",\"url\":\"https:\/\/www.ab2pro.com\/pt-pt\/\",\"name\":\"AB2PRO\",\"description\":\"Agence d&#039;emploi sp\u00e9cialis\u00e9e dans le recrutement de travailleurs europ\u00e9ens\",\"publisher\":{\"@id\":\"https:\/\/www.ab2pro.com\/pt-pt\/#organization\"},\"potentialAction\":[{\"@type\":\"SearchAction\",\"target\":{\"@type\":\"EntryPoint\",\"urlTemplate\":\"https:\/\/www.ab2pro.com\/pt-pt\/?s={search_term_string}\"},\"query-input\":{\"@type\":\"PropertyValueSpecification\",\"valueRequired\":true,\"valueName\":\"search_term_string\"}}],\"inLanguage\":\"pt-PT\"},{\"@type\":\"Organization\",\"@id\":\"https:\/\/www.ab2pro.com\/pt-pt\/#organization\",\"name\":\"AB2PRO\",\"url\":\"https:\/\/www.ab2pro.com\/pt-pt\/\",\"logo\":{\"@type\":\"ImageObject\",\"inLanguage\":\"pt-PT\",\"@id\":\"https:\/\/www.ab2pro.com\/pt-pt\/#\/schema\/logo\/image\/\",\"url\":\"https:\/\/www.ab2pro.com\/wp-content\/uploads\/2020\/11\/logo-profil.png\",\"contentUrl\":\"https:\/\/www.ab2pro.com\/wp-content\/uploads\/2020\/11\/logo-profil.png\",\"width\":230,\"height\":47,\"caption\":\"AB2PRO\"},\"image\":{\"@id\":\"https:\/\/www.ab2pro.com\/pt-pt\/#\/schema\/logo\/image\/\"}}]}<\/script>\n<!-- \/ Yoast SEO plugin. -->","yoast_head_json":{"title":"Documentos da Equipa AB2PRO - AB2PRO","description":"Documentos da Equipa AB2PRO - AB2PRO","robots":{"index":"index","follow":"follow","max-snippet":"max-snippet:-1","max-image-preview":"max-image-preview:large","max-video-preview":"max-video-preview:-1"},"canonical":"https:\/\/www.ab2pro.com\/pt-pt\/documentos-da-equipa-ab2pro\/","og_locale":"pt_PT","og_type":"article","og_title":"Documentos da Equipa AB2PRO - AB2PRO","og_description":"Documentos da Equipa AB2PRO - AB2PRO","og_url":"https:\/\/www.ab2pro.com\/pt-pt\/documentos-da-equipa-ab2pro\/","og_site_name":"AB2PRO","article_modified_time":"2025-01-28T14:02:45+00:00","og_image":[{"width":1920,"height":600,"url":"https:\/\/www.ab2pro.com\/wp-content\/uploads\/2020\/11\/fond-home.jpg","type":"image\/jpeg"}],"twitter_card":"summary_large_image","twitter_misc":{"Tempo estimado de leitura":"1 minuto"},"schema":{"@context":"https:\/\/schema.org","@graph":[{"@type":"WebPage","@id":"https:\/\/www.ab2pro.com\/pt-pt\/documentos-da-equipa-ab2pro\/","url":"https:\/\/www.ab2pro.com\/pt-pt\/documentos-da-equipa-ab2pro\/","name":"Documentos da Equipa AB2PRO - AB2PRO","isPartOf":{"@id":"https:\/\/www.ab2pro.com\/pt-pt\/#website"},"datePublished":"2021-05-12T08:49:11+00:00","dateModified":"2025-01-28T14:02:45+00:00","description":"Documentos da Equipa AB2PRO - AB2PRO","breadcrumb":{"@id":"https:\/\/www.ab2pro.com\/pt-pt\/documentos-da-equipa-ab2pro\/#breadcrumb"},"inLanguage":"pt-PT","potentialAction":[{"@type":"ReadAction","target":["https:\/\/www.ab2pro.com\/pt-pt\/documentos-da-equipa-ab2pro\/"]}]},{"@type":"BreadcrumbList","@id":"https:\/\/www.ab2pro.com\/pt-pt\/documentos-da-equipa-ab2pro\/#breadcrumb","itemListElement":[{"@type":"ListItem","position":1,"name":"Accueil","item":"https:\/\/www.ab2pro.com\/pt-pt\/"},{"@type":"ListItem","position":2,"name":"Documentos da Equipa AB2PRO"}]},{"@type":"WebSite","@id":"https:\/\/www.ab2pro.com\/pt-pt\/#website","url":"https:\/\/www.ab2pro.com\/pt-pt\/","name":"AB2PRO","description":"Agence d&#039;emploi sp\u00e9cialis\u00e9e dans le recrutement de travailleurs europ\u00e9ens","publisher":{"@id":"https:\/\/www.ab2pro.com\/pt-pt\/#organization"},"potentialAction":[{"@type":"SearchAction","target":{"@type":"EntryPoint","urlTemplate":"https:\/\/www.ab2pro.com\/pt-pt\/?s={search_term_string}"},"query-input":{"@type":"PropertyValueSpecification","valueRequired":true,"valueName":"search_term_string"}}],"inLanguage":"pt-PT"},{"@type":"Organization","@id":"https:\/\/www.ab2pro.com\/pt-pt\/#organization","name":"AB2PRO","url":"https:\/\/www.ab2pro.com\/pt-pt\/","logo":{"@type":"ImageObject","inLanguage":"pt-PT","@id":"https:\/\/www.ab2pro.com\/pt-pt\/#\/schema\/logo\/image\/","url":"https:\/\/www.ab2pro.com\/wp-content\/uploads\/2020\/11\/logo-profil.png","contentUrl":"https:\/\/www.ab2pro.com\/wp-content\/uploads\/2020\/11\/logo-profil.png","width":230,"height":47,"caption":"AB2PRO"},"image":{"@id":"https:\/\/www.ab2pro.com\/pt-pt\/#\/schema\/logo\/image\/"}}]}},"_links":{"self":[{"href":"https:\/\/www.ab2pro.com\/pt-pt\/wp-json\/wp\/v2\/pages\/14907","targetHints":{"allow":["GET"]}}],"collection":[{"href":"https:\/\/www.ab2pro.com\/pt-pt\/wp-json\/wp\/v2\/pages"}],"about":[{"href":"https:\/\/www.ab2pro.com\/pt-pt\/wp-json\/wp\/v2\/types\/page"}],"author":[{"embeddable":true,"href":"https:\/\/www.ab2pro.com\/pt-pt\/wp-json\/wp\/v2\/users\/1"}],"replies":[{"embeddable":true,"href":"https:\/\/www.ab2pro.com\/pt-pt\/wp-json\/wp\/v2\/comments?post=14907"}],"version-history":[{"count":0,"href":"https:\/\/www.ab2pro.com\/pt-pt\/wp-json\/wp\/v2\/pages\/14907\/revisions"}],"wp:attachment":[{"href":"https:\/\/www.ab2pro.com\/pt-pt\/wp-json\/wp\/v2\/media?parent=14907"}],"curies":[{"name":"wp","href":"https:\/\/api.w.org\/{rel}","templated":true}]}}