
{"id":46845,"date":"2023-09-15T17:28:49","date_gmt":"2023-09-15T15:28:49","guid":{"rendered":"https:\/\/www.ab2pro.com\/?page_id=46845"},"modified":"2024-03-21T15:56:46","modified_gmt":"2024-03-21T14:56:46","slug":"regras-do-concurso-de-patrocinio-de-setembro-de-2023","status":"publish","type":"page","link":"https:\/\/www.ab2pro.com\/pt-pt\/regras-do-concurso-de-patrocinio-de-setembro-de-2023\/","title":{"rendered":"Regras do concurso de patroc\u00ednio para 2024"},"content":{"rendered":"<p>[vc_row el_class=&#8221;docs&#8221;][vc_column][vc_column_text]<\/p>\n<h2>Regras do concurso de patroc\u00ednio para 2024<\/h2>\n<p>[\/vc_column_text][vc_column_text]<\/p>\n<h3><strong>Artigo 1.\u00ba: Participantes<\/strong><\/h3>\n<p>PALMA FRANCE, sociedade com um capital de 1.000.000,00 euros, a seguir designada &#8220;sociedade organizadora&#8221;, com sede social em 4 rue des douelles &#8211; BOUAYE, registada sob o n\u00famero 508 436 110 R.C.S. Nantes, organiza um jogo gratuito sem obriga\u00e7\u00e3o de compra de 28\/08\/2023 a 12\/02\/2024 \u00e0s 23h59m.<\/p>\n<p>Este concurso, gratuito e sem compromisso, est\u00e1 aberto exclusivamente a trabalhadores tempor\u00e1rios que estejam a trabalhar durante o per\u00edodo do concurso. Est\u00e3o exclu\u00eddas do jogo as pessoas que n\u00e3o preencham as condi\u00e7\u00f5es acima referidas, bem como os membros da dire\u00e7\u00e3o geral, da sede, do departamento de recursos humanos, o pessoal da ag\u00eancia e qualquer pessoa direta ou indiretamente envolvida na conce\u00e7\u00e3o, produ\u00e7\u00e3o ou gest\u00e3o do jogo, bem como os seus c\u00f4njuges e familiares: ascendentes e descendentes directos ou outros parentes, quer vivam ou n\u00e3o debaixo do seu teto. &#8220;A sociedade organizadora reserva-se o direito de solicitar a qualquer participante que apresente provas das condi\u00e7\u00f5es acima referidas. Qualquer pessoa que n\u00e3o cumpra estas condi\u00e7\u00f5es ou que se recuse a justific\u00e1-las ser\u00e1 exclu\u00edda do jogo e, se ganhar, n\u00e3o ter\u00e1 direito ao seu pr\u00e9mio. S\u00f3 \u00e9 permitida uma participa\u00e7\u00e3o por pessoa. &#8220;A sociedade organizadora&#8221; reserva-se o direito de efetuar todos os controlos necess\u00e1rios para garantir o respeito desta regra.<br \/>\nA participa\u00e7\u00e3o no jogo implica a aceita\u00e7\u00e3o total destas regras.[\/vc_column_text][vc_column_text]<\/p>\n<h3>Artigo 2.\u00ba: Termos e condi\u00e7\u00f5es de participa\u00e7\u00e3o<\/h3>\n<p>O concurso decorrer\u00e1 at\u00e9 31 de dezembro de 2024 e ter\u00e1 em conta todos os trabalhadores tempor\u00e1rios patrocinados a partir de 28 de agosto de 2023 que tenham completado uma miss\u00e3o de, pelo menos, 100 horas a partir dessa data. A partir de 1 de janeiro de 2025, os patroc\u00ednios deixar\u00e3o de ser tidos em conta para este concurso.<\/p>\n<p>O concurso recompensa todos os participantes que patrocinem pelo menos um trabalhador tempor\u00e1rio que tenha completado 100 horas de trabalho com um casaco Parka 4 em 1.<\/p>\n<p>Os lotes s\u00e3o atribu\u00eddos de acordo com as seguintes regras<\/p>\n<ul>\n<li>Ter fornecido os dados correctos de telefone e e-mail no formul\u00e1rio previsto para o efeito no s\u00edtio Web da &#8220;Sociedade organizadora&#8221;.<\/li>\n<li>Que a pessoa patrocinada tenha cumprido pelo menos uma miss\u00e3o de pelo menos 100 horas ap\u00f3s a data de patroc\u00ednio como trabalhador tempor\u00e1rio na &#8220;empresa organizadora&#8221;.<\/li>\n<\/ul>\n<p>Qualquer participa\u00e7\u00e3o efectuada em viola\u00e7\u00e3o das disposi\u00e7\u00f5es do presente<br \/>\nqualquer infra\u00e7\u00e3o a estas regras invalidar\u00e1 a participa\u00e7\u00e3o. Qualquer participante suspeito de fraude<br \/>\npodem ser exclu\u00eddos do concurso pela &#8220;sociedade organizadora&#8221; sem que esta tenha de se justificar. Qualquer identifica\u00e7\u00e3o ou participa\u00e7\u00e3o incompleta, err\u00f3nea ou ileg\u00edvel, intencional ou n\u00e3o, ou efectuada de forma diferente da prevista nas presentes regras, ser\u00e1 considerada nula e sem efeito. A mesma san\u00e7\u00e3o ser\u00e1 aplicada em caso de participa\u00e7\u00f5es m\u00faltiplas.[\/vc_column_text][vc_column_text]<\/p>\n<h3>Artigo 3.\u00ba: Ganhos<\/h3>\n<p>Os pr\u00e9mios a concurso s\u00e3o :<\/p>\n<ul>\n<li>um casaco Parka 4 em 1 para todos os participantes que patrocinem pelo menos 1 trabalhador tempor\u00e1rio que tenha completado 100 horas de trabalho<\/li>\n<\/ul>\n<p>O valor dos pr\u00e9mios \u00e9 determinado no momento da elabora\u00e7\u00e3o do presente regulamento e n\u00e3o pode ser contestado. Todos os custos incorridos ap\u00f3s o jogo, nomeadamente os custos de manuten\u00e7\u00e3o e utiliza\u00e7\u00e3o dos pr\u00e9mios, ser\u00e3o suportados inteiramente pelos vencedores.[\/vc_column_text][vc_column_text]<\/p>\n<h3><strong>Artigo 4.\u00ba: Designa\u00e7\u00e3o dos vencedores<\/strong><\/h3>\n<p>O concurso termina em 31 de dezembro de 2024, pelo que n\u00e3o ser\u00e3o tidos em conta quaisquer patroc\u00ednios recebidos ap\u00f3s esta data.[\/vc_column_text][vc_column_text]<\/p>\n<h3>Artigo 5.\u00ba: An\u00fancio do vencedor<\/h3>\n<p>Os vencedores ser\u00e3o contactados pelo seu respons\u00e1vel pelo recrutamento \u00e0 medida que os pr\u00e9mios forem sendo atribu\u00eddos.[\/vc_column_text][vc_column_text]<\/p>\n<h3>Artigo 6.\u00ba: Entrega do pr\u00e9mio<\/h3>\n<p>Os pr\u00e9mios podem ser recolhidos junto dos respons\u00e1veis pelo recrutamento ou diretamente junto da ag\u00eancia a que pertence o trabalhador tempor\u00e1rio.<br \/>\nSe o lote n\u00e3o for entregue antes de 1 de janeiro de 2025, deixar\u00e1 de ser eleg\u00edvel.<br \/>\nOs vencedores concordam em aceitar os pr\u00e9mios tal como s\u00e3o oferecidos, sem qualquer possibilidade de troca, nomeadamente por dinheiro ou outros bens ou servi\u00e7os<br \/>\nde qualquer natureza, nem transferir o benef\u00edcio para terceiros.<br \/>\nDo mesmo modo, n\u00e3o pode ser apresentado qualquer pedido de indemniza\u00e7\u00e3o relativamente a estes pr\u00e9mios.<br \/>\nA &#8220;sociedade organizadora&#8221; reserva-se o direito, em caso de acontecimento fora do seu controlo, nomeadamente ligado aos seus fornecedores ou a circunst\u00e2ncias imprevis\u00edveis, de substituir o pr\u00e9mio anunciado por um pr\u00e9mio de valor equivalente. Os vencedores ser\u00e3o informados de quaisquer altera\u00e7\u00f5es.[\/vc_column_text][vc_column_text]<\/p>\n<h3>Artigo 7.\u00ba: Utiliza\u00e7\u00e3o dos dados pessoais dos participantes<\/h3>\n<p>Informa\u00e7\u00f5es sobre os participantes e dados de contacto fornecidos pelos candidatos<br \/>\ns\u00e3o registados e utilizados pela &#8220;sociedade organizadora&#8221; para registar a sua participa\u00e7\u00e3o no concurso, para permitir a atribui\u00e7\u00e3o de pr\u00e9mios e para contactar potenciais candidatos a um emprego tempor\u00e1rio na &#8220;sociedade organizadora&#8221;.<br \/>\nOs participantes no concurso devem certificar-se de que foram autorizados a transmitir os dados de contacto dos potenciais candidatos \u00e0 &#8220;sociedade organizadora&#8221;.<br \/>\nAs informa\u00e7\u00f5es fornecidas pelos participantes e os contactos dos potenciais candidatos n\u00e3o podem ser utilizados para fins comerciais ou de prospe\u00e7\u00e3o publicit\u00e1ria.<br \/>\nou rela\u00e7\u00f5es p\u00fablicas. Em conformidade com a Lei Inform\u00e1tica e Liberdades, na sua vers\u00e3o mais recente, e com o Regulamento n.\u00ba 2016\/679 do Parlamento Europeu e do Conselho, de 27 de abril de 2016, relativo \u00e0 prote\u00e7\u00e3o das pessoas singulares no que diz respeito ao tratamento de dados pessoais e \u00e0 livre circula\u00e7\u00e3o desses dados (RGPD), os participantes podem exercer o seu direito de acesso, retifica\u00e7\u00e3o, supress\u00e3o dos dados, limita\u00e7\u00e3o do tratamento, direito \u00e0 portabilidade dos dados, direito de oposi\u00e7\u00e3o e direito de retirar o seu consentimento, dirigindo-se por escrito \u00e0 &#8220;Sociedade organizadora&#8221; para o endere\u00e7o indicado no artigo 1.[\/vc_column_text][\/vc_column][\/vc_row]<\/p>\n","protected":false},"excerpt":{"rendered":"<p>[vc_row el_class=&#8221;docs&#8221;][vc_column][vc_column_text] Regras do concurso de patroc\u00ednio para 2024 [\/vc_column_text][vc_column_text] Artigo 1.\u00ba: Participantes PALMA FRANCE, sociedade com um capital de [&hellip;]<\/p>\n","protected":false},"author":9,"featured_media":0,"parent":0,"menu_order":0,"comment_status":"closed","ping_status":"closed","template":"","meta":{"_acf_changed":false,"footnotes":""},"class_list":["post-46845","page","type-page","status-publish","hentry"],"acf":[],"yoast_head":"<!-- This site is optimized with the Yoast SEO plugin v26.8 - https:\/\/yoast.com\/product\/yoast-seo-wordpress\/ -->\n<title>Regras do concurso de patroc\u00ednio para 2024 - AB2PRO<\/title>\n<meta name=\"description\" content=\"Regras do concurso de patroc\u00ednio para 2024 - AB2PRO\" \/>\n<meta name=\"robots\" content=\"index, follow, max-snippet:-1, max-image-preview:large, max-video-preview:-1\" \/>\n<link rel=\"canonical\" href=\"https:\/\/www.ab2pro.com\/pt-pt\/regras-do-concurso-de-patrocinio-de-setembro-de-2023\/\" \/>\n<meta property=\"og:locale\" content=\"pt_PT\" \/>\n<meta property=\"og:type\" content=\"article\" \/>\n<meta property=\"og:title\" content=\"Regras do concurso de patroc\u00ednio para 2024 - AB2PRO\" \/>\n<meta property=\"og:description\" content=\"Regras do concurso de patroc\u00ednio para 2024 - AB2PRO\" \/>\n<meta property=\"og:url\" content=\"https:\/\/www.ab2pro.com\/pt-pt\/regras-do-concurso-de-patrocinio-de-setembro-de-2023\/\" \/>\n<meta property=\"og:site_name\" content=\"AB2PRO\" \/>\n<meta property=\"article:modified_time\" content=\"2024-03-21T14:56:46+00:00\" \/>\n<meta property=\"og:image\" content=\"https:\/\/www.ab2pro.com\/wp-content\/uploads\/2020\/11\/fond-home.jpg\" \/>\n\t<meta property=\"og:image:width\" content=\"1920\" \/>\n\t<meta property=\"og:image:height\" content=\"600\" \/>\n\t<meta property=\"og:image:type\" content=\"image\/jpeg\" \/>\n<meta name=\"twitter:card\" content=\"summary_large_image\" \/>\n<meta name=\"twitter:label1\" content=\"Tempo estimado de leitura\" \/>\n\t<meta name=\"twitter:data1\" content=\"6 minutos\" \/>\n<script type=\"application\/ld+json\" class=\"yoast-schema-graph\">{\"@context\":\"https:\/\/schema.org\",\"@graph\":[{\"@type\":\"WebPage\",\"@id\":\"https:\/\/www.ab2pro.com\/pt-pt\/regras-do-concurso-de-patrocinio-de-setembro-de-2023\/\",\"url\":\"https:\/\/www.ab2pro.com\/pt-pt\/regras-do-concurso-de-patrocinio-de-setembro-de-2023\/\",\"name\":\"Regras do concurso de patroc\u00ednio para 2024 - AB2PRO\",\"isPartOf\":{\"@id\":\"https:\/\/www.ab2pro.com\/pt-pt\/#website\"},\"datePublished\":\"2023-09-15T15:28:49+00:00\",\"dateModified\":\"2024-03-21T14:56:46+00:00\",\"description\":\"Regras do concurso de patroc\u00ednio para 2024 - AB2PRO\",\"breadcrumb\":{\"@id\":\"https:\/\/www.ab2pro.com\/pt-pt\/regras-do-concurso-de-patrocinio-de-setembro-de-2023\/#breadcrumb\"},\"inLanguage\":\"pt-PT\",\"potentialAction\":[{\"@type\":\"ReadAction\",\"target\":[\"https:\/\/www.ab2pro.com\/pt-pt\/regras-do-concurso-de-patrocinio-de-setembro-de-2023\/\"]}]},{\"@type\":\"BreadcrumbList\",\"@id\":\"https:\/\/www.ab2pro.com\/pt-pt\/regras-do-concurso-de-patrocinio-de-setembro-de-2023\/#breadcrumb\",\"itemListElement\":[{\"@type\":\"ListItem\",\"position\":1,\"name\":\"Accueil\",\"item\":\"https:\/\/www.ab2pro.com\/pt-pt\/\"},{\"@type\":\"ListItem\",\"position\":2,\"name\":\"Regras do concurso de patroc\u00ednio para 2024\"}]},{\"@type\":\"WebSite\",\"@id\":\"https:\/\/www.ab2pro.com\/pt-pt\/#website\",\"url\":\"https:\/\/www.ab2pro.com\/pt-pt\/\",\"name\":\"AB2PRO\",\"description\":\"Agence d&#039;emploi sp\u00e9cialis\u00e9e dans le recrutement de travailleurs europ\u00e9ens\",\"publisher\":{\"@id\":\"https:\/\/www.ab2pro.com\/pt-pt\/#organization\"},\"potentialAction\":[{\"@type\":\"SearchAction\",\"target\":{\"@type\":\"EntryPoint\",\"urlTemplate\":\"https:\/\/www.ab2pro.com\/pt-pt\/?s={search_term_string}\"},\"query-input\":{\"@type\":\"PropertyValueSpecification\",\"valueRequired\":true,\"valueName\":\"search_term_string\"}}],\"inLanguage\":\"pt-PT\"},{\"@type\":\"Organization\",\"@id\":\"https:\/\/www.ab2pro.com\/pt-pt\/#organization\",\"name\":\"AB2PRO\",\"url\":\"https:\/\/www.ab2pro.com\/pt-pt\/\",\"logo\":{\"@type\":\"ImageObject\",\"inLanguage\":\"pt-PT\",\"@id\":\"https:\/\/www.ab2pro.com\/pt-pt\/#\/schema\/logo\/image\/\",\"url\":\"https:\/\/www.ab2pro.com\/wp-content\/uploads\/2020\/11\/logo-profil.png\",\"contentUrl\":\"https:\/\/www.ab2pro.com\/wp-content\/uploads\/2020\/11\/logo-profil.png\",\"width\":230,\"height\":47,\"caption\":\"AB2PRO\"},\"image\":{\"@id\":\"https:\/\/www.ab2pro.com\/pt-pt\/#\/schema\/logo\/image\/\"}}]}<\/script>\n<!-- \/ Yoast SEO plugin. -->","yoast_head_json":{"title":"Regras do concurso de patroc\u00ednio para 2024 - AB2PRO","description":"Regras do concurso de patroc\u00ednio para 2024 - AB2PRO","robots":{"index":"index","follow":"follow","max-snippet":"max-snippet:-1","max-image-preview":"max-image-preview:large","max-video-preview":"max-video-preview:-1"},"canonical":"https:\/\/www.ab2pro.com\/pt-pt\/regras-do-concurso-de-patrocinio-de-setembro-de-2023\/","og_locale":"pt_PT","og_type":"article","og_title":"Regras do concurso de patroc\u00ednio para 2024 - AB2PRO","og_description":"Regras do concurso de patroc\u00ednio para 2024 - AB2PRO","og_url":"https:\/\/www.ab2pro.com\/pt-pt\/regras-do-concurso-de-patrocinio-de-setembro-de-2023\/","og_site_name":"AB2PRO","article_modified_time":"2024-03-21T14:56:46+00:00","og_image":[{"width":1920,"height":600,"url":"https:\/\/www.ab2pro.com\/wp-content\/uploads\/2020\/11\/fond-home.jpg","type":"image\/jpeg"}],"twitter_card":"summary_large_image","twitter_misc":{"Tempo estimado de leitura":"6 minutos"},"schema":{"@context":"https:\/\/schema.org","@graph":[{"@type":"WebPage","@id":"https:\/\/www.ab2pro.com\/pt-pt\/regras-do-concurso-de-patrocinio-de-setembro-de-2023\/","url":"https:\/\/www.ab2pro.com\/pt-pt\/regras-do-concurso-de-patrocinio-de-setembro-de-2023\/","name":"Regras do concurso de patroc\u00ednio para 2024 - AB2PRO","isPartOf":{"@id":"https:\/\/www.ab2pro.com\/pt-pt\/#website"},"datePublished":"2023-09-15T15:28:49+00:00","dateModified":"2024-03-21T14:56:46+00:00","description":"Regras do concurso de patroc\u00ednio para 2024 - AB2PRO","breadcrumb":{"@id":"https:\/\/www.ab2pro.com\/pt-pt\/regras-do-concurso-de-patrocinio-de-setembro-de-2023\/#breadcrumb"},"inLanguage":"pt-PT","potentialAction":[{"@type":"ReadAction","target":["https:\/\/www.ab2pro.com\/pt-pt\/regras-do-concurso-de-patrocinio-de-setembro-de-2023\/"]}]},{"@type":"BreadcrumbList","@id":"https:\/\/www.ab2pro.com\/pt-pt\/regras-do-concurso-de-patrocinio-de-setembro-de-2023\/#breadcrumb","itemListElement":[{"@type":"ListItem","position":1,"name":"Accueil","item":"https:\/\/www.ab2pro.com\/pt-pt\/"},{"@type":"ListItem","position":2,"name":"Regras do concurso de patroc\u00ednio para 2024"}]},{"@type":"WebSite","@id":"https:\/\/www.ab2pro.com\/pt-pt\/#website","url":"https:\/\/www.ab2pro.com\/pt-pt\/","name":"AB2PRO","description":"Agence d&#039;emploi sp\u00e9cialis\u00e9e dans le recrutement de travailleurs europ\u00e9ens","publisher":{"@id":"https:\/\/www.ab2pro.com\/pt-pt\/#organization"},"potentialAction":[{"@type":"SearchAction","target":{"@type":"EntryPoint","urlTemplate":"https:\/\/www.ab2pro.com\/pt-pt\/?s={search_term_string}"},"query-input":{"@type":"PropertyValueSpecification","valueRequired":true,"valueName":"search_term_string"}}],"inLanguage":"pt-PT"},{"@type":"Organization","@id":"https:\/\/www.ab2pro.com\/pt-pt\/#organization","name":"AB2PRO","url":"https:\/\/www.ab2pro.com\/pt-pt\/","logo":{"@type":"ImageObject","inLanguage":"pt-PT","@id":"https:\/\/www.ab2pro.com\/pt-pt\/#\/schema\/logo\/image\/","url":"https:\/\/www.ab2pro.com\/wp-content\/uploads\/2020\/11\/logo-profil.png","contentUrl":"https:\/\/www.ab2pro.com\/wp-content\/uploads\/2020\/11\/logo-profil.png","width":230,"height":47,"caption":"AB2PRO"},"image":{"@id":"https:\/\/www.ab2pro.com\/pt-pt\/#\/schema\/logo\/image\/"}}]}},"_links":{"self":[{"href":"https:\/\/www.ab2pro.com\/pt-pt\/wp-json\/wp\/v2\/pages\/46845","targetHints":{"allow":["GET"]}}],"collection":[{"href":"https:\/\/www.ab2pro.com\/pt-pt\/wp-json\/wp\/v2\/pages"}],"about":[{"href":"https:\/\/www.ab2pro.com\/pt-pt\/wp-json\/wp\/v2\/types\/page"}],"author":[{"embeddable":true,"href":"https:\/\/www.ab2pro.com\/pt-pt\/wp-json\/wp\/v2\/users\/9"}],"replies":[{"embeddable":true,"href":"https:\/\/www.ab2pro.com\/pt-pt\/wp-json\/wp\/v2\/comments?post=46845"}],"version-history":[{"count":0,"href":"https:\/\/www.ab2pro.com\/pt-pt\/wp-json\/wp\/v2\/pages\/46845\/revisions"}],"wp:attachment":[{"href":"https:\/\/www.ab2pro.com\/pt-pt\/wp-json\/wp\/v2\/media?parent=46845"}],"curies":[{"name":"wp","href":"https:\/\/api.w.org\/{rel}","templated":true}]}}