
{"id":6289,"date":"2021-02-15T16:32:27","date_gmt":"2021-02-15T15:32:27","guid":{"rendered":"https:\/\/www.ab2pro.com\/inscricao\/"},"modified":"2024-07-17T09:34:35","modified_gmt":"2024-07-17T07:34:35","slug":"inscricao","status":"publish","type":"page","link":"https:\/\/www.ab2pro.com\/pt-pt\/inscricao\/","title":{"rendered":"Registo"},"content":{"rendered":"<p>[vc_row el_id=&#8221;bandeau-page&#8221; el_class=&#8221;bandeau-page-special&#8221; css=&#8221;.vc_custom_1610373198523{background-image: url(https:\/\/www.ab2pro.com\/wp-content\/uploads\/2021\/01\/bandeau-devis.jpg?id=5006) !important;}&#8221;][vc_column][vc_column_text]<\/p>\n<h1>Inscrever-se<\/h1>\n<p>Para se candidatar a ofertas de emprego ou receber alertas, preencha o seguinte formul\u00e1rio de registo.[\/vc_column_text][\/vc_column][\/vc_row][vc_row el_class=&#8221;wrap-rangee-decale form-emploi&#8221;][vc_column][vc_row_inner equal_height=&#8221;yes&#8221; el_class=&#8221;rangee-decale big-form&#8221;][vc_column_inner css=&#8221;.vc_custom_1608020237409{background-color: #ffffff !important;}&#8221;][vc_column_text el_class=&#8221;intro-signup&#8221;]<\/p>\n<div class=\"signup-area\">J\u00e1 tem uma conta? <a class=\"signup-area\" href=\"https:\/\/www.ab2pro.com\/pt-pt\/assine-em\/\">Aceder a<\/a><\/div>\n<p>[\/vc_column_text][\/vc_column_inner][\/vc_row_inner][\/vc_column][\/vc_row]<\/p>\n","protected":false},"excerpt":{"rendered":"<p>[vc_row el_id=&#8221;bandeau-page&#8221; el_class=&#8221;bandeau-page-special&#8221; css=&#8221;.vc_custom_1610373198523{background-image: url(https:\/\/www.ab2pro.com\/wp-content\/uploads\/2021\/01\/bandeau-devis.jpg?id=5006) !important;}&#8221;][vc_column][vc_column_text] Inscrever-se Para se candidatar a ofertas de emprego ou receber alertas, preencha o seguinte [&hellip;]<\/p>\n","protected":false},"author":1,"featured_media":0,"parent":0,"menu_order":0,"comment_status":"closed","ping_status":"closed","template":"","meta":{"_acf_changed":false,"footnotes":""},"class_list":["post-6289","page","type-page","status-publish","hentry"],"acf":[],"yoast_head":"<!-- This site is optimized with the Yoast SEO plugin v26.8 - https:\/\/yoast.com\/product\/yoast-seo-wordpress\/ -->\n<title>Registo - AB2PRO<\/title>\n<meta name=\"description\" content=\"Registo - AB2PRO\" \/>\n<meta name=\"robots\" content=\"index, follow, max-snippet:-1, max-image-preview:large, max-video-preview:-1\" \/>\n<link rel=\"canonical\" href=\"https:\/\/www.ab2pro.com\/pt-pt\/inscricao\/\" \/>\n<meta property=\"og:locale\" content=\"pt_PT\" \/>\n<meta property=\"og:type\" content=\"article\" \/>\n<meta property=\"og:title\" content=\"Registo - AB2PRO\" \/>\n<meta property=\"og:description\" content=\"Registo - AB2PRO\" \/>\n<meta property=\"og:url\" content=\"https:\/\/www.ab2pro.com\/pt-pt\/inscricao\/\" \/>\n<meta property=\"og:site_name\" content=\"AB2PRO\" \/>\n<meta property=\"article:modified_time\" content=\"2024-07-17T07:34:35+00:00\" \/>\n<meta property=\"og:image\" content=\"https:\/\/www.ab2pro.com\/wp-content\/uploads\/2020\/11\/fond-home.jpg\" \/>\n\t<meta property=\"og:image:width\" content=\"1920\" \/>\n\t<meta property=\"og:image:height\" content=\"600\" \/>\n\t<meta property=\"og:image:type\" content=\"image\/jpeg\" \/>\n<meta name=\"twitter:card\" content=\"summary_large_image\" \/>\n<meta name=\"twitter:label1\" content=\"Tempo estimado de leitura\" \/>\n\t<meta name=\"twitter:data1\" content=\"1 minuto\" \/>\n<script type=\"application\/ld+json\" class=\"yoast-schema-graph\">{\"@context\":\"https:\/\/schema.org\",\"@graph\":[{\"@type\":\"WebPage\",\"@id\":\"https:\/\/www.ab2pro.com\/pt-pt\/inscricao\/\",\"url\":\"https:\/\/www.ab2pro.com\/pt-pt\/inscricao\/\",\"name\":\"Registo - AB2PRO\",\"isPartOf\":{\"@id\":\"https:\/\/www.ab2pro.com\/pt-pt\/#website\"},\"datePublished\":\"2021-02-15T15:32:27+00:00\",\"dateModified\":\"2024-07-17T07:34:35+00:00\",\"description\":\"Registo - AB2PRO\",\"breadcrumb\":{\"@id\":\"https:\/\/www.ab2pro.com\/pt-pt\/inscricao\/#breadcrumb\"},\"inLanguage\":\"pt-PT\",\"potentialAction\":[{\"@type\":\"ReadAction\",\"target\":[\"https:\/\/www.ab2pro.com\/pt-pt\/inscricao\/\"]}]},{\"@type\":\"BreadcrumbList\",\"@id\":\"https:\/\/www.ab2pro.com\/pt-pt\/inscricao\/#breadcrumb\",\"itemListElement\":[{\"@type\":\"ListItem\",\"position\":1,\"name\":\"Accueil\",\"item\":\"https:\/\/www.ab2pro.com\/pt-pt\/\"},{\"@type\":\"ListItem\",\"position\":2,\"name\":\"Registo\"}]},{\"@type\":\"WebSite\",\"@id\":\"https:\/\/www.ab2pro.com\/pt-pt\/#website\",\"url\":\"https:\/\/www.ab2pro.com\/pt-pt\/\",\"name\":\"AB2PRO\",\"description\":\"Agence d&#039;emploi sp\u00e9cialis\u00e9e dans le recrutement de travailleurs europ\u00e9ens\",\"publisher\":{\"@id\":\"https:\/\/www.ab2pro.com\/pt-pt\/#organization\"},\"potentialAction\":[{\"@type\":\"SearchAction\",\"target\":{\"@type\":\"EntryPoint\",\"urlTemplate\":\"https:\/\/www.ab2pro.com\/pt-pt\/?s={search_term_string}\"},\"query-input\":{\"@type\":\"PropertyValueSpecification\",\"valueRequired\":true,\"valueName\":\"search_term_string\"}}],\"inLanguage\":\"pt-PT\"},{\"@type\":\"Organization\",\"@id\":\"https:\/\/www.ab2pro.com\/pt-pt\/#organization\",\"name\":\"AB2PRO\",\"url\":\"https:\/\/www.ab2pro.com\/pt-pt\/\",\"logo\":{\"@type\":\"ImageObject\",\"inLanguage\":\"pt-PT\",\"@id\":\"https:\/\/www.ab2pro.com\/pt-pt\/#\/schema\/logo\/image\/\",\"url\":\"https:\/\/www.ab2pro.com\/wp-content\/uploads\/2020\/11\/logo-profil.png\",\"contentUrl\":\"https:\/\/www.ab2pro.com\/wp-content\/uploads\/2020\/11\/logo-profil.png\",\"width\":230,\"height\":47,\"caption\":\"AB2PRO\"},\"image\":{\"@id\":\"https:\/\/www.ab2pro.com\/pt-pt\/#\/schema\/logo\/image\/\"}}]}<\/script>\n<!-- \/ Yoast SEO plugin. -->","yoast_head_json":{"title":"Registo - AB2PRO","description":"Registo - AB2PRO","robots":{"index":"index","follow":"follow","max-snippet":"max-snippet:-1","max-image-preview":"max-image-preview:large","max-video-preview":"max-video-preview:-1"},"canonical":"https:\/\/www.ab2pro.com\/pt-pt\/inscricao\/","og_locale":"pt_PT","og_type":"article","og_title":"Registo - AB2PRO","og_description":"Registo - AB2PRO","og_url":"https:\/\/www.ab2pro.com\/pt-pt\/inscricao\/","og_site_name":"AB2PRO","article_modified_time":"2024-07-17T07:34:35+00:00","og_image":[{"width":1920,"height":600,"url":"https:\/\/www.ab2pro.com\/wp-content\/uploads\/2020\/11\/fond-home.jpg","type":"image\/jpeg"}],"twitter_card":"summary_large_image","twitter_misc":{"Tempo estimado de leitura":"1 minuto"},"schema":{"@context":"https:\/\/schema.org","@graph":[{"@type":"WebPage","@id":"https:\/\/www.ab2pro.com\/pt-pt\/inscricao\/","url":"https:\/\/www.ab2pro.com\/pt-pt\/inscricao\/","name":"Registo - AB2PRO","isPartOf":{"@id":"https:\/\/www.ab2pro.com\/pt-pt\/#website"},"datePublished":"2021-02-15T15:32:27+00:00","dateModified":"2024-07-17T07:34:35+00:00","description":"Registo - AB2PRO","breadcrumb":{"@id":"https:\/\/www.ab2pro.com\/pt-pt\/inscricao\/#breadcrumb"},"inLanguage":"pt-PT","potentialAction":[{"@type":"ReadAction","target":["https:\/\/www.ab2pro.com\/pt-pt\/inscricao\/"]}]},{"@type":"BreadcrumbList","@id":"https:\/\/www.ab2pro.com\/pt-pt\/inscricao\/#breadcrumb","itemListElement":[{"@type":"ListItem","position":1,"name":"Accueil","item":"https:\/\/www.ab2pro.com\/pt-pt\/"},{"@type":"ListItem","position":2,"name":"Registo"}]},{"@type":"WebSite","@id":"https:\/\/www.ab2pro.com\/pt-pt\/#website","url":"https:\/\/www.ab2pro.com\/pt-pt\/","name":"AB2PRO","description":"Agence d&#039;emploi sp\u00e9cialis\u00e9e dans le recrutement de travailleurs europ\u00e9ens","publisher":{"@id":"https:\/\/www.ab2pro.com\/pt-pt\/#organization"},"potentialAction":[{"@type":"SearchAction","target":{"@type":"EntryPoint","urlTemplate":"https:\/\/www.ab2pro.com\/pt-pt\/?s={search_term_string}"},"query-input":{"@type":"PropertyValueSpecification","valueRequired":true,"valueName":"search_term_string"}}],"inLanguage":"pt-PT"},{"@type":"Organization","@id":"https:\/\/www.ab2pro.com\/pt-pt\/#organization","name":"AB2PRO","url":"https:\/\/www.ab2pro.com\/pt-pt\/","logo":{"@type":"ImageObject","inLanguage":"pt-PT","@id":"https:\/\/www.ab2pro.com\/pt-pt\/#\/schema\/logo\/image\/","url":"https:\/\/www.ab2pro.com\/wp-content\/uploads\/2020\/11\/logo-profil.png","contentUrl":"https:\/\/www.ab2pro.com\/wp-content\/uploads\/2020\/11\/logo-profil.png","width":230,"height":47,"caption":"AB2PRO"},"image":{"@id":"https:\/\/www.ab2pro.com\/pt-pt\/#\/schema\/logo\/image\/"}}]}},"_links":{"self":[{"href":"https:\/\/www.ab2pro.com\/pt-pt\/wp-json\/wp\/v2\/pages\/6289","targetHints":{"allow":["GET"]}}],"collection":[{"href":"https:\/\/www.ab2pro.com\/pt-pt\/wp-json\/wp\/v2\/pages"}],"about":[{"href":"https:\/\/www.ab2pro.com\/pt-pt\/wp-json\/wp\/v2\/types\/page"}],"author":[{"embeddable":true,"href":"https:\/\/www.ab2pro.com\/pt-pt\/wp-json\/wp\/v2\/users\/1"}],"replies":[{"embeddable":true,"href":"https:\/\/www.ab2pro.com\/pt-pt\/wp-json\/wp\/v2\/comments?post=6289"}],"version-history":[{"count":0,"href":"https:\/\/www.ab2pro.com\/pt-pt\/wp-json\/wp\/v2\/pages\/6289\/revisions"}],"wp:attachment":[{"href":"https:\/\/www.ab2pro.com\/pt-pt\/wp-json\/wp\/v2\/media?parent=6289"}],"curies":[{"name":"wp","href":"https:\/\/api.w.org\/{rel}","templated":true}]}}