
{"id":7123,"date":"2021-02-23T10:24:40","date_gmt":"2021-02-23T09:24:40","guid":{"rendered":"https:\/\/www.ab2pro.com\/noticias-do-facebook\/"},"modified":"2024-05-30T16:19:49","modified_gmt":"2024-05-30T14:19:49","slug":"noticias-facebook-agencia-interim-construcao","status":"publish","type":"page","link":"https:\/\/www.ab2pro.com\/pt-pt\/noticias-facebook-agencia-interim-construcao\/","title":{"rendered":"Not\u00edcias do Facebook"},"content":{"rendered":"<p>[vc_row el_id=&#8221;bandeau-page-simple&#8221;][vc_column][vc_column_text css_animation=&#8221;fadeInDown&#8221;]<\/p>\n<h1>Not\u00edcias AB2PRO no Facebook<\/h1>\n<p>A comunica\u00e7\u00e3o \u00e9 um valor essencial na AB2PRO. Mantenha-se a par de todas as nossas novidades, subscrevendo a nossa p\u00e1gina no Facebook e aderindo \u00e0 campanha #AB2PROTEAM.[\/vc_column_text][\/vc_column][\/vc_row][vc_row full_width=&#8221;stretch_row&#8221; el_class=&#8221;wrap-flowflow fullwidth-row&#8221;][vc_column][vc_column_text css_animation=&#8221;fadeIn&#8221;]<div class=\"cff-wrapper\"><div class=\"cff-wrapper-ctn \"><div id=\"cff\" data-char=\"200\" class=\"cff cff-theme-modern cff-masonry cff-disable-liquid masonry-5-desktop masonry-2-tablet cff-masonry-js cff-opaque-comments cff-mob-cols-1  cff-palette-12 cff-timeline-feed cff-pag cff-doing-gdpr cff-all-reviews cff-nojs  cff-lightbox cff-lb\" style=\"width:100%; \" data-fb-text=\"View on Facebook\" data-offset=\"\" data-own-token=\"true\" data-grid-pag=\"cursor\" data-restricted=\"true\" data-lb-comments=\"true\" data-pag-num=\"15\" data-nummobile=\"10\" data-mobilenumber=\"10\"  data-cff-shortcode=\"{&quot;feed&quot;: &quot;12&quot;}\" data-postid=\"7123\" data-locatornonce=\"e7e13e9549\" data-cff-theme=\"modern\"  data-cff-flags=\"gdpr\"><svg width=\"24px\" height=\"24px\" version=\"1.1\" xmlns=\"http:\/\/www.w3.org\/2000\/svg\" xmlns:xlink=\"http:\/\/www.w3.org\/1999\/xlink\" class=\"cff-screenreader\" role=\"img\" aria-labelledby=\"metaSVGid metaSVGdesc\"><title id=\"metaSVGid\">Comments Box SVG icons<\/title><desc id=\"metaSVGdesc\">Used for the like, share, comment, and reaction icons<\/desc><defs><lineargradient id=\"angryGrad\" x1=\"0\" x2=\"0\" y1=\"0\" y2=\"1\"><stop offset=\"0%\" stop-color=\"#f9ae9e\"><\/stop><stop offset=\"70%\" stop-color=\"#ffe7a4\"><\/stop><\/lineargradient><lineargradient id=\"likeGrad\"><stop offset=\"25%\" stop-color=\"rgba(0,0,0,0.05)\"><\/stop><stop offset=\"26%\" stop-color=\"rgba(255,255,255,0.7)\"><\/stop><\/lineargradient><lineargradient id=\"likeGradHover\"><stop offset=\"25%\" stop-color=\"#a3caff\"><\/stop><stop offset=\"26%\" stop-color=\"#fff\"><\/stop><\/lineargradient><lineargradient id=\"likeGradDark\"><stop offset=\"25%\" stop-color=\"rgba(255,255,255,0.5)\"><\/stop><stop offset=\"26%\" stop-color=\"rgba(255,255,255,0.7)\"><\/stop><\/lineargradient><\/defs><\/svg><div class=\"cff-posts-wrap\"><\/div><span class=\"cff_resized_image_data\" data-feedid=\"cff_114255726654091425572665409719meen0000\" data-resized=\"YDOLXvvcKgpnfhJ3zjCyHlZLSUFaYlg4MXVWWmI1U3JxZkNteEZnZGpYVTZnOHhFbnBTT2IxVmhMbnBTaXh2YzFGdDNKajAvNFB1SjJSSzRqVTNqbkRyNks3ZXlxM0V5YjFrUGpVOWEvSlJ0YmdSbnlvMDhTU2k2dXczRDNObjdSUEpYS2NXTEN6YlBCT2pMcFhndHpMaG12TnB2QkJwM2lzbzJPbkpuTWpWY1ZEa0hxYzdpSTFoSzdWYTYyM25nZXdYamMzNUNuMXAyZzVaTnd2aHpKa2dhSlRnV0FuYVQxUnM4S21OMHFKWlQrb2MzaHJXNE1vNy9FUHFmdm44SFVqM05SOUx3V3hsWlBUdldlZmxoYlRBU2tOeUg2SjEvMUZjbTJrRnBFNXBwSytpcHBlb3dYR09hTDNKWFRvenE1KytRYmlqdUNKdjJZYk9yTFR4NHQzMWFnMjdOK3F5N3c0cTk3dVhLWjVmRGI5Q29nK25mQWhtN2lsMHUvMnZleWpJd1h1aFhoYW1YVENaaVpqYmh5eEhPVHh2eE9yZG1Zdm9hYUV1Y08zZndnckZqS1hFajVEWHE4Smt4OWk4cHV1bFZDNHN0OHRtR0UzK0xRcmJ3VXhDODhNQUQ1Tk5mMU5zZ29wd1oyUFgwcjN1Y3BnNDNvS0lsdTQ4OHRTVFZQL0JYRWVMTmN6R3pTUTZGQ1NxdHNTWUhjMGZGSUM2Snk3TkpORlp1L0g3a2tqV2JubEN0bUNqdC81QlA1clMvT08wUGxROXQ4aVlNaFhjTjFWU1FHUk5TdWgzeElpSFl5R01rK0xEcy9mRURIUXJhZlhBeUVTV0VoR1AxWEVsSytWZkhjbXR5djRlVnphek1seFB0QW9vK0RLNlQ5Vm1zU3drWUl2WjY3c2NQVzVhTk9XVUdKRU9ERHhjKzdEakhUUTFhc00yYmZsTkpUekd5Q0kxaTBHZlRtd2VEWVh2SVdvR0dIay9yd3g0R2hJWUpUQVdvZ3JoeWEwVEY1elduVnNXZmE0WEVJS0FmdE9xUnExbk9CdlZCdzFtS3ZMQndKQ3o5LzNzeUN4WXlGK09kdksrbmZFMjc1SjMwT21ZNlZFeUhOTXNqenJGVElDeGVNRUdDS0d4d09jMWlVUEU3ckVCZmxTZ3VZYlhibVN0Y0c3YUIwOHFlc3JqZ1RGVjBuZUxYcDlrS2lKZlFIMFVuQjFqdG5laGVTTGc0cVhueU0xZStmSkhJbytqSEFpUXExemRBbzVUZnJ5QlN3L0JqRXR4ekRrcGJvaHF5ME1Mb2JVQVdWdmN6aEZMYzhOejNCc3JEbXI4UDNzNDE1Q2ZHNFlhZ2tWWlBvc0pQSWZWandCOHNFOVJiVHhzZkVRZWl1RDlMUkJWdjVWLzA3cnlxMlh5dG5kRmtrMEs2b29pMjMySWtKSllEOTZFeTNnOWI4Z1RKSzc3M2UzdW1PNkE4K1FsNmJucS9seWhKSVA2RDl4SUJWeWhVTHZTRHdEUFJOeDd3b2xOM3ZieEVNQU1KR3hLemgvSGwxd01FSnk0YSthbzlOMUhNUHNVT1MrTmF3UU1OQjlWcDRlWFl0MnZBdmxpT1ZEcjhHdDNVUE1HczBsRnMyOEJ6cnJZRGgwY0hKVnlzZGp5eHY4VER4TEc2WERqMGVwT09GenpiT1g4WmFlcFpLSzd4NlJKMk8ycnNObUtUaFdBanozRFYxaVgxNHE4RHlEOExiMCtVbWQ3Vi91THB6d2FRK0RRTTU1MWNtTlQrbmxEcDZBYmdhcXJLQnRXZUkvRGF5Z2ExeWVSUnRxMXFOUXhtSnAvSGlqZU9pd1RmUUF6Uk1lc2NiV2hyMGpLTTY4MW85a2RtbG1rcWIrb3JrY0srZzFoZDQyNWNwbHZWcC9KVlN2MFBKU21Rem9pcGRwRUpFcnVMODVpUGtZVWg4SjEwMkFjencwYkJkN0RIWDBOTDhwSnlpbU92WUhnYWk1RlZIdFQvQldCcGNUa3ZFWFlNSUE1am54TllVMXJBTkZqNy9TTnNuSnh3RTNJVXhnLzZPaW9zWHhTNWI5REdmTEQ5a2JHOENxQmFJSENydytaVSttV1kwMExOL3dqWGRhQWkyRktIVzg3NndJRDhvNmovVUl3RXA1SmNqcFNUVFkvLzFSbllQS21OcDVZSW9KSFdaZHl6NzluczVRRXlrNU5ocDVpRnhLT1BCdzJqODVZV1NHT2FCMDV0TFZVWTVOaTZ5S2lZMzdRcU1GRDg0dk13bHNZZUFjUnlFY1JaaEZGaFkvNnRRV3B6SmpPMy9MaTRnVnJYbW52ZXRVMllNMnFYUXQvODhYcEQvc0pWbDlRdWwzKzlRNlRzSGZ0UlpLZjNRUUNCM3IzRmhWUVBhbTcrSlNBN2t0SmFIK2Y4OUxDSFpXbFJKRjlEOVJ6OXRqZXN1NmttMnRzc3B2OWI4M3NaeW5oYXYwTFhudG90Ui9XUTZQK0JFR2NMeGFZeFZnYml2TjgvUUc3U25UOTZRUzUvWEVMM2wzQSt5WVFmeUdYNzRiUGc4emI2NWNGbUNEYW96eFB0eG82bWNBb2JSQlVYa0lvK1Q4VFl5SEdBZWwrSGZ4bkxsNkIwaGU3VzczcVN2dU95T1hpZFhjdnZuckQ3NlhKNlVwZDhLVzNJNDN5cFZxN2tSdzF3S1g2cGdQbDN6NjVRWkI3TkZZUTlEdWZwcldtaVJ1QzZSYVFVSTQzeS9WZHlqSEh2UWFQR2EwNmN1TE1pY1FnR1N4Z1FvZGtVYWx6QUkzejFFbTJBUThDU0ZkTVUyNXJWN2NUUUluSFZjUkJCbVJLRDNWSjFNd2swdXM5VkEyZDFBUk16NlczNWIyVDkxRFVLZkhJdDZBcW5xeTQ0WEY3VXkwQlJjMG1tVjN4cDZZeXIrblVGSHFpSHNVakNaeWFuYWJNL3lvV3A2aFduaTJRYUtKdFg0NE5lemZpbXQwa3I0QWdVMW9EL2FQNDNEVlZGaERtajY4bmdjbVh5MmtHK2lKTlU0MjFXQnVQWjhFbFIrN1NKT2pXV2dJVzFoZi85WDdjU0l6VjJVYmtYTmo3NE1qeHYyUEZJeG9XcFJTTGZ5OTY0ekd0TFBkWEFqa2dYMHBhZkVvVEgzVXFBZEZ0UGZwQXdSSXVJdjdMOWlxZ0svY2c1TDJ4MGxDVzNsb1Q2QTY5RzIybzBaNzVPZ25PSkVSVlEzMG96RTBVTHQ0TWhiNzVpa2VwazNheFRWckNYbTlDZU1SRVRnUW5LK2t0c0FzR3Y0eDJFOE1ZRElvQVE4THlyL2RaQkNKWWNrMTAzL0tpUU13U2ZHWm5ud2VpM3dGR2NrdS93VEYxd092dHNhUStMdUgrcXBNajRGL2NCNVBhNmFNMStoaGxGUmZtRjQzakloOGRNZnpMZzFIT1JOYkhDbG0zb1RSeis0WSt4eWJ2TzFwOGtpMzhtc3loVld3VzhuVlZHdGRJN0JqMTFIdXc3Ukl4NHgyTWpUN2g2dWJNMXl3R3BDajRUT2xzdko0bE9mbG9WZWtudUNsbmtrSkJFcWFKbG80ekgramc5MU9NM291bU9rTW1oTkRaTDA0NTZNQzBuWVRNYklna21zYUlzbFhyVmc2NXh4SHpnNXNod2V0dk1xaVFjUjEzWUZub0c4Nll3eE9Xc281QkEwcjNRRXZ3Uit5aVUzK1B0cEl1Q2J2SmdiaExZcXpOK0Z1RnNnVHdQWHVWRDU1S05OQWpscDZXbkpCRnJkVEFuTG84WFlaQ2Y1Y3JLaXFDcmk0L2JNc0x5SzhvYWJkOCsreEQ2aHlMRE1qL005OU9TVVh2Q1U3NDd3ZVYxZnlBSHptcjh3UVlGbDBvbURMaW1FQTN1Nk91UFFGbGdXMG9LYW9oemVLQTNBN29uMWRqUGM1ZUt0d05NVHpaQzV0TnIvbTZOOTFJNTIxRTMvdz09\"><\/span><div class=\"cff-likebox cff-outside cff-bottom\">\n\t\t<iframe title=\"Likebox Content\" src=\"\" class=\"fb_iframe_widget\" data-likebox-id=\"114255726654097\" data-likebox-width=\"\" data-likebox-header=\"1\" data-hide-cover=\"\" data-hide-cta=\"\" data-likebox-faces=\"\" height=\"75px\" data-height=\"75\" data-locale=\"en_US\" scrolling=\"no\" allowTransparency=\"true\" allow=\"encrypted-media\"><\/iframe>\n<\/div>\n<input type=\"hidden\" class=\"cff-pag-url\"\n\tdata-cff-pag-url=\"{}\"\n\tdata-cff-prev-url=\"{}\"\n\tdata-transient-name=\"cff_114255726654091425572665409719meen0000\"\n\tdata-post-id=\"7123\"\n\tdata-feed-id=\"114255726654097\"  value=\"\"\/>\n\t<p class=\"cff-no-more-posts\">\n\t\tNo more posts\t<\/p>\n<\/div><\/div><div class=\"cff-clear\"><\/div><\/div><style type=\"text\/css\">\n<\/style>[\/vc_column_text][\/vc_column][\/vc_row][vc_row full_width=&#8221;stretch_row_content&#8221; equal_height=&#8221;yes&#8221; el_class=&#8221;bg-ctas fullwidth-row bg-ctas-blog&#8221; el_id=&#8221;ctas-actusfb&#8221;][vc_column el_class=&#8221;bg-clair bg-clair-wtriangle&#8221; offset=&#8221;vc_col-lg-12 vc_col-md-12 vc_col-xs-12&#8243;][vc_row_inner][vc_column_inner width=&#8221;8\/12&#8243;][vc_column_text css_animation=&#8221;fadeInDown&#8221;]<\/p>\n<h3>Visite tamb\u00e9m o blogue AB2PRO!<\/h3>\n<p>[\/vc_column_text][\/vc_column_inner][vc_column_inner width=&#8221;4\/12&#8243;][vc_btn title=&#8221;Ver o blogue&#8221; css_animation=&#8221;fadeInDown&#8221; link=&#8221;url:https%3A%2F%2Fwww.ab2pro.com%2Fpt-pt%2Fagencia-noticias-btp-temp%2F|title:Not%C3%ADcias|&#8221;][\/vc_column_inner][\/vc_row_inner][\/vc_column][\/vc_row]<\/p>\n","protected":false},"excerpt":{"rendered":"<p>[vc_row el_id=&#8221;bandeau-page-simple&#8221;][vc_column][vc_column_text css_animation=&#8221;fadeInDown&#8221;] Not\u00edcias AB2PRO no Facebook A comunica\u00e7\u00e3o \u00e9 um valor essencial na AB2PRO. Mantenha-se a par de todas [&hellip;]<\/p>\n","protected":false},"author":1,"featured_media":0,"parent":0,"menu_order":0,"comment_status":"closed","ping_status":"closed","template":"","meta":{"_acf_changed":false,"footnotes":""},"class_list":["post-7123","page","type-page","status-publish","hentry"],"acf":[],"yoast_head":"<!-- This site is optimized with the Yoast SEO plugin v26.8 - https:\/\/yoast.com\/product\/yoast-seo-wordpress\/ -->\n<title>Not\u00edcias do Facebook - Agence Int\u00e9rim BTP France - AB2PRO<\/title>\n<meta name=\"description\" content=\"A AB2PRO apresenta-lhe as \u00faltimas not\u00edcias do Facebook da nossa ag\u00eancia de trabalho tempor\u00e1rio especializada no recrutamento de trabalhadores europeus.\" \/>\n<meta name=\"robots\" content=\"index, follow, max-snippet:-1, max-image-preview:large, max-video-preview:-1\" \/>\n<link rel=\"canonical\" href=\"https:\/\/www.ab2pro.com\/pt-pt\/noticias-facebook-agencia-interim-construcao\/\" \/>\n<meta property=\"og:locale\" content=\"pt_PT\" \/>\n<meta property=\"og:type\" content=\"article\" \/>\n<meta property=\"og:title\" content=\"Not\u00edcias do Facebook - Agence Int\u00e9rim BTP France - AB2PRO\" \/>\n<meta property=\"og:description\" content=\"A AB2PRO apresenta-lhe as \u00faltimas not\u00edcias do Facebook da nossa ag\u00eancia de trabalho tempor\u00e1rio especializada no recrutamento de trabalhadores europeus.\" \/>\n<meta property=\"og:url\" content=\"https:\/\/www.ab2pro.com\/pt-pt\/noticias-facebook-agencia-interim-construcao\/\" \/>\n<meta property=\"og:site_name\" content=\"AB2PRO\" \/>\n<meta property=\"article:modified_time\" content=\"2024-05-30T14:19:49+00:00\" \/>\n<meta property=\"og:image\" content=\"https:\/\/www.ab2pro.com\/wp-content\/uploads\/2020\/11\/fond-home.jpg\" \/>\n\t<meta property=\"og:image:width\" content=\"1920\" \/>\n\t<meta property=\"og:image:height\" content=\"600\" \/>\n\t<meta property=\"og:image:type\" content=\"image\/jpeg\" \/>\n<meta name=\"twitter:card\" content=\"summary_large_image\" \/>\n<meta name=\"twitter:label1\" content=\"Tempo estimado de leitura\" \/>\n\t<meta name=\"twitter:data1\" content=\"1 minuto\" \/>\n<script type=\"application\/ld+json\" class=\"yoast-schema-graph\">{\"@context\":\"https:\/\/schema.org\",\"@graph\":[{\"@type\":\"WebPage\",\"@id\":\"https:\/\/www.ab2pro.com\/pt-pt\/noticias-facebook-agencia-interim-construcao\/\",\"url\":\"https:\/\/www.ab2pro.com\/pt-pt\/noticias-facebook-agencia-interim-construcao\/\",\"name\":\"Not\u00edcias do Facebook - Agence Int\u00e9rim BTP France - AB2PRO\",\"isPartOf\":{\"@id\":\"https:\/\/www.ab2pro.com\/pt-pt\/#website\"},\"datePublished\":\"2021-02-23T09:24:40+00:00\",\"dateModified\":\"2024-05-30T14:19:49+00:00\",\"description\":\"A AB2PRO apresenta-lhe as \u00faltimas not\u00edcias do Facebook da nossa ag\u00eancia de trabalho tempor\u00e1rio especializada no recrutamento de trabalhadores europeus.\",\"breadcrumb\":{\"@id\":\"https:\/\/www.ab2pro.com\/pt-pt\/noticias-facebook-agencia-interim-construcao\/#breadcrumb\"},\"inLanguage\":\"pt-PT\",\"potentialAction\":[{\"@type\":\"ReadAction\",\"target\":[\"https:\/\/www.ab2pro.com\/pt-pt\/noticias-facebook-agencia-interim-construcao\/\"]}]},{\"@type\":\"BreadcrumbList\",\"@id\":\"https:\/\/www.ab2pro.com\/pt-pt\/noticias-facebook-agencia-interim-construcao\/#breadcrumb\",\"itemListElement\":[{\"@type\":\"ListItem\",\"position\":1,\"name\":\"Accueil\",\"item\":\"https:\/\/www.ab2pro.com\/pt-pt\/\"},{\"@type\":\"ListItem\",\"position\":2,\"name\":\"Not\u00edcias do Facebook\"}]},{\"@type\":\"WebSite\",\"@id\":\"https:\/\/www.ab2pro.com\/pt-pt\/#website\",\"url\":\"https:\/\/www.ab2pro.com\/pt-pt\/\",\"name\":\"AB2PRO\",\"description\":\"Agence d&#039;emploi sp\u00e9cialis\u00e9e dans le recrutement de travailleurs europ\u00e9ens\",\"publisher\":{\"@id\":\"https:\/\/www.ab2pro.com\/pt-pt\/#organization\"},\"potentialAction\":[{\"@type\":\"SearchAction\",\"target\":{\"@type\":\"EntryPoint\",\"urlTemplate\":\"https:\/\/www.ab2pro.com\/pt-pt\/?s={search_term_string}\"},\"query-input\":{\"@type\":\"PropertyValueSpecification\",\"valueRequired\":true,\"valueName\":\"search_term_string\"}}],\"inLanguage\":\"pt-PT\"},{\"@type\":\"Organization\",\"@id\":\"https:\/\/www.ab2pro.com\/pt-pt\/#organization\",\"name\":\"AB2PRO\",\"url\":\"https:\/\/www.ab2pro.com\/pt-pt\/\",\"logo\":{\"@type\":\"ImageObject\",\"inLanguage\":\"pt-PT\",\"@id\":\"https:\/\/www.ab2pro.com\/pt-pt\/#\/schema\/logo\/image\/\",\"url\":\"https:\/\/www.ab2pro.com\/wp-content\/uploads\/2020\/11\/logo-profil.png\",\"contentUrl\":\"https:\/\/www.ab2pro.com\/wp-content\/uploads\/2020\/11\/logo-profil.png\",\"width\":230,\"height\":47,\"caption\":\"AB2PRO\"},\"image\":{\"@id\":\"https:\/\/www.ab2pro.com\/pt-pt\/#\/schema\/logo\/image\/\"}}]}<\/script>\n<!-- \/ Yoast SEO plugin. -->","yoast_head_json":{"title":"Not\u00edcias do Facebook - Agence Int\u00e9rim BTP France - AB2PRO","description":"A AB2PRO apresenta-lhe as \u00faltimas not\u00edcias do Facebook da nossa ag\u00eancia de trabalho tempor\u00e1rio especializada no recrutamento de trabalhadores europeus.","robots":{"index":"index","follow":"follow","max-snippet":"max-snippet:-1","max-image-preview":"max-image-preview:large","max-video-preview":"max-video-preview:-1"},"canonical":"https:\/\/www.ab2pro.com\/pt-pt\/noticias-facebook-agencia-interim-construcao\/","og_locale":"pt_PT","og_type":"article","og_title":"Not\u00edcias do Facebook - Agence Int\u00e9rim BTP France - AB2PRO","og_description":"A AB2PRO apresenta-lhe as \u00faltimas not\u00edcias do Facebook da nossa ag\u00eancia de trabalho tempor\u00e1rio especializada no recrutamento de trabalhadores europeus.","og_url":"https:\/\/www.ab2pro.com\/pt-pt\/noticias-facebook-agencia-interim-construcao\/","og_site_name":"AB2PRO","article_modified_time":"2024-05-30T14:19:49+00:00","og_image":[{"width":1920,"height":600,"url":"https:\/\/www.ab2pro.com\/wp-content\/uploads\/2020\/11\/fond-home.jpg","type":"image\/jpeg"}],"twitter_card":"summary_large_image","twitter_misc":{"Tempo estimado de leitura":"1 minuto"},"schema":{"@context":"https:\/\/schema.org","@graph":[{"@type":"WebPage","@id":"https:\/\/www.ab2pro.com\/pt-pt\/noticias-facebook-agencia-interim-construcao\/","url":"https:\/\/www.ab2pro.com\/pt-pt\/noticias-facebook-agencia-interim-construcao\/","name":"Not\u00edcias do Facebook - Agence Int\u00e9rim BTP France - AB2PRO","isPartOf":{"@id":"https:\/\/www.ab2pro.com\/pt-pt\/#website"},"datePublished":"2021-02-23T09:24:40+00:00","dateModified":"2024-05-30T14:19:49+00:00","description":"A AB2PRO apresenta-lhe as \u00faltimas not\u00edcias do Facebook da nossa ag\u00eancia de trabalho tempor\u00e1rio especializada no recrutamento de trabalhadores europeus.","breadcrumb":{"@id":"https:\/\/www.ab2pro.com\/pt-pt\/noticias-facebook-agencia-interim-construcao\/#breadcrumb"},"inLanguage":"pt-PT","potentialAction":[{"@type":"ReadAction","target":["https:\/\/www.ab2pro.com\/pt-pt\/noticias-facebook-agencia-interim-construcao\/"]}]},{"@type":"BreadcrumbList","@id":"https:\/\/www.ab2pro.com\/pt-pt\/noticias-facebook-agencia-interim-construcao\/#breadcrumb","itemListElement":[{"@type":"ListItem","position":1,"name":"Accueil","item":"https:\/\/www.ab2pro.com\/pt-pt\/"},{"@type":"ListItem","position":2,"name":"Not\u00edcias do Facebook"}]},{"@type":"WebSite","@id":"https:\/\/www.ab2pro.com\/pt-pt\/#website","url":"https:\/\/www.ab2pro.com\/pt-pt\/","name":"AB2PRO","description":"Agence d&#039;emploi sp\u00e9cialis\u00e9e dans le recrutement de travailleurs europ\u00e9ens","publisher":{"@id":"https:\/\/www.ab2pro.com\/pt-pt\/#organization"},"potentialAction":[{"@type":"SearchAction","target":{"@type":"EntryPoint","urlTemplate":"https:\/\/www.ab2pro.com\/pt-pt\/?s={search_term_string}"},"query-input":{"@type":"PropertyValueSpecification","valueRequired":true,"valueName":"search_term_string"}}],"inLanguage":"pt-PT"},{"@type":"Organization","@id":"https:\/\/www.ab2pro.com\/pt-pt\/#organization","name":"AB2PRO","url":"https:\/\/www.ab2pro.com\/pt-pt\/","logo":{"@type":"ImageObject","inLanguage":"pt-PT","@id":"https:\/\/www.ab2pro.com\/pt-pt\/#\/schema\/logo\/image\/","url":"https:\/\/www.ab2pro.com\/wp-content\/uploads\/2020\/11\/logo-profil.png","contentUrl":"https:\/\/www.ab2pro.com\/wp-content\/uploads\/2020\/11\/logo-profil.png","width":230,"height":47,"caption":"AB2PRO"},"image":{"@id":"https:\/\/www.ab2pro.com\/pt-pt\/#\/schema\/logo\/image\/"}}]}},"_links":{"self":[{"href":"https:\/\/www.ab2pro.com\/pt-pt\/wp-json\/wp\/v2\/pages\/7123","targetHints":{"allow":["GET"]}}],"collection":[{"href":"https:\/\/www.ab2pro.com\/pt-pt\/wp-json\/wp\/v2\/pages"}],"about":[{"href":"https:\/\/www.ab2pro.com\/pt-pt\/wp-json\/wp\/v2\/types\/page"}],"author":[{"embeddable":true,"href":"https:\/\/www.ab2pro.com\/pt-pt\/wp-json\/wp\/v2\/users\/1"}],"replies":[{"embeddable":true,"href":"https:\/\/www.ab2pro.com\/pt-pt\/wp-json\/wp\/v2\/comments?post=7123"}],"version-history":[{"count":0,"href":"https:\/\/www.ab2pro.com\/pt-pt\/wp-json\/wp\/v2\/pages\/7123\/revisions"}],"wp:attachment":[{"href":"https:\/\/www.ab2pro.com\/pt-pt\/wp-json\/wp\/v2\/media?parent=7123"}],"curies":[{"name":"wp","href":"https:\/\/api.w.org\/{rel}","templated":true}]}}