
{"id":8143,"date":"2021-03-03T16:57:04","date_gmt":"2021-03-03T15:57:04","guid":{"rendered":"https:\/\/www.ab2pro.com\/aviso-legal\/"},"modified":"2021-06-22T14:17:26","modified_gmt":"2021-06-22T12:17:26","slug":"aviso-legal","status":"publish","type":"page","link":"https:\/\/www.ab2pro.com\/pt-pt\/aviso-legal\/","title":{"rendered":"Aviso legal"},"content":{"rendered":"<p>[vc_row el_id=&#8221;bandeau-page&#8221; css=&#8221;.vc_custom_1607699497001{background-image: url(https:\/\/www.ab2pro.com\/wp-content\/uploads\/2020\/12\/Qui-sommes-nous-bandeau-titre.jpg?id=4654) !important;}&#8221;][vc_column][vc_column_text]<\/p>\n<h1>Aviso legal<\/h1>\n<p>[\/vc_column_text][\/vc_column][\/vc_row][vc_row el_id=&#8221;mentions-legales&#8221;][vc_column][vc_column_text]<\/p>\n<h2>1. Apresenta\u00e7\u00e3o do s\u00edtio<\/h2>\n<p>Nos termos do artigo 6\u00ba da Lei n\u00ba 2004-575 de 21 de Junho de 2004 sobre a confian\u00e7a na economia digital, os utilizadores do website www.ab2pro.com s\u00e3o informados da identidade das v\u00e1rias partes envolvidas na sua implementa\u00e7\u00e3o e controlo:[\/vc_column_text][vc_row_inner][vc_column_inner width=&#8221;1\/2&#8243;][vc_column_text]<strong>Propriet\u00e1rio :<\/strong> AB2PRO \u2013 Palma France \u2013 4 rue des Douelles \u2013 44830 BOUAYE<\/p>\n<p>Telefone: 02 40 48 44 54<br \/>\nS.A.S. au capital de 1 000 000\u20ac \u2013 RCS Nantes \u200e508 436 110<br \/>\nEndere\u00e7o da sede: 4 rue des douelles 44830 Bouaye[\/vc_column_text][\/vc_column_inner][vc_column_inner width=&#8221;1\/2&#8243;][vc_column_text]N\u00b0 IVA intracomunit\u00e1rio: FR26508436110<br \/>\nSIRET N\u00b0 : 50843611000029<\/p>\n<p><strong>Director da publica\u00e7\u00e3o: <\/strong> Arthur Cousseau \u2013 &#x64;i&#x67;&#105;t&#x61;&#108;&#x40;&#x61;b&#x32;&#112;r&#x6f;&#46;&#x63;&#111;m<br \/>\nA pessoa respons\u00e1vel pela publica\u00e7\u00e3o \u00e9 uma pessoa singular ou uma entidade jur\u00eddica.[\/vc_column_text][\/vc_column_inner][\/vc_row_inner][vc_row_inner][vc_column_inner width=&#8221;1\/2&#8243;][vc_column_text]<\/p>\n<h2>O website ab2pro.com \u00e9 alojado por :<\/h2>\n<p>OVH<br \/>\n2 rue kellermann<br \/>\nBP 80157<br \/>\n59053 ROUBAIX Cedex 1<br \/>\nTelefone :+33 (0)8 203 203 63<br \/>\nE-mail: &#115;&#x75;p&#112;&#x6f;&#114;&#x74;&#64;&#111;&#x76;h&#x2e;&#x63;&#111;&#x6d;[\/vc_column_text][\/vc_column_inner][vc_column_inner width=&#8221;1\/2&#8243;][vc_column_text]<\/p>\n<h2>O website ab2pro.com foi criado por :<\/h2>\n<p>Agence web Enjin<br \/>\nE-mail : <a href=\"&#109;a&#x69;l&#x74;o&#x3a;c&#x6f;&#110;&#x74;&#97;&#x63;&#116;&#x40;&#101;n&#106;i&#x6e;&#46;&#x66;r\">&#x63;&#x6f;&#x6e;&#x74;&#x61;&#x63;&#116;&#64;&#101;&#110;jin&#46;&#x66;&#x72;<\/a><br \/>\nWebsite : <a href=\"https:\/\/www.enjin.fr\">www.enjin.fr<\/a>[\/vc_column_text][\/vc_column_inner][\/vc_row_inner][vc_column_text]<\/p>\n<h2>2. Termos e condi\u00e7\u00f5es gerais de utiliza\u00e7\u00e3o do site e dos servi\u00e7os oferecidos<\/h2>\n<p>O objectivo da presente GCU \u00e9 definir os termos e condi\u00e7\u00f5es gerais de utiliza\u00e7\u00e3o do website https:\/\/www.ab2pro.com e permitir ao utilizador beneficiar dos servi\u00e7os associados.<\/p>\n<p>A utiliza\u00e7\u00e3o do website https:\/\/www.ab2pro.com implica a aceita\u00e7\u00e3o total e completa dos termos e condi\u00e7\u00f5es gerais de utiliza\u00e7\u00e3o descritos abaixo. Estas condi\u00e7\u00f5es de utiliza\u00e7\u00e3o podem ser modificadas ou complementadas em qualquer altura. Os utilizadores do s\u00edtio https:\/\/www.ab2pro.com s\u00e3o, portanto, convidados a consult\u00e1-los regularmente.<\/p>\n<p>Este site \u00e9 normalmente acess\u00edvel aos utilizadores em qualquer altura. No entanto, a AB2PRO pode decidir interromp\u00ea-la para manuten\u00e7\u00e3o t\u00e9cnica, caso em que a AB2PRO procurar\u00e1 informar previamente os utilizadores sobre as datas e horas da interven\u00e7\u00e3o.<\/p>\n<p>O s\u00edtio https:\/\/www.ab2pro.com \u00e9 actualizado regularmente pela La Soci\u00e9t\u00e9 Palma France. Da mesma forma, os avisos legais podem ser modificados em qualquer altura: s\u00e3o no entanto vinculativos para o utilizador que \u00e9 convidado a consult\u00e1-los com a maior frequ\u00eancia poss\u00edvel para os ler.<\/p>\n<h2>3. Descri\u00e7\u00e3o dos servi\u00e7os prestados<\/h2>\n<p>O objectivo do s\u00edtio https:\/\/www.ab2pro.com \u00e9 fornecer informa\u00e7\u00f5es sobre todas as actividades da empresa.<\/p>\n<p>Palma France esfor\u00e7a-se por fornecer a informa\u00e7\u00e3o mais exacta poss\u00edvel no s\u00edtio https:\/\/www.ab2pro.com. No entanto, n\u00e3o pode ser responsabilizada por omiss\u00f5es, imprecis\u00f5es e defici\u00eancias na actualiza\u00e7\u00e3o, quer causadas por si mesma, quer por parceiros terceiros que lhe forne\u00e7am esta informa\u00e7\u00e3o.<\/p>\n<p>Toda a informa\u00e7\u00e3o indicada no s\u00edtio https:\/\/www.ab2pro.com \u00e9 dada apenas a t\u00edtulo informativo, e est\u00e1 sujeita a altera\u00e7\u00f5es. Al\u00e9m disso, a informa\u00e7\u00e3o no s\u00edtio https:\/\/www.ab2pro.com n\u00e3o \u00e9 exaustiva. Est\u00e1 sujeito a altera\u00e7\u00f5es que t\u00eam sido feitas desde que foi colocado em linha.<\/p>\n<h2>4. Limita\u00e7\u00f5es contratuais sobre dados t\u00e9cnicos<\/h2>\n<p>\u00c9 da responsabilidade do utilizador assegurar a compatibilidade do seu equipamento e navegador para aceder ao site e aos servi\u00e7os que este oferece.<\/p>\n<p>O site utiliza tecnologia WordPress.<\/p>\n<p>O site n\u00e3o pode ser responsabilizado por quaisquer danos materiais relacionados com a utiliza\u00e7\u00e3o do site. Al\u00e9m disso, o utilizador do site compromete-se a aceder ao site utilizando equipamento recente, livre de v\u00edrus e com um navegador de \u00faltima gera\u00e7\u00e3o e actualizado.<\/p>\n<h2>5. Propriedade intelectual e contrafac\u00e7\u00e3o<\/h2>\n<p>Palma France \u00e9 propriet\u00e1ria dos direitos de propriedade intelectual ou det\u00e9m os direitos de utilizar todos os elementos acess\u00edveis no site, em particular os textos, imagens, gr\u00e1ficos, log\u00f3tipos, \u00edcones, sons, software e marcas registadas.<\/p>\n<p>Qualquer reprodu\u00e7\u00e3o, representa\u00e7\u00e3o, modifica\u00e7\u00e3o, publica\u00e7\u00e3o, adapta\u00e7\u00e3o de todos ou parte dos elementos do site, independentemente do meio ou processo utilizado, \u00e9 proibida sem o consentimento pr\u00e9vio por escrito de : Palma France.<\/p>\n<p>Qualquer utiliza\u00e7\u00e3o n\u00e3o autorizada do s\u00edtio ou de qualquer dos elementos nele contidos ser\u00e1 considerada como uma infrac\u00e7\u00e3o e ser\u00e1 processada de acordo com as disposi\u00e7\u00f5es civis e penais a este respeito.<\/p>\n<h2>6. Limita\u00e7\u00f5es de responsabilidade<\/h2>\n<p>Palma France n\u00e3o pode ser considerada respons\u00e1vel por qualquer dano directo ou indirecto causado ao equipamento do utilizador ao aceder ao s\u00edtio web https:\/\/www.ab2pro.com, resultante quer da utiliza\u00e7\u00e3o de equipamento que n\u00e3o cumpra as especifica\u00e7\u00f5es indicadas no ponto 4, quer do aparecimento de um bug ou incompatibilidade.<\/p>\n<p>Palma France tamb\u00e9m n\u00e3o ser\u00e1 considerada respons\u00e1vel por danos indirectos (tais como perda de neg\u00f3cios ou perda de oportunidades) resultantes da utiliza\u00e7\u00e3o do website https:\/\/www.ab2pro.com.<\/p>\n<p>No caso de ser necess\u00e1rio um identificador ou c\u00f3digo de acesso para se ligar aos servi\u00e7os oferecidos pelo site, cabe ao Utilizador manter os seus identificadores e c\u00f3digos de acesso de modo a que estes permane\u00e7am estritamente pessoais e confidenciais. Como resultado, qualquer liga\u00e7\u00e3o feita com um identificador ou c\u00f3digo de acesso v\u00e1lido ser\u00e1 considerada como sendo feita pelo Utilizador e Palma France n\u00e3o pode ser responsabilizada pela sua utiliza\u00e7\u00e3o por terceiros.<\/p>\n<p>Espa\u00e7os interactivos (possibilidade de fazer perguntas atrav\u00e9s de uma ferramenta de mensagens) est\u00e3o dispon\u00edveis para os utilizadores. Palma France reserva-se o direito de eliminar, sem aviso pr\u00e9vio, qualquer conte\u00fado publicado neste espa\u00e7o que viole a legisla\u00e7\u00e3o aplic\u00e1vel em Fran\u00e7a mas tamb\u00e9m na Uni\u00e3o Europeia, em particular as disposi\u00e7\u00f5es relativas \u00e0 protec\u00e7\u00e3o de dados. Se necess\u00e1rio, Palma France reserva-se igualmente o direito de responsabilizar o utilizador ao abrigo do direito civil e\/ou penal, nomeadamente em caso de mensagem racista, insultuosa, difamat\u00f3ria ou pornogr\u00e1fica, independentemente do meio utilizado (texto, fotografia, etc.).<\/p>\n<p>O Utilizador compromete-se a preencher exactamente as informa\u00e7\u00f5es solicitadas sem informa\u00e7\u00f5es ofensivas ou ilegais e permanecer\u00e1 o \u00fanico respons\u00e1vel pelas referidas informa\u00e7\u00f5es, cuja veracidade ele garante. Compromete-se a actualiz\u00e1-los periodicamente e o mais rapidamente poss\u00edvel, se necess\u00e1rio.[\/vc_column_text][vc_btn title=&#8221;Pol\u00edtica de Privacidade&#8221; link=&#8221;url:https%3A%2F%2Fwww.ab2pro.com%2Fpt-pt%2Fpolitica-de-privacidade%2F|title:Pol%C3%ADtica%20de%20Privacidade&#8221;][\/vc_column][\/vc_row]<\/p>\n","protected":false},"excerpt":{"rendered":"<p>[vc_row el_id=&#8221;bandeau-page&#8221; css=&#8221;.vc_custom_1607699497001{background-image: url(https:\/\/www.ab2pro.com\/wp-content\/uploads\/2020\/12\/Qui-sommes-nous-bandeau-titre.jpg?id=4654) !important;}&#8221;][vc_column][vc_column_text] Aviso legal [\/vc_column_text][\/vc_column][\/vc_row][vc_row el_id=&#8221;mentions-legales&#8221;][vc_column][vc_column_text] 1. Apresenta\u00e7\u00e3o do s\u00edtio Nos termos do artigo 6\u00ba da Lei [&hellip;]<\/p>\n","protected":false},"author":1,"featured_media":0,"parent":0,"menu_order":0,"comment_status":"closed","ping_status":"closed","template":"","meta":{"_acf_changed":false,"footnotes":""},"class_list":["post-8143","page","type-page","status-publish","hentry"],"acf":[],"yoast_head":"<!-- This site is optimized with the Yoast SEO plugin v26.8 - https:\/\/yoast.com\/product\/yoast-seo-wordpress\/ -->\n<title>Aviso legal - AB2PRO<\/title>\n<meta name=\"description\" content=\"Aviso legal - AB2PRO\" \/>\n<meta name=\"robots\" content=\"noindex, nofollow\" \/>\n<meta property=\"og:locale\" content=\"pt_PT\" \/>\n<meta property=\"og:type\" content=\"article\" \/>\n<meta property=\"og:title\" content=\"Aviso legal - AB2PRO\" \/>\n<meta property=\"og:description\" content=\"Aviso legal - AB2PRO\" \/>\n<meta property=\"og:url\" content=\"https:\/\/www.ab2pro.com\/pt-pt\/aviso-legal\/\" \/>\n<meta property=\"og:site_name\" content=\"AB2PRO\" \/>\n<meta property=\"article:modified_time\" content=\"2021-06-22T12:17:26+00:00\" \/>\n<meta property=\"og:image\" content=\"https:\/\/www.ab2pro.com\/wp-content\/uploads\/2020\/11\/fond-home.jpg\" \/>\n\t<meta property=\"og:image:width\" content=\"1920\" \/>\n\t<meta property=\"og:image:height\" content=\"600\" \/>\n\t<meta property=\"og:image:type\" content=\"image\/jpeg\" \/>\n<meta name=\"twitter:card\" content=\"summary_large_image\" \/>\n<meta name=\"twitter:label1\" content=\"Tempo estimado de leitura\" \/>\n\t<meta name=\"twitter:data1\" content=\"4 minutos\" \/>\n<script type=\"application\/ld+json\" class=\"yoast-schema-graph\">{\"@context\":\"https:\/\/schema.org\",\"@graph\":[{\"@type\":\"WebPage\",\"@id\":\"https:\/\/www.ab2pro.com\/pt-pt\/aviso-legal\/\",\"url\":\"https:\/\/www.ab2pro.com\/pt-pt\/aviso-legal\/\",\"name\":\"Aviso legal - AB2PRO\",\"isPartOf\":{\"@id\":\"https:\/\/www.ab2pro.com\/pt-pt\/#website\"},\"datePublished\":\"2021-03-03T15:57:04+00:00\",\"dateModified\":\"2021-06-22T12:17:26+00:00\",\"description\":\"Aviso legal - AB2PRO\",\"breadcrumb\":{\"@id\":\"https:\/\/www.ab2pro.com\/pt-pt\/aviso-legal\/#breadcrumb\"},\"inLanguage\":\"pt-PT\",\"potentialAction\":[{\"@type\":\"ReadAction\",\"target\":[\"https:\/\/www.ab2pro.com\/pt-pt\/aviso-legal\/\"]}]},{\"@type\":\"BreadcrumbList\",\"@id\":\"https:\/\/www.ab2pro.com\/pt-pt\/aviso-legal\/#breadcrumb\",\"itemListElement\":[{\"@type\":\"ListItem\",\"position\":1,\"name\":\"Accueil\",\"item\":\"https:\/\/www.ab2pro.com\/pt-pt\/\"},{\"@type\":\"ListItem\",\"position\":2,\"name\":\"Aviso legal\"}]},{\"@type\":\"WebSite\",\"@id\":\"https:\/\/www.ab2pro.com\/pt-pt\/#website\",\"url\":\"https:\/\/www.ab2pro.com\/pt-pt\/\",\"name\":\"AB2PRO\",\"description\":\"Agence d&#039;emploi sp\u00e9cialis\u00e9e dans le recrutement de travailleurs europ\u00e9ens\",\"publisher\":{\"@id\":\"https:\/\/www.ab2pro.com\/pt-pt\/#organization\"},\"potentialAction\":[{\"@type\":\"SearchAction\",\"target\":{\"@type\":\"EntryPoint\",\"urlTemplate\":\"https:\/\/www.ab2pro.com\/pt-pt\/?s={search_term_string}\"},\"query-input\":{\"@type\":\"PropertyValueSpecification\",\"valueRequired\":true,\"valueName\":\"search_term_string\"}}],\"inLanguage\":\"pt-PT\"},{\"@type\":\"Organization\",\"@id\":\"https:\/\/www.ab2pro.com\/pt-pt\/#organization\",\"name\":\"AB2PRO\",\"url\":\"https:\/\/www.ab2pro.com\/pt-pt\/\",\"logo\":{\"@type\":\"ImageObject\",\"inLanguage\":\"pt-PT\",\"@id\":\"https:\/\/www.ab2pro.com\/pt-pt\/#\/schema\/logo\/image\/\",\"url\":\"https:\/\/www.ab2pro.com\/wp-content\/uploads\/2020\/11\/logo-profil.png\",\"contentUrl\":\"https:\/\/www.ab2pro.com\/wp-content\/uploads\/2020\/11\/logo-profil.png\",\"width\":230,\"height\":47,\"caption\":\"AB2PRO\"},\"image\":{\"@id\":\"https:\/\/www.ab2pro.com\/pt-pt\/#\/schema\/logo\/image\/\"}}]}<\/script>\n<!-- \/ Yoast SEO plugin. -->","yoast_head_json":{"title":"Aviso legal - AB2PRO","description":"Aviso legal - AB2PRO","robots":{"index":"noindex","follow":"nofollow"},"og_locale":"pt_PT","og_type":"article","og_title":"Aviso legal - AB2PRO","og_description":"Aviso legal - AB2PRO","og_url":"https:\/\/www.ab2pro.com\/pt-pt\/aviso-legal\/","og_site_name":"AB2PRO","article_modified_time":"2021-06-22T12:17:26+00:00","og_image":[{"width":1920,"height":600,"url":"https:\/\/www.ab2pro.com\/wp-content\/uploads\/2020\/11\/fond-home.jpg","type":"image\/jpeg"}],"twitter_card":"summary_large_image","twitter_misc":{"Tempo estimado de leitura":"4 minutos"},"schema":{"@context":"https:\/\/schema.org","@graph":[{"@type":"WebPage","@id":"https:\/\/www.ab2pro.com\/pt-pt\/aviso-legal\/","url":"https:\/\/www.ab2pro.com\/pt-pt\/aviso-legal\/","name":"Aviso legal - AB2PRO","isPartOf":{"@id":"https:\/\/www.ab2pro.com\/pt-pt\/#website"},"datePublished":"2021-03-03T15:57:04+00:00","dateModified":"2021-06-22T12:17:26+00:00","description":"Aviso legal - AB2PRO","breadcrumb":{"@id":"https:\/\/www.ab2pro.com\/pt-pt\/aviso-legal\/#breadcrumb"},"inLanguage":"pt-PT","potentialAction":[{"@type":"ReadAction","target":["https:\/\/www.ab2pro.com\/pt-pt\/aviso-legal\/"]}]},{"@type":"BreadcrumbList","@id":"https:\/\/www.ab2pro.com\/pt-pt\/aviso-legal\/#breadcrumb","itemListElement":[{"@type":"ListItem","position":1,"name":"Accueil","item":"https:\/\/www.ab2pro.com\/pt-pt\/"},{"@type":"ListItem","position":2,"name":"Aviso legal"}]},{"@type":"WebSite","@id":"https:\/\/www.ab2pro.com\/pt-pt\/#website","url":"https:\/\/www.ab2pro.com\/pt-pt\/","name":"AB2PRO","description":"Agence d&#039;emploi sp\u00e9cialis\u00e9e dans le recrutement de travailleurs europ\u00e9ens","publisher":{"@id":"https:\/\/www.ab2pro.com\/pt-pt\/#organization"},"potentialAction":[{"@type":"SearchAction","target":{"@type":"EntryPoint","urlTemplate":"https:\/\/www.ab2pro.com\/pt-pt\/?s={search_term_string}"},"query-input":{"@type":"PropertyValueSpecification","valueRequired":true,"valueName":"search_term_string"}}],"inLanguage":"pt-PT"},{"@type":"Organization","@id":"https:\/\/www.ab2pro.com\/pt-pt\/#organization","name":"AB2PRO","url":"https:\/\/www.ab2pro.com\/pt-pt\/","logo":{"@type":"ImageObject","inLanguage":"pt-PT","@id":"https:\/\/www.ab2pro.com\/pt-pt\/#\/schema\/logo\/image\/","url":"https:\/\/www.ab2pro.com\/wp-content\/uploads\/2020\/11\/logo-profil.png","contentUrl":"https:\/\/www.ab2pro.com\/wp-content\/uploads\/2020\/11\/logo-profil.png","width":230,"height":47,"caption":"AB2PRO"},"image":{"@id":"https:\/\/www.ab2pro.com\/pt-pt\/#\/schema\/logo\/image\/"}}]}},"_links":{"self":[{"href":"https:\/\/www.ab2pro.com\/pt-pt\/wp-json\/wp\/v2\/pages\/8143","targetHints":{"allow":["GET"]}}],"collection":[{"href":"https:\/\/www.ab2pro.com\/pt-pt\/wp-json\/wp\/v2\/pages"}],"about":[{"href":"https:\/\/www.ab2pro.com\/pt-pt\/wp-json\/wp\/v2\/types\/page"}],"author":[{"embeddable":true,"href":"https:\/\/www.ab2pro.com\/pt-pt\/wp-json\/wp\/v2\/users\/1"}],"replies":[{"embeddable":true,"href":"https:\/\/www.ab2pro.com\/pt-pt\/wp-json\/wp\/v2\/comments?post=8143"}],"version-history":[{"count":0,"href":"https:\/\/www.ab2pro.com\/pt-pt\/wp-json\/wp\/v2\/pages\/8143\/revisions"}],"wp:attachment":[{"href":"https:\/\/www.ab2pro.com\/pt-pt\/wp-json\/wp\/v2\/media?parent=8143"}],"curies":[{"name":"wp","href":"https:\/\/api.w.org\/{rel}","templated":true}]}}