
{"id":46846,"date":"2023-09-15T17:29:35","date_gmt":"2023-09-15T15:29:35","guid":{"rendered":"https:\/\/www.ab2pro.com\/?page_id=46846"},"modified":"2024-03-21T16:45:44","modified_gmt":"2024-03-21T15:45:44","slug":"regulamentul-jocului-concurs-recomandari-septembrie-2023","status":"publish","type":"page","link":"https:\/\/www.ab2pro.com\/ro\/regulamentul-jocului-concurs-recomandari-septembrie-2023\/","title":{"rendered":"Regulamentul jocului concurs recomand\u0103ri 2024"},"content":{"rendered":"<p>[vc_row el_class=&#8221;docs&#8221;][vc_column][vc_column_text]<\/p>\n<h2>Regulamentul jocului concurs recomand\u0103ri 2024<\/h2>\n<p>[\/vc_column_text][vc_column_text]<\/p>\n<h3><strong>Article 1 : Participan\u021bi<\/strong><\/h3>\n<p>Firma PALMA FRANCE cu un capital social de 1000 000,00 euro , numit\u0103 in continuare &#8221; Firma organizatoare &#8221; av\u00e2nd sediul social la BOUAYE, 4 rue des douelles, Fran\u021ba, \u00eenscris\u0103 la registrul comer\u021bului de la Nantes sub num\u0103rul 508 436 110, organizeaz\u0103 acest joc gratuit f\u0103r\u0103 obliga\u021bia de a cump\u0103ra din data de 28.08.2023 p\u00e2n\u0103 la data de 12.02.2024 la ora 23.59.<\/p>\n<p>Acest joc f\u0103r\u0103 obliga\u021bia de a cump\u0103ra este destinat doar interimarilor afla\u021bi in misiune pe durata jocului concurs. Sunt excluse de la joc persoanele care nu \u00eendeplinesc condi\u021biile de mai sus \u0219i membrii conducerii generale, al sediului social, al serviciului de resurse umane, personalul din agen\u021bii, \u0219i toate persoanele care direct sau indirect au participat la realizarea acestui joc sau la gestiunea jocului, de asemenea sunt exclusi si partenerii sau membrii familiilor lor : rude directe de gradul I sau alte rudenii care locuiesc la adres\u0103. &#8222;Firma organizatoare&#8221; \u00ee\u0219i rezerv\u0103 dreptul de a cere participan\u021bilor s\u0103 -si justifice conditiile sus men\u021bionate. Orice persoan\u0103 care nu \u00eendepline\u0219te condi\u021biile sau refuz\u0103 sa le justifice va fi excluse din joc \u0219i nu va putea, in caz de c\u00e2\u0219tig, s\u0103-si ridice premiul. Este autorizat\u0103 o singura participare pe persoan\u0103 . &#8222;Firma organizatoare&#8221; \u00ee\u0219i rezerv\u0103 dreptul de a verifica respectarea acestei reguli.<br \/>\nParticiparea la acest joc implic\u0103 acceptarea prezentului regulament.[\/vc_column_text][vc_column_text]<\/p>\n<h3>Article 2 : Modalit\u0103\u021bi de participare.<\/h3>\n<p>Concursul se va desf\u0103\u0219ura p\u00e2n\u0103 pe 31 decembrie 2024 \u0219i se adreseaz\u0103 tuturor interimarilor recomanda\u021bi \u00eencep\u00e2nd cu 28 august 2023 \u0219i care au efectuat o misiune de minimum 100 de ore de munc\u0103 \u00eencep\u00e2nd cu aceast\u0103 dat\u0103. De la 1 ianuarie 2025 nici o recomandare nu va mai fi luat\u0103 \u00een calcul pentru acest joc concurs.<\/p>\n<p>Concursul recompenseaz\u0103 toti participan\u021bii care au recomandat cel pu\u021bin 1 interimar care a efectuat 100 de ore de munc\u0103 cu o greac\u0103 Parka 4-in-1.<\/p>\n<p>C\u00e2\u0219tigurile vor fi atribuite dup\u0103 urm\u0103toarele reguli :<\/p>\n<ul>\n<li>S\u0103 scrie corect informa\u021biile privind numarul de telefon si adresa de email in formularul prev\u0103zut pentru acesta pe site-ul web al &#8222;Firmei organizatoare&#8221;.<\/li>\n<li>Persoana recomandat\u0103 sa fi realizat cel pu\u021bin o misiune de minimum 100 de ore dup\u0103 data de recomandare ca \u0219i interimar in cadrul &#8222;Firmei organizatoare&#8221;.<\/li>\n<\/ul>\n<p>Orice participare contrar\u0103 dispozi\u021biilor prezentului<br \/>\nregulament va fi nula. Orice participant suspect de \u00eenc\u0103lcarea regulilor<br \/>\nva putea fi \u00eenl\u0103turat din jocul concurs de c\u0103tre &#8222;Firma organizatoare&#8221; f\u0103r\u0103 ca aceasta s\u0103 se justifice. Orice participare incomplet\u0103, eronat\u0103 sau ilizibila, voluntar\u0103 sau nu, sau realizat\u0103 sub o alt\u0103 form\u0103 dec\u00e2t cea prev\u0103zut\u0103 in prezentul regulament va fi considerat\u0103 nul\u0103. Aceea\u0219i sanc\u021biune se va aplica \u0219i in caz de multipe particip\u0103ri.[\/vc_column_text][vc_column_text]<\/p>\n<h3>Article 3 : Cadouri<\/h3>\n<p>Sunt puse in joc:<\/p>\n<ul>\n<li>o greac\u0103 Parka 4 in 1 pentru to\u021bi participan\u021bii care au recomandat cel pu\u021bin un interimar care a efectuat cel putin 100 de ore de munc\u0103<\/li>\n<\/ul>\n<p>Valoarea c\u00e2\u0219tigurilor este stabilit\u0103 in momentul redact\u0103rii prezentului regulament \u0219i nu va putea face obiectul unei contest\u0103rii privind modificarea valorii sale. Toate cheltuielile ulterioare jocului cu \u00eentre\u021binerea \u0219i folosirea castigurilor revin pe deplin c\u00e2\u0219tig\u0103torilor.[\/vc_column_text][vc_column_text]<\/p>\n<h3><strong>Article 4 : Numirea c\u00e2\u0219tig\u0103torilor<\/strong><\/h3>\n<p>Acest joc concurs se termin\u0103 pe data de 31 decembrie 2024, nici o recomandare nu va mai fi luat\u0103 \u00een cont dup\u0103 aceast\u0103 dat\u0103.[\/vc_column_text][vc_column_text]<\/p>\n<h3>Article 5 : Anun\u021bul c\u00e2\u0219tig\u0103torului<\/h3>\n<p>C\u00e2\u0219tig\u0103torii vor fi contacta\u021bi de c\u0103tre recrutorul lor \u00een momentul distribuirii premiilor.[\/vc_column_text][vc_column_text]<\/p>\n<h3>Article 6 : \u00cenm\u00e2narea c\u00e2\u0219tigului<\/h3>\n<p>C\u00e2\u0219tigurile se vor recupera de la recrutor sau direct din agen\u021bia unde este ata\u0219at interimarul in cauz\u0103.<br \/>\nUltima zi a ridic\u0103rii premiilor este 1 ianuarie 2025.<br \/>\nC\u00e2\u0219tig\u0103torii se angajeaz\u0103 s\u0103 accepte cadourile asa cum sunt propuse fara posibilitatea de a le schimba in bani, alte bunuri sau servicii<br \/>\nde orice fel, nici transferul c\u0103tre o terta persoan\u0103.<br \/>\nDe asemenea, aceste cadouri nu pot face obiectul unei cereri compensatorii.<br \/>\n&#8222;Firma organizatoare&#8221; \u00ee\u0219i rezerv\u0103 dreptul, in cazul unui eveniment neprevazut independent de vointa sa, mai ales legat de furnizori sau circumstan\u021be imprevizibile, s\u0103 \u00eenlocuiasc\u0103 castigul anun\u021bat cu un c\u00e2\u0219tig cu valoare echivalent\u0103. C\u00e2\u0219tig\u0103torii vor fi informa\u021bi despre eventualele modific\u0103ri.[\/vc_column_text][vc_column_text]<\/p>\n<h3>Article 7 : Uttilizarea datelor cu caracter personal ale participantilor<\/h3>\n<p>Informatiile participan\u021bilor \u0219i datele transmise de candida\u021bii<br \/>\npoten\u021biali sunt inregistrate si utilizate de &#8222;Firma organizatoare&#8221; pentru inregistrarea participarii lor la jocul concurs, pentru distribuirea c\u00e2\u0219tigurilor \u0219i pentru a lua leg\u0103tura cu candida\u021bii poten\u021biali in postul de interimari la &#8222;Firma organizatoare&#8221;.<br \/>\nParticipan\u021bii la jocul concurs trebuie s\u0103 se asigure c\u0103 au voie s\u0103 transmit\u0103 &#8222;Firmei organizatoare&#8221; datele poten\u021bialilor candida\u021bi.<br \/>\nInforma\u021biile participan\u021bilor si datele candidatilor poten\u021biali nu pot fi folosite in scop comercial sau publicitate<br \/>\nsau rela\u021bii publice. Conform cu Legea informatica si Libert\u0103\u021bii in versiunea sa ultim\u0103, \u0219i a Regulamentului n\u00b02016\/679 al parlamentului european si consiliului din 27 aprilie 2016 despre protectia persoanelor fizice in legatura cu tratarea datelor cu caracter personal si libera circulatie a datelor ( RGPD), participantul poate s\u0103-si exercite dreptul s\u0103u de acces, de rectificare, de stergere a datelor, de limitarea utilizarii, dreptul la portabilitatea datelor, dreptul de opozi\u021bie \u0219i de asemenea dreptul sau de a-si retrage acordul adres\u00e2ndu-se prin scrisoare la &#8222;Firma organizatoare&#8221;, adresa fiind men\u021bionat\u0103 la articolul 1.[\/vc_column_text][\/vc_column][\/vc_row]<\/p>\n","protected":false},"excerpt":{"rendered":"<p>[vc_row el_class=&#8221;docs&#8221;][vc_column][vc_column_text] Regulamentul jocului concurs recomand\u0103ri 2024 [\/vc_column_text][vc_column_text] Article 1 : Participan\u021bi Firma PALMA FRANCE cu un capital social de [&hellip;]<\/p>\n","protected":false},"author":9,"featured_media":0,"parent":0,"menu_order":0,"comment_status":"closed","ping_status":"closed","template":"","meta":{"_acf_changed":false,"footnotes":""},"class_list":["post-46846","page","type-page","status-publish","hentry"],"acf":[],"yoast_head":"<!-- This site is optimized with the Yoast SEO plugin v26.8 - https:\/\/yoast.com\/product\/yoast-seo-wordpress\/ -->\n<title>Regulamentul jocului concurs recomand\u0103ri 2024 - AB2PRO<\/title>\n<meta name=\"description\" content=\"Regulamentul jocului concurs recomand\u0103ri 2024 - AB2PRO\" \/>\n<meta name=\"robots\" content=\"index, follow, max-snippet:-1, max-image-preview:large, max-video-preview:-1\" \/>\n<link rel=\"canonical\" href=\"https:\/\/www.ab2pro.com\/ro\/regulamentul-jocului-concurs-recomandari-septembrie-2023\/\" \/>\n<meta property=\"og:locale\" content=\"ro_RO\" \/>\n<meta property=\"og:type\" content=\"article\" \/>\n<meta property=\"og:title\" content=\"Regulamentul jocului concurs recomand\u0103ri 2024 - AB2PRO\" \/>\n<meta property=\"og:description\" content=\"Regulamentul jocului concurs recomand\u0103ri 2024 - AB2PRO\" \/>\n<meta property=\"og:url\" content=\"https:\/\/www.ab2pro.com\/ro\/regulamentul-jocului-concurs-recomandari-septembrie-2023\/\" \/>\n<meta property=\"og:site_name\" content=\"AB2PRO\" \/>\n<meta property=\"article:modified_time\" content=\"2024-03-21T15:45:44+00:00\" \/>\n<meta property=\"og:image\" content=\"https:\/\/www.ab2pro.com\/wp-content\/uploads\/2020\/11\/fond-home.jpg\" \/>\n\t<meta property=\"og:image:width\" content=\"1920\" \/>\n\t<meta property=\"og:image:height\" content=\"600\" \/>\n\t<meta property=\"og:image:type\" content=\"image\/jpeg\" \/>\n<meta name=\"twitter:card\" content=\"summary_large_image\" \/>\n<meta name=\"twitter:label1\" content=\"Timp estimat pentru citire\" \/>\n\t<meta name=\"twitter:data1\" content=\"5 minute\" \/>\n<script type=\"application\/ld+json\" class=\"yoast-schema-graph\">{\"@context\":\"https:\/\/schema.org\",\"@graph\":[{\"@type\":\"WebPage\",\"@id\":\"https:\/\/www.ab2pro.com\/ro\/regulamentul-jocului-concurs-recomandari-septembrie-2023\/\",\"url\":\"https:\/\/www.ab2pro.com\/ro\/regulamentul-jocului-concurs-recomandari-septembrie-2023\/\",\"name\":\"Regulamentul jocului concurs recomand\u0103ri 2024 - AB2PRO\",\"isPartOf\":{\"@id\":\"https:\/\/www.ab2pro.com\/ro\/#website\"},\"datePublished\":\"2023-09-15T15:29:35+00:00\",\"dateModified\":\"2024-03-21T15:45:44+00:00\",\"description\":\"Regulamentul jocului concurs recomand\u0103ri 2024 - AB2PRO\",\"breadcrumb\":{\"@id\":\"https:\/\/www.ab2pro.com\/ro\/regulamentul-jocului-concurs-recomandari-septembrie-2023\/#breadcrumb\"},\"inLanguage\":\"ro-RO\",\"potentialAction\":[{\"@type\":\"ReadAction\",\"target\":[\"https:\/\/www.ab2pro.com\/ro\/regulamentul-jocului-concurs-recomandari-septembrie-2023\/\"]}]},{\"@type\":\"BreadcrumbList\",\"@id\":\"https:\/\/www.ab2pro.com\/ro\/regulamentul-jocului-concurs-recomandari-septembrie-2023\/#breadcrumb\",\"itemListElement\":[{\"@type\":\"ListItem\",\"position\":1,\"name\":\"Accueil\",\"item\":\"https:\/\/www.ab2pro.com\/ro\/\"},{\"@type\":\"ListItem\",\"position\":2,\"name\":\"Regulamentul jocului concurs recomand\u0103ri 2024\"}]},{\"@type\":\"WebSite\",\"@id\":\"https:\/\/www.ab2pro.com\/ro\/#website\",\"url\":\"https:\/\/www.ab2pro.com\/ro\/\",\"name\":\"AB2PRO\",\"description\":\"Agence d&#039;emploi sp\u00e9cialis\u00e9e dans le recrutement de travailleurs europ\u00e9ens\",\"publisher\":{\"@id\":\"https:\/\/www.ab2pro.com\/ro\/#organization\"},\"potentialAction\":[{\"@type\":\"SearchAction\",\"target\":{\"@type\":\"EntryPoint\",\"urlTemplate\":\"https:\/\/www.ab2pro.com\/ro\/?s={search_term_string}\"},\"query-input\":{\"@type\":\"PropertyValueSpecification\",\"valueRequired\":true,\"valueName\":\"search_term_string\"}}],\"inLanguage\":\"ro-RO\"},{\"@type\":\"Organization\",\"@id\":\"https:\/\/www.ab2pro.com\/ro\/#organization\",\"name\":\"AB2PRO\",\"url\":\"https:\/\/www.ab2pro.com\/ro\/\",\"logo\":{\"@type\":\"ImageObject\",\"inLanguage\":\"ro-RO\",\"@id\":\"https:\/\/www.ab2pro.com\/ro\/#\/schema\/logo\/image\/\",\"url\":\"https:\/\/www.ab2pro.com\/wp-content\/uploads\/2020\/11\/logo-profil.png\",\"contentUrl\":\"https:\/\/www.ab2pro.com\/wp-content\/uploads\/2020\/11\/logo-profil.png\",\"width\":230,\"height\":47,\"caption\":\"AB2PRO\"},\"image\":{\"@id\":\"https:\/\/www.ab2pro.com\/ro\/#\/schema\/logo\/image\/\"}}]}<\/script>\n<!-- \/ Yoast SEO plugin. -->","yoast_head_json":{"title":"Regulamentul jocului concurs recomand\u0103ri 2024 - AB2PRO","description":"Regulamentul jocului concurs recomand\u0103ri 2024 - AB2PRO","robots":{"index":"index","follow":"follow","max-snippet":"max-snippet:-1","max-image-preview":"max-image-preview:large","max-video-preview":"max-video-preview:-1"},"canonical":"https:\/\/www.ab2pro.com\/ro\/regulamentul-jocului-concurs-recomandari-septembrie-2023\/","og_locale":"ro_RO","og_type":"article","og_title":"Regulamentul jocului concurs recomand\u0103ri 2024 - AB2PRO","og_description":"Regulamentul jocului concurs recomand\u0103ri 2024 - AB2PRO","og_url":"https:\/\/www.ab2pro.com\/ro\/regulamentul-jocului-concurs-recomandari-septembrie-2023\/","og_site_name":"AB2PRO","article_modified_time":"2024-03-21T15:45:44+00:00","og_image":[{"width":1920,"height":600,"url":"https:\/\/www.ab2pro.com\/wp-content\/uploads\/2020\/11\/fond-home.jpg","type":"image\/jpeg"}],"twitter_card":"summary_large_image","twitter_misc":{"Timp estimat pentru citire":"5 minute"},"schema":{"@context":"https:\/\/schema.org","@graph":[{"@type":"WebPage","@id":"https:\/\/www.ab2pro.com\/ro\/regulamentul-jocului-concurs-recomandari-septembrie-2023\/","url":"https:\/\/www.ab2pro.com\/ro\/regulamentul-jocului-concurs-recomandari-septembrie-2023\/","name":"Regulamentul jocului concurs recomand\u0103ri 2024 - AB2PRO","isPartOf":{"@id":"https:\/\/www.ab2pro.com\/ro\/#website"},"datePublished":"2023-09-15T15:29:35+00:00","dateModified":"2024-03-21T15:45:44+00:00","description":"Regulamentul jocului concurs recomand\u0103ri 2024 - AB2PRO","breadcrumb":{"@id":"https:\/\/www.ab2pro.com\/ro\/regulamentul-jocului-concurs-recomandari-septembrie-2023\/#breadcrumb"},"inLanguage":"ro-RO","potentialAction":[{"@type":"ReadAction","target":["https:\/\/www.ab2pro.com\/ro\/regulamentul-jocului-concurs-recomandari-septembrie-2023\/"]}]},{"@type":"BreadcrumbList","@id":"https:\/\/www.ab2pro.com\/ro\/regulamentul-jocului-concurs-recomandari-septembrie-2023\/#breadcrumb","itemListElement":[{"@type":"ListItem","position":1,"name":"Accueil","item":"https:\/\/www.ab2pro.com\/ro\/"},{"@type":"ListItem","position":2,"name":"Regulamentul jocului concurs recomand\u0103ri 2024"}]},{"@type":"WebSite","@id":"https:\/\/www.ab2pro.com\/ro\/#website","url":"https:\/\/www.ab2pro.com\/ro\/","name":"AB2PRO","description":"Agence d&#039;emploi sp\u00e9cialis\u00e9e dans le recrutement de travailleurs europ\u00e9ens","publisher":{"@id":"https:\/\/www.ab2pro.com\/ro\/#organization"},"potentialAction":[{"@type":"SearchAction","target":{"@type":"EntryPoint","urlTemplate":"https:\/\/www.ab2pro.com\/ro\/?s={search_term_string}"},"query-input":{"@type":"PropertyValueSpecification","valueRequired":true,"valueName":"search_term_string"}}],"inLanguage":"ro-RO"},{"@type":"Organization","@id":"https:\/\/www.ab2pro.com\/ro\/#organization","name":"AB2PRO","url":"https:\/\/www.ab2pro.com\/ro\/","logo":{"@type":"ImageObject","inLanguage":"ro-RO","@id":"https:\/\/www.ab2pro.com\/ro\/#\/schema\/logo\/image\/","url":"https:\/\/www.ab2pro.com\/wp-content\/uploads\/2020\/11\/logo-profil.png","contentUrl":"https:\/\/www.ab2pro.com\/wp-content\/uploads\/2020\/11\/logo-profil.png","width":230,"height":47,"caption":"AB2PRO"},"image":{"@id":"https:\/\/www.ab2pro.com\/ro\/#\/schema\/logo\/image\/"}}]}},"_links":{"self":[{"href":"https:\/\/www.ab2pro.com\/ro\/wp-json\/wp\/v2\/pages\/46846","targetHints":{"allow":["GET"]}}],"collection":[{"href":"https:\/\/www.ab2pro.com\/ro\/wp-json\/wp\/v2\/pages"}],"about":[{"href":"https:\/\/www.ab2pro.com\/ro\/wp-json\/wp\/v2\/types\/page"}],"author":[{"embeddable":true,"href":"https:\/\/www.ab2pro.com\/ro\/wp-json\/wp\/v2\/users\/9"}],"replies":[{"embeddable":true,"href":"https:\/\/www.ab2pro.com\/ro\/wp-json\/wp\/v2\/comments?post=46846"}],"version-history":[{"count":0,"href":"https:\/\/www.ab2pro.com\/ro\/wp-json\/wp\/v2\/pages\/46846\/revisions"}],"wp:attachment":[{"href":"https:\/\/www.ab2pro.com\/ro\/wp-json\/wp\/v2\/media?parent=46846"}],"curies":[{"name":"wp","href":"https:\/\/api.w.org\/{rel}","templated":true}]}}