
{"id":6533,"date":"2021-02-17T18:14:30","date_gmt":"2021-02-17T17:14:30","guid":{"rendered":"https:\/\/www.ab2pro.com\/actualitati-facebook\/"},"modified":"2024-05-30T16:22:59","modified_gmt":"2024-05-30T14:22:59","slug":"actualitati-facebook-agentie-munca-temporara-constructii","status":"publish","type":"page","link":"https:\/\/www.ab2pro.com\/ro\/actualitati-facebook-agentie-munca-temporara-constructii\/","title":{"rendered":"\u0218tiri Facebook"},"content":{"rendered":"<p>[vc_row el_id=&#8221;bandeau-page-simple&#8221;][vc_column][vc_column_text css_animation=&#8221;fadeInDown&#8221;]<\/p>\n<h1>\u0218tirile Facebook AB2PRO<\/h1>\n<p>In cadrul firmei AB2PRO, comunicarea este esen\u021bial\u0103. Fi\u021bi mereu la curent cu nout\u0103\u021bile noastre abon\u00e2ndu-v\u0103 la pagina noastr\u0103 Facebook \u0219i al\u0103tura\u021bi-v\u0103 echipei #AB2PROTEAM[\/vc_column_text][\/vc_column][\/vc_row][vc_row full_width=&#8221;stretch_row&#8221; el_class=&#8221;wrap-flowflow fullwidth-row&#8221;][vc_column][vc_column_text css_animation=&#8221;fadeIn&#8221;]<div class=\"cff-wrapper\"><div class=\"cff-wrapper-ctn \"><div id=\"cff\" data-char=\"200\" class=\"cff cff-theme-modern cff-masonry cff-disable-liquid masonry-5-desktop masonry-2-tablet cff-masonry-js cff-opaque-comments cff-mob-cols-1  cff-palette-13 cff-timeline-feed cff-pag cff-doing-gdpr cff-all-reviews cff-nojs  cff-lightbox cff-lb\" style=\"width:100%; \" data-fb-text=\"View on Facebook\" data-offset=\"\" data-own-token=\"true\" data-grid-pag=\"cursor\" data-restricted=\"true\" data-lb-comments=\"true\" data-pag-num=\"15\" data-nummobile=\"10\" data-mobilenumber=\"10\"  data-cff-shortcode=\"{&quot;feed&quot;: &quot;13&quot;}\" data-postid=\"6533\" data-locatornonce=\"9e8969427a\" data-cff-theme=\"modern\"  data-cff-flags=\"gdpr\"><svg width=\"24px\" height=\"24px\" version=\"1.1\" xmlns=\"http:\/\/www.w3.org\/2000\/svg\" xmlns:xlink=\"http:\/\/www.w3.org\/1999\/xlink\" class=\"cff-screenreader\" role=\"img\" aria-labelledby=\"metaSVGid metaSVGdesc\"><title id=\"metaSVGid\">Comments Box SVG icons<\/title><desc id=\"metaSVGdesc\">Used for the like, share, comment, and reaction icons<\/desc><defs><lineargradient id=\"angryGrad\" x1=\"0\" x2=\"0\" y1=\"0\" y2=\"1\"><stop offset=\"0%\" stop-color=\"#f9ae9e\"><\/stop><stop offset=\"70%\" stop-color=\"#ffe7a4\"><\/stop><\/lineargradient><lineargradient id=\"likeGrad\"><stop offset=\"25%\" stop-color=\"rgba(0,0,0,0.05)\"><\/stop><stop offset=\"26%\" stop-color=\"rgba(255,255,255,0.7)\"><\/stop><\/lineargradient><lineargradient id=\"likeGradHover\"><stop offset=\"25%\" stop-color=\"#a3caff\"><\/stop><stop offset=\"26%\" stop-color=\"#fff\"><\/stop><\/lineargradient><lineargradient id=\"likeGradDark\"><stop offset=\"25%\" stop-color=\"rgba(255,255,255,0.5)\"><\/stop><stop offset=\"26%\" stop-color=\"rgba(255,255,255,0.7)\"><\/stop><\/lineargradient><\/defs><\/svg><div class=\"cff-posts-wrap\"><\/div><span class=\"cff_resized_image_data\" data-feedid=\"cff_105823048765665823048765664719meen0000\" data-resized=\"kcwN6sbbWj6nlKWAfwnJoEc0SnF5MFBkSGljZEYxNVR0TUM5MjJvc0VSdVZ3M2JTSWZNSlNxOElFYkdldldmZ2lxbWFDcUdNWWd6alRkQ1E5cDBnMHU1ZUFMU1k1QTJqSEY1UUF6QkZZRm0yYWl4UTNsVU9KZjVyK0VFUFRHaG9nNy9LM1oyYUVsZFpONEc1RmVFa24xTU1vaXpZTnYxbmtvN0U3S2VKNXNhVEJ6K2tmRG9YZysvVS9YSWFENWZNN2ZHT3l2eHpBYXB5ZFgvQ2lUMEdEYnZPdFYxZ21NVkFLRDVoOXFDUFNGVzJUUnZpS2NpYmNOaGJsMjFybkpxUFZoQWpqbHdEY0VXZmhMaHRPUkZyaGszMG5kZk5xZHN6TFdkYUZNM3k4M1FIWVNBcjB2UHVVRVF5bzBXd0NrblBRbDArWjhYNGhOTUFyYnRwdURxb3NGcC9BcFBDYlFxbUtEajVQa3l0N1BUaE9kWm9Hcmlibk1PZUh6SFUxWHBscUlqaitlb0xFY1lTYTJUcmd5Z3R4cEtHUzVTc3lLb3VHckZFVTFQeXlHSHhsVWxzZXhvWVdlbDRmQTlKc0JERTljdTlPU0ZadktVcW1lazFkK0pFSDRhNnkxdGM1TVFxZWFqNktCTEFXRW5ZNzBSaVEwTXpPbWlRVFVqcDJRaTVLd1FpYTRpQ0t1TlROTTBueEtudGhLT0tsK05RRThmZStOZ1B4ZmhyS2VTVzF6QnZ0WnFHNytHSUdEdHduZTM1YmJXaERVZDdPZllicTdBYldNRGJCVUN1Y3NmZGdKNVJFTTVjWHRiN3FUZ2JJay9hdkQxYXFLY2FGK1ByYnAwWk1Ib0RMdFc3MHZKNW5DN0E3T2ZGUXVlelFlZHI0WUdta2FTOTl3K01DWUEyUHllNzRxeXdrc3ErdmxRTTBESWRCT2RmMDBZWDRjRjBlOW9jTk9CdFNTdFdYNWRHQ1Y5MWNiNVVvY0dSUTdoQzRwZkxTek1md2hQNUVyNHpJaktCWmhJQ3hneDRITWF0bGthQ1NiMTFPMlZ2YkFTbUhLdVVrZCtwUVRJTHV6Yll4R2hZNHRES2RmdWhUQ0V4cmxjdHBhNDM0RjV3eE1jMHlaR1liMFROcGVncEN1ZGF1N3pPZllhNVJBaVFEVk91dGhKU2pJdVhNWTZDRWtZYzBmb0s3OWhQVktPSzFIRnBMRGlzN3FtRW1GYW8zVWF5Ti9hTW93Vk9PTkNVbVhIRFNWaUUyUkl2KzMzVkVzcGNxRHJiQm43Zy9xVHJ4ZHJEUWwyOE1kY1h1aXBhNnlTQTQ1U2JaSmd1NkVFdFgrYmRyVzhHdG8rNDBvVTJERDB2bzliMVgzSDM2anlJWnFMS0RwK05VdEhnSE84dTNwUmdrRFhiazVIQ3hiUHZ3b2hqQUZ6SWNEek5IN3kwYkFCOFZZcW94bUMwY243RHpHRTNFSG1OZHdYTjdjYnpHYlFGREJTUVEzSDFMbXovLzVDMjVvdHZGcDNJYXFTaHFiM0xkd0d0SmZmd0NMdzdNZDFiSk41UWlwUnJieDNZTjVoU3dkcjdOa25rZEsvcWpqcmNVVmtnQTZqNGhULzR6MUFja3dRWU9qVlRlT3hxNTJxS1U2NTlpajU0QktnVmtqZk5udE1lclFydTNSU1VEak9HZW9iYTE1eHBiMzArVWV1UG5jaGVidTJvdWM5Y21hbU5lWjZZcncvV05EM1ZncnRMUUMvU043ci85dm14Y3g4NE5Mc0Z5TjMvWE80cFBNT2pEckZ6ZWJtcHZTQXpOeXhLaW8wdnRVWjFNdFdrRndFcGg0S2RpOG1iN1R5WUQwR1RxYTdIT1I1REZ4WFE5c2pYZVRZZjE5U2ZZOEI1bEZLcjNPbzcxR1U1VUZOOCtHdmFRVUNwc3pRSExWTjUzNWs3d3ViRlJTSFdhYVZvL2tVQ01PUGc1dUxEZGtPSGFOZkkvbTg2cCttd2VYWU1jVHJJRXU1S3Zxb2huR3dsb2NGeWlTVUlDQUpBRWQ5Q2ZQVGhwR3AvWStLRG5ZcFlGb1NURnlOTFQrdyszV3dHMTg5aE9ieXRsMGRTeGJzRVRwUmFzWUU1cUVGT0RVWFJkK1FXSzFMdU5XREFlcE0yZGpWcHNlQzhCbjlvVXhoSFY2ZSs1Ry95aWNhdDVKL2FFZTdYVzZBMzhYdzNqTS8xMldQWmpwc3VpRi84MHBnLzRIbkUzRS91UnhTV3d1QnNvaVorZ1Z0bXJGd0NLMFYwazVjbHF5aGFDR0VKOXlNN1hvTnpUTFdlNG1xV2M3bzBpVmFPS3BBbzZuNXNaLzVac2lPWElWQUcvaUFsMEEvb3drQlo4WTQrUTJQaFdmU0VQUU1YMEdtZlZVQVFINWJpVXdkdXllYVc1OCtCWEd4VllFeUJnbk0rN0IyTVZyUFM5TGRWbkZOM1EwWG1aZnRWZUxsTkhIMUcyUTVKWS9yT0c0MS9BQUgyMnZrMS8zSm51OFc2em5UbUxMdEg1ZCtDZy96MUt1K3FpS21WYWpTSGFCY0VQUmdIb0NKRUUyakhjM0VGRmlmb1kzaXFodE84WXVsZ1d2bG9wYlNEOUZtMG9hSTI4Z1F0TVdPd3hPL1BLb1ZIK0pLWjZCeUlvUnZLT0JLWXhKZy81YkFBUHpYdVJ1ZTBod0U4OTFXVXNMOFlPdDZUN21mNWJhc2tTTnpzeURkV0gwWkVnQ0JCVDdmaURiMUk3eDAwQzZmTEQ5OWpqVnl1eVlBRDhzUjJoQTdmSS9Jdm9jKzMrc0RLckUzeDlkUWdJd1kxOFMzaWdtNVljRzYxWkxVSis4WHo0QzFueDhLMHJ5Ujk1WExrbEduYnk2TzBDa1VxSlE0cHhqbEdlRHA4MzBoL0hQTS9PTG8vbkRtMk1WL2hhcHZDRVN0c0VCanhmcis5OHphenlEZmVIeEx2eWFONWxZTnpuaGpRU0VPT1NKeU5hWjdVeGRQdVB3dHdmRFdjSU1EZEFRbER5YVI0MzVBeWJmaklicnBjVlQ3QUYxeGZwQm9vVm9idWpzQXpwcVFIN3FDbSt6b0JLOTNscXIvOUVtRUJLL3JwL0lzMkNCSWlxdzc1ZHgvYXZraWNhc1p2Ylkxb3V1aGNENFRPVDdXblRDOEFpZHF1VlJmdEJTZ2FOREYxK3BZRWdseDJubWVsMGN0SlpkbHN1WTFpTmlCWG9MSGFDY0VYVXFwTDdYak5RbWpYdDF3OGpvcUk5MXUzZHJVdklIOEt5aHhDVnN5Nk1VeGdLakxhTnJQMytQOEtIR3N6Zzg3ZWJNUGlDYWtESmVGWCtBOWpIT2ZXNGFRUWxZQWNGVng5OVA1TmxvTXNXZ09YS3FGNlg1V2xFWjlmbUFyZm1MK3lOM2dlVFYwSTZISFY0ZnVSU2N6bGQrR2ZaUGN5WmY1Q1BMVEpoSXhQMVU2NTBtZVAyR2ZHck1VOEczS2V4UlppZmlON1VpZ0V5dDViakt2SUpxZlQrRE9nQThPdGFFT3FkUjNBazY0TW1uZ09KZDVQYmhUOEd2ZWVZOVRWVDVCS1UvNjROQkl4cjJxdEQvUjZNSGFSYWF3Z0FKVkR1MklXeGY0a1d2Tkw3RHdFMmVLMk1FT3R6VVkxS2gyZ0VUVWhxZnNSbDlUbjVnVDNKQjBaNGRHWUcrb3R4NWYyc3FzMWllanUxWXMxekZRTTc5UDNlTlluYXc1eGJHUXdpNUh5NlU5dlVpbCtMMytVY2FoT3JiUU5ZMW8wTStIZ3JIbG5Vd0M1VUQ1R3pzT05ocGlaRVZzM3hIQ21aVjhzTEQwTjRPUG9vZUtyeUZmVGZJVnJKdGRGYjVIejhpN2J5Zzdyc1o5YnpEL1pmQjQ1TXZLaHFSTXlXamNmUnpDeG1Wbk11MHdMblAvY2ExSWsxN0N2bUk4WVFyVjFSQkJKQzFBQkZMS3E5QWJhSTJ1dWZpZUkyOEV4SGJnc2JFVnZRa1BtRXd5UzJ5bWhWOHBVM0E9PQ==\"><\/span><div class=\"cff-likebox cff-outside cff-bottom\">\n\t\t<iframe title=\"Likebox Content\" src=\"\" class=\"fb_iframe_widget\" data-likebox-id=\"1058230487656647\" data-likebox-width=\"\" data-likebox-header=\"1\" data-hide-cover=\"\" data-hide-cta=\"\" data-likebox-faces=\"\" height=\"75px\" data-height=\"75\" data-locale=\"en_US\" scrolling=\"no\" allowTransparency=\"true\" allow=\"encrypted-media\"><\/iframe>\n<\/div>\n<input type=\"hidden\" class=\"cff-pag-url\"\n\tdata-cff-pag-url=\"{}\"\n\tdata-cff-prev-url=\"{}\"\n\tdata-transient-name=\"cff_105823048765665823048765664719meen0000\"\n\tdata-post-id=\"6533\"\n\tdata-feed-id=\"1058230487656647\"  value=\"\"\/>\n\t<p class=\"cff-no-more-posts\">\n\t\tNo more posts\t<\/p>\n<\/div><\/div><div class=\"cff-clear\"><\/div><\/div><style type=\"text\/css\">\n<\/style>[\/vc_column_text][\/vc_column][\/vc_row][vc_row full_width=&#8221;stretch_row_content&#8221; equal_height=&#8221;yes&#8221; el_class=&#8221;bg-ctas fullwidth-row bg-ctas-blog&#8221; el_id=&#8221;ctas-actusfb&#8221;][vc_column el_class=&#8221;bg-clair bg-clair-wtriangle&#8221; offset=&#8221;vc_col-lg-12 vc_col-md-12 vc_col-xs-12&#8243;][vc_row_inner][vc_column_inner width=&#8221;8\/12&#8243;][vc_column_text css_animation=&#8221;fadeInDown&#8221;]<\/p>\n<h3>Descoper\u0103 \u0219i blogul nostru AB2PRO !<\/h3>\n<p>[\/vc_column_text][\/vc_column_inner][vc_column_inner width=&#8221;4\/12&#8243;][vc_btn title=&#8221;Vezi blogul&#8221; css_animation=&#8221;fadeInDown&#8221; link=&#8221;url:https%3A%2F%2Fwww.ab2pro.com%2Fro%2Factualitati-agentie-munca-temporara-constructii%2F|title:Actualit%C4%83%C8%9Bi|&#8221;][\/vc_column_inner][\/vc_row_inner][\/vc_column][\/vc_row]<\/p>\n","protected":false},"excerpt":{"rendered":"<p>[vc_row el_id=&#8221;bandeau-page-simple&#8221;][vc_column][vc_column_text css_animation=&#8221;fadeInDown&#8221;] \u0218tirile Facebook AB2PRO In cadrul firmei AB2PRO, comunicarea este esen\u021bial\u0103. Fi\u021bi mereu la curent cu nout\u0103\u021bile noastre [&hellip;]<\/p>\n","protected":false},"author":1,"featured_media":0,"parent":0,"menu_order":0,"comment_status":"closed","ping_status":"closed","template":"","meta":{"_acf_changed":false,"footnotes":""},"class_list":["post-6533","page","type-page","status-publish","hentry"],"acf":[],"yoast_head":"<!-- This site is optimized with the Yoast SEO plugin v26.8 - https:\/\/yoast.com\/product\/yoast-seo-wordpress\/ -->\n<title>Actualit\u0103\u021bi Facebook - Agen\u021bie de Interim in domeniul construc\u021biilor in Fran\u021ba - AB2PRO<\/title>\n<meta name=\"description\" content=\"AB2PRO v\u0103 prezint\u0103 \u0219tirile Facebook ale agen\u021biei noastre de interim in domeniul construc\u021biilor specializat\u0103 in angajarea muncitorilor europeni\" \/>\n<meta name=\"robots\" content=\"index, follow, max-snippet:-1, max-image-preview:large, max-video-preview:-1\" \/>\n<link rel=\"canonical\" href=\"https:\/\/www.ab2pro.com\/ro\/actualitati-facebook-agentie-munca-temporara-constructii\/\" \/>\n<meta property=\"og:locale\" content=\"ro_RO\" \/>\n<meta property=\"og:type\" content=\"article\" \/>\n<meta property=\"og:title\" content=\"Actualit\u0103\u021bi Facebook - Agen\u021bie de Interim in domeniul construc\u021biilor in Fran\u021ba - AB2PRO\" \/>\n<meta property=\"og:description\" content=\"AB2PRO v\u0103 prezint\u0103 \u0219tirile Facebook ale agen\u021biei noastre de interim in domeniul construc\u021biilor specializat\u0103 in angajarea muncitorilor europeni\" \/>\n<meta property=\"og:url\" content=\"https:\/\/www.ab2pro.com\/ro\/actualitati-facebook-agentie-munca-temporara-constructii\/\" \/>\n<meta property=\"og:site_name\" content=\"AB2PRO\" \/>\n<meta property=\"article:modified_time\" content=\"2024-05-30T14:22:59+00:00\" \/>\n<meta property=\"og:image\" content=\"https:\/\/www.ab2pro.com\/wp-content\/uploads\/2020\/11\/fond-home.jpg\" \/>\n\t<meta property=\"og:image:width\" content=\"1920\" \/>\n\t<meta property=\"og:image:height\" content=\"600\" \/>\n\t<meta property=\"og:image:type\" content=\"image\/jpeg\" \/>\n<meta name=\"twitter:card\" content=\"summary_large_image\" \/>\n<meta name=\"twitter:label1\" content=\"Timp estimat pentru citire\" \/>\n\t<meta name=\"twitter:data1\" content=\"1 minut\" \/>\n<script type=\"application\/ld+json\" class=\"yoast-schema-graph\">{\"@context\":\"https:\/\/schema.org\",\"@graph\":[{\"@type\":\"WebPage\",\"@id\":\"https:\/\/www.ab2pro.com\/ro\/actualitati-facebook-agentie-munca-temporara-constructii\/\",\"url\":\"https:\/\/www.ab2pro.com\/ro\/actualitati-facebook-agentie-munca-temporara-constructii\/\",\"name\":\"Actualit\u0103\u021bi Facebook - Agen\u021bie de Interim in domeniul construc\u021biilor in Fran\u021ba - AB2PRO\",\"isPartOf\":{\"@id\":\"https:\/\/www.ab2pro.com\/ro\/#website\"},\"datePublished\":\"2021-02-17T17:14:30+00:00\",\"dateModified\":\"2024-05-30T14:22:59+00:00\",\"description\":\"AB2PRO v\u0103 prezint\u0103 \u0219tirile Facebook ale agen\u021biei noastre de interim in domeniul construc\u021biilor specializat\u0103 in angajarea muncitorilor europeni\",\"breadcrumb\":{\"@id\":\"https:\/\/www.ab2pro.com\/ro\/actualitati-facebook-agentie-munca-temporara-constructii\/#breadcrumb\"},\"inLanguage\":\"ro-RO\",\"potentialAction\":[{\"@type\":\"ReadAction\",\"target\":[\"https:\/\/www.ab2pro.com\/ro\/actualitati-facebook-agentie-munca-temporara-constructii\/\"]}]},{\"@type\":\"BreadcrumbList\",\"@id\":\"https:\/\/www.ab2pro.com\/ro\/actualitati-facebook-agentie-munca-temporara-constructii\/#breadcrumb\",\"itemListElement\":[{\"@type\":\"ListItem\",\"position\":1,\"name\":\"Accueil\",\"item\":\"https:\/\/www.ab2pro.com\/ro\/\"},{\"@type\":\"ListItem\",\"position\":2,\"name\":\"\u0218tiri Facebook\"}]},{\"@type\":\"WebSite\",\"@id\":\"https:\/\/www.ab2pro.com\/ro\/#website\",\"url\":\"https:\/\/www.ab2pro.com\/ro\/\",\"name\":\"AB2PRO\",\"description\":\"Agence d&#039;emploi sp\u00e9cialis\u00e9e dans le recrutement de travailleurs europ\u00e9ens\",\"publisher\":{\"@id\":\"https:\/\/www.ab2pro.com\/ro\/#organization\"},\"potentialAction\":[{\"@type\":\"SearchAction\",\"target\":{\"@type\":\"EntryPoint\",\"urlTemplate\":\"https:\/\/www.ab2pro.com\/ro\/?s={search_term_string}\"},\"query-input\":{\"@type\":\"PropertyValueSpecification\",\"valueRequired\":true,\"valueName\":\"search_term_string\"}}],\"inLanguage\":\"ro-RO\"},{\"@type\":\"Organization\",\"@id\":\"https:\/\/www.ab2pro.com\/ro\/#organization\",\"name\":\"AB2PRO\",\"url\":\"https:\/\/www.ab2pro.com\/ro\/\",\"logo\":{\"@type\":\"ImageObject\",\"inLanguage\":\"ro-RO\",\"@id\":\"https:\/\/www.ab2pro.com\/ro\/#\/schema\/logo\/image\/\",\"url\":\"https:\/\/www.ab2pro.com\/wp-content\/uploads\/2020\/11\/logo-profil.png\",\"contentUrl\":\"https:\/\/www.ab2pro.com\/wp-content\/uploads\/2020\/11\/logo-profil.png\",\"width\":230,\"height\":47,\"caption\":\"AB2PRO\"},\"image\":{\"@id\":\"https:\/\/www.ab2pro.com\/ro\/#\/schema\/logo\/image\/\"}}]}<\/script>\n<!-- \/ Yoast SEO plugin. -->","yoast_head_json":{"title":"Actualit\u0103\u021bi Facebook - Agen\u021bie de Interim in domeniul construc\u021biilor in Fran\u021ba - AB2PRO","description":"AB2PRO v\u0103 prezint\u0103 \u0219tirile Facebook ale agen\u021biei noastre de interim in domeniul construc\u021biilor specializat\u0103 in angajarea muncitorilor europeni","robots":{"index":"index","follow":"follow","max-snippet":"max-snippet:-1","max-image-preview":"max-image-preview:large","max-video-preview":"max-video-preview:-1"},"canonical":"https:\/\/www.ab2pro.com\/ro\/actualitati-facebook-agentie-munca-temporara-constructii\/","og_locale":"ro_RO","og_type":"article","og_title":"Actualit\u0103\u021bi Facebook - Agen\u021bie de Interim in domeniul construc\u021biilor in Fran\u021ba - AB2PRO","og_description":"AB2PRO v\u0103 prezint\u0103 \u0219tirile Facebook ale agen\u021biei noastre de interim in domeniul construc\u021biilor specializat\u0103 in angajarea muncitorilor europeni","og_url":"https:\/\/www.ab2pro.com\/ro\/actualitati-facebook-agentie-munca-temporara-constructii\/","og_site_name":"AB2PRO","article_modified_time":"2024-05-30T14:22:59+00:00","og_image":[{"width":1920,"height":600,"url":"https:\/\/www.ab2pro.com\/wp-content\/uploads\/2020\/11\/fond-home.jpg","type":"image\/jpeg"}],"twitter_card":"summary_large_image","twitter_misc":{"Timp estimat pentru citire":"1 minut"},"schema":{"@context":"https:\/\/schema.org","@graph":[{"@type":"WebPage","@id":"https:\/\/www.ab2pro.com\/ro\/actualitati-facebook-agentie-munca-temporara-constructii\/","url":"https:\/\/www.ab2pro.com\/ro\/actualitati-facebook-agentie-munca-temporara-constructii\/","name":"Actualit\u0103\u021bi Facebook - Agen\u021bie de Interim in domeniul construc\u021biilor in Fran\u021ba - AB2PRO","isPartOf":{"@id":"https:\/\/www.ab2pro.com\/ro\/#website"},"datePublished":"2021-02-17T17:14:30+00:00","dateModified":"2024-05-30T14:22:59+00:00","description":"AB2PRO v\u0103 prezint\u0103 \u0219tirile Facebook ale agen\u021biei noastre de interim in domeniul construc\u021biilor specializat\u0103 in angajarea muncitorilor europeni","breadcrumb":{"@id":"https:\/\/www.ab2pro.com\/ro\/actualitati-facebook-agentie-munca-temporara-constructii\/#breadcrumb"},"inLanguage":"ro-RO","potentialAction":[{"@type":"ReadAction","target":["https:\/\/www.ab2pro.com\/ro\/actualitati-facebook-agentie-munca-temporara-constructii\/"]}]},{"@type":"BreadcrumbList","@id":"https:\/\/www.ab2pro.com\/ro\/actualitati-facebook-agentie-munca-temporara-constructii\/#breadcrumb","itemListElement":[{"@type":"ListItem","position":1,"name":"Accueil","item":"https:\/\/www.ab2pro.com\/ro\/"},{"@type":"ListItem","position":2,"name":"\u0218tiri Facebook"}]},{"@type":"WebSite","@id":"https:\/\/www.ab2pro.com\/ro\/#website","url":"https:\/\/www.ab2pro.com\/ro\/","name":"AB2PRO","description":"Agence d&#039;emploi sp\u00e9cialis\u00e9e dans le recrutement de travailleurs europ\u00e9ens","publisher":{"@id":"https:\/\/www.ab2pro.com\/ro\/#organization"},"potentialAction":[{"@type":"SearchAction","target":{"@type":"EntryPoint","urlTemplate":"https:\/\/www.ab2pro.com\/ro\/?s={search_term_string}"},"query-input":{"@type":"PropertyValueSpecification","valueRequired":true,"valueName":"search_term_string"}}],"inLanguage":"ro-RO"},{"@type":"Organization","@id":"https:\/\/www.ab2pro.com\/ro\/#organization","name":"AB2PRO","url":"https:\/\/www.ab2pro.com\/ro\/","logo":{"@type":"ImageObject","inLanguage":"ro-RO","@id":"https:\/\/www.ab2pro.com\/ro\/#\/schema\/logo\/image\/","url":"https:\/\/www.ab2pro.com\/wp-content\/uploads\/2020\/11\/logo-profil.png","contentUrl":"https:\/\/www.ab2pro.com\/wp-content\/uploads\/2020\/11\/logo-profil.png","width":230,"height":47,"caption":"AB2PRO"},"image":{"@id":"https:\/\/www.ab2pro.com\/ro\/#\/schema\/logo\/image\/"}}]}},"_links":{"self":[{"href":"https:\/\/www.ab2pro.com\/ro\/wp-json\/wp\/v2\/pages\/6533","targetHints":{"allow":["GET"]}}],"collection":[{"href":"https:\/\/www.ab2pro.com\/ro\/wp-json\/wp\/v2\/pages"}],"about":[{"href":"https:\/\/www.ab2pro.com\/ro\/wp-json\/wp\/v2\/types\/page"}],"author":[{"embeddable":true,"href":"https:\/\/www.ab2pro.com\/ro\/wp-json\/wp\/v2\/users\/1"}],"replies":[{"embeddable":true,"href":"https:\/\/www.ab2pro.com\/ro\/wp-json\/wp\/v2\/comments?post=6533"}],"version-history":[{"count":0,"href":"https:\/\/www.ab2pro.com\/ro\/wp-json\/wp\/v2\/pages\/6533\/revisions"}],"wp:attachment":[{"href":"https:\/\/www.ab2pro.com\/ro\/wp-json\/wp\/v2\/media?parent=6533"}],"curies":[{"name":"wp","href":"https:\/\/api.w.org\/{rel}","templated":true}]}}